{"id":39123,"date":"2022-12-27T14:39:39","date_gmt":"2022-12-27T07:39:39","guid":{"rendered":"https:\/\/mouldking.store\/?post_type=product&#038;p=39123"},"modified":"2025-12-25T09:11:54","modified_gmt":"2025-12-25T02:11:54","slug":"moc-89517-a30-challenger-tank-with-979pcs","status":"publish","type":"product","link":"https:\/\/mouldking.store\/vi\/shop\/moc-89517-a30-challenger-tank-with-979pcs\/","title":{"rendered":"MOC-89517 Xe t\u0103ng th\u00e1ch th\u1ee9c A30 v\u1edbi 979 C\u00c1I"},"content":{"rendered":"<ol>\n<li>Th\u01b0\u01a1ng hi\u1ec7u: M\u1ed8C<\/li>\n<li>Gi\u1edbi t\u00ednh: Unisex<\/li>\n<li>Name: A30 Challenger Tank<\/li>\n<li>\u0110\u1ed9 tu\u1ed5i: &gt; 6 tu\u1ed5i<\/li>\n<li>Model Number: 89517<\/li>\n<li>Ph\u00e2n lo\u1ea1i: T\u1eadp h\u1ee3p<\/li>\n<li>H\u00ecnh d\u1ea1ng kh\u1ed1i nh\u1ef1a: G\u1ea1ch t\u1ef1 kh\u00f3a<\/li>\n<li>Ch\u1ea5t li\u1ec7u: Nh\u1ef1a<\/li>\n<li>Lo\u1ea1i nh\u1ef1a: ABS<\/li>\n<li>Bricks Blocks:979PCS<\/li>\n<li>Tr\u1ecdng l\u01b0\u1ee3ng:1100g<\/li>\n<li>Ch\u1ee9a h\u01b0\u1edbng d\u1eabn l\u1eafp r\u00e1p chi ti\u1ebft.<\/li>\n<\/ol>\n<p>\u0110\u1ec3 \u00fd:<br \/>\n1. Kh\u00f4ng c\u00f3 h\u1ed9p ban \u0111\u1ea7u, nh\u01b0ng ch\u00fang t\u00f4i \u0111\u1ea3m b\u1ea3o s\u1ea3n ph\u1ea9m c\u1ee7a ch\u00fang t\u00f4i c\u00f3 ch\u1ea5t l\u01b0\u1ee3ng \u0111\u1ea3m b\u1ea3o v\u00e0 bao b\u00ec \u0111\u1eb9p.<br \/>\n2. V\u00ec t\u1ea5t c\u1ea3 c\u00e1c b\u1ed9 ph\u1eadn ch\u00fang t\u00f4i \u0111\u00e3 ki\u1ec3m tra tr\u01b0\u1edbc khi v\u1eadn chuy\u1ec3n, v\u00ec v\u1eady n\u1ebfu b\u1ea1n th\u1ea5y m\u1ed9t s\u1ed1 b\u1ed9 ph\u1eadn b\u1ecb thi\u1ebfu ho\u1eb7c h\u01b0 h\u1ecfng, \u0111\u1eebng lo l\u1eafng v\u00e0 ch\u1ec9 c\u1ea7n vui l\u00f2ng li\u00ean h\u1ec7 v\u1edbi ch\u00fang t\u00f4i v\u00e0 ch\u00fang t\u00f4i c\u00f3 th\u1ec3 g\u1eedi l\u1ea1i mi\u1ec5n ph\u00ed cho b\u1ea1n ngay l\u1eadp t\u1ee9c.<\/p>\n<figure id=\"attachment_39124\" aria-describedby=\"caption-attachment-39124\" style=\"width: 1004px\" class=\"wp-caption aligncenter\"><img fetchpriority=\"high\" decoding=\"async\" class=\"wp-image-39124 size-full\" src=\"https:\/\/mouldking.store\/wp-content\/uploads\/2022\/12\/MOC-89517-Military-A30-Challenger-Tank-MOC-FACTORY.png\" alt=\"MOC-89517 A30 Challenger Tank With 979PCS\" width=\"1004\" height=\"1004\" title=\"-\" srcset=\"https:\/\/mouldking.store\/wp-content\/uploads\/2022\/12\/MOC-89517-Military-A30-Challenger-Tank-MOC-FACTORY.png 1004w, https:\/\/mouldking.store\/wp-content\/uploads\/2022\/12\/MOC-89517-Military-A30-Challenger-Tank-MOC-FACTORY-300x300.png 300w, https:\/\/mouldking.store\/wp-content\/uploads\/2022\/12\/MOC-89517-Military-A30-Challenger-Tank-MOC-FACTORY-768x768.png 768w, https:\/\/mouldking.store\/wp-content\/uploads\/2022\/12\/MOC-89517-Military-A30-Challenger-Tank-MOC-FACTORY-600x600.png 600w, https:\/\/mouldking.store\/wp-content\/uploads\/2022\/12\/MOC-89517-Military-A30-Challenger-Tank-MOC-FACTORY-150x150.png 150w, https:\/\/mouldking.store\/wp-content\/uploads\/2022\/12\/MOC-89517-Military-A30-Challenger-Tank-MOC-FACTORY-60x60.png 60w, https:\/\/mouldking.store\/wp-content\/uploads\/2022\/12\/MOC-89517-Military-A30-Challenger-Tank-MOC-FACTORY-90x90.png 90w\" sizes=\"(max-width: 1004px) 100vw, 1004px\" \/><figcaption id=\"caption-attachment-39124\" class=\"wp-caption-text\">MOC-89517 Xe t\u0103ng th\u00e1ch th\u1ee9c A30 v\u1edbi 979 C\u00c1I<\/figcaption><\/figure>\n<figure id=\"attachment_39125\" aria-describedby=\"caption-attachment-39125\" style=\"width: 1024px\" class=\"wp-caption aligncenter\"><img decoding=\"async\" class=\"wp-image-39125 size-large\" src=\"https:\/\/mouldking.store\/wp-content\/uploads\/2022\/12\/A30-Challenger-Tank-MOC-89517-2-1024x1024.jpg\" alt=\"MOC-89517 A30 Challenger Tank With 979PCS\" width=\"1024\" height=\"1024\" title=\"-\" srcset=\"https:\/\/mouldking.store\/wp-content\/uploads\/2022\/12\/A30-Challenger-Tank-MOC-89517-2-1024x1024.jpg 1024w, https:\/\/mouldking.store\/wp-content\/uploads\/2022\/12\/A30-Challenger-Tank-MOC-89517-2-300x300.jpg 300w, https:\/\/mouldking.store\/wp-content\/uploads\/2022\/12\/A30-Challenger-Tank-MOC-89517-2-768x768.jpg 768w, https:\/\/mouldking.store\/wp-content\/uploads\/2022\/12\/A30-Challenger-Tank-MOC-89517-2-600x600.jpg 600w, https:\/\/mouldking.store\/wp-content\/uploads\/2022\/12\/A30-Challenger-Tank-MOC-89517-2-150x150.jpg 150w, https:\/\/mouldking.store\/wp-content\/uploads\/2022\/12\/A30-Challenger-Tank-MOC-89517-2-60x60.jpg 60w, https:\/\/mouldking.store\/wp-content\/uploads\/2022\/12\/A30-Challenger-Tank-MOC-89517-2-90x90.jpg 90w, https:\/\/mouldking.store\/wp-content\/uploads\/2022\/12\/A30-Challenger-Tank-MOC-89517-2.jpg 1100w\" sizes=\"(max-width: 1024px) 100vw, 1024px\" \/><figcaption id=\"caption-attachment-39125\" class=\"wp-caption-text\">MOC-89517 Xe t\u0103ng th\u00e1ch th\u1ee9c A30 v\u1edbi 979 C\u00c1I<\/figcaption><\/figure>\n<figure id=\"attachment_39126\" aria-describedby=\"caption-attachment-39126\" style=\"width: 1024px\" class=\"wp-caption aligncenter\"><img decoding=\"async\" class=\"wp-image-39126 size-large\" src=\"https:\/\/mouldking.store\/wp-content\/uploads\/2022\/12\/A30-Challenger-Tank-MOC-89517-3-1024x1024.jpg\" alt=\"MOC-89517 A30 Challenger Tank With 979PCS\" width=\"1024\" height=\"1024\" title=\"-\" srcset=\"https:\/\/mouldking.store\/wp-content\/uploads\/2022\/12\/A30-Challenger-Tank-MOC-89517-3-1024x1024.jpg 1024w, https:\/\/mouldking.store\/wp-content\/uploads\/2022\/12\/A30-Challenger-Tank-MOC-89517-3-300x300.jpg 300w, https:\/\/mouldking.store\/wp-content\/uploads\/2022\/12\/A30-Challenger-Tank-MOC-89517-3-768x768.jpg 768w, https:\/\/mouldking.store\/wp-content\/uploads\/2022\/12\/A30-Challenger-Tank-MOC-89517-3-600x600.jpg 600w, https:\/\/mouldking.store\/wp-content\/uploads\/2022\/12\/A30-Challenger-Tank-MOC-89517-3-150x150.jpg 150w, https:\/\/mouldking.store\/wp-content\/uploads\/2022\/12\/A30-Challenger-Tank-MOC-89517-3-60x60.jpg 60w, https:\/\/mouldking.store\/wp-content\/uploads\/2022\/12\/A30-Challenger-Tank-MOC-89517-3-90x90.jpg 90w, https:\/\/mouldking.store\/wp-content\/uploads\/2022\/12\/A30-Challenger-Tank-MOC-89517-3.jpg 1100w\" sizes=\"(max-width: 1024px) 100vw, 1024px\" \/><figcaption id=\"caption-attachment-39126\" class=\"wp-caption-text\">MOC-89517 Xe t\u0103ng th\u00e1ch th\u1ee9c A30 v\u1edbi 979 C\u00c1I<\/figcaption><\/figure>\n<figure id=\"attachment_39127\" aria-describedby=\"caption-attachment-39127\" style=\"width: 1100px\" class=\"wp-caption aligncenter\"><img loading=\"lazy\" decoding=\"async\" class=\"wp-image-39127 size-full\" src=\"https:\/\/mouldking.store\/wp-content\/uploads\/2022\/12\/A30-Challenger-Tank-MOC-89517-4.jpg\" alt=\"MOC-89517 A30 Challenger Tank With 979PCS\" width=\"1100\" height=\"1100\" title=\"-\" srcset=\"https:\/\/mouldking.store\/wp-content\/uploads\/2022\/12\/A30-Challenger-Tank-MOC-89517-4.jpg 1100w, https:\/\/mouldking.store\/wp-content\/uploads\/2022\/12\/A30-Challenger-Tank-MOC-89517-4-300x300.jpg 300w, https:\/\/mouldking.store\/wp-content\/uploads\/2022\/12\/A30-Challenger-Tank-MOC-89517-4-1024x1024.jpg 1024w, https:\/\/mouldking.store\/wp-content\/uploads\/2022\/12\/A30-Challenger-Tank-MOC-89517-4-768x768.jpg 768w, https:\/\/mouldking.store\/wp-content\/uploads\/2022\/12\/A30-Challenger-Tank-MOC-89517-4-600x600.jpg 600w, https:\/\/mouldking.store\/wp-content\/uploads\/2022\/12\/A30-Challenger-Tank-MOC-89517-4-150x150.jpg 150w, https:\/\/mouldking.store\/wp-content\/uploads\/2022\/12\/A30-Challenger-Tank-MOC-89517-4-60x60.jpg 60w, https:\/\/mouldking.store\/wp-content\/uploads\/2022\/12\/A30-Challenger-Tank-MOC-89517-4-90x90.jpg 90w\" sizes=\"(max-width: 1100px) 100vw, 1100px\" \/><figcaption id=\"caption-attachment-39127\" class=\"wp-caption-text\">MOC-89517 Xe t\u0103ng th\u00e1ch th\u1ee9c A30 v\u1edbi 979 C\u00c1I<\/figcaption><\/figure>\n<figure id=\"attachment_39128\" aria-describedby=\"caption-attachment-39128\" style=\"width: 1024px\" class=\"wp-caption aligncenter\"><img loading=\"lazy\" decoding=\"async\" class=\"wp-image-39128 size-large\" src=\"https:\/\/mouldking.store\/wp-content\/uploads\/2022\/12\/A30-Challenger-Tank-MOC-89517-5-1024x1024.jpg\" alt=\"MOC-89517 A30 Challenger Tank With 979PCS\" width=\"1024\" height=\"1024\" title=\"-\" srcset=\"https:\/\/mouldking.store\/wp-content\/uploads\/2022\/12\/A30-Challenger-Tank-MOC-89517-5-1024x1024.jpg 1024w, https:\/\/mouldking.store\/wp-content\/uploads\/2022\/12\/A30-Challenger-Tank-MOC-89517-5-300x300.jpg 300w, https:\/\/mouldking.store\/wp-content\/uploads\/2022\/12\/A30-Challenger-Tank-MOC-89517-5-768x768.jpg 768w, https:\/\/mouldking.store\/wp-content\/uploads\/2022\/12\/A30-Challenger-Tank-MOC-89517-5-600x600.jpg 600w, https:\/\/mouldking.store\/wp-content\/uploads\/2022\/12\/A30-Challenger-Tank-MOC-89517-5-150x150.jpg 150w, https:\/\/mouldking.store\/wp-content\/uploads\/2022\/12\/A30-Challenger-Tank-MOC-89517-5-60x60.jpg 60w, https:\/\/mouldking.store\/wp-content\/uploads\/2022\/12\/A30-Challenger-Tank-MOC-89517-5-90x90.jpg 90w, https:\/\/mouldking.store\/wp-content\/uploads\/2022\/12\/A30-Challenger-Tank-MOC-89517-5.jpg 1100w\" sizes=\"(max-width: 1024px) 100vw, 1024px\" \/><figcaption id=\"caption-attachment-39128\" class=\"wp-caption-text\">MOC-89517 Xe t\u0103ng th\u00e1ch th\u1ee9c A30 v\u1edbi 979 C\u00c1I<\/figcaption><\/figure>\n<figure id=\"attachment_39129\" aria-describedby=\"caption-attachment-39129\" style=\"width: 1100px\" class=\"wp-caption aligncenter\"><img loading=\"lazy\" decoding=\"async\" class=\"wp-image-39129 size-full\" src=\"https:\/\/mouldking.store\/wp-content\/uploads\/2022\/12\/A30-Challenger-Tank-MOC-89517-6.jpg\" alt=\"MOC-89517 A30 Challenger Tank With 979PCS\" width=\"1100\" height=\"1100\" title=\"-\" srcset=\"https:\/\/mouldking.store\/wp-content\/uploads\/2022\/12\/A30-Challenger-Tank-MOC-89517-6.jpg 1100w, https:\/\/mouldking.store\/wp-content\/uploads\/2022\/12\/A30-Challenger-Tank-MOC-89517-6-300x300.jpg 300w, https:\/\/mouldking.store\/wp-content\/uploads\/2022\/12\/A30-Challenger-Tank-MOC-89517-6-1024x1024.jpg 1024w, https:\/\/mouldking.store\/wp-content\/uploads\/2022\/12\/A30-Challenger-Tank-MOC-89517-6-768x768.jpg 768w, https:\/\/mouldking.store\/wp-content\/uploads\/2022\/12\/A30-Challenger-Tank-MOC-89517-6-600x600.jpg 600w, https:\/\/mouldking.store\/wp-content\/uploads\/2022\/12\/A30-Challenger-Tank-MOC-89517-6-150x150.jpg 150w, https:\/\/mouldking.store\/wp-content\/uploads\/2022\/12\/A30-Challenger-Tank-MOC-89517-6-60x60.jpg 60w, https:\/\/mouldking.store\/wp-content\/uploads\/2022\/12\/A30-Challenger-Tank-MOC-89517-6-90x90.jpg 90w\" sizes=\"(max-width: 1100px) 100vw, 1100px\" \/><figcaption id=\"caption-attachment-39129\" class=\"wp-caption-text\">MOC-89517 Xe t\u0103ng th\u00e1ch th\u1ee9c A30 v\u1edbi 979 C\u00c1I<\/figcaption><\/figure>\n<figure id=\"attachment_39130\" aria-describedby=\"caption-attachment-39130\" style=\"width: 1024px\" class=\"wp-caption aligncenter\"><img loading=\"lazy\" decoding=\"async\" class=\"wp-image-39130 size-large\" src=\"https:\/\/mouldking.store\/wp-content\/uploads\/2022\/12\/A30-Challenger-Tank-MOC-89517-7-1024x1024.jpg\" alt=\"MOC-89517 A30 Challenger Tank With 979PCS\" width=\"1024\" height=\"1024\" title=\"-\" srcset=\"https:\/\/mouldking.store\/wp-content\/uploads\/2022\/12\/A30-Challenger-Tank-MOC-89517-7-1024x1024.jpg 1024w, https:\/\/mouldking.store\/wp-content\/uploads\/2022\/12\/A30-Challenger-Tank-MOC-89517-7-300x300.jpg 300w, https:\/\/mouldking.store\/wp-content\/uploads\/2022\/12\/A30-Challenger-Tank-MOC-89517-7-768x768.jpg 768w, https:\/\/mouldking.store\/wp-content\/uploads\/2022\/12\/A30-Challenger-Tank-MOC-89517-7-600x600.jpg 600w, https:\/\/mouldking.store\/wp-content\/uploads\/2022\/12\/A30-Challenger-Tank-MOC-89517-7-150x150.jpg 150w, https:\/\/mouldking.store\/wp-content\/uploads\/2022\/12\/A30-Challenger-Tank-MOC-89517-7-60x60.jpg 60w, https:\/\/mouldking.store\/wp-content\/uploads\/2022\/12\/A30-Challenger-Tank-MOC-89517-7-90x90.jpg 90w, https:\/\/mouldking.store\/wp-content\/uploads\/2022\/12\/A30-Challenger-Tank-MOC-89517-7.jpg 1100w\" sizes=\"(max-width: 1024px) 100vw, 1024px\" \/><figcaption id=\"caption-attachment-39130\" class=\"wp-caption-text\">MOC-89517 Xe t\u0103ng th\u00e1ch th\u1ee9c A30 v\u1edbi 979 C\u00c1I<\/figcaption><\/figure>","protected":false},"excerpt":{"rendered":"<p>H\u01b0\u1edbng d\u1eabn x\u00e2y d\u1ef1ng PDF<\/p>\n<p>kh\u00f4ng c\u00f3 h\u1ed9p g\u1ed1c<\/p>\n<p>Th\u1eddi gian s\u1eafp x\u1ebfp: 4-8 tu\u1ea7n<\/p>","protected":false},"featured_media":39124,"comment_status":"closed","ping_status":"closed","template":"","meta":{"_acf_changed":false},"product_cat":[1350,1406,372],"product_tag":[10458,10459,3938,430,10457,10460,10456,485],"class_list":["product","first","instock","shipping-taxable","purchasable","product-type-simple"],"acf":[],"_links":{"self":[{"href":"https:\/\/mouldking.store\/vi\/wp-json\/wp\/v2\/product\/39123","targetHints":{"allow":["GET"]}}],"collection":[{"href":"https:\/\/mouldking.store\/vi\/wp-json\/wp\/v2\/product"}],"about":[{"href":"https:\/\/mouldking.store\/vi\/wp-json\/wp\/v2\/types\/product"}],"replies":[{"embeddable":true,"href":"https:\/\/mouldking.store\/vi\/wp-json\/wp\/v2\/comments?post=39123"}],"wp:featuredmedia":[{"embeddable":true,"href":"https:\/\/mouldking.store\/vi\/wp-json\/wp\/v2\/media\/39124"}],"wp:attachment":[{"href":"https:\/\/mouldking.store\/vi\/wp-json\/wp\/v2\/media?parent=39123"}],"wp:term":[{"taxonomy":"product_cat","embeddable":true,"href":"https:\/\/mouldking.store\/vi\/wp-json\/wp\/v2\/product_cat?post=39123"},{"taxonomy":"product_tag","embeddable":true,"href":"https:\/\/mouldking.store\/vi\/wp-json\/wp\/v2\/product_tag?post=39123"}],"curies":[{"name":"wp","href":"https:\/\/api.w.org\/{rel}","templated":true}]}}