{"id":39146,"date":"2022-12-27T15:06:32","date_gmt":"2022-12-27T08:06:32","guid":{"rendered":"https:\/\/mouldking.store\/?post_type=product&#038;p=39146"},"modified":"2025-12-25T09:11:54","modified_gmt":"2025-12-25T02:11:54","slug":"moc-123380-germany-neuschwanstein-castle-with-57602pcs","status":"publish","type":"product","link":"https:\/\/mouldking.store\/vi\/shop\/moc-123380-germany-neuschwanstein-castle-with-57602pcs\/","title":{"rendered":"MOC-123380 L\u00e2u \u0111\u00e0i Neuschwanstein c\u1ee7a \u0110\u1ee9c v\u1edbi 57602 C\u00c1I"},"content":{"rendered":"<ol>\n<li>Th\u01b0\u01a1ng hi\u1ec7u: M\u1ed8C<\/li>\n<li>Gi\u1edbi t\u00ednh: Unisex<\/li>\n<li>Name: Germany Neuschwanstein Castle<\/li>\n<li>\u0110\u1ed9 tu\u1ed5i: &gt; 6 tu\u1ed5i<\/li>\n<li>Model Number: 123380<\/li>\n<li>Ph\u00e2n lo\u1ea1i: T\u1eadp h\u1ee3p<\/li>\n<li>H\u00ecnh d\u1ea1ng kh\u1ed1i nh\u1ef1a: G\u1ea1ch t\u1ef1 kh\u00f3a<\/li>\n<li>Ch\u1ea5t li\u1ec7u: Nh\u1ef1a<\/li>\n<li>Lo\u1ea1i nh\u1ef1a: ABS<\/li>\n<li>Bricks Blocks:57602PCS<\/li>\n<li>Weight:48000g<\/li>\n<li>Ch\u1ee9a h\u01b0\u1edbng d\u1eabn l\u1eafp r\u00e1p chi ti\u1ebft.<\/li>\n<\/ol>\n<p>\u0110\u1ec3 \u00fd:<br \/>\n1. Kh\u00f4ng c\u00f3 h\u1ed9p ban \u0111\u1ea7u, nh\u01b0ng ch\u00fang t\u00f4i \u0111\u1ea3m b\u1ea3o s\u1ea3n ph\u1ea9m c\u1ee7a ch\u00fang t\u00f4i c\u00f3 ch\u1ea5t l\u01b0\u1ee3ng \u0111\u1ea3m b\u1ea3o v\u00e0 bao b\u00ec \u0111\u1eb9p.<br \/>\n2. V\u00ec t\u1ea5t c\u1ea3 c\u00e1c b\u1ed9 ph\u1eadn ch\u00fang t\u00f4i \u0111\u00e3 ki\u1ec3m tra tr\u01b0\u1edbc khi v\u1eadn chuy\u1ec3n, v\u00ec v\u1eady n\u1ebfu b\u1ea1n th\u1ea5y m\u1ed9t s\u1ed1 b\u1ed9 ph\u1eadn b\u1ecb thi\u1ebfu ho\u1eb7c h\u01b0 h\u1ecfng, \u0111\u1eebng lo l\u1eafng v\u00e0 ch\u1ec9 c\u1ea7n vui l\u00f2ng li\u00ean h\u1ec7 v\u1edbi ch\u00fang t\u00f4i v\u00e0 ch\u00fang t\u00f4i c\u00f3 th\u1ec3 g\u1eedi l\u1ea1i mi\u1ec5n ph\u00ed cho b\u1ea1n ngay l\u1eadp t\u1ee9c.<\/p>\n<figure id=\"attachment_39147\" aria-describedby=\"caption-attachment-39147\" style=\"width: 1004px\" class=\"wp-caption aligncenter\"><img fetchpriority=\"high\" decoding=\"async\" class=\"wp-image-39147 size-full\" src=\"https:\/\/mouldking.store\/wp-content\/uploads\/2022\/12\/MOC-123380-Modular-Building-Germany-Neuschwanstein-Castle-MOC-FACTORY.png\" alt=\"MOC-123380 Germany Neuschwanstein Castle With 57602PCS\" width=\"1004\" height=\"1004\" title=\"-\" srcset=\"https:\/\/mouldking.store\/wp-content\/uploads\/2022\/12\/MOC-123380-Modular-Building-Germany-Neuschwanstein-Castle-MOC-FACTORY.png 1004w, https:\/\/mouldking.store\/wp-content\/uploads\/2022\/12\/MOC-123380-Modular-Building-Germany-Neuschwanstein-Castle-MOC-FACTORY-300x300.png 300w, https:\/\/mouldking.store\/wp-content\/uploads\/2022\/12\/MOC-123380-Modular-Building-Germany-Neuschwanstein-Castle-MOC-FACTORY-768x768.png 768w, https:\/\/mouldking.store\/wp-content\/uploads\/2022\/12\/MOC-123380-Modular-Building-Germany-Neuschwanstein-Castle-MOC-FACTORY-600x600.png 600w, https:\/\/mouldking.store\/wp-content\/uploads\/2022\/12\/MOC-123380-Modular-Building-Germany-Neuschwanstein-Castle-MOC-FACTORY-150x150.png 150w, https:\/\/mouldking.store\/wp-content\/uploads\/2022\/12\/MOC-123380-Modular-Building-Germany-Neuschwanstein-Castle-MOC-FACTORY-60x60.png 60w, https:\/\/mouldking.store\/wp-content\/uploads\/2022\/12\/MOC-123380-Modular-Building-Germany-Neuschwanstein-Castle-MOC-FACTORY-90x90.png 90w\" sizes=\"(max-width: 1004px) 100vw, 1004px\" \/><figcaption id=\"caption-attachment-39147\" class=\"wp-caption-text\">MOC-123380 L\u00e2u \u0111\u00e0i Neuschwanstein c\u1ee7a \u0110\u1ee9c v\u1edbi 57602 C\u00c1I<\/figcaption><\/figure>\n<figure id=\"attachment_39148\" aria-describedby=\"caption-attachment-39148\" style=\"width: 1024px\" class=\"wp-caption aligncenter\"><img decoding=\"async\" class=\"wp-image-39148 size-large\" src=\"https:\/\/mouldking.store\/wp-content\/uploads\/2022\/12\/Germany-Neuschwanstein-Castle-MOC-123380-2-1024x1024.jpg\" alt=\"MOC-123380 Germany Neuschwanstein Castle With 57602PCS\" width=\"1024\" height=\"1024\" title=\"-\" srcset=\"https:\/\/mouldking.store\/wp-content\/uploads\/2022\/12\/Germany-Neuschwanstein-Castle-MOC-123380-2-1024x1024.jpg 1024w, https:\/\/mouldking.store\/wp-content\/uploads\/2022\/12\/Germany-Neuschwanstein-Castle-MOC-123380-2-300x300.jpg 300w, https:\/\/mouldking.store\/wp-content\/uploads\/2022\/12\/Germany-Neuschwanstein-Castle-MOC-123380-2-768x768.jpg 768w, https:\/\/mouldking.store\/wp-content\/uploads\/2022\/12\/Germany-Neuschwanstein-Castle-MOC-123380-2-600x600.jpg 600w, https:\/\/mouldking.store\/wp-content\/uploads\/2022\/12\/Germany-Neuschwanstein-Castle-MOC-123380-2-150x150.jpg 150w, https:\/\/mouldking.store\/wp-content\/uploads\/2022\/12\/Germany-Neuschwanstein-Castle-MOC-123380-2-60x60.jpg 60w, https:\/\/mouldking.store\/wp-content\/uploads\/2022\/12\/Germany-Neuschwanstein-Castle-MOC-123380-2-90x90.jpg 90w, https:\/\/mouldking.store\/wp-content\/uploads\/2022\/12\/Germany-Neuschwanstein-Castle-MOC-123380-2.jpg 1100w\" sizes=\"(max-width: 1024px) 100vw, 1024px\" \/><figcaption id=\"caption-attachment-39148\" class=\"wp-caption-text\">MOC-123380 L\u00e2u \u0111\u00e0i Neuschwanstein c\u1ee7a \u0110\u1ee9c v\u1edbi 57602 C\u00c1I<\/figcaption><\/figure>\n<figure id=\"attachment_39149\" aria-describedby=\"caption-attachment-39149\" style=\"width: 1024px\" class=\"wp-caption aligncenter\"><img decoding=\"async\" class=\"wp-image-39149 size-large\" src=\"https:\/\/mouldking.store\/wp-content\/uploads\/2022\/12\/Germany-Neuschwanstein-Castle-MOC-123380-3-1024x1024.jpg\" alt=\"MOC-123380 Germany Neuschwanstein Castle With 57602PCS\" width=\"1024\" height=\"1024\" title=\"-\" srcset=\"https:\/\/mouldking.store\/wp-content\/uploads\/2022\/12\/Germany-Neuschwanstein-Castle-MOC-123380-3-1024x1024.jpg 1024w, https:\/\/mouldking.store\/wp-content\/uploads\/2022\/12\/Germany-Neuschwanstein-Castle-MOC-123380-3-300x300.jpg 300w, https:\/\/mouldking.store\/wp-content\/uploads\/2022\/12\/Germany-Neuschwanstein-Castle-MOC-123380-3-768x768.jpg 768w, https:\/\/mouldking.store\/wp-content\/uploads\/2022\/12\/Germany-Neuschwanstein-Castle-MOC-123380-3-600x600.jpg 600w, https:\/\/mouldking.store\/wp-content\/uploads\/2022\/12\/Germany-Neuschwanstein-Castle-MOC-123380-3-150x150.jpg 150w, https:\/\/mouldking.store\/wp-content\/uploads\/2022\/12\/Germany-Neuschwanstein-Castle-MOC-123380-3-60x60.jpg 60w, https:\/\/mouldking.store\/wp-content\/uploads\/2022\/12\/Germany-Neuschwanstein-Castle-MOC-123380-3-90x90.jpg 90w, https:\/\/mouldking.store\/wp-content\/uploads\/2022\/12\/Germany-Neuschwanstein-Castle-MOC-123380-3.jpg 1100w\" sizes=\"(max-width: 1024px) 100vw, 1024px\" \/><figcaption id=\"caption-attachment-39149\" class=\"wp-caption-text\">MOC-123380 L\u00e2u \u0111\u00e0i Neuschwanstein c\u1ee7a \u0110\u1ee9c v\u1edbi 57602 C\u00c1I<\/figcaption><\/figure>\n<figure id=\"attachment_39150\" aria-describedby=\"caption-attachment-39150\" style=\"width: 1024px\" class=\"wp-caption aligncenter\"><img loading=\"lazy\" decoding=\"async\" class=\"wp-image-39150 size-large\" src=\"https:\/\/mouldking.store\/wp-content\/uploads\/2022\/12\/Germany-Neuschwanstein-Castle-MOC-123380-4-1024x1024.jpg\" alt=\"MOC-123380 Germany Neuschwanstein Castle With 57602PCS\" width=\"1024\" height=\"1024\" title=\"-\" srcset=\"https:\/\/mouldking.store\/wp-content\/uploads\/2022\/12\/Germany-Neuschwanstein-Castle-MOC-123380-4-1024x1024.jpg 1024w, https:\/\/mouldking.store\/wp-content\/uploads\/2022\/12\/Germany-Neuschwanstein-Castle-MOC-123380-4-300x300.jpg 300w, https:\/\/mouldking.store\/wp-content\/uploads\/2022\/12\/Germany-Neuschwanstein-Castle-MOC-123380-4-768x768.jpg 768w, https:\/\/mouldking.store\/wp-content\/uploads\/2022\/12\/Germany-Neuschwanstein-Castle-MOC-123380-4-600x600.jpg 600w, https:\/\/mouldking.store\/wp-content\/uploads\/2022\/12\/Germany-Neuschwanstein-Castle-MOC-123380-4-150x150.jpg 150w, https:\/\/mouldking.store\/wp-content\/uploads\/2022\/12\/Germany-Neuschwanstein-Castle-MOC-123380-4-60x60.jpg 60w, https:\/\/mouldking.store\/wp-content\/uploads\/2022\/12\/Germany-Neuschwanstein-Castle-MOC-123380-4-90x90.jpg 90w, https:\/\/mouldking.store\/wp-content\/uploads\/2022\/12\/Germany-Neuschwanstein-Castle-MOC-123380-4.jpg 1100w\" sizes=\"(max-width: 1024px) 100vw, 1024px\" \/><figcaption id=\"caption-attachment-39150\" class=\"wp-caption-text\">MOC-123380 L\u00e2u \u0111\u00e0i Neuschwanstein c\u1ee7a \u0110\u1ee9c v\u1edbi 57602 C\u00c1I<\/figcaption><\/figure>\n<figure id=\"attachment_39151\" aria-describedby=\"caption-attachment-39151\" style=\"width: 1024px\" class=\"wp-caption aligncenter\"><img loading=\"lazy\" decoding=\"async\" class=\"wp-image-39151 size-large\" src=\"https:\/\/mouldking.store\/wp-content\/uploads\/2022\/12\/Germany-Neuschwanstein-Castle-MOC-123380-5-1024x1024.jpg\" alt=\"MOC-123380 Germany Neuschwanstein Castle With 57602PCS\" width=\"1024\" height=\"1024\" title=\"-\" srcset=\"https:\/\/mouldking.store\/wp-content\/uploads\/2022\/12\/Germany-Neuschwanstein-Castle-MOC-123380-5-1024x1024.jpg 1024w, https:\/\/mouldking.store\/wp-content\/uploads\/2022\/12\/Germany-Neuschwanstein-Castle-MOC-123380-5-300x300.jpg 300w, https:\/\/mouldking.store\/wp-content\/uploads\/2022\/12\/Germany-Neuschwanstein-Castle-MOC-123380-5-768x768.jpg 768w, https:\/\/mouldking.store\/wp-content\/uploads\/2022\/12\/Germany-Neuschwanstein-Castle-MOC-123380-5-600x600.jpg 600w, https:\/\/mouldking.store\/wp-content\/uploads\/2022\/12\/Germany-Neuschwanstein-Castle-MOC-123380-5-150x150.jpg 150w, https:\/\/mouldking.store\/wp-content\/uploads\/2022\/12\/Germany-Neuschwanstein-Castle-MOC-123380-5-60x60.jpg 60w, https:\/\/mouldking.store\/wp-content\/uploads\/2022\/12\/Germany-Neuschwanstein-Castle-MOC-123380-5-90x90.jpg 90w, https:\/\/mouldking.store\/wp-content\/uploads\/2022\/12\/Germany-Neuschwanstein-Castle-MOC-123380-5.jpg 1100w\" sizes=\"(max-width: 1024px) 100vw, 1024px\" \/><figcaption id=\"caption-attachment-39151\" class=\"wp-caption-text\">MOC-123380 L\u00e2u \u0111\u00e0i Neuschwanstein c\u1ee7a \u0110\u1ee9c v\u1edbi 57602 C\u00c1I<\/figcaption><\/figure>\n<figure id=\"attachment_39152\" aria-describedby=\"caption-attachment-39152\" style=\"width: 1024px\" class=\"wp-caption aligncenter\"><img loading=\"lazy\" decoding=\"async\" class=\"wp-image-39152 size-large\" src=\"https:\/\/mouldking.store\/wp-content\/uploads\/2022\/12\/Germany-Neuschwanstein-Castle-MOC-123380-6-1024x1024.jpg\" alt=\"MOC-123380 Germany Neuschwanstein Castle With 57602PCS\" width=\"1024\" height=\"1024\" title=\"-\" srcset=\"https:\/\/mouldking.store\/wp-content\/uploads\/2022\/12\/Germany-Neuschwanstein-Castle-MOC-123380-6-1024x1024.jpg 1024w, https:\/\/mouldking.store\/wp-content\/uploads\/2022\/12\/Germany-Neuschwanstein-Castle-MOC-123380-6-300x300.jpg 300w, https:\/\/mouldking.store\/wp-content\/uploads\/2022\/12\/Germany-Neuschwanstein-Castle-MOC-123380-6-768x768.jpg 768w, https:\/\/mouldking.store\/wp-content\/uploads\/2022\/12\/Germany-Neuschwanstein-Castle-MOC-123380-6-600x600.jpg 600w, https:\/\/mouldking.store\/wp-content\/uploads\/2022\/12\/Germany-Neuschwanstein-Castle-MOC-123380-6-150x150.jpg 150w, https:\/\/mouldking.store\/wp-content\/uploads\/2022\/12\/Germany-Neuschwanstein-Castle-MOC-123380-6-60x60.jpg 60w, https:\/\/mouldking.store\/wp-content\/uploads\/2022\/12\/Germany-Neuschwanstein-Castle-MOC-123380-6-90x90.jpg 90w, https:\/\/mouldking.store\/wp-content\/uploads\/2022\/12\/Germany-Neuschwanstein-Castle-MOC-123380-6.jpg 1100w\" sizes=\"(max-width: 1024px) 100vw, 1024px\" \/><figcaption id=\"caption-attachment-39152\" class=\"wp-caption-text\">MOC-123380 L\u00e2u \u0111\u00e0i Neuschwanstein c\u1ee7a \u0110\u1ee9c v\u1edbi 57602 C\u00c1I<\/figcaption><\/figure>\n<figure id=\"attachment_39153\" aria-describedby=\"caption-attachment-39153\" style=\"width: 1024px\" class=\"wp-caption aligncenter\"><img loading=\"lazy\" decoding=\"async\" class=\"wp-image-39153 size-large\" src=\"https:\/\/mouldking.store\/wp-content\/uploads\/2022\/12\/Germany-Neuschwanstein-Castle-MOC-123380-7-1024x1024.jpg\" alt=\"MOC-123380 Germany Neuschwanstein Castle With 57602PCS\" width=\"1024\" height=\"1024\" title=\"-\" srcset=\"https:\/\/mouldking.store\/wp-content\/uploads\/2022\/12\/Germany-Neuschwanstein-Castle-MOC-123380-7-1024x1024.jpg 1024w, https:\/\/mouldking.store\/wp-content\/uploads\/2022\/12\/Germany-Neuschwanstein-Castle-MOC-123380-7-300x300.jpg 300w, https:\/\/mouldking.store\/wp-content\/uploads\/2022\/12\/Germany-Neuschwanstein-Castle-MOC-123380-7-768x768.jpg 768w, https:\/\/mouldking.store\/wp-content\/uploads\/2022\/12\/Germany-Neuschwanstein-Castle-MOC-123380-7-600x600.jpg 600w, https:\/\/mouldking.store\/wp-content\/uploads\/2022\/12\/Germany-Neuschwanstein-Castle-MOC-123380-7-150x150.jpg 150w, https:\/\/mouldking.store\/wp-content\/uploads\/2022\/12\/Germany-Neuschwanstein-Castle-MOC-123380-7-60x60.jpg 60w, https:\/\/mouldking.store\/wp-content\/uploads\/2022\/12\/Germany-Neuschwanstein-Castle-MOC-123380-7-90x90.jpg 90w, https:\/\/mouldking.store\/wp-content\/uploads\/2022\/12\/Germany-Neuschwanstein-Castle-MOC-123380-7.jpg 1100w\" sizes=\"(max-width: 1024px) 100vw, 1024px\" \/><figcaption id=\"caption-attachment-39153\" class=\"wp-caption-text\">MOC-123380 L\u00e2u \u0111\u00e0i Neuschwanstein c\u1ee7a \u0110\u1ee9c v\u1edbi 57602 C\u00c1I<\/figcaption><\/figure>","protected":false},"excerpt":{"rendered":"<p>H\u01b0\u1edbng d\u1eabn x\u00e2y d\u1ef1ng PDF<\/p>\n<p>kh\u00f4ng c\u00f3 h\u1ed9p g\u1ed1c<\/p>\n<p>Th\u1eddi gian s\u1eafp x\u1ebfp: 4-8 tu\u1ea7n<\/p>","protected":false},"featured_media":39147,"comment_status":"closed","ping_status":"closed","template":"","meta":{"_acf_changed":false},"product_cat":[1395,1406,390],"product_tag":[787,1606,10483,430,10482,10484,10481,2876],"class_list":["product","first","instock","shipping-taxable","purchasable","product-type-simple"],"acf":[],"_links":{"self":[{"href":"https:\/\/mouldking.store\/vi\/wp-json\/wp\/v2\/product\/39146","targetHints":{"allow":["GET"]}}],"collection":[{"href":"https:\/\/mouldking.store\/vi\/wp-json\/wp\/v2\/product"}],"about":[{"href":"https:\/\/mouldking.store\/vi\/wp-json\/wp\/v2\/types\/product"}],"replies":[{"embeddable":true,"href":"https:\/\/mouldking.store\/vi\/wp-json\/wp\/v2\/comments?post=39146"}],"wp:featuredmedia":[{"embeddable":true,"href":"https:\/\/mouldking.store\/vi\/wp-json\/wp\/v2\/media\/39147"}],"wp:attachment":[{"href":"https:\/\/mouldking.store\/vi\/wp-json\/wp\/v2\/media?parent=39146"}],"wp:term":[{"taxonomy":"product_cat","embeddable":true,"href":"https:\/\/mouldking.store\/vi\/wp-json\/wp\/v2\/product_cat?post=39146"},{"taxonomy":"product_tag","embeddable":true,"href":"https:\/\/mouldking.store\/vi\/wp-json\/wp\/v2\/product_tag?post=39146"}],"curies":[{"name":"wp","href":"https:\/\/api.w.org\/{rel}","templated":true}]}}