{"id":39154,"date":"2022-12-27T15:13:14","date_gmt":"2022-12-27T08:13:14","guid":{"rendered":"https:\/\/mouldking.store\/?post_type=product&#038;p=39154"},"modified":"2025-12-25T09:11:54","modified_gmt":"2025-12-25T02:11:54","slug":"moc-87964-bay-cargo-boat-with-1961pcs","status":"publish","type":"product","link":"https:\/\/mouldking.store\/vi\/shop\/moc-87964-bay-cargo-boat-with-1961pcs\/","title":{"rendered":"Thuy\u1ec1n ch\u1edf h\u00e0ng v\u1ecbnh MOC-87964 v\u1edbi 1961 C\u00c1I"},"content":{"rendered":"<ol>\n<li>Th\u01b0\u01a1ng hi\u1ec7u: M\u1ed8C<\/li>\n<li>Gi\u1edbi t\u00ednh: Unisex<\/li>\n<li>T\u00ean: T\u00e0u ch\u1edf h\u00e0ng v\u1ecbnh<\/li>\n<li>\u0110\u1ed9 tu\u1ed5i: &gt; 6 tu\u1ed5i<\/li>\n<li>S\u1ed1 m\u00f4 h\u00ecnh: 87964<\/li>\n<li>Ph\u00e2n lo\u1ea1i: T\u1eadp h\u1ee3p<\/li>\n<li>H\u00ecnh d\u1ea1ng kh\u1ed1i nh\u1ef1a: G\u1ea1ch t\u1ef1 kh\u00f3a<\/li>\n<li>Ch\u1ea5t li\u1ec7u: Nh\u1ef1a<\/li>\n<li>Lo\u1ea1i nh\u1ef1a: ABS<\/li>\n<li>Kh\u1ed1i g\u1ea1ch: 1961 C\u00c1I<\/li>\n<li>K\u00edch th\u01b0\u1edbc: 90 x 16 x 45 cm<\/li>\n<li>Tr\u1ecdng l\u01b0\u1ee3ng:2400g<\/li>\n<li>Ch\u1ee9a h\u01b0\u1edbng d\u1eabn l\u1eafp r\u00e1p chi ti\u1ebft.<\/li>\n<\/ol>\n<p>\u0110\u1ec3 \u00fd:<br \/>\n1. Kh\u00f4ng c\u00f3 h\u1ed9p ban \u0111\u1ea7u, nh\u01b0ng ch\u00fang t\u00f4i \u0111\u1ea3m b\u1ea3o s\u1ea3n ph\u1ea9m c\u1ee7a ch\u00fang t\u00f4i c\u00f3 ch\u1ea5t l\u01b0\u1ee3ng \u0111\u1ea3m b\u1ea3o v\u00e0 bao b\u00ec \u0111\u1eb9p.<br \/>\n2. V\u00ec t\u1ea5t c\u1ea3 c\u00e1c b\u1ed9 ph\u1eadn ch\u00fang t\u00f4i \u0111\u00e3 ki\u1ec3m tra tr\u01b0\u1edbc khi v\u1eadn chuy\u1ec3n, v\u00ec v\u1eady n\u1ebfu b\u1ea1n th\u1ea5y m\u1ed9t s\u1ed1 b\u1ed9 ph\u1eadn b\u1ecb thi\u1ebfu ho\u1eb7c h\u01b0 h\u1ecfng, \u0111\u1eebng lo l\u1eafng v\u00e0 ch\u1ec9 c\u1ea7n vui l\u00f2ng li\u00ean h\u1ec7 v\u1edbi ch\u00fang t\u00f4i v\u00e0 ch\u00fang t\u00f4i c\u00f3 th\u1ec3 g\u1eedi l\u1ea1i mi\u1ec5n ph\u00ed cho b\u1ea1n ngay l\u1eadp t\u1ee9c.<\/p>\n<figure id=\"attachment_39155\" aria-describedby=\"caption-attachment-39155\" style=\"width: 1004px\" class=\"wp-caption aligncenter\"><img fetchpriority=\"high\" decoding=\"async\" class=\"wp-image-39155 size-full\" src=\"https:\/\/mouldking.store\/wp-content\/uploads\/2022\/12\/MOC-87964-Technic-Bay-Cargo-Boat-MOC-FACTORY.png\" alt=\"MOC-87964 Bay Cargo Boat With 1961PCS\" width=\"1004\" height=\"1004\" title=\"-\" srcset=\"https:\/\/mouldking.store\/wp-content\/uploads\/2022\/12\/MOC-87964-Technic-Bay-Cargo-Boat-MOC-FACTORY.png 1004w, https:\/\/mouldking.store\/wp-content\/uploads\/2022\/12\/MOC-87964-Technic-Bay-Cargo-Boat-MOC-FACTORY-300x300.png 300w, https:\/\/mouldking.store\/wp-content\/uploads\/2022\/12\/MOC-87964-Technic-Bay-Cargo-Boat-MOC-FACTORY-768x768.png 768w, https:\/\/mouldking.store\/wp-content\/uploads\/2022\/12\/MOC-87964-Technic-Bay-Cargo-Boat-MOC-FACTORY-600x600.png 600w, https:\/\/mouldking.store\/wp-content\/uploads\/2022\/12\/MOC-87964-Technic-Bay-Cargo-Boat-MOC-FACTORY-150x150.png 150w, https:\/\/mouldking.store\/wp-content\/uploads\/2022\/12\/MOC-87964-Technic-Bay-Cargo-Boat-MOC-FACTORY-60x60.png 60w, https:\/\/mouldking.store\/wp-content\/uploads\/2022\/12\/MOC-87964-Technic-Bay-Cargo-Boat-MOC-FACTORY-90x90.png 90w\" sizes=\"(max-width: 1004px) 100vw, 1004px\" \/><figcaption id=\"caption-attachment-39155\" class=\"wp-caption-text\">Thuy\u1ec1n ch\u1edf h\u00e0ng v\u1ecbnh MOC-87964 v\u1edbi 1961 C\u00c1I<\/figcaption><\/figure>\n<figure id=\"attachment_39156\" aria-describedby=\"caption-attachment-39156\" style=\"width: 1024px\" class=\"wp-caption aligncenter\"><img decoding=\"async\" class=\"wp-image-39156 size-large\" src=\"https:\/\/mouldking.store\/wp-content\/uploads\/2022\/12\/Bay-Cargo-Boat-MOC-87964-2-1024x1024.jpg\" alt=\"MOC-87964 Bay Cargo Boat With 1961PCS\" width=\"1024\" height=\"1024\" title=\"-\" srcset=\"https:\/\/mouldking.store\/wp-content\/uploads\/2022\/12\/Bay-Cargo-Boat-MOC-87964-2-1024x1024.jpg 1024w, https:\/\/mouldking.store\/wp-content\/uploads\/2022\/12\/Bay-Cargo-Boat-MOC-87964-2-300x300.jpg 300w, https:\/\/mouldking.store\/wp-content\/uploads\/2022\/12\/Bay-Cargo-Boat-MOC-87964-2-768x768.jpg 768w, https:\/\/mouldking.store\/wp-content\/uploads\/2022\/12\/Bay-Cargo-Boat-MOC-87964-2-600x600.jpg 600w, https:\/\/mouldking.store\/wp-content\/uploads\/2022\/12\/Bay-Cargo-Boat-MOC-87964-2-150x150.jpg 150w, https:\/\/mouldking.store\/wp-content\/uploads\/2022\/12\/Bay-Cargo-Boat-MOC-87964-2-60x60.jpg 60w, https:\/\/mouldking.store\/wp-content\/uploads\/2022\/12\/Bay-Cargo-Boat-MOC-87964-2-90x90.jpg 90w, https:\/\/mouldking.store\/wp-content\/uploads\/2022\/12\/Bay-Cargo-Boat-MOC-87964-2.jpg 1100w\" sizes=\"(max-width: 1024px) 100vw, 1024px\" \/><figcaption id=\"caption-attachment-39156\" class=\"wp-caption-text\">Thuy\u1ec1n ch\u1edf h\u00e0ng v\u1ecbnh MOC-87964 v\u1edbi 1961 C\u00c1I<\/figcaption><\/figure>\n<figure id=\"attachment_39157\" aria-describedby=\"caption-attachment-39157\" style=\"width: 1024px\" class=\"wp-caption aligncenter\"><img decoding=\"async\" class=\"wp-image-39157 size-large\" src=\"https:\/\/mouldking.store\/wp-content\/uploads\/2022\/12\/Bay-Cargo-Boat-MOC-87964-3-1024x1024.jpg\" alt=\"MOC-87964 Bay Cargo Boat With 1961PCS\" width=\"1024\" height=\"1024\" title=\"-\" srcset=\"https:\/\/mouldking.store\/wp-content\/uploads\/2022\/12\/Bay-Cargo-Boat-MOC-87964-3-1024x1024.jpg 1024w, https:\/\/mouldking.store\/wp-content\/uploads\/2022\/12\/Bay-Cargo-Boat-MOC-87964-3-300x300.jpg 300w, https:\/\/mouldking.store\/wp-content\/uploads\/2022\/12\/Bay-Cargo-Boat-MOC-87964-3-768x768.jpg 768w, https:\/\/mouldking.store\/wp-content\/uploads\/2022\/12\/Bay-Cargo-Boat-MOC-87964-3-600x600.jpg 600w, https:\/\/mouldking.store\/wp-content\/uploads\/2022\/12\/Bay-Cargo-Boat-MOC-87964-3-150x150.jpg 150w, https:\/\/mouldking.store\/wp-content\/uploads\/2022\/12\/Bay-Cargo-Boat-MOC-87964-3-60x60.jpg 60w, https:\/\/mouldking.store\/wp-content\/uploads\/2022\/12\/Bay-Cargo-Boat-MOC-87964-3-90x90.jpg 90w, https:\/\/mouldking.store\/wp-content\/uploads\/2022\/12\/Bay-Cargo-Boat-MOC-87964-3.jpg 1100w\" sizes=\"(max-width: 1024px) 100vw, 1024px\" \/><figcaption id=\"caption-attachment-39157\" class=\"wp-caption-text\">Thuy\u1ec1n ch\u1edf h\u00e0ng v\u1ecbnh MOC-87964 v\u1edbi 1961 C\u00c1I<\/figcaption><\/figure>\n<figure id=\"attachment_39158\" aria-describedby=\"caption-attachment-39158\" style=\"width: 1024px\" class=\"wp-caption aligncenter\"><img loading=\"lazy\" decoding=\"async\" class=\"wp-image-39158 size-large\" src=\"https:\/\/mouldking.store\/wp-content\/uploads\/2022\/12\/Bay-Cargo-Boat-MOC-87964-4-1024x1024.jpg\" alt=\"MOC-87964 Bay Cargo Boat With 1961PCS\" width=\"1024\" height=\"1024\" title=\"-\" srcset=\"https:\/\/mouldking.store\/wp-content\/uploads\/2022\/12\/Bay-Cargo-Boat-MOC-87964-4-1024x1024.jpg 1024w, https:\/\/mouldking.store\/wp-content\/uploads\/2022\/12\/Bay-Cargo-Boat-MOC-87964-4-300x300.jpg 300w, https:\/\/mouldking.store\/wp-content\/uploads\/2022\/12\/Bay-Cargo-Boat-MOC-87964-4-768x768.jpg 768w, https:\/\/mouldking.store\/wp-content\/uploads\/2022\/12\/Bay-Cargo-Boat-MOC-87964-4-600x600.jpg 600w, https:\/\/mouldking.store\/wp-content\/uploads\/2022\/12\/Bay-Cargo-Boat-MOC-87964-4-150x150.jpg 150w, https:\/\/mouldking.store\/wp-content\/uploads\/2022\/12\/Bay-Cargo-Boat-MOC-87964-4-60x60.jpg 60w, https:\/\/mouldking.store\/wp-content\/uploads\/2022\/12\/Bay-Cargo-Boat-MOC-87964-4-90x90.jpg 90w, https:\/\/mouldking.store\/wp-content\/uploads\/2022\/12\/Bay-Cargo-Boat-MOC-87964-4.jpg 1100w\" sizes=\"(max-width: 1024px) 100vw, 1024px\" \/><figcaption id=\"caption-attachment-39158\" class=\"wp-caption-text\">Thuy\u1ec1n ch\u1edf h\u00e0ng v\u1ecbnh MOC-87964 v\u1edbi 1961 C\u00c1I<\/figcaption><\/figure>\n<figure id=\"attachment_39159\" aria-describedby=\"caption-attachment-39159\" style=\"width: 1024px\" class=\"wp-caption aligncenter\"><img loading=\"lazy\" decoding=\"async\" class=\"wp-image-39159 size-large\" src=\"https:\/\/mouldking.store\/wp-content\/uploads\/2022\/12\/Bay-Cargo-Boat-MOC-87964-5-1024x1024.jpg\" alt=\"MOC-87964 Bay Cargo Boat With 1961PCS\" width=\"1024\" height=\"1024\" title=\"-\" srcset=\"https:\/\/mouldking.store\/wp-content\/uploads\/2022\/12\/Bay-Cargo-Boat-MOC-87964-5-1024x1024.jpg 1024w, https:\/\/mouldking.store\/wp-content\/uploads\/2022\/12\/Bay-Cargo-Boat-MOC-87964-5-300x300.jpg 300w, https:\/\/mouldking.store\/wp-content\/uploads\/2022\/12\/Bay-Cargo-Boat-MOC-87964-5-768x768.jpg 768w, https:\/\/mouldking.store\/wp-content\/uploads\/2022\/12\/Bay-Cargo-Boat-MOC-87964-5-600x600.jpg 600w, https:\/\/mouldking.store\/wp-content\/uploads\/2022\/12\/Bay-Cargo-Boat-MOC-87964-5-150x150.jpg 150w, https:\/\/mouldking.store\/wp-content\/uploads\/2022\/12\/Bay-Cargo-Boat-MOC-87964-5-60x60.jpg 60w, https:\/\/mouldking.store\/wp-content\/uploads\/2022\/12\/Bay-Cargo-Boat-MOC-87964-5-90x90.jpg 90w, https:\/\/mouldking.store\/wp-content\/uploads\/2022\/12\/Bay-Cargo-Boat-MOC-87964-5.jpg 1100w\" sizes=\"(max-width: 1024px) 100vw, 1024px\" \/><figcaption id=\"caption-attachment-39159\" class=\"wp-caption-text\">Thuy\u1ec1n ch\u1edf h\u00e0ng v\u1ecbnh MOC-87964 v\u1edbi 1961 C\u00c1I<\/figcaption><\/figure>\n<figure id=\"attachment_39160\" aria-describedby=\"caption-attachment-39160\" style=\"width: 1100px\" class=\"wp-caption aligncenter\"><img loading=\"lazy\" decoding=\"async\" class=\"wp-image-39160 size-full\" src=\"https:\/\/mouldking.store\/wp-content\/uploads\/2022\/12\/Bay-Cargo-Boat-MOC-87964-6.jpg\" alt=\"MOC-87964 Bay Cargo Boat With 1961PCS\" width=\"1100\" height=\"1100\" title=\"-\" srcset=\"https:\/\/mouldking.store\/wp-content\/uploads\/2022\/12\/Bay-Cargo-Boat-MOC-87964-6.jpg 1100w, https:\/\/mouldking.store\/wp-content\/uploads\/2022\/12\/Bay-Cargo-Boat-MOC-87964-6-300x300.jpg 300w, https:\/\/mouldking.store\/wp-content\/uploads\/2022\/12\/Bay-Cargo-Boat-MOC-87964-6-1024x1024.jpg 1024w, https:\/\/mouldking.store\/wp-content\/uploads\/2022\/12\/Bay-Cargo-Boat-MOC-87964-6-768x768.jpg 768w, https:\/\/mouldking.store\/wp-content\/uploads\/2022\/12\/Bay-Cargo-Boat-MOC-87964-6-600x600.jpg 600w, https:\/\/mouldking.store\/wp-content\/uploads\/2022\/12\/Bay-Cargo-Boat-MOC-87964-6-150x150.jpg 150w, https:\/\/mouldking.store\/wp-content\/uploads\/2022\/12\/Bay-Cargo-Boat-MOC-87964-6-60x60.jpg 60w, https:\/\/mouldking.store\/wp-content\/uploads\/2022\/12\/Bay-Cargo-Boat-MOC-87964-6-90x90.jpg 90w\" sizes=\"(max-width: 1100px) 100vw, 1100px\" \/><figcaption id=\"caption-attachment-39160\" class=\"wp-caption-text\">Thuy\u1ec1n ch\u1edf h\u00e0ng v\u1ecbnh MOC-87964 v\u1edbi 1961 C\u00c1I<\/figcaption><\/figure>\n<figure id=\"attachment_39161\" aria-describedby=\"caption-attachment-39161\" style=\"width: 1100px\" class=\"wp-caption aligncenter\"><img loading=\"lazy\" decoding=\"async\" class=\"wp-image-39161 size-full\" src=\"https:\/\/mouldking.store\/wp-content\/uploads\/2022\/12\/Bay-Cargo-Boat-MOC-87964-7.jpg\" alt=\"MOC-87964 Bay Cargo Boat With 1961PCS\" width=\"1100\" height=\"1100\" title=\"-\" srcset=\"https:\/\/mouldking.store\/wp-content\/uploads\/2022\/12\/Bay-Cargo-Boat-MOC-87964-7.jpg 1100w, https:\/\/mouldking.store\/wp-content\/uploads\/2022\/12\/Bay-Cargo-Boat-MOC-87964-7-300x300.jpg 300w, https:\/\/mouldking.store\/wp-content\/uploads\/2022\/12\/Bay-Cargo-Boat-MOC-87964-7-1024x1024.jpg 1024w, https:\/\/mouldking.store\/wp-content\/uploads\/2022\/12\/Bay-Cargo-Boat-MOC-87964-7-768x768.jpg 768w, https:\/\/mouldking.store\/wp-content\/uploads\/2022\/12\/Bay-Cargo-Boat-MOC-87964-7-600x600.jpg 600w, https:\/\/mouldking.store\/wp-content\/uploads\/2022\/12\/Bay-Cargo-Boat-MOC-87964-7-150x150.jpg 150w, https:\/\/mouldking.store\/wp-content\/uploads\/2022\/12\/Bay-Cargo-Boat-MOC-87964-7-60x60.jpg 60w, https:\/\/mouldking.store\/wp-content\/uploads\/2022\/12\/Bay-Cargo-Boat-MOC-87964-7-90x90.jpg 90w\" sizes=\"(max-width: 1100px) 100vw, 1100px\" \/><figcaption id=\"caption-attachment-39161\" class=\"wp-caption-text\">Thuy\u1ec1n ch\u1edf h\u00e0ng v\u1ecbnh MOC-87964 v\u1edbi 1961 C\u00c1I<\/figcaption><\/figure>","protected":false},"excerpt":{"rendered":"<p>H\u01b0\u1edbng d\u1eabn x\u00e2y d\u1ef1ng PDF<\/p>\n<p>kh\u00f4ng c\u00f3 h\u1ed9p g\u1ed1c<\/p>\n<p>Th\u1eddi gian s\u1eafp x\u1ebfp: 4-8 tu\u1ea7n<\/p>","protected":false},"featured_media":39155,"comment_status":"closed","ping_status":"closed","template":"","meta":{"_acf_changed":false},"product_cat":[1357,1406,364],"product_tag":[5564,10488,6471,10487,430,10486,10489,10485],"class_list":["product","first","instock","shipping-taxable","purchasable","product-type-simple"],"acf":[],"_links":{"self":[{"href":"https:\/\/mouldking.store\/vi\/wp-json\/wp\/v2\/product\/39154","targetHints":{"allow":["GET"]}}],"collection":[{"href":"https:\/\/mouldking.store\/vi\/wp-json\/wp\/v2\/product"}],"about":[{"href":"https:\/\/mouldking.store\/vi\/wp-json\/wp\/v2\/types\/product"}],"replies":[{"embeddable":true,"href":"https:\/\/mouldking.store\/vi\/wp-json\/wp\/v2\/comments?post=39154"}],"wp:featuredmedia":[{"embeddable":true,"href":"https:\/\/mouldking.store\/vi\/wp-json\/wp\/v2\/media\/39155"}],"wp:attachment":[{"href":"https:\/\/mouldking.store\/vi\/wp-json\/wp\/v2\/media?parent=39154"}],"wp:term":[{"taxonomy":"product_cat","embeddable":true,"href":"https:\/\/mouldking.store\/vi\/wp-json\/wp\/v2\/product_cat?post=39154"},{"taxonomy":"product_tag","embeddable":true,"href":"https:\/\/mouldking.store\/vi\/wp-json\/wp\/v2\/product_tag?post=39154"}],"curies":[{"name":"wp","href":"https:\/\/api.w.org\/{rel}","templated":true}]}}