{"id":39241,"date":"2023-01-03T11:39:22","date_gmt":"2023-01-03T04:39:22","guid":{"rendered":"https:\/\/mouldking.store\/?post_type=product&#038;p=39241"},"modified":"2025-12-25T09:11:54","modified_gmt":"2025-12-25T02:11:54","slug":"moc-89515-neuschwanstein-replica-castle-architecture-with-57139pcs","status":"publish","type":"product","link":"https:\/\/mouldking.store\/vi\/shop\/moc-89515-neuschwanstein-replica-castle-architecture-with-57139pcs\/","title":{"rendered":"MOC-89515 Ki\u1ebfn tr\u00fac l\u00e2u \u0111\u00e0i b\u1ea3n sao Neuschwanstein v\u1edbi 57139 C\u00c1I"},"content":{"rendered":"<ol>\n<li>Th\u01b0\u01a1ng hi\u1ec7u: M\u1ed8C<\/li>\n<li>Gi\u1edbi t\u00ednh: Unisex<\/li>\n<li>Name: Neuschwanstein Replica Castle Architecture<\/li>\n<li>\u0110\u1ed9 tu\u1ed5i: &gt; 6 tu\u1ed5i<\/li>\n<li>Model Number: 89515<\/li>\n<li>Ph\u00e2n lo\u1ea1i: T\u1eadp h\u1ee3p<\/li>\n<li>H\u00ecnh d\u1ea1ng kh\u1ed1i nh\u1ef1a: G\u1ea1ch t\u1ef1 kh\u00f3a<\/li>\n<li>Ch\u1ea5t li\u1ec7u: Nh\u1ef1a<\/li>\n<li>Lo\u1ea1i nh\u1ef1a: ABS<\/li>\n<li>Bricks Blocks:57139PCS<\/li>\n<li>Ch\u1ee9a h\u01b0\u1edbng d\u1eabn l\u1eafp r\u00e1p chi ti\u1ebft.<\/li>\n<\/ol>\n<p>\u0110\u1ec3 \u00fd:<br \/>\n1. Kh\u00f4ng c\u00f3 h\u1ed9p ban \u0111\u1ea7u, nh\u01b0ng ch\u00fang t\u00f4i \u0111\u1ea3m b\u1ea3o s\u1ea3n ph\u1ea9m c\u1ee7a ch\u00fang t\u00f4i c\u00f3 ch\u1ea5t l\u01b0\u1ee3ng \u0111\u1ea3m b\u1ea3o v\u00e0 bao b\u00ec \u0111\u1eb9p.<br \/>\n2. V\u00ec t\u1ea5t c\u1ea3 c\u00e1c b\u1ed9 ph\u1eadn ch\u00fang t\u00f4i \u0111\u00e3 ki\u1ec3m tra tr\u01b0\u1edbc khi v\u1eadn chuy\u1ec3n, v\u00ec v\u1eady n\u1ebfu b\u1ea1n th\u1ea5y m\u1ed9t s\u1ed1 b\u1ed9 ph\u1eadn b\u1ecb thi\u1ebfu ho\u1eb7c h\u01b0 h\u1ecfng, \u0111\u1eebng lo l\u1eafng v\u00e0 ch\u1ec9 c\u1ea7n vui l\u00f2ng li\u00ean h\u1ec7 v\u1edbi ch\u00fang t\u00f4i v\u00e0 ch\u00fang t\u00f4i c\u00f3 th\u1ec3 g\u1eedi l\u1ea1i mi\u1ec5n ph\u00ed cho b\u1ea1n ngay l\u1eadp t\u1ee9c.<\/p>\n<figure id=\"attachment_39242\" aria-describedby=\"caption-attachment-39242\" style=\"width: 1004px\" class=\"wp-caption aligncenter\"><img fetchpriority=\"high\" decoding=\"async\" class=\"wp-image-39242 size-full\" src=\"https:\/\/mouldking.store\/wp-content\/uploads\/2023\/01\/MOC-89515-Modular-Building-Neuschwanstein-Replica-Castle-Architecture-MOC-FACTORY.png\" alt=\"MOC-89515 Neuschwanstein Replica Castle Architecture With 57139PCS \" width=\"1004\" height=\"1004\" title=\"-\"><figcaption id=\"caption-attachment-39242\" class=\"wp-caption-text\">MOC-89515 Ki\u1ebfn tr\u00fac l\u00e2u \u0111\u00e0i b\u1ea3n sao Neuschwanstein v\u1edbi 57139 C\u00c1I<\/figcaption><\/figure>\n<figure id=\"attachment_39243\" aria-describedby=\"caption-attachment-39243\" style=\"width: 1000px\" class=\"wp-caption aligncenter\"><img decoding=\"async\" class=\"wp-image-39243 size-full\" src=\"https:\/\/mouldking.store\/wp-content\/uploads\/2023\/01\/Neuschwanstein-Replica-Castle-Architecture-MOC-89515-2.png\" alt=\"MOC-89515 Neuschwanstein Replica Castle Architecture With 57139PCS \" width=\"1000\" height=\"1000\" title=\"-\"><figcaption id=\"caption-attachment-39243\" class=\"wp-caption-text\">MOC-89515 Ki\u1ebfn tr\u00fac l\u00e2u \u0111\u00e0i b\u1ea3n sao Neuschwanstein v\u1edbi 57139 C\u00c1I<\/figcaption><\/figure>\n<figure id=\"attachment_39244\" aria-describedby=\"caption-attachment-39244\" style=\"width: 1000px\" class=\"wp-caption aligncenter\"><img decoding=\"async\" class=\"wp-image-39244 size-full\" src=\"https:\/\/mouldking.store\/wp-content\/uploads\/2023\/01\/Neuschwanstein-Replica-Castle-Architecture-MOC-89515-1.png\" alt=\"MOC-89515 Neuschwanstein Replica Castle Architecture With 57139PCS \" width=\"1000\" height=\"1000\" title=\"-\"><figcaption id=\"caption-attachment-39244\" class=\"wp-caption-text\">MOC-89515 Ki\u1ebfn tr\u00fac l\u00e2u \u0111\u00e0i b\u1ea3n sao Neuschwanstein v\u1edbi 57139 C\u00c1I<\/figcaption><\/figure>","protected":false},"excerpt":{"rendered":"<p>H\u01b0\u1edbng d\u1eabn x\u00e2y d\u1ef1ng PDF<\/p>\n<p>kh\u00f4ng c\u00f3 h\u1ed9p g\u1ed1c<\/p>\n<p>Th\u1eddi gian s\u1eafp x\u1ebfp: 4-8 tu\u1ea7n<\/p>","protected":false},"featured_media":39242,"comment_status":"closed","ping_status":"closed","template":"","meta":{"_acf_changed":false},"product_cat":[390],"product_tag":[787,10562,430,10559,10564,10558,2876,10561,10563,10560],"class_list":["product","first","instock","shipping-taxable","purchasable","product-type-simple"],"acf":[],"_links":{"self":[{"href":"https:\/\/mouldking.store\/vi\/wp-json\/wp\/v2\/product\/39241","targetHints":{"allow":["GET"]}}],"collection":[{"href":"https:\/\/mouldking.store\/vi\/wp-json\/wp\/v2\/product"}],"about":[{"href":"https:\/\/mouldking.store\/vi\/wp-json\/wp\/v2\/types\/product"}],"replies":[{"embeddable":true,"href":"https:\/\/mouldking.store\/vi\/wp-json\/wp\/v2\/comments?post=39241"}],"wp:featuredmedia":[{"embeddable":true,"href":"https:\/\/mouldking.store\/vi\/wp-json\/wp\/v2\/media\/39242"}],"wp:attachment":[{"href":"https:\/\/mouldking.store\/vi\/wp-json\/wp\/v2\/media?parent=39241"}],"wp:term":[{"taxonomy":"product_cat","embeddable":true,"href":"https:\/\/mouldking.store\/vi\/wp-json\/wp\/v2\/product_cat?post=39241"},{"taxonomy":"product_tag","embeddable":true,"href":"https:\/\/mouldking.store\/vi\/wp-json\/wp\/v2\/product_tag?post=39241"}],"curies":[{"name":"wp","href":"https:\/\/api.w.org\/{rel}","templated":true}]}}