{"id":39305,"date":"2023-01-03T15:05:08","date_gmt":"2023-01-03T08:05:08","guid":{"rendered":"https:\/\/mouldking.store\/?post_type=product&#038;p=39305"},"modified":"2025-12-25T09:11:53","modified_gmt":"2025-12-25T02:11:53","slug":"moc-122812-lion-knights-castle-bridge-with-2640-pieces","status":"publish","type":"product","link":"https:\/\/mouldking.store\/vi\/shop\/moc-122812-lion-knights-castle-bridge-with-2640-pieces\/","title":{"rendered":"MOC-122812 C\u1ea7u l\u00e2u \u0111\u00e0i c\u1ee7a hi\u1ec7p s\u0129 s\u01b0 t\u1eed v\u1edbi 2640 m\u1ea3nh gh\u00e9p"},"content":{"rendered":"<ol>\n<li>Th\u01b0\u01a1ng hi\u1ec7u: M\u1ed8C<\/li>\n<li>Gi\u1edbi t\u00ednh: Unisex<\/li>\n<li>Name: Lion Knights\u2019 Castle Bridge<\/li>\n<li>\u0110\u1ed9 tu\u1ed5i: &gt; 6 tu\u1ed5i<\/li>\n<li>Model Number: 122812<\/li>\n<li>Ph\u00e2n lo\u1ea1i: T\u1eadp h\u1ee3p<\/li>\n<li>H\u00ecnh d\u1ea1ng kh\u1ed1i nh\u1ef1a: G\u1ea1ch t\u1ef1 kh\u00f3a<\/li>\n<li>Ch\u1ea5t li\u1ec7u: Nh\u1ef1a<\/li>\n<li>Lo\u1ea1i nh\u1ef1a: ABS<\/li>\n<li>Bricks Blocks:2640 PCS<\/li>\n<li>Ch\u1ee9a h\u01b0\u1edbng d\u1eabn l\u1eafp r\u00e1p chi ti\u1ebft.<\/li>\n<\/ol>\n<p>\u0110\u1ec3 \u00fd:<br \/>\n1. Kh\u00f4ng c\u00f3 h\u1ed9p ban \u0111\u1ea7u, nh\u01b0ng ch\u00fang t\u00f4i \u0111\u1ea3m b\u1ea3o s\u1ea3n ph\u1ea9m c\u1ee7a ch\u00fang t\u00f4i c\u00f3 ch\u1ea5t l\u01b0\u1ee3ng \u0111\u1ea3m b\u1ea3o v\u00e0 bao b\u00ec \u0111\u1eb9p.<br \/>\n2. V\u00ec t\u1ea5t c\u1ea3 c\u00e1c b\u1ed9 ph\u1eadn ch\u00fang t\u00f4i \u0111\u00e3 ki\u1ec3m tra tr\u01b0\u1edbc khi v\u1eadn chuy\u1ec3n, v\u00ec v\u1eady n\u1ebfu b\u1ea1n th\u1ea5y m\u1ed9t s\u1ed1 b\u1ed9 ph\u1eadn b\u1ecb thi\u1ebfu ho\u1eb7c h\u01b0 h\u1ecfng, \u0111\u1eebng lo l\u1eafng v\u00e0 ch\u1ec9 c\u1ea7n vui l\u00f2ng li\u00ean h\u1ec7 v\u1edbi ch\u00fang t\u00f4i v\u00e0 ch\u00fang t\u00f4i c\u00f3 th\u1ec3 g\u1eedi l\u1ea1i mi\u1ec5n ph\u00ed cho b\u1ea1n ngay l\u1eadp t\u1ee9c.<\/p>\n<figure id=\"attachment_39306\" aria-describedby=\"caption-attachment-39306\" style=\"width: 1004px\" class=\"wp-caption aligncenter\"><img fetchpriority=\"high\" decoding=\"async\" class=\"wp-image-39306 size-full\" src=\"https:\/\/mouldking.store\/wp-content\/uploads\/2023\/01\/MOC-122812-Creator-Lion-Knights-Castle-Bridge-MOC-FACTORY.png\" alt=\"MOC-122812 Lion Knights\u2019 Castle Bridge With 2640 Pieces\" width=\"1004\" height=\"1004\" title=\"-\"><figcaption id=\"caption-attachment-39306\" class=\"wp-caption-text\">MOC-122812 C\u1ea7u l\u00e2u \u0111\u00e0i c\u1ee7a hi\u1ec7p s\u0129 s\u01b0 t\u1eed v\u1edbi 2640 m\u1ea3nh gh\u00e9p<\/figcaption><\/figure>\n<figure id=\"attachment_39307\" aria-describedby=\"caption-attachment-39307\" style=\"width: 1000px\" class=\"wp-caption aligncenter\"><img decoding=\"async\" class=\"wp-image-39307 size-full\" src=\"https:\/\/mouldking.store\/wp-content\/uploads\/2023\/01\/Lion-Knights-Castle-Bridge-MOC-122812-2.jpg\" alt=\"MOC-122812 Lion Knights\u2019 Castle Bridge With 2640 Pieces\" width=\"1000\" height=\"750\" title=\"-\"><figcaption id=\"caption-attachment-39307\" class=\"wp-caption-text\">MOC-122812 C\u1ea7u l\u00e2u \u0111\u00e0i c\u1ee7a hi\u1ec7p s\u0129 s\u01b0 t\u1eed v\u1edbi 2640 m\u1ea3nh gh\u00e9p<\/figcaption><\/figure>\n<figure id=\"attachment_39308\" aria-describedby=\"caption-attachment-39308\" style=\"width: 800px\" class=\"wp-caption aligncenter\"><img decoding=\"async\" class=\"wp-image-39308 size-full\" src=\"https:\/\/mouldking.store\/wp-content\/uploads\/2023\/01\/Lion-Knights-Castle-Bridge-MOC-122812-3.jpg\" alt=\"MOC-122812 Lion Knights\u2019 Castle Bridge With 2640 Pieces\" width=\"800\" height=\"600\" title=\"-\"><figcaption id=\"caption-attachment-39308\" class=\"wp-caption-text\">MOC-122812 C\u1ea7u l\u00e2u \u0111\u00e0i c\u1ee7a hi\u1ec7p s\u0129 s\u01b0 t\u1eed v\u1edbi 2640 m\u1ea3nh gh\u00e9p<\/figcaption><\/figure>\n<figure id=\"attachment_39309\" aria-describedby=\"caption-attachment-39309\" style=\"width: 800px\" class=\"wp-caption aligncenter\"><img loading=\"lazy\" decoding=\"async\" class=\"wp-image-39309 size-full\" src=\"https:\/\/mouldking.store\/wp-content\/uploads\/2023\/01\/Lion-Knights-Castle-Bridge-MOC-122812-4.jpg\" alt=\"MOC-122812 Lion Knights\u2019 Castle Bridge With 2640 Pieces\" width=\"800\" height=\"600\" title=\"-\"><figcaption id=\"caption-attachment-39309\" class=\"wp-caption-text\">MOC-122812 C\u1ea7u l\u00e2u \u0111\u00e0i c\u1ee7a hi\u1ec7p s\u0129 s\u01b0 t\u1eed v\u1edbi 2640 m\u1ea3nh gh\u00e9p<\/figcaption><\/figure>\n<figure id=\"attachment_39310\" aria-describedby=\"caption-attachment-39310\" style=\"width: 800px\" class=\"wp-caption aligncenter\"><img loading=\"lazy\" decoding=\"async\" class=\"wp-image-39310 size-full\" src=\"https:\/\/mouldking.store\/wp-content\/uploads\/2023\/01\/Lion-Knights-Castle-Bridge-MOC-122812-5.jpg\" alt=\"MOC-122812 Lion Knights\u2019 Castle Bridge With 2640 Pieces\" width=\"800\" height=\"600\" title=\"-\"><figcaption id=\"caption-attachment-39310\" class=\"wp-caption-text\">MOC-122812 C\u1ea7u l\u00e2u \u0111\u00e0i c\u1ee7a hi\u1ec7p s\u0129 s\u01b0 t\u1eed v\u1edbi 2640 m\u1ea3nh gh\u00e9p<\/figcaption><\/figure>\n<figure id=\"attachment_39311\" aria-describedby=\"caption-attachment-39311\" style=\"width: 800px\" class=\"wp-caption aligncenter\"><img loading=\"lazy\" decoding=\"async\" class=\"wp-image-39311 size-full\" src=\"https:\/\/mouldking.store\/wp-content\/uploads\/2023\/01\/Lion-Knights-Castle-Bridge-MOC-122812-6.jpg\" alt=\"MOC-122812 Lion Knights\u2019 Castle Bridge With 2640 Pieces\" width=\"800\" height=\"600\" title=\"-\"><figcaption id=\"caption-attachment-39311\" class=\"wp-caption-text\">MOC-122812 C\u1ea7u l\u00e2u \u0111\u00e0i c\u1ee7a hi\u1ec7p s\u0129 s\u01b0 t\u1eed v\u1edbi 2640 m\u1ea3nh gh\u00e9p<\/figcaption><\/figure>\n<figure id=\"attachment_39312\" aria-describedby=\"caption-attachment-39312\" style=\"width: 1024px\" class=\"wp-caption aligncenter\"><img loading=\"lazy\" decoding=\"async\" class=\"wp-image-39312 size-full\" src=\"https:\/\/mouldking.store\/wp-content\/uploads\/2023\/01\/Lion-Knights-Castle-Bridge-MOC-122812-7.jpg\" alt=\"MOC-122812 Lion Knights\u2019 Castle Bridge With 2640 Pieces\" width=\"1024\" height=\"768\" title=\"-\"><figcaption id=\"caption-attachment-39312\" class=\"wp-caption-text\">MOC-122812 C\u1ea7u l\u00e2u \u0111\u00e0i c\u1ee7a hi\u1ec7p s\u0129 s\u01b0 t\u1eed v\u1edbi 2640 m\u1ea3nh gh\u00e9p<\/figcaption><\/figure>","protected":false},"excerpt":{"rendered":"<p>H\u01b0\u1edbng d\u1eabn x\u00e2y d\u1ef1ng PDF<\/p>\n<p>kh\u00f4ng c\u00f3 h\u1ed9p g\u1ed1c<\/p>\n<p>Th\u1eddi gian s\u1eafp x\u1ebfp: 4-8 tu\u1ea7n<\/p>","protected":false},"featured_media":39306,"comment_status":"closed","ping_status":"closed","template":"","meta":{"_acf_changed":false},"product_cat":[1365,371],"product_tag":[10639,787,10641,6576,10453,10640,10642,430,10638,10643,10637],"class_list":["product","first","instock","shipping-taxable","purchasable","product-type-simple"],"acf":[],"_links":{"self":[{"href":"https:\/\/mouldking.store\/vi\/wp-json\/wp\/v2\/product\/39305","targetHints":{"allow":["GET"]}}],"collection":[{"href":"https:\/\/mouldking.store\/vi\/wp-json\/wp\/v2\/product"}],"about":[{"href":"https:\/\/mouldking.store\/vi\/wp-json\/wp\/v2\/types\/product"}],"replies":[{"embeddable":true,"href":"https:\/\/mouldking.store\/vi\/wp-json\/wp\/v2\/comments?post=39305"}],"wp:featuredmedia":[{"embeddable":true,"href":"https:\/\/mouldking.store\/vi\/wp-json\/wp\/v2\/media\/39306"}],"wp:attachment":[{"href":"https:\/\/mouldking.store\/vi\/wp-json\/wp\/v2\/media?parent=39305"}],"wp:term":[{"taxonomy":"product_cat","embeddable":true,"href":"https:\/\/mouldking.store\/vi\/wp-json\/wp\/v2\/product_cat?post=39305"},{"taxonomy":"product_tag","embeddable":true,"href":"https:\/\/mouldking.store\/vi\/wp-json\/wp\/v2\/product_tag?post=39305"}],"curies":[{"name":"wp","href":"https:\/\/api.w.org\/{rel}","templated":true}]}}