{"id":39346,"date":"2023-01-03T15:46:46","date_gmt":"2023-01-03T08:46:46","guid":{"rendered":"https:\/\/mouldking.store\/?post_type=product&#038;p=39346"},"modified":"2025-12-25T09:11:50","modified_gmt":"2025-12-25T02:11:50","slug":"moc-69457-docking-bay-327-with-10061-pieces","status":"publish","type":"product","link":"https:\/\/mouldking.store\/vi\/shop\/moc-69457-docking-bay-327-with-10061-pieces\/","title":{"rendered":"MOC-69457 Docking Bay 327 v\u1edbi 10061 mi\u1ebfng"},"content":{"rendered":"<ol>\n<li>Th\u01b0\u01a1ng hi\u1ec7u: M\u1ed8C<\/li>\n<li>Gi\u1edbi t\u00ednh: Unisex<\/li>\n<li>Name: Docking Bay 327<\/li>\n<li>\u0110\u1ed9 tu\u1ed5i: &gt; 6 tu\u1ed5i<\/li>\n<li>Model Number: 69457<\/li>\n<li>Ph\u00e2n lo\u1ea1i: T\u1eadp h\u1ee3p<\/li>\n<li>H\u00ecnh d\u1ea1ng kh\u1ed1i nh\u1ef1a: G\u1ea1ch t\u1ef1 kh\u00f3a<\/li>\n<li>Ch\u1ea5t li\u1ec7u: Nh\u1ef1a<\/li>\n<li>Lo\u1ea1i nh\u1ef1a: ABS<\/li>\n<li>Bricks Blocks:10061 PCS<\/li>\n<li>Ch\u1ee9a h\u01b0\u1edbng d\u1eabn l\u1eafp r\u00e1p chi ti\u1ebft.<\/li>\n<\/ol>\n<p>\u0110\u1ec3 \u00fd:<br \/>\n1. Kh\u00f4ng c\u00f3 h\u1ed9p ban \u0111\u1ea7u, nh\u01b0ng ch\u00fang t\u00f4i \u0111\u1ea3m b\u1ea3o s\u1ea3n ph\u1ea9m c\u1ee7a ch\u00fang t\u00f4i c\u00f3 ch\u1ea5t l\u01b0\u1ee3ng \u0111\u1ea3m b\u1ea3o v\u00e0 bao b\u00ec \u0111\u1eb9p.<br \/>\n2. V\u00ec t\u1ea5t c\u1ea3 c\u00e1c b\u1ed9 ph\u1eadn ch\u00fang t\u00f4i \u0111\u00e3 ki\u1ec3m tra tr\u01b0\u1edbc khi v\u1eadn chuy\u1ec3n, v\u00ec v\u1eady n\u1ebfu b\u1ea1n th\u1ea5y m\u1ed9t s\u1ed1 b\u1ed9 ph\u1eadn b\u1ecb thi\u1ebfu ho\u1eb7c h\u01b0 h\u1ecfng, \u0111\u1eebng lo l\u1eafng v\u00e0 ch\u1ec9 c\u1ea7n vui l\u00f2ng li\u00ean h\u1ec7 v\u1edbi ch\u00fang t\u00f4i v\u00e0 ch\u00fang t\u00f4i c\u00f3 th\u1ec3 g\u1eedi l\u1ea1i mi\u1ec5n ph\u00ed cho b\u1ea1n ngay l\u1eadp t\u1ee9c.<\/p>\n<figure id=\"attachment_39347\" aria-describedby=\"caption-attachment-39347\" style=\"width: 1004px\" class=\"wp-caption aligncenter\"><img fetchpriority=\"high\" decoding=\"async\" class=\"wp-image-39347 size-full\" src=\"https:\/\/mouldking.store\/wp-content\/uploads\/2023\/01\/MOC-69457-Star-Wars-Docking-Bay-327-MOC-FACTORY.png\" alt=\"MOC-69457 Docking Bay 327 With 10061 Pieces\" width=\"1004\" height=\"1004\" title=\"-\"><figcaption id=\"caption-attachment-39347\" class=\"wp-caption-text\">MOC-69457 Docking Bay 327 v\u1edbi 10061 mi\u1ebfng<\/figcaption><\/figure>\n<figure id=\"attachment_39348\" aria-describedby=\"caption-attachment-39348\" style=\"width: 2048px\" class=\"wp-caption aligncenter\"><img decoding=\"async\" class=\"wp-image-39348 size-full\" src=\"https:\/\/mouldking.store\/wp-content\/uploads\/2023\/01\/Docking-Bay-327-MOC-69457-2.png\" alt=\"MOC-69457 Docking Bay 327 With 10061 Pieces\" width=\"2048\" height=\"1536\" title=\"-\"><figcaption id=\"caption-attachment-39348\" class=\"wp-caption-text\">MOC-69457 Docking Bay 327 v\u1edbi 10061 mi\u1ebfng<\/figcaption><\/figure>\n<figure id=\"attachment_39349\" aria-describedby=\"caption-attachment-39349\" style=\"width: 2048px\" class=\"wp-caption aligncenter\"><img decoding=\"async\" class=\"wp-image-39349 size-full\" src=\"https:\/\/mouldking.store\/wp-content\/uploads\/2023\/01\/Docking-Bay-327-MOC-69457-3.png\" alt=\"MOC-69457 Docking Bay 327 With 10061 Pieces\" width=\"2048\" height=\"1536\" title=\"-\"><figcaption id=\"caption-attachment-39349\" class=\"wp-caption-text\">MOC-69457 Docking Bay 327 v\u1edbi 10061 mi\u1ebfng<\/figcaption><\/figure>\n<figure id=\"attachment_39350\" aria-describedby=\"caption-attachment-39350\" style=\"width: 2048px\" class=\"wp-caption aligncenter\"><img loading=\"lazy\" decoding=\"async\" class=\"wp-image-39350 size-full\" src=\"https:\/\/mouldking.store\/wp-content\/uploads\/2023\/01\/Docking-Bay-327-MOC-69457-4.png\" alt=\"MOC-69457 Docking Bay 327 With 10061 Pieces\" width=\"2048\" height=\"1583\" title=\"-\"><figcaption id=\"caption-attachment-39350\" class=\"wp-caption-text\">MOC-69457 Docking Bay 327 v\u1edbi 10061 mi\u1ebfng<\/figcaption><\/figure>\n<figure id=\"attachment_39351\" aria-describedby=\"caption-attachment-39351\" style=\"width: 2048px\" class=\"wp-caption aligncenter\"><img loading=\"lazy\" decoding=\"async\" class=\"wp-image-39351 size-full\" src=\"https:\/\/mouldking.store\/wp-content\/uploads\/2023\/01\/Docking-Bay-327-MOC-69457-5.png\" alt=\"MOC-69457 Docking Bay 327 With 10061 Pieces\" width=\"2048\" height=\"1536\" title=\"-\"><figcaption id=\"caption-attachment-39351\" class=\"wp-caption-text\">MOC-69457 Docking Bay 327 v\u1edbi 10061 mi\u1ebfng<\/figcaption><\/figure>\n<figure id=\"attachment_39352\" aria-describedby=\"caption-attachment-39352\" style=\"width: 2048px\" class=\"wp-caption aligncenter\"><img loading=\"lazy\" decoding=\"async\" class=\"wp-image-39352 size-full\" src=\"https:\/\/mouldking.store\/wp-content\/uploads\/2023\/01\/Docking-Bay-327-MOC-69457-6.png\" alt=\"MOC-69457 Docking Bay 327 With 10061 Pieces\" width=\"2048\" height=\"1536\" title=\"-\"><figcaption id=\"caption-attachment-39352\" class=\"wp-caption-text\">MOC-69457 Docking Bay 327 v\u1edbi 10061 mi\u1ebfng<\/figcaption><\/figure>","protected":false},"excerpt":{"rendered":"<p>H\u01b0\u1edbng d\u1eabn x\u00e2y d\u1ef1ng PDF<\/p>\n<p>kh\u00f4ng c\u00f3 h\u1ed9p g\u1ed1c<\/p>\n<p>Th\u1eddi gian s\u1eafp x\u1ebfp: 4-8 tu\u1ea7n<\/p>","protected":false},"featured_media":39347,"comment_status":"closed","ping_status":"closed","template":"","meta":{"_acf_changed":false},"product_cat":[415],"product_tag":[5564,10676,10677,10678,430,10675,10679,10674],"class_list":["product","first","instock","shipping-taxable","purchasable","product-type-simple"],"acf":[],"_links":{"self":[{"href":"https:\/\/mouldking.store\/vi\/wp-json\/wp\/v2\/product\/39346","targetHints":{"allow":["GET"]}}],"collection":[{"href":"https:\/\/mouldking.store\/vi\/wp-json\/wp\/v2\/product"}],"about":[{"href":"https:\/\/mouldking.store\/vi\/wp-json\/wp\/v2\/types\/product"}],"replies":[{"embeddable":true,"href":"https:\/\/mouldking.store\/vi\/wp-json\/wp\/v2\/comments?post=39346"}],"wp:featuredmedia":[{"embeddable":true,"href":"https:\/\/mouldking.store\/vi\/wp-json\/wp\/v2\/media\/39347"}],"wp:attachment":[{"href":"https:\/\/mouldking.store\/vi\/wp-json\/wp\/v2\/media?parent=39346"}],"wp:term":[{"taxonomy":"product_cat","embeddable":true,"href":"https:\/\/mouldking.store\/vi\/wp-json\/wp\/v2\/product_cat?post=39346"},{"taxonomy":"product_tag","embeddable":true,"href":"https:\/\/mouldking.store\/vi\/wp-json\/wp\/v2\/product_tag?post=39346"}],"curies":[{"name":"wp","href":"https:\/\/api.w.org\/{rel}","templated":true}]}}