{"id":39459,"date":"2023-01-03T18:04:48","date_gmt":"2023-01-03T11:04:48","guid":{"rendered":"https:\/\/mouldking.store\/?post_type=product&#038;p=39459"},"modified":"2025-12-25T09:11:49","modified_gmt":"2025-12-25T02:11:49","slug":"moc-127180-e-wing-ucs-with-1528-pieces","status":"publish","type":"product","link":"https:\/\/mouldking.store\/vi\/shop\/moc-127180-e-wing-ucs-with-1528-pieces\/","title":{"rendered":"MOC-127180 E-WING UCS With 1528 Pieces"},"content":{"rendered":"<ol>\n<li>Th\u01b0\u01a1ng hi\u1ec7u: M\u1ed8C<\/li>\n<li>Gi\u1edbi t\u00ednh: Unisex<\/li>\n<li>Name: E-WING UCS<\/li>\n<li>\u0110\u1ed9 tu\u1ed5i: &gt; 6 tu\u1ed5i<\/li>\n<li>Model Number: 127180<\/li>\n<li>Ph\u00e2n lo\u1ea1i: T\u1eadp h\u1ee3p<\/li>\n<li>H\u00ecnh d\u1ea1ng kh\u1ed1i nh\u1ef1a: G\u1ea1ch t\u1ef1 kh\u00f3a<\/li>\n<li>Ch\u1ea5t li\u1ec7u: Nh\u1ef1a<\/li>\n<li>Lo\u1ea1i nh\u1ef1a: ABS<\/li>\n<li>Bricks Blocks:1528 PCS<\/li>\n<li>Size: 44.4 x \u00a044.8 x 21.9 cm<\/li>\n<li>Ch\u1ee9a h\u01b0\u1edbng d\u1eabn l\u1eafp r\u00e1p chi ti\u1ebft.<\/li>\n<\/ol>\n<p>\u0110\u1ec3 \u00fd:<br \/>\n1. Kh\u00f4ng c\u00f3 h\u1ed9p ban \u0111\u1ea7u, nh\u01b0ng ch\u00fang t\u00f4i \u0111\u1ea3m b\u1ea3o s\u1ea3n ph\u1ea9m c\u1ee7a ch\u00fang t\u00f4i c\u00f3 ch\u1ea5t l\u01b0\u1ee3ng \u0111\u1ea3m b\u1ea3o v\u00e0 bao b\u00ec \u0111\u1eb9p.<br \/>\n2. V\u00ec t\u1ea5t c\u1ea3 c\u00e1c b\u1ed9 ph\u1eadn ch\u00fang t\u00f4i \u0111\u00e3 ki\u1ec3m tra tr\u01b0\u1edbc khi v\u1eadn chuy\u1ec3n, v\u00ec v\u1eady n\u1ebfu b\u1ea1n th\u1ea5y m\u1ed9t s\u1ed1 b\u1ed9 ph\u1eadn b\u1ecb thi\u1ebfu ho\u1eb7c h\u01b0 h\u1ecfng, \u0111\u1eebng lo l\u1eafng v\u00e0 ch\u1ec9 c\u1ea7n vui l\u00f2ng li\u00ean h\u1ec7 v\u1edbi ch\u00fang t\u00f4i v\u00e0 ch\u00fang t\u00f4i c\u00f3 th\u1ec3 g\u1eedi l\u1ea1i mi\u1ec5n ph\u00ed cho b\u1ea1n ngay l\u1eadp t\u1ee9c.<\/p>\n<figure id=\"attachment_39460\" aria-describedby=\"caption-attachment-39460\" style=\"width: 1004px\" class=\"wp-caption aligncenter\"><img fetchpriority=\"high\" decoding=\"async\" class=\"wp-image-39460 size-full\" src=\"https:\/\/mouldking.store\/wp-content\/uploads\/2023\/01\/MOC-127180-Star-Wars-E-WING-UCS-MOC-FACTORY.png\" alt=\"MOC-127180 E-WING UCS With 1528 Pieces\" width=\"1004\" height=\"1004\" title=\"-\"><figcaption id=\"caption-attachment-39460\" class=\"wp-caption-text\">MOC-127180 E-WING UCS With 1528 Pieces<\/figcaption><\/figure>\n<figure id=\"attachment_39461\" aria-describedby=\"caption-attachment-39461\" style=\"width: 800px\" class=\"wp-caption aligncenter\"><img decoding=\"async\" class=\"wp-image-39461 size-full\" src=\"https:\/\/mouldking.store\/wp-content\/uploads\/2023\/01\/E-WING-UCS-MOC-127180-1.jpg\" alt=\"MOC-127180 E-WING UCS With 1528 Pieces\" width=\"800\" height=\"800\" title=\"-\"><figcaption id=\"caption-attachment-39461\" class=\"wp-caption-text\">MOC-127180 E-WING UCS With 1528 Pieces<\/figcaption><\/figure>\n<figure id=\"attachment_39462\" aria-describedby=\"caption-attachment-39462\" style=\"width: 800px\" class=\"wp-caption aligncenter\"><img decoding=\"async\" class=\"wp-image-39462 size-full\" src=\"https:\/\/mouldking.store\/wp-content\/uploads\/2023\/01\/E-WING-UCS-MOC-127180-2.jpg\" alt=\"MOC-127180 E-WING UCS With 1528 Pieces\" width=\"800\" height=\"800\" title=\"-\"><figcaption id=\"caption-attachment-39462\" class=\"wp-caption-text\">MOC-127180 E-WING UCS With 1528 Pieces<\/figcaption><\/figure>\n<figure id=\"attachment_39463\" aria-describedby=\"caption-attachment-39463\" style=\"width: 800px\" class=\"wp-caption aligncenter\"><img loading=\"lazy\" decoding=\"async\" class=\"wp-image-39463 size-full\" src=\"https:\/\/mouldking.store\/wp-content\/uploads\/2023\/01\/E-WING-UCS-MOC-127180-3.jpg\" alt=\"MOC-127180 E-WING UCS With 1528 Pieces\" width=\"800\" height=\"800\" title=\"-\"><figcaption id=\"caption-attachment-39463\" class=\"wp-caption-text\">MOC-127180 E-WING UCS With 1528 Pieces<\/figcaption><\/figure>\n<figure id=\"attachment_39464\" aria-describedby=\"caption-attachment-39464\" style=\"width: 800px\" class=\"wp-caption aligncenter\"><img loading=\"lazy\" decoding=\"async\" class=\"wp-image-39464 size-full\" src=\"https:\/\/mouldking.store\/wp-content\/uploads\/2023\/01\/E-WING-UCS-MOC-127180-4.jpg\" alt=\"MOC-127180 E-WING UCS With 1528 Pieces\" width=\"800\" height=\"800\" title=\"-\"><figcaption id=\"caption-attachment-39464\" class=\"wp-caption-text\">MOC-127180 E-WING UCS With 1528 Pieces<\/figcaption><\/figure>\n<figure id=\"attachment_39465\" aria-describedby=\"caption-attachment-39465\" style=\"width: 800px\" class=\"wp-caption aligncenter\"><img loading=\"lazy\" decoding=\"async\" class=\"wp-image-39465 size-full\" src=\"https:\/\/mouldking.store\/wp-content\/uploads\/2023\/01\/E-WING-UCS-MOC-127180-5.jpg\" alt=\"MOC-127180 E-WING UCS With 1528 Pieces\" width=\"800\" height=\"800\" title=\"-\"><figcaption id=\"caption-attachment-39465\" class=\"wp-caption-text\">MOC-127180 E-WING UCS With 1528 Pieces<\/figcaption><\/figure>\n<figure id=\"attachment_39466\" aria-describedby=\"caption-attachment-39466\" style=\"width: 800px\" class=\"wp-caption aligncenter\"><img loading=\"lazy\" decoding=\"async\" class=\"wp-image-39466 size-full\" src=\"https:\/\/mouldking.store\/wp-content\/uploads\/2023\/01\/E-WING-UCS-MOC-127180-6.jpg\" alt=\"MOC-127180 E-WING UCS With 1528 Pieces\" width=\"800\" height=\"800\" title=\"-\"><figcaption id=\"caption-attachment-39466\" class=\"wp-caption-text\">MOC-127180 E-WING UCS With 1528 Pieces<\/figcaption><\/figure>\n<figure id=\"attachment_39467\" aria-describedby=\"caption-attachment-39467\" style=\"width: 800px\" class=\"wp-caption aligncenter\"><img loading=\"lazy\" decoding=\"async\" class=\"wp-image-39467 size-full\" src=\"https:\/\/mouldking.store\/wp-content\/uploads\/2023\/01\/E-WING-UCS-MOC-127180-7.jpg\" alt=\"MOC-127180 E-WING UCS With 1528 Pieces\" width=\"800\" height=\"800\" title=\"-\"><figcaption id=\"caption-attachment-39467\" class=\"wp-caption-text\">MOC-127180 E-WING UCS With 1528 Pieces<\/figcaption><\/figure>\n<figure id=\"attachment_39468\" aria-describedby=\"caption-attachment-39468\" style=\"width: 800px\" class=\"wp-caption aligncenter\"><img loading=\"lazy\" decoding=\"async\" class=\"wp-image-39468 size-full\" src=\"https:\/\/mouldking.store\/wp-content\/uploads\/2023\/01\/E-WING-UCS-MOC-127180-8.jpg\" alt=\"MOC-127180 E-WING UCS With 1528 Pieces\" width=\"800\" height=\"800\" title=\"-\"><figcaption id=\"caption-attachment-39468\" class=\"wp-caption-text\">MOC-127180 E-WING UCS With 1528 Pieces<\/figcaption><\/figure>\n<figure id=\"attachment_39469\" aria-describedby=\"caption-attachment-39469\" style=\"width: 800px\" class=\"wp-caption aligncenter\"><img loading=\"lazy\" decoding=\"async\" class=\"wp-image-39469 size-full\" src=\"https:\/\/mouldking.store\/wp-content\/uploads\/2023\/01\/E-WING-UCS-MOC-127180-9.jpg\" alt=\"MOC-127180 E-WING UCS With 1528 Pieces\" width=\"800\" height=\"800\" title=\"-\"><figcaption id=\"caption-attachment-39469\" class=\"wp-caption-text\">MOC-127180 E-WING UCS With 1528 Pieces<\/figcaption><\/figure>\n<figure id=\"attachment_39470\" aria-describedby=\"caption-attachment-39470\" style=\"width: 800px\" class=\"wp-caption aligncenter\"><img loading=\"lazy\" decoding=\"async\" class=\"wp-image-39470 size-full\" src=\"https:\/\/mouldking.store\/wp-content\/uploads\/2023\/01\/E-WING-UCS-MOC-127180-10.jpg\" alt=\"MOC-127180 E-WING UCS With 1528 Pieces\" width=\"800\" height=\"800\" title=\"-\"><figcaption id=\"caption-attachment-39470\" class=\"wp-caption-text\">MOC-127180 E-WING UCS With 1528 Pieces<\/figcaption><\/figure>\n<figure id=\"attachment_39471\" aria-describedby=\"caption-attachment-39471\" style=\"width: 800px\" class=\"wp-caption aligncenter\"><img loading=\"lazy\" decoding=\"async\" class=\"wp-image-39471 size-full\" src=\"https:\/\/mouldking.store\/wp-content\/uploads\/2023\/01\/E-WING-UCS-MOC-127180-11.jpg\" alt=\"MOC-127180 E-WING UCS With 1528 Pieces\" width=\"800\" height=\"800\" title=\"-\"><figcaption id=\"caption-attachment-39471\" class=\"wp-caption-text\">MOC-127180 E-WING UCS With 1528 Pieces<\/figcaption><\/figure>\n<figure id=\"attachment_39472\" aria-describedby=\"caption-attachment-39472\" style=\"width: 800px\" class=\"wp-caption aligncenter\"><img loading=\"lazy\" decoding=\"async\" class=\"wp-image-39472 size-full\" src=\"https:\/\/mouldking.store\/wp-content\/uploads\/2023\/01\/E-WING-UCS-MOC-127180-12.jpg\" alt=\"MOC-127180 E-WING UCS With 1528 Pieces\" width=\"800\" height=\"800\" title=\"-\"><figcaption id=\"caption-attachment-39472\" class=\"wp-caption-text\">MOC-127180 E-WING UCS With 1528 Pieces<\/figcaption><\/figure>","protected":false},"excerpt":{"rendered":"<p>Brand: MOC Gender: Unisex Name: E-WING UCS Age Range: &gt; 6 years old Model Number: 127180 Classification: Assemblage Plastic Block Shape: Self-Locking Bricks Material: Plastic Plastic Type: ABS Bricks Blocks:1528 PCS Size: 44.4 x \u00a044.8 x 21.9 cm Contains detailed assembly instructions. Notice: 1. Without an original box, but we guarantee our products have quality [&hellip;]<\/p>","protected":false},"featured_media":39460,"comment_status":"closed","ping_status":"closed","template":"","meta":{"_acf_changed":false},"product_cat":[415],"product_tag":[10783,10784,430,10782,10785,10781,4093],"class_list":["product","first","instock","shipping-taxable","purchasable","product-type-simple"],"acf":[],"_links":{"self":[{"href":"https:\/\/mouldking.store\/vi\/wp-json\/wp\/v2\/product\/39459","targetHints":{"allow":["GET"]}}],"collection":[{"href":"https:\/\/mouldking.store\/vi\/wp-json\/wp\/v2\/product"}],"about":[{"href":"https:\/\/mouldking.store\/vi\/wp-json\/wp\/v2\/types\/product"}],"replies":[{"embeddable":true,"href":"https:\/\/mouldking.store\/vi\/wp-json\/wp\/v2\/comments?post=39459"}],"wp:featuredmedia":[{"embeddable":true,"href":"https:\/\/mouldking.store\/vi\/wp-json\/wp\/v2\/media\/39460"}],"wp:attachment":[{"href":"https:\/\/mouldking.store\/vi\/wp-json\/wp\/v2\/media?parent=39459"}],"wp:term":[{"taxonomy":"product_cat","embeddable":true,"href":"https:\/\/mouldking.store\/vi\/wp-json\/wp\/v2\/product_cat?post=39459"},{"taxonomy":"product_tag","embeddable":true,"href":"https:\/\/mouldking.store\/vi\/wp-json\/wp\/v2\/product_tag?post=39459"}],"curies":[{"name":"wp","href":"https:\/\/api.w.org\/{rel}","templated":true}]}}