{"id":39473,"date":"2023-01-03T18:13:23","date_gmt":"2023-01-03T11:13:23","guid":{"rendered":"https:\/\/mouldking.store\/?post_type=product&#038;p=39473"},"modified":"2025-12-25T09:11:49","modified_gmt":"2025-12-25T02:11:49","slug":"moc-89506-piranha-plant-chomper-little-shop-of-horrors-with-354-pieces","status":"publish","type":"product","link":"https:\/\/mouldking.store\/vi\/shop\/moc-89506-piranha-plant-chomper-little-shop-of-horrors-with-354-pieces\/","title":{"rendered":"MOC-89506 Piranha Plant Chomper Little Shop of Horrors With 354 Pieces"},"content":{"rendered":"<ol>\n<li>Th\u01b0\u01a1ng hi\u1ec7u: M\u1ed8C<\/li>\n<li>Gi\u1edbi t\u00ednh: Unisex<\/li>\n<li>Name: Piranha Plant Chomper Little Shop of Horrors<\/li>\n<li>\u0110\u1ed9 tu\u1ed5i: &gt; 6 tu\u1ed5i<\/li>\n<li>Model Number: 89506<\/li>\n<li>Ph\u00e2n lo\u1ea1i: T\u1eadp h\u1ee3p<\/li>\n<li>H\u00ecnh d\u1ea1ng kh\u1ed1i nh\u1ef1a: G\u1ea1ch t\u1ef1 kh\u00f3a<\/li>\n<li>Ch\u1ea5t li\u1ec7u: Nh\u1ef1a<\/li>\n<li>Lo\u1ea1i nh\u1ef1a: ABS<\/li>\n<li>Bricks Blocks:354 PCS<\/li>\n<li>Size: 11 x 10 x 16.5 cm<\/li>\n<li>Ch\u1ee9a h\u01b0\u1edbng d\u1eabn l\u1eafp r\u00e1p chi ti\u1ebft.<\/li>\n<\/ol>\n<p>\u0110\u1ec3 \u00fd:<br \/>\n1. Kh\u00f4ng c\u00f3 h\u1ed9p ban \u0111\u1ea7u, nh\u01b0ng ch\u00fang t\u00f4i \u0111\u1ea3m b\u1ea3o s\u1ea3n ph\u1ea9m c\u1ee7a ch\u00fang t\u00f4i c\u00f3 ch\u1ea5t l\u01b0\u1ee3ng \u0111\u1ea3m b\u1ea3o v\u00e0 bao b\u00ec \u0111\u1eb9p.<br \/>\n2. V\u00ec t\u1ea5t c\u1ea3 c\u00e1c b\u1ed9 ph\u1eadn ch\u00fang t\u00f4i \u0111\u00e3 ki\u1ec3m tra tr\u01b0\u1edbc khi v\u1eadn chuy\u1ec3n, v\u00ec v\u1eady n\u1ebfu b\u1ea1n th\u1ea5y m\u1ed9t s\u1ed1 b\u1ed9 ph\u1eadn b\u1ecb thi\u1ebfu ho\u1eb7c h\u01b0 h\u1ecfng, \u0111\u1eebng lo l\u1eafng v\u00e0 ch\u1ec9 c\u1ea7n vui l\u00f2ng li\u00ean h\u1ec7 v\u1edbi ch\u00fang t\u00f4i v\u00e0 ch\u00fang t\u00f4i c\u00f3 th\u1ec3 g\u1eedi l\u1ea1i mi\u1ec5n ph\u00ed cho b\u1ea1n ngay l\u1eadp t\u1ee9c.<\/p>\n<figure id=\"attachment_39474\" aria-describedby=\"caption-attachment-39474\" style=\"width: 1004px\" class=\"wp-caption aligncenter\"><img fetchpriority=\"high\" decoding=\"async\" class=\"wp-image-39474 size-full\" src=\"https:\/\/mouldking.store\/wp-content\/uploads\/2023\/01\/MOC-89506-Creator-Piranha-Plant-Chomper-Little-Shop-of-Horrors-MOC-FACTORY.png\" alt=\"MOC-89506 Piranha Plant Chomper Little Shop of Horrors With 354 Pieces\" width=\"1004\" height=\"1004\" title=\"-\"><figcaption id=\"caption-attachment-39474\" class=\"wp-caption-text\">MOC-89506 Piranha Plant Chomper Little Shop of Horrors With 354 Pieces<\/figcaption><\/figure>\n<figure id=\"attachment_39481\" aria-describedby=\"caption-attachment-39481\" style=\"width: 900px\" class=\"wp-caption aligncenter\"><img decoding=\"async\" class=\"wp-image-39481 size-full\" src=\"https:\/\/mouldking.store\/wp-content\/uploads\/2023\/01\/Piranha-Plant-Chomper-Little-Shop-of-Horrors-MOC-89506-1-1-1.jpg\" alt=\"MOC-89506 Piranha Plant Chomper Little Shop of Horrors With 354 Pieces\" width=\"900\" height=\"1200\" title=\"-\"><figcaption id=\"caption-attachment-39481\" class=\"wp-caption-text\">MOC-89506 Piranha Plant Chomper Little Shop of Horrors With 354 Pieces<\/figcaption><\/figure>\n<figure id=\"attachment_39482\" aria-describedby=\"caption-attachment-39482\" style=\"width: 1000px\" class=\"wp-caption aligncenter\"><img decoding=\"async\" class=\"wp-image-39482 size-full\" src=\"https:\/\/mouldking.store\/wp-content\/uploads\/2023\/01\/Piranha-Plant-Chomper-Little-Shop-of-Horrors-MOC-89506-1-1-2.jpg\" alt=\"MOC-89506 Piranha Plant Chomper Little Shop of Horrors With 354 Pieces\" width=\"1000\" height=\"1000\" title=\"-\"><figcaption id=\"caption-attachment-39482\" class=\"wp-caption-text\">MOC-89506 Piranha Plant Chomper Little Shop of Horrors With 354 Pieces<\/figcaption><\/figure>\n<figure id=\"attachment_39483\" aria-describedby=\"caption-attachment-39483\" style=\"width: 1000px\" class=\"wp-caption aligncenter\"><img loading=\"lazy\" decoding=\"async\" class=\"wp-image-39483 size-full\" src=\"https:\/\/mouldking.store\/wp-content\/uploads\/2023\/01\/Piranha-Plant-Chomper-Little-Shop-of-Horrors-MOC-89506-1-2-1.jpg\" alt=\"MOC-89506 Piranha Plant Chomper Little Shop of Horrors With 354 Pieces\" width=\"1000\" height=\"1000\" title=\"-\"><figcaption id=\"caption-attachment-39483\" class=\"wp-caption-text\">MOC-89506 Piranha Plant Chomper Little Shop of Horrors With 354 Pieces<\/figcaption><\/figure>\n<figure id=\"attachment_39484\" aria-describedby=\"caption-attachment-39484\" style=\"width: 1000px\" class=\"wp-caption aligncenter\"><img loading=\"lazy\" decoding=\"async\" class=\"wp-image-39484 size-full\" src=\"https:\/\/mouldking.store\/wp-content\/uploads\/2023\/01\/Piranha-Plant-Chomper-Little-Shop-of-Horrors-MOC-89506-1-3-1.jpg\" alt=\"MOC-89506 Piranha Plant Chomper Little Shop of Horrors With 354 Pieces\" width=\"1000\" height=\"1000\" title=\"-\"><figcaption id=\"caption-attachment-39484\" class=\"wp-caption-text\">MOC-89506 Piranha Plant Chomper Little Shop of Horrors With 354 Pieces<\/figcaption><\/figure>\n<figure id=\"attachment_39485\" aria-describedby=\"caption-attachment-39485\" style=\"width: 1000px\" class=\"wp-caption aligncenter\"><img loading=\"lazy\" decoding=\"async\" class=\"wp-image-39485 size-full\" src=\"https:\/\/mouldking.store\/wp-content\/uploads\/2023\/01\/Piranha-Plant-Chomper-Little-Shop-of-Horrors-MOC-89506-1-4-1.jpg\" alt=\"MOC-89506 Piranha Plant Chomper Little Shop of Horrors With 354 Pieces\" width=\"1000\" height=\"1000\" title=\"-\"><figcaption id=\"caption-attachment-39485\" class=\"wp-caption-text\">MOC-89506 Piranha Plant Chomper Little Shop of Horrors With 354 Pieces<\/figcaption><\/figure>\n<figure id=\"attachment_39486\" aria-describedby=\"caption-attachment-39486\" style=\"width: 1000px\" class=\"wp-caption aligncenter\"><img loading=\"lazy\" decoding=\"async\" class=\"wp-image-39486 size-full\" src=\"https:\/\/mouldking.store\/wp-content\/uploads\/2023\/01\/Piranha-Plant-Chomper-Little-Shop-of-Horrors-MOC-89506-1-5-1.jpg\" alt=\"MOC-89506 Piranha Plant Chomper Little Shop of Horrors With 354 Pieces\" width=\"1000\" height=\"1000\" title=\"-\"><figcaption id=\"caption-attachment-39486\" class=\"wp-caption-text\">MOC-89506 Piranha Plant Chomper Little Shop of Horrors With 354 Pieces<\/figcaption><\/figure>","protected":false},"excerpt":{"rendered":"<p>Brand: MOC Gender: Unisex Name: Piranha Plant Chomper Little Shop of Horrors Age Range: &gt; 6 years old Model Number: 89506 Classification: Assemblage Plastic Block Shape: Self-Locking Bricks Material: Plastic Plastic Type: ABS Bricks Blocks:354 PCS Size: 11 x 10 x 16.5 cm Contains detailed assembly instructions. Notice: 1. Without an original box, but we [&hellip;]<\/p>","protected":false},"featured_media":39474,"comment_status":"closed","ping_status":"closed","template":"","meta":{"_acf_changed":false},"product_cat":[1365,1406,371],"product_tag":[10789,10793,10792,10794,430,10787,10796,10786,10788,10790,10791,10795,6594],"class_list":["product","first","instock","shipping-taxable","purchasable","product-type-simple"],"acf":[],"_links":{"self":[{"href":"https:\/\/mouldking.store\/vi\/wp-json\/wp\/v2\/product\/39473","targetHints":{"allow":["GET"]}}],"collection":[{"href":"https:\/\/mouldking.store\/vi\/wp-json\/wp\/v2\/product"}],"about":[{"href":"https:\/\/mouldking.store\/vi\/wp-json\/wp\/v2\/types\/product"}],"replies":[{"embeddable":true,"href":"https:\/\/mouldking.store\/vi\/wp-json\/wp\/v2\/comments?post=39473"}],"wp:featuredmedia":[{"embeddable":true,"href":"https:\/\/mouldking.store\/vi\/wp-json\/wp\/v2\/media\/39474"}],"wp:attachment":[{"href":"https:\/\/mouldking.store\/vi\/wp-json\/wp\/v2\/media?parent=39473"}],"wp:term":[{"taxonomy":"product_cat","embeddable":true,"href":"https:\/\/mouldking.store\/vi\/wp-json\/wp\/v2\/product_cat?post=39473"},{"taxonomy":"product_tag","embeddable":true,"href":"https:\/\/mouldking.store\/vi\/wp-json\/wp\/v2\/product_tag?post=39473"}],"curies":[{"name":"wp","href":"https:\/\/api.w.org\/{rel}","templated":true}]}}