{"id":39488,"date":"2023-01-03T18:20:14","date_gmt":"2023-01-03T11:20:14","guid":{"rendered":"https:\/\/mouldking.store\/?post_type=product&#038;p=39488"},"modified":"2025-12-25T09:11:49","modified_gmt":"2025-12-25T02:11:49","slug":"moc-84653-leaf-butterflies-with-470-pieces","status":"publish","type":"product","link":"https:\/\/mouldking.store\/vi\/shop\/moc-84653-leaf-butterflies-with-470-pieces\/","title":{"rendered":"MOC-84653 B\u01b0\u1edbm L\u00e1 V\u1edbi 470 Mi\u1ebfng"},"content":{"rendered":"<ol>\n<li>Th\u01b0\u01a1ng hi\u1ec7u: M\u1ed8C<\/li>\n<li>Gi\u1edbi t\u00ednh: Unisex<\/li>\n<li>T\u00ean: L\u00e1 B\u01b0\u1edbm<\/li>\n<li>\u0110\u1ed9 tu\u1ed5i: &gt; 6 tu\u1ed5i<\/li>\n<li>S\u1ed1 m\u00f4 h\u00ecnh: 84653<\/li>\n<li>Ph\u00e2n lo\u1ea1i: T\u1eadp h\u1ee3p<\/li>\n<li>H\u00ecnh d\u1ea1ng kh\u1ed1i nh\u1ef1a: G\u1ea1ch t\u1ef1 kh\u00f3a<\/li>\n<li>Ch\u1ea5t li\u1ec7u: Nh\u1ef1a<\/li>\n<li>Lo\u1ea1i nh\u1ef1a: ABS<\/li>\n<li>Kh\u1ed1i g\u1ea1ch: 470 C\u00c1I<\/li>\n<li>K\u00edch th\u01b0\u1edbc: 30 x 8 x 10 cm<\/li>\n<li>Ch\u1ee9a h\u01b0\u1edbng d\u1eabn l\u1eafp r\u00e1p chi ti\u1ebft.<\/li>\n<\/ol>\n<p>\u0110\u1ec3 \u00fd:<br \/>\n1. Kh\u00f4ng c\u00f3 h\u1ed9p ban \u0111\u1ea7u, nh\u01b0ng ch\u00fang t\u00f4i \u0111\u1ea3m b\u1ea3o s\u1ea3n ph\u1ea9m c\u1ee7a ch\u00fang t\u00f4i c\u00f3 ch\u1ea5t l\u01b0\u1ee3ng \u0111\u1ea3m b\u1ea3o v\u00e0 bao b\u00ec \u0111\u1eb9p.<br \/>\n2. V\u00ec t\u1ea5t c\u1ea3 c\u00e1c b\u1ed9 ph\u1eadn ch\u00fang t\u00f4i \u0111\u00e3 ki\u1ec3m tra tr\u01b0\u1edbc khi v\u1eadn chuy\u1ec3n, v\u00ec v\u1eady n\u1ebfu b\u1ea1n th\u1ea5y m\u1ed9t s\u1ed1 b\u1ed9 ph\u1eadn b\u1ecb thi\u1ebfu ho\u1eb7c h\u01b0 h\u1ecfng, \u0111\u1eebng lo l\u1eafng v\u00e0 ch\u1ec9 c\u1ea7n vui l\u00f2ng li\u00ean h\u1ec7 v\u1edbi ch\u00fang t\u00f4i v\u00e0 ch\u00fang t\u00f4i c\u00f3 th\u1ec3 g\u1eedi l\u1ea1i mi\u1ec5n ph\u00ed cho b\u1ea1n ngay l\u1eadp t\u1ee9c.<\/p>\n<figure id=\"attachment_39489\" aria-describedby=\"caption-attachment-39489\" style=\"width: 1004px\" class=\"wp-caption aligncenter\"><img fetchpriority=\"high\" decoding=\"async\" class=\"wp-image-39489 size-full\" src=\"https:\/\/mouldking.store\/wp-content\/uploads\/2023\/01\/MOC-84653-Creator-Leaf-Butterflies-MOC-FACTORY.png\" alt=\"MOC-84653 Leaf Butterflies With 470 Pieces\" width=\"1004\" height=\"1004\" title=\"-\"><figcaption id=\"caption-attachment-39489\" class=\"wp-caption-text\">MOC-84653 B\u01b0\u1edbm L\u00e1 V\u1edbi 470 Mi\u1ebfng<\/figcaption><\/figure>\n<figure id=\"attachment_39490\" aria-describedby=\"caption-attachment-39490\" style=\"width: 800px\" class=\"wp-caption aligncenter\"><img decoding=\"async\" class=\"wp-image-39490 size-full\" src=\"https:\/\/mouldking.store\/wp-content\/uploads\/2023\/01\/Leaf-Butterflies-MOC-84653-1-1.jpg\" alt=\"MOC-84653 Leaf Butterflies With 470 Pieces\" width=\"800\" height=\"800\" title=\"-\"><figcaption id=\"caption-attachment-39490\" class=\"wp-caption-text\">MOC-84653 B\u01b0\u1edbm L\u00e1 V\u1edbi 470 Mi\u1ebfng<\/figcaption><\/figure>\n<figure id=\"attachment_39491\" aria-describedby=\"caption-attachment-39491\" style=\"width: 800px\" class=\"wp-caption aligncenter\"><img decoding=\"async\" class=\"wp-image-39491 size-full\" src=\"https:\/\/mouldking.store\/wp-content\/uploads\/2023\/01\/Leaf-Butterflies-MOC-84653-1-2.jpg\" alt=\"MOC-84653 Leaf Butterflies With 470 Pieces\" width=\"800\" height=\"800\" title=\"-\"><figcaption id=\"caption-attachment-39491\" class=\"wp-caption-text\">MOC-84653 B\u01b0\u1edbm L\u00e1 V\u1edbi 470 Mi\u1ebfng<\/figcaption><\/figure>\n<figure id=\"attachment_39492\" aria-describedby=\"caption-attachment-39492\" style=\"width: 800px\" class=\"wp-caption aligncenter\"><img loading=\"lazy\" decoding=\"async\" class=\"wp-image-39492 size-full\" src=\"https:\/\/mouldking.store\/wp-content\/uploads\/2023\/01\/Leaf-Butterflies-MOC-84653-1-3.jpg\" alt=\"MOC-84653 Leaf Butterflies With 470 Pieces\" width=\"800\" height=\"800\" title=\"-\"><figcaption id=\"caption-attachment-39492\" class=\"wp-caption-text\">MOC-84653 B\u01b0\u1edbm L\u00e1 V\u1edbi 470 Mi\u1ebfng<\/figcaption><\/figure>\n<figure id=\"attachment_39493\" aria-describedby=\"caption-attachment-39493\" style=\"width: 800px\" class=\"wp-caption aligncenter\"><img loading=\"lazy\" decoding=\"async\" class=\"wp-image-39493 size-full\" src=\"https:\/\/mouldking.store\/wp-content\/uploads\/2023\/01\/Leaf-Butterflies-MOC-84653-1-4.jpg\" alt=\"MOC-84653 Leaf Butterflies With 470 Pieces\" width=\"800\" height=\"800\" title=\"-\"><figcaption id=\"caption-attachment-39493\" class=\"wp-caption-text\">MOC-84653 B\u01b0\u1edbm L\u00e1 V\u1edbi 470 Mi\u1ebfng<\/figcaption><\/figure>\n<figure id=\"attachment_39494\" aria-describedby=\"caption-attachment-39494\" style=\"width: 800px\" class=\"wp-caption aligncenter\"><img loading=\"lazy\" decoding=\"async\" class=\"wp-image-39494 size-full\" src=\"https:\/\/mouldking.store\/wp-content\/uploads\/2023\/01\/Leaf-Butterflies-MOC-84653-1-5.jpg\" alt=\"MOC-84653 Leaf Butterflies With 470 Pieces\" width=\"800\" height=\"1523\" title=\"-\"><figcaption id=\"caption-attachment-39494\" class=\"wp-caption-text\">MOC-84653 B\u01b0\u1edbm L\u00e1 V\u1edbi 470 Mi\u1ebfng<\/figcaption><\/figure>\n<figure id=\"attachment_39495\" aria-describedby=\"caption-attachment-39495\" style=\"width: 800px\" class=\"wp-caption aligncenter\"><img loading=\"lazy\" decoding=\"async\" class=\"wp-image-39495 size-full\" src=\"https:\/\/mouldking.store\/wp-content\/uploads\/2023\/01\/Leaf-Butterflies-MOC-84653-1-6.jpg\" alt=\"MOC-84653 Leaf Butterflies With 470 Pieces\" width=\"800\" height=\"800\" title=\"-\"><figcaption id=\"caption-attachment-39495\" class=\"wp-caption-text\">MOC-84653 B\u01b0\u1edbm L\u00e1 V\u1edbi 470 Mi\u1ebfng<\/figcaption><\/figure>\n<figure id=\"attachment_39496\" aria-describedby=\"caption-attachment-39496\" style=\"width: 800px\" class=\"wp-caption aligncenter\"><img loading=\"lazy\" decoding=\"async\" class=\"wp-image-39496 size-full\" src=\"https:\/\/mouldking.store\/wp-content\/uploads\/2023\/01\/Leaf-Butterflies-MOC-84653-1-7.jpg\" alt=\"MOC-84653 Leaf Butterflies With 470 Pieces\" width=\"800\" height=\"800\" title=\"-\"><figcaption id=\"caption-attachment-39496\" class=\"wp-caption-text\">MOC-84653 B\u01b0\u1edbm L\u00e1 V\u1edbi 470 Mi\u1ebfng<\/figcaption><\/figure>","protected":false},"excerpt":{"rendered":"<p>Brand: MOC Gender: Unisex Name: Leaf Butterflies Age Range: &gt; 6 years old Model Number: 84653 Classification: Assemblage Plastic Block Shape: Self-Locking Bricks Material: Plastic Plastic Type: ABS Bricks Blocks:470 PCS Size: 30 x 8 x 10 cm Contains detailed assembly instructions. Notice: 1. Without an original box, but we guarantee our products have quality [&hellip;]<\/p>","protected":false},"featured_media":39489,"comment_status":"closed","ping_status":"closed","template":"","meta":{"_acf_changed":false},"product_cat":[1365,371],"product_tag":[10800,10799,10801,430,10798,10802,10797],"class_list":["product","first","instock","shipping-taxable","purchasable","product-type-simple"],"acf":[],"_links":{"self":[{"href":"https:\/\/mouldking.store\/vi\/wp-json\/wp\/v2\/product\/39488","targetHints":{"allow":["GET"]}}],"collection":[{"href":"https:\/\/mouldking.store\/vi\/wp-json\/wp\/v2\/product"}],"about":[{"href":"https:\/\/mouldking.store\/vi\/wp-json\/wp\/v2\/types\/product"}],"replies":[{"embeddable":true,"href":"https:\/\/mouldking.store\/vi\/wp-json\/wp\/v2\/comments?post=39488"}],"wp:featuredmedia":[{"embeddable":true,"href":"https:\/\/mouldking.store\/vi\/wp-json\/wp\/v2\/media\/39489"}],"wp:attachment":[{"href":"https:\/\/mouldking.store\/vi\/wp-json\/wp\/v2\/media?parent=39488"}],"wp:term":[{"taxonomy":"product_cat","embeddable":true,"href":"https:\/\/mouldking.store\/vi\/wp-json\/wp\/v2\/product_cat?post=39488"},{"taxonomy":"product_tag","embeddable":true,"href":"https:\/\/mouldking.store\/vi\/wp-json\/wp\/v2\/product_tag?post=39488"}],"curies":[{"name":"wp","href":"https:\/\/api.w.org\/{rel}","templated":true}]}}