{"id":39507,"date":"2023-01-03T18:33:54","date_gmt":"2023-01-03T11:33:54","guid":{"rendered":"https:\/\/mouldking.store\/?post_type=product&#038;p=39507"},"modified":"2025-12-25T09:11:49","modified_gmt":"2025-12-25T02:11:49","slug":"moc-89505-mecha-crocodile-with-1450-pieces","status":"publish","type":"product","link":"https:\/\/mouldking.store\/vi\/shop\/moc-89505-mecha-crocodile-with-1450-pieces\/","title":{"rendered":"MOC-89505 C\u00e1 s\u1ea5u c\u01a1 kh\u00ed v\u1edbi 1450 mi\u1ebfng"},"content":{"rendered":"<ol>\n<li>Th\u01b0\u01a1ng hi\u1ec7u: M\u1ed8C<\/li>\n<li>Gi\u1edbi t\u00ednh: Unisex<\/li>\n<li>Name: Mecha Crocodile<\/li>\n<li>\u0110\u1ed9 tu\u1ed5i: &gt; 6 tu\u1ed5i<\/li>\n<li>Model Number: 89505<\/li>\n<li>Ph\u00e2n lo\u1ea1i: T\u1eadp h\u1ee3p<\/li>\n<li>H\u00ecnh d\u1ea1ng kh\u1ed1i nh\u1ef1a: G\u1ea1ch t\u1ef1 kh\u00f3a<\/li>\n<li>Ch\u1ea5t li\u1ec7u: Nh\u1ef1a<\/li>\n<li>Lo\u1ea1i nh\u1ef1a: ABS<\/li>\n<li>Bricks Blocks:1450 PCS<\/li>\n<li>Size: 51.3 x 34.7 x 8.7 cm<\/li>\n<li>Ch\u1ee9a h\u01b0\u1edbng d\u1eabn l\u1eafp r\u00e1p chi ti\u1ebft.<\/li>\n<\/ol>\n<p>\u0110\u1ec3 \u00fd:<br \/>\n1. Kh\u00f4ng c\u00f3 h\u1ed9p ban \u0111\u1ea7u, nh\u01b0ng ch\u00fang t\u00f4i \u0111\u1ea3m b\u1ea3o s\u1ea3n ph\u1ea9m c\u1ee7a ch\u00fang t\u00f4i c\u00f3 ch\u1ea5t l\u01b0\u1ee3ng \u0111\u1ea3m b\u1ea3o v\u00e0 bao b\u00ec \u0111\u1eb9p.<br \/>\n2. V\u00ec t\u1ea5t c\u1ea3 c\u00e1c b\u1ed9 ph\u1eadn ch\u00fang t\u00f4i \u0111\u00e3 ki\u1ec3m tra tr\u01b0\u1edbc khi v\u1eadn chuy\u1ec3n, v\u00ec v\u1eady n\u1ebfu b\u1ea1n th\u1ea5y m\u1ed9t s\u1ed1 b\u1ed9 ph\u1eadn b\u1ecb thi\u1ebfu ho\u1eb7c h\u01b0 h\u1ecfng, \u0111\u1eebng lo l\u1eafng v\u00e0 ch\u1ec9 c\u1ea7n vui l\u00f2ng li\u00ean h\u1ec7 v\u1edbi ch\u00fang t\u00f4i v\u00e0 ch\u00fang t\u00f4i c\u00f3 th\u1ec3 g\u1eedi l\u1ea1i mi\u1ec5n ph\u00ed cho b\u1ea1n ngay l\u1eadp t\u1ee9c.<\/p>\n<figure id=\"attachment_39508\" aria-describedby=\"caption-attachment-39508\" style=\"width: 1004px\" class=\"wp-caption aligncenter\"><img fetchpriority=\"high\" decoding=\"async\" class=\"wp-image-39508 size-full\" src=\"https:\/\/mouldking.store\/wp-content\/uploads\/2023\/01\/MOC-89505-Creator-Mecha-Crocodile-MOC-FACTORY.png\" alt=\"MOC-89505 Mecha Crocodile With 1450 Pieces\" width=\"1004\" height=\"1004\" title=\"-\"><figcaption id=\"caption-attachment-39508\" class=\"wp-caption-text\">MOC-89505 C\u00e1 s\u1ea5u c\u01a1 kh\u00ed v\u1edbi 1450 mi\u1ebfng<\/figcaption><\/figure>\n<figure id=\"attachment_39509\" aria-describedby=\"caption-attachment-39509\" style=\"width: 800px\" class=\"wp-caption aligncenter\"><img decoding=\"async\" class=\"wp-image-39509 size-full\" src=\"https:\/\/mouldking.store\/wp-content\/uploads\/2023\/01\/Mecha-Crocodile-MOC-89505-2.jpg\" alt=\"MOC-89505 Mecha Crocodile With 1450 Pieces\" width=\"800\" height=\"800\" title=\"-\"><figcaption id=\"caption-attachment-39509\" class=\"wp-caption-text\">MOC-89505 C\u00e1 s\u1ea5u c\u01a1 kh\u00ed v\u1edbi 1450 mi\u1ebfng<\/figcaption><\/figure>\n<figure id=\"attachment_39510\" aria-describedby=\"caption-attachment-39510\" style=\"width: 800px\" class=\"wp-caption aligncenter\"><img decoding=\"async\" class=\"wp-image-39510 size-full\" src=\"https:\/\/mouldking.store\/wp-content\/uploads\/2023\/01\/Mecha-Crocodile-MOC-89505-3.jpg\" alt=\"MOC-89505 Mecha Crocodile With 1450 Pieces\" width=\"800\" height=\"800\" title=\"-\"><figcaption id=\"caption-attachment-39510\" class=\"wp-caption-text\">MOC-89505 C\u00e1 s\u1ea5u c\u01a1 kh\u00ed v\u1edbi 1450 mi\u1ebfng<\/figcaption><\/figure>\n<figure id=\"attachment_39511\" aria-describedby=\"caption-attachment-39511\" style=\"width: 800px\" class=\"wp-caption aligncenter\"><img loading=\"lazy\" decoding=\"async\" class=\"wp-image-39511 size-full\" src=\"https:\/\/mouldking.store\/wp-content\/uploads\/2023\/01\/Mecha-Crocodile-MOC-89505-4.jpg\" alt=\"MOC-89505 Mecha Crocodile With 1450 Pieces\" width=\"800\" height=\"800\" title=\"-\"><figcaption id=\"caption-attachment-39511\" class=\"wp-caption-text\">MOC-89505 C\u00e1 s\u1ea5u c\u01a1 kh\u00ed v\u1edbi 1450 mi\u1ebfng<\/figcaption><\/figure>\n<figure id=\"attachment_39512\" aria-describedby=\"caption-attachment-39512\" style=\"width: 800px\" class=\"wp-caption aligncenter\"><img loading=\"lazy\" decoding=\"async\" class=\"wp-image-39512 size-full\" src=\"https:\/\/mouldking.store\/wp-content\/uploads\/2023\/01\/Mecha-Crocodile-MOC-89505-5.jpg\" alt=\"MOC-89505 Mecha Crocodile With 1450 Pieces\" width=\"800\" height=\"800\" title=\"-\"><figcaption id=\"caption-attachment-39512\" class=\"wp-caption-text\">MOC-89505 C\u00e1 s\u1ea5u c\u01a1 kh\u00ed v\u1edbi 1450 mi\u1ebfng<\/figcaption><\/figure>\n<figure id=\"attachment_39513\" aria-describedby=\"caption-attachment-39513\" style=\"width: 800px\" class=\"wp-caption aligncenter\"><img loading=\"lazy\" decoding=\"async\" class=\"wp-image-39513 size-full\" src=\"https:\/\/mouldking.store\/wp-content\/uploads\/2023\/01\/Mecha-Crocodile-MOC-89505-6.jpg\" alt=\"MOC-89505 Mecha Crocodile With 1450 Pieces\" width=\"800\" height=\"800\" title=\"-\"><figcaption id=\"caption-attachment-39513\" class=\"wp-caption-text\">MOC-89505 C\u00e1 s\u1ea5u c\u01a1 kh\u00ed v\u1edbi 1450 mi\u1ebfng<\/figcaption><\/figure>\n<figure id=\"attachment_39514\" aria-describedby=\"caption-attachment-39514\" style=\"width: 800px\" class=\"wp-caption aligncenter\"><img loading=\"lazy\" decoding=\"async\" class=\"wp-image-39514 size-full\" src=\"https:\/\/mouldking.store\/wp-content\/uploads\/2023\/01\/Mecha-Crocodile-MOC-89505-7.jpg\" alt=\"MOC-89505 Mecha Crocodile With 1450 Pieces\" width=\"800\" height=\"800\" title=\"-\"><figcaption id=\"caption-attachment-39514\" class=\"wp-caption-text\">MOC-89505 C\u00e1 s\u1ea5u c\u01a1 kh\u00ed v\u1edbi 1450 mi\u1ebfng<\/figcaption><\/figure>\n<figure id=\"attachment_39515\" aria-describedby=\"caption-attachment-39515\" style=\"width: 800px\" class=\"wp-caption aligncenter\"><img loading=\"lazy\" decoding=\"async\" class=\"wp-image-39515 size-full\" src=\"https:\/\/mouldking.store\/wp-content\/uploads\/2023\/01\/Mecha-Crocodile-MOC-89505-8.jpg\" alt=\"MOC-89505 Mecha Crocodile With 1450 Pieces\" width=\"800\" height=\"800\" title=\"-\"><figcaption id=\"caption-attachment-39515\" class=\"wp-caption-text\">MOC-89505 C\u00e1 s\u1ea5u c\u01a1 kh\u00ed v\u1edbi 1450 mi\u1ebfng<\/figcaption><\/figure>\n<figure id=\"attachment_39516\" aria-describedby=\"caption-attachment-39516\" style=\"width: 800px\" class=\"wp-caption aligncenter\"><img loading=\"lazy\" decoding=\"async\" class=\"wp-image-39516 size-full\" src=\"https:\/\/mouldking.store\/wp-content\/uploads\/2023\/01\/Mecha-Crocodile-MOC-89505-9.jpg\" alt=\"MOC-89505 Mecha Crocodile With 1450 Pieces\" width=\"800\" height=\"800\" title=\"-\"><figcaption id=\"caption-attachment-39516\" class=\"wp-caption-text\">MOC-89505 C\u00e1 s\u1ea5u c\u01a1 kh\u00ed v\u1edbi 1450 mi\u1ebfng<\/figcaption><\/figure>","protected":false},"excerpt":{"rendered":"<p>Brand: MOC Gender: Unisex Name: Mecha Crocodile Age Range: &gt; 6 years old Model Number: 89505 Classification: Assemblage Plastic Block Shape: Self-Locking Bricks Material: Plastic Plastic Type: ABS Bricks Blocks:1450 PCS Size: 51.3 x 34.7 x 8.7 cm Contains detailed assembly instructions. Notice: 1. Without an original box, but we guarantee our products have quality [&hellip;]<\/p>","protected":false},"featured_media":39508,"comment_status":"closed","ping_status":"closed","template":"","meta":{"_acf_changed":false},"product_cat":[1365,1406,371],"product_tag":[7021,9302,10808,430,10807,10809,10806],"class_list":["product","first","instock","shipping-taxable","purchasable","product-type-simple"],"acf":[],"_links":{"self":[{"href":"https:\/\/mouldking.store\/vi\/wp-json\/wp\/v2\/product\/39507","targetHints":{"allow":["GET"]}}],"collection":[{"href":"https:\/\/mouldking.store\/vi\/wp-json\/wp\/v2\/product"}],"about":[{"href":"https:\/\/mouldking.store\/vi\/wp-json\/wp\/v2\/types\/product"}],"replies":[{"embeddable":true,"href":"https:\/\/mouldking.store\/vi\/wp-json\/wp\/v2\/comments?post=39507"}],"wp:featuredmedia":[{"embeddable":true,"href":"https:\/\/mouldking.store\/vi\/wp-json\/wp\/v2\/media\/39508"}],"wp:attachment":[{"href":"https:\/\/mouldking.store\/vi\/wp-json\/wp\/v2\/media?parent=39507"}],"wp:term":[{"taxonomy":"product_cat","embeddable":true,"href":"https:\/\/mouldking.store\/vi\/wp-json\/wp\/v2\/product_cat?post=39507"},{"taxonomy":"product_tag","embeddable":true,"href":"https:\/\/mouldking.store\/vi\/wp-json\/wp\/v2\/product_tag?post=39507"}],"curies":[{"name":"wp","href":"https:\/\/api.w.org\/{rel}","templated":true}]}}