{"id":39535,"date":"2023-01-03T18:54:45","date_gmt":"2023-01-03T11:54:45","guid":{"rendered":"https:\/\/mouldking.store\/?post_type=product&#038;p=39535"},"modified":"2023-01-03T18:54:45","modified_gmt":"2023-01-03T11:54:45","slug":"cada-c66009-paris-restaurant-with-3230-pieces","status":"publish","type":"product","link":"https:\/\/mouldking.store\/vi\/shop\/cada-c66009-paris-restaurant-with-3230-pieces\/","title":{"rendered":"CaDa C66009 Paris Restaurant With 3230 Pieces"},"content":{"rendered":"<p>Th\u00f4ng tin s\u1ea3n ph\u1ea9m:<\/p>\n<ol>\n<li>Th\u01b0\u01a1ng hi\u1ec7u: CaDa<\/li>\n<li>Gi\u1edbi t\u00ednh: Unisex<\/li>\n<li>Name: Paris Restaurant<\/li>\n<li>\u0110\u1ed9 tu\u1ed5i: &gt; 6 tu\u1ed5i<\/li>\n<li>Model Number: C66009<\/li>\n<li>Ph\u00e2n lo\u1ea1i: T\u1eadp h\u1ee3p<\/li>\n<li>H\u00ecnh d\u1ea1ng kh\u1ed1i nh\u1ef1a: G\u1ea1ch t\u1ef1 kh\u00f3a<\/li>\n<li>Ch\u1ea5t li\u1ec7u: Nh\u1ef1a<\/li>\n<li>Lo\u1ea1i nh\u1ef1a: ABS<\/li>\n<li>Bricks Blocks:3230 PCS<\/li>\n<li>Size: 28.5 \u00d7 28.5 \u00d7 30.8 cm<\/li>\n<li>Ch\u1ee9a h\u01b0\u1edbng d\u1eabn l\u1eafp r\u00e1p chi ti\u1ebft.<\/li>\n<\/ol>\n<p>\u0110\u1ec3 \u00fd:<br \/>\n1. Kh\u00f4ng c\u00f3 h\u1ed9p ban \u0111\u1ea7u, nh\u01b0ng ch\u00fang t\u00f4i \u0111\u1ea3m b\u1ea3o s\u1ea3n ph\u1ea9m c\u1ee7a ch\u00fang t\u00f4i c\u00f3 ch\u1ea5t l\u01b0\u1ee3ng \u0111\u1ea3m b\u1ea3o v\u00e0 bao b\u00ec \u0111\u1eb9p.<br \/>\n2. V\u00ec t\u1ea5t c\u1ea3 c\u00e1c b\u1ed9 ph\u1eadn ch\u00fang t\u00f4i \u0111\u00e3 ki\u1ec3m tra tr\u01b0\u1edbc khi v\u1eadn chuy\u1ec3n, v\u00ec v\u1eady n\u1ebfu b\u1ea1n th\u1ea5y m\u1ed9t s\u1ed1 b\u1ed9 ph\u1eadn b\u1ecb thi\u1ebfu ho\u1eb7c h\u01b0 h\u1ecfng, \u0111\u1eebng lo l\u1eafng v\u00e0 ch\u1ec9 c\u1ea7n vui l\u00f2ng li\u00ean h\u1ec7 v\u1edbi ch\u00fang t\u00f4i v\u00e0 ch\u00fang t\u00f4i c\u00f3 th\u1ec3 g\u1eedi l\u1ea1i mi\u1ec5n ph\u00ed cho b\u1ea1n ngay l\u1eadp t\u1ee9c.<\/p>\n<figure id=\"attachment_39536\" aria-describedby=\"caption-attachment-39536\" style=\"width: 800px\" class=\"wp-caption aligncenter\"><img fetchpriority=\"high\" decoding=\"async\" class=\"wp-image-39536 size-full\" src=\"https:\/\/mouldking.store\/wp-content\/uploads\/2023\/01\/CaDA-C66009-Paris-Restaurant-7.jpg\" alt=\"CaDa C66009 Paris Restaurant With 3230 Pieces\" width=\"800\" height=\"800\" title=\"-\"><figcaption id=\"caption-attachment-39536\" class=\"wp-caption-text\">CaDa C66009 Paris Restaurant With 3230 Pieces<\/figcaption><\/figure>\n<figure id=\"attachment_39537\" aria-describedby=\"caption-attachment-39537\" style=\"width: 800px\" class=\"wp-caption aligncenter\"><img decoding=\"async\" class=\"wp-image-39537 size-full\" src=\"https:\/\/mouldking.store\/wp-content\/uploads\/2023\/01\/CaDA-C66009-Paris-Restaurant-6.jpg\" alt=\"CaDa C66009 Paris Restaurant With 3230 Pieces\" width=\"800\" height=\"800\" title=\"-\"><figcaption id=\"caption-attachment-39537\" class=\"wp-caption-text\">CaDa C66009 Paris Restaurant With 3230 Pieces<\/figcaption><\/figure>\n<figure id=\"attachment_39538\" aria-describedby=\"caption-attachment-39538\" style=\"width: 800px\" class=\"wp-caption aligncenter\"><img decoding=\"async\" class=\"wp-image-39538 size-full\" src=\"https:\/\/mouldking.store\/wp-content\/uploads\/2023\/01\/CaDA-C66009-Paris-Restaurant-5.jpg\" alt=\"CaDa C66009 Paris Restaurant With 3230 Pieces\" width=\"800\" height=\"800\" title=\"-\"><figcaption id=\"caption-attachment-39538\" class=\"wp-caption-text\">CaDa C66009 Paris Restaurant With 3230 Pieces<\/figcaption><\/figure>\n<figure id=\"attachment_39539\" aria-describedby=\"caption-attachment-39539\" style=\"width: 800px\" class=\"wp-caption aligncenter\"><img loading=\"lazy\" decoding=\"async\" class=\"wp-image-39539 size-full\" src=\"https:\/\/mouldking.store\/wp-content\/uploads\/2023\/01\/CaDA-C66009-Paris-Restaurant-4.jpg\" alt=\"CaDa C66009 Paris Restaurant With 3230 Pieces\" width=\"800\" height=\"800\" title=\"-\"><figcaption id=\"caption-attachment-39539\" class=\"wp-caption-text\">CaDa C66009 Paris Restaurant With 3230 Pieces<\/figcaption><\/figure>\n<figure id=\"attachment_39540\" aria-describedby=\"caption-attachment-39540\" style=\"width: 800px\" class=\"wp-caption aligncenter\"><img loading=\"lazy\" decoding=\"async\" class=\"wp-image-39540 size-full\" src=\"https:\/\/mouldking.store\/wp-content\/uploads\/2023\/01\/CaDA-C66009-Paris-Restaurant-3.jpg\" alt=\"CaDa C66009 Paris Restaurant With 3230 Pieces\" width=\"800\" height=\"800\" title=\"-\"><figcaption id=\"caption-attachment-39540\" class=\"wp-caption-text\">CaDa C66009 Paris Restaurant With 3230 Pieces<\/figcaption><\/figure>\n<figure id=\"attachment_39541\" aria-describedby=\"caption-attachment-39541\" style=\"width: 800px\" class=\"wp-caption aligncenter\"><img loading=\"lazy\" decoding=\"async\" class=\"wp-image-39541 size-full\" src=\"https:\/\/mouldking.store\/wp-content\/uploads\/2023\/01\/CaDA-C66009-Paris-Restaurant-2.jpg\" alt=\"CaDa C66009 Paris Restaurant With 3230 Pieces\" width=\"800\" height=\"800\" title=\"-\"><figcaption id=\"caption-attachment-39541\" class=\"wp-caption-text\">CaDa C66009 Paris Restaurant With 3230 Pieces<\/figcaption><\/figure>\n<figure id=\"attachment_39542\" aria-describedby=\"caption-attachment-39542\" style=\"width: 800px\" class=\"wp-caption aligncenter\"><img loading=\"lazy\" decoding=\"async\" class=\"wp-image-39542 size-full\" src=\"https:\/\/mouldking.store\/wp-content\/uploads\/2023\/01\/CaDA-C66009-Paris-Restaurant-1.jpg\" alt=\"CaDa C66009 Paris Restaurant With 3230 Pieces\" width=\"800\" height=\"800\" title=\"-\"><figcaption id=\"caption-attachment-39542\" class=\"wp-caption-text\">CaDa C66009 Paris Restaurant With 3230 Pieces<\/figcaption><\/figure>","protected":false},"excerpt":{"rendered":"<p>Product information: Brand: CaDa Gender: Unisex Name: Paris Restaurant Age Range: &gt; 6 years old Model Number: C66009 Classification: Assemblage Plastic Block Shape: Self-Locking Bricks Material: Plastic Plastic Type: ABS Bricks Blocks:3230 PCS Size: 28.5 \u00d7 28.5 \u00d7 30.8 cm Contains detailed assembly instructions. Notice: 1. Without an original box, but we guarantee our products [&hellip;]<\/p>","protected":false},"featured_media":39536,"comment_status":"closed","ping_status":"closed","template":"","meta":{"_acf_changed":false},"product_cat":[1365,1395],"product_tag":[10831,1916,10832,10835,10830,10833,10834,2870],"class_list":["product","first","instock","shipping-taxable","purchasable","product-type-simple"],"acf":[],"_links":{"self":[{"href":"https:\/\/mouldking.store\/vi\/wp-json\/wp\/v2\/product\/39535","targetHints":{"allow":["GET"]}}],"collection":[{"href":"https:\/\/mouldking.store\/vi\/wp-json\/wp\/v2\/product"}],"about":[{"href":"https:\/\/mouldking.store\/vi\/wp-json\/wp\/v2\/types\/product"}],"replies":[{"embeddable":true,"href":"https:\/\/mouldking.store\/vi\/wp-json\/wp\/v2\/comments?post=39535"}],"wp:featuredmedia":[{"embeddable":true,"href":"https:\/\/mouldking.store\/vi\/wp-json\/wp\/v2\/media\/39536"}],"wp:attachment":[{"href":"https:\/\/mouldking.store\/vi\/wp-json\/wp\/v2\/media?parent=39535"}],"wp:term":[{"taxonomy":"product_cat","embeddable":true,"href":"https:\/\/mouldking.store\/vi\/wp-json\/wp\/v2\/product_cat?post=39535"},{"taxonomy":"product_tag","embeddable":true,"href":"https:\/\/mouldking.store\/vi\/wp-json\/wp\/v2\/product_tag?post=39535"}],"curies":[{"name":"wp","href":"https:\/\/api.w.org\/{rel}","templated":true}]}}