{"id":39570,"date":"2023-01-06T14:58:38","date_gmt":"2023-01-06T07:58:38","guid":{"rendered":"https:\/\/mouldking.store\/?post_type=product&#038;p=39570"},"modified":"2025-12-25T09:11:48","modified_gmt":"2025-12-25T02:11:48","slug":"moc-89502-screech-villains-with-148-pieces","status":"publish","type":"product","link":"https:\/\/mouldking.store\/vi\/shop\/moc-89502-screech-villains-with-148-pieces\/","title":{"rendered":"MOC-89502 Nh\u00e2n v\u1eadt ph\u1ea3n di\u1ec7n r\u00edt v\u1edbi 148 mi\u1ebfng"},"content":{"rendered":"<ol>\n<li>Th\u01b0\u01a1ng hi\u1ec7u: M\u1ed8C<\/li>\n<li>Gi\u1edbi t\u00ednh: Unisex<\/li>\n<li>Name: Screech Villains<\/li>\n<li>\u0110\u1ed9 tu\u1ed5i: &gt; 6 tu\u1ed5i<\/li>\n<li>Model Number: 89502<\/li>\n<li>Ph\u00e2n lo\u1ea1i: T\u1eadp h\u1ee3p<\/li>\n<li>H\u00ecnh d\u1ea1ng kh\u1ed1i nh\u1ef1a: G\u1ea1ch t\u1ef1 kh\u00f3a<\/li>\n<li>Ch\u1ea5t li\u1ec7u: Nh\u1ef1a<\/li>\n<li>Lo\u1ea1i nh\u1ef1a: ABS<\/li>\n<li>Bricks Blocks:148 PCS<\/li>\n<li>Size: 31.3 x 7.2 x 26.7 cm<\/li>\n<li>Tr\u1ecdng l\u01b0\u1ee3ng: 0,1 kg<\/li>\n<li>Ch\u1ee9a h\u01b0\u1edbng d\u1eabn l\u1eafp r\u00e1p chi ti\u1ebft.<\/li>\n<\/ol>\n<p>\u0110\u1ec3 \u00fd:<br \/>\n1. Kh\u00f4ng c\u00f3 h\u1ed9p ban \u0111\u1ea7u, nh\u01b0ng ch\u00fang t\u00f4i \u0111\u1ea3m b\u1ea3o s\u1ea3n ph\u1ea9m c\u1ee7a ch\u00fang t\u00f4i c\u00f3 ch\u1ea5t l\u01b0\u1ee3ng \u0111\u1ea3m b\u1ea3o v\u00e0 bao b\u00ec \u0111\u1eb9p.<br \/>\n2. V\u00ec t\u1ea5t c\u1ea3 c\u00e1c b\u1ed9 ph\u1eadn ch\u00fang t\u00f4i \u0111\u00e3 ki\u1ec3m tra tr\u01b0\u1edbc khi v\u1eadn chuy\u1ec3n, v\u00ec v\u1eady n\u1ebfu b\u1ea1n th\u1ea5y m\u1ed9t s\u1ed1 b\u1ed9 ph\u1eadn b\u1ecb thi\u1ebfu ho\u1eb7c h\u01b0 h\u1ecfng, \u0111\u1eebng lo l\u1eafng v\u00e0 ch\u1ec9 c\u1ea7n vui l\u00f2ng li\u00ean h\u1ec7 v\u1edbi ch\u00fang t\u00f4i v\u00e0 ch\u00fang t\u00f4i c\u00f3 th\u1ec3 g\u1eedi l\u1ea1i mi\u1ec5n ph\u00ed cho b\u1ea1n ngay l\u1eadp t\u1ee9c.<\/p>\n<figure id=\"attachment_39571\" aria-describedby=\"caption-attachment-39571\" style=\"width: 1004px\" class=\"wp-caption aligncenter\"><img fetchpriority=\"high\" decoding=\"async\" class=\"wp-image-39571 size-full\" src=\"https:\/\/mouldking.store\/wp-content\/uploads\/2023\/01\/MOC-89502-Creator-Screech-Villains-MOC-FACTORY.png\" alt=\"MOC-89502 Screech Villains With 148 Pieces\" width=\"1004\" height=\"1004\" title=\"-\"><figcaption id=\"caption-attachment-39571\" class=\"wp-caption-text\">MOC-89502 Nh\u00e2n v\u1eadt ph\u1ea3n di\u1ec7n r\u00edt v\u1edbi 148 mi\u1ebfng<\/figcaption><\/figure>\n<figure id=\"attachment_39572\" aria-describedby=\"caption-attachment-39572\" style=\"width: 800px\" class=\"wp-caption aligncenter\"><img decoding=\"async\" class=\"wp-image-39572 size-full\" src=\"https:\/\/mouldking.store\/wp-content\/uploads\/2023\/01\/Screech-Villains-MOC-89502-1.jpg\" alt=\"MOC-89502 Screech Villains With 148 Pieces\" width=\"800\" height=\"800\" title=\"-\"><figcaption id=\"caption-attachment-39572\" class=\"wp-caption-text\">MOC-89502 Nh\u00e2n v\u1eadt ph\u1ea3n di\u1ec7n r\u00edt v\u1edbi 148 mi\u1ebfng<\/figcaption><\/figure>\n<figure id=\"attachment_39573\" aria-describedby=\"caption-attachment-39573\" style=\"width: 800px\" class=\"wp-caption aligncenter\"><img decoding=\"async\" class=\"wp-image-39573 size-full\" src=\"https:\/\/mouldking.store\/wp-content\/uploads\/2023\/01\/Screech-Villains-MOC-89502-2.jpg\" alt=\"MOC-89502 Screech Villains With 148 Pieces\" width=\"800\" height=\"800\" title=\"-\"><figcaption id=\"caption-attachment-39573\" class=\"wp-caption-text\">MOC-89502 Nh\u00e2n v\u1eadt ph\u1ea3n di\u1ec7n r\u00edt v\u1edbi 148 mi\u1ebfng<\/figcaption><\/figure>\n<figure id=\"attachment_39574\" aria-describedby=\"caption-attachment-39574\" style=\"width: 800px\" class=\"wp-caption aligncenter\"><img loading=\"lazy\" decoding=\"async\" class=\"wp-image-39574 size-full\" src=\"https:\/\/mouldking.store\/wp-content\/uploads\/2023\/01\/Screech-Villains-MOC-89502-3.jpg\" alt=\"MOC-89502 Screech Villains With 148 Pieces\" width=\"800\" height=\"800\" title=\"-\"><figcaption id=\"caption-attachment-39574\" class=\"wp-caption-text\">MOC-89502 Nh\u00e2n v\u1eadt ph\u1ea3n di\u1ec7n r\u00edt v\u1edbi 148 mi\u1ebfng<\/figcaption><\/figure>\n<figure id=\"attachment_39575\" aria-describedby=\"caption-attachment-39575\" style=\"width: 800px\" class=\"wp-caption aligncenter\"><img loading=\"lazy\" decoding=\"async\" class=\"wp-image-39575 size-full\" src=\"https:\/\/mouldking.store\/wp-content\/uploads\/2023\/01\/Screech-Villains-MOC-89502-4.jpg\" alt=\"MOC-89502 Screech Villains With 148 Pieces\" width=\"800\" height=\"800\" title=\"-\"><figcaption id=\"caption-attachment-39575\" class=\"wp-caption-text\">MOC-89502 Nh\u00e2n v\u1eadt ph\u1ea3n di\u1ec7n r\u00edt v\u1edbi 148 mi\u1ebfng<\/figcaption><\/figure>\n<figure id=\"attachment_39576\" aria-describedby=\"caption-attachment-39576\" style=\"width: 800px\" class=\"wp-caption aligncenter\"><img loading=\"lazy\" decoding=\"async\" class=\"wp-image-39576 size-full\" src=\"https:\/\/mouldking.store\/wp-content\/uploads\/2023\/01\/Screech-Villains-MOC-89502-5.jpg\" alt=\"MOC-89502 Screech Villains With 148 Pieces\" width=\"800\" height=\"800\" title=\"-\"><figcaption id=\"caption-attachment-39576\" class=\"wp-caption-text\">MOC-89502 Nh\u00e2n v\u1eadt ph\u1ea3n di\u1ec7n r\u00edt v\u1edbi 148 mi\u1ebfng<\/figcaption><\/figure>\n<figure id=\"attachment_39577\" aria-describedby=\"caption-attachment-39577\" style=\"width: 800px\" class=\"wp-caption aligncenter\"><img loading=\"lazy\" decoding=\"async\" class=\"wp-image-39577 size-full\" src=\"https:\/\/mouldking.store\/wp-content\/uploads\/2023\/01\/Screech-Villains-MOC-89502-6.jpg\" alt=\"MOC-89502 Screech Villains With 148 Pieces\" width=\"800\" height=\"800\" title=\"-\"><figcaption id=\"caption-attachment-39577\" class=\"wp-caption-text\">MOC-89502 Nh\u00e2n v\u1eadt ph\u1ea3n di\u1ec7n r\u00edt v\u1edbi 148 mi\u1ebfng<\/figcaption><\/figure>\n<figure id=\"attachment_39578\" aria-describedby=\"caption-attachment-39578\" style=\"width: 800px\" class=\"wp-caption aligncenter\"><img loading=\"lazy\" decoding=\"async\" class=\"wp-image-39578 size-full\" src=\"https:\/\/mouldking.store\/wp-content\/uploads\/2023\/01\/Screech-Villains-MOC-89502-7.jpg\" alt=\"MOC-89502 Screech Villains With 148 Pieces\" width=\"800\" height=\"800\" title=\"-\"><figcaption id=\"caption-attachment-39578\" class=\"wp-caption-text\">MOC-89502 Nh\u00e2n v\u1eadt ph\u1ea3n di\u1ec7n r\u00edt v\u1edbi 148 mi\u1ebfng<\/figcaption><\/figure>\n<figure id=\"attachment_39579\" aria-describedby=\"caption-attachment-39579\" style=\"width: 800px\" class=\"wp-caption aligncenter\"><img loading=\"lazy\" decoding=\"async\" class=\"wp-image-39579 size-full\" src=\"https:\/\/mouldking.store\/wp-content\/uploads\/2023\/01\/Screech-Villains-MOC-89502-8.jpg\" alt=\"MOC-89502 Screech Villains With 148 Pieces\" width=\"800\" height=\"800\" title=\"-\"><figcaption id=\"caption-attachment-39579\" class=\"wp-caption-text\">MOC-89502 Nh\u00e2n v\u1eadt ph\u1ea3n di\u1ec7n r\u00edt v\u1edbi 148 mi\u1ebfng<\/figcaption><\/figure>\n<figure id=\"attachment_39580\" aria-describedby=\"caption-attachment-39580\" style=\"width: 800px\" class=\"wp-caption aligncenter\"><img loading=\"lazy\" decoding=\"async\" class=\"wp-image-39580 size-full\" src=\"https:\/\/mouldking.store\/wp-content\/uploads\/2023\/01\/Screech-Villains-MOC-89502-9.jpg\" alt=\"MOC-89502 Screech Villains With 148 Pieces\" width=\"800\" height=\"800\" title=\"-\"><figcaption id=\"caption-attachment-39580\" class=\"wp-caption-text\">MOC-89502 Nh\u00e2n v\u1eadt ph\u1ea3n di\u1ec7n r\u00edt v\u1edbi 148 mi\u1ebfng<\/figcaption><\/figure>","protected":false},"excerpt":{"rendered":"<p>Brand: MOC Gender: Unisex Name: Screech Villains Age Range: &gt; 6 years old Model Number: 89502 Classification: Assemblage Plastic Block Shape: Self-Locking Bricks Material: Plastic Plastic Type: ABS Bricks Blocks:148 PCS Size: 31.3 x 7.2 x 26.7 cm Weight: 0.1 kg Contains detailed assembly instructions. Notice: 1. Without an original box, but we guarantee our [&hellip;]<\/p>","protected":false},"featured_media":39571,"comment_status":"closed","ping_status":"closed","template":"","meta":{"_acf_changed":false},"product_cat":[1365,371],"product_tag":[430,10843,10847,10842,10844,10846,10845],"class_list":["product","first","instock","shipping-taxable","purchasable","product-type-simple"],"acf":[],"_links":{"self":[{"href":"https:\/\/mouldking.store\/vi\/wp-json\/wp\/v2\/product\/39570","targetHints":{"allow":["GET"]}}],"collection":[{"href":"https:\/\/mouldking.store\/vi\/wp-json\/wp\/v2\/product"}],"about":[{"href":"https:\/\/mouldking.store\/vi\/wp-json\/wp\/v2\/types\/product"}],"replies":[{"embeddable":true,"href":"https:\/\/mouldking.store\/vi\/wp-json\/wp\/v2\/comments?post=39570"}],"wp:featuredmedia":[{"embeddable":true,"href":"https:\/\/mouldking.store\/vi\/wp-json\/wp\/v2\/media\/39571"}],"wp:attachment":[{"href":"https:\/\/mouldking.store\/vi\/wp-json\/wp\/v2\/media?parent=39570"}],"wp:term":[{"taxonomy":"product_cat","embeddable":true,"href":"https:\/\/mouldking.store\/vi\/wp-json\/wp\/v2\/product_cat?post=39570"},{"taxonomy":"product_tag","embeddable":true,"href":"https:\/\/mouldking.store\/vi\/wp-json\/wp\/v2\/product_tag?post=39570"}],"curies":[{"name":"wp","href":"https:\/\/api.w.org\/{rel}","templated":true}]}}