{"id":39581,"date":"2023-01-06T15:06:17","date_gmt":"2023-01-06T08:06:17","guid":{"rendered":"https:\/\/mouldking.store\/?post_type=product&#038;p=39581"},"modified":"2025-12-25T09:11:48","modified_gmt":"2025-12-25T02:11:48","slug":"moc-89501-educational-alphabet-lore-cab-taxi-with-295-pieces","status":"publish","type":"product","link":"https:\/\/mouldking.store\/vi\/shop\/moc-89501-educational-alphabet-lore-cab-taxi-with-295-pieces\/","title":{"rendered":"MOC-89501 Educational Alphabet Lore CAB taxi With 295 Pieces"},"content":{"rendered":"<ol>\n<li>Th\u01b0\u01a1ng hi\u1ec7u: M\u1ed8C<\/li>\n<li>Gi\u1edbi t\u00ednh: Unisex<\/li>\n<li>Name: Educational Alphabet Lore CAB taxi<\/li>\n<li>\u0110\u1ed9 tu\u1ed5i: &gt; 6 tu\u1ed5i<\/li>\n<li>Model Number: 89501<\/li>\n<li>Ph\u00e2n lo\u1ea1i: T\u1eadp h\u1ee3p<\/li>\n<li>H\u00ecnh d\u1ea1ng kh\u1ed1i nh\u1ef1a: G\u1ea1ch t\u1ef1 kh\u00f3a<\/li>\n<li>Ch\u1ea5t li\u1ec7u: Nh\u1ef1a<\/li>\n<li>Lo\u1ea1i nh\u1ef1a: ABS<\/li>\n<li>Bricks Blocks:295 PCS<\/li>\n<li>Size: 16.9 x 7 x 10.2 cm<\/li>\n<li>Weight: 0.2 kg<\/li>\n<li>Ch\u1ee9a h\u01b0\u1edbng d\u1eabn l\u1eafp r\u00e1p chi ti\u1ebft.<\/li>\n<\/ol>\n<p>\u0110\u1ec3 \u00fd:<br \/>\n1. Kh\u00f4ng c\u00f3 h\u1ed9p ban \u0111\u1ea7u, nh\u01b0ng ch\u00fang t\u00f4i \u0111\u1ea3m b\u1ea3o s\u1ea3n ph\u1ea9m c\u1ee7a ch\u00fang t\u00f4i c\u00f3 ch\u1ea5t l\u01b0\u1ee3ng \u0111\u1ea3m b\u1ea3o v\u00e0 bao b\u00ec \u0111\u1eb9p.<br \/>\n2. V\u00ec t\u1ea5t c\u1ea3 c\u00e1c b\u1ed9 ph\u1eadn ch\u00fang t\u00f4i \u0111\u00e3 ki\u1ec3m tra tr\u01b0\u1edbc khi v\u1eadn chuy\u1ec3n, v\u00ec v\u1eady n\u1ebfu b\u1ea1n th\u1ea5y m\u1ed9t s\u1ed1 b\u1ed9 ph\u1eadn b\u1ecb thi\u1ebfu ho\u1eb7c h\u01b0 h\u1ecfng, \u0111\u1eebng lo l\u1eafng v\u00e0 ch\u1ec9 c\u1ea7n vui l\u00f2ng li\u00ean h\u1ec7 v\u1edbi ch\u00fang t\u00f4i v\u00e0 ch\u00fang t\u00f4i c\u00f3 th\u1ec3 g\u1eedi l\u1ea1i mi\u1ec5n ph\u00ed cho b\u1ea1n ngay l\u1eadp t\u1ee9c.<\/p>\n<figure id=\"attachment_39583\" aria-describedby=\"caption-attachment-39583\" style=\"width: 1004px\" class=\"wp-caption aligncenter\"><img fetchpriority=\"high\" decoding=\"async\" class=\"wp-image-39583 size-full\" src=\"https:\/\/mouldking.store\/wp-content\/uploads\/2023\/01\/MOC-89501-Creator-Educational-Alphabet-Lore-CAB-taxi-MOC-FACTORY.png\" alt=\"MOC-89501 Educational Alphabet Lore CAB taxi With 295 Pieces\" width=\"1004\" height=\"1004\" title=\"-\"><figcaption id=\"caption-attachment-39583\" class=\"wp-caption-text\">MOC-89501 Educational Alphabet Lore CAB taxi With 295 Pieces<\/figcaption><\/figure>\n<figure id=\"attachment_39584\" aria-describedby=\"caption-attachment-39584\" style=\"width: 800px\" class=\"wp-caption aligncenter\"><img decoding=\"async\" class=\"wp-image-39584 size-full\" src=\"https:\/\/mouldking.store\/wp-content\/uploads\/2023\/01\/Educational-Alphabet-Lore-CAB-taxi-MOC-89501-1.jpg\" alt=\"MOC-89501 Educational Alphabet Lore CAB taxi With 295 Pieces\" width=\"800\" height=\"800\" title=\"-\"><figcaption id=\"caption-attachment-39584\" class=\"wp-caption-text\">MOC-89501 Educational Alphabet Lore CAB taxi With 295 Pieces<\/figcaption><\/figure>\n<figure id=\"attachment_39585\" aria-describedby=\"caption-attachment-39585\" style=\"width: 800px\" class=\"wp-caption aligncenter\"><img decoding=\"async\" class=\"wp-image-39585 size-full\" src=\"https:\/\/mouldking.store\/wp-content\/uploads\/2023\/01\/Educational-Alphabet-Lore-CAB-taxi-MOC-89501-2.jpg\" alt=\"MOC-89501 Educational Alphabet Lore CAB taxi With 295 Pieces\" width=\"800\" height=\"800\" title=\"-\"><figcaption id=\"caption-attachment-39585\" class=\"wp-caption-text\">MOC-89501 Educational Alphabet Lore CAB taxi With 295 Pieces<\/figcaption><\/figure>\n<figure id=\"attachment_39586\" aria-describedby=\"caption-attachment-39586\" style=\"width: 800px\" class=\"wp-caption aligncenter\"><img loading=\"lazy\" decoding=\"async\" class=\"wp-image-39586 size-full\" src=\"https:\/\/mouldking.store\/wp-content\/uploads\/2023\/01\/Educational-Alphabet-Lore-CAB-taxi-MOC-89501-3.jpg\" alt=\"MOC-89501 Educational Alphabet Lore CAB taxi With 295 Pieces\" width=\"800\" height=\"800\" title=\"-\"><figcaption id=\"caption-attachment-39586\" class=\"wp-caption-text\">MOC-89501 Educational Alphabet Lore CAB taxi With 295 Pieces<\/figcaption><\/figure>\n<figure id=\"attachment_39587\" aria-describedby=\"caption-attachment-39587\" style=\"width: 800px\" class=\"wp-caption aligncenter\"><img loading=\"lazy\" decoding=\"async\" class=\"wp-image-39587 size-full\" src=\"https:\/\/mouldking.store\/wp-content\/uploads\/2023\/01\/Educational-Alphabet-Lore-CAB-taxi-MOC-89501-4.jpg\" alt=\"MOC-89501 Educational Alphabet Lore CAB taxi With 295 Pieces\" width=\"800\" height=\"800\" title=\"-\"><figcaption id=\"caption-attachment-39587\" class=\"wp-caption-text\">MOC-89501 Educational Alphabet Lore CAB taxi With 295 Pieces<\/figcaption><\/figure>\n<figure id=\"attachment_39588\" aria-describedby=\"caption-attachment-39588\" style=\"width: 800px\" class=\"wp-caption aligncenter\"><img loading=\"lazy\" decoding=\"async\" class=\"wp-image-39588 size-full\" src=\"https:\/\/mouldking.store\/wp-content\/uploads\/2023\/01\/Educational-Alphabet-Lore-CAB-taxi-MOC-89501-5.jpg\" alt=\"MOC-89501 Educational Alphabet Lore CAB taxi With 295 Pieces\" width=\"800\" height=\"800\" title=\"-\"><figcaption id=\"caption-attachment-39588\" class=\"wp-caption-text\">MOC-89501 Educational Alphabet Lore CAB taxi With 295 Pieces<\/figcaption><\/figure>\n<figure id=\"attachment_39589\" aria-describedby=\"caption-attachment-39589\" style=\"width: 800px\" class=\"wp-caption aligncenter\"><img loading=\"lazy\" decoding=\"async\" class=\"wp-image-39589 size-full\" src=\"https:\/\/mouldking.store\/wp-content\/uploads\/2023\/01\/Educational-Alphabet-Lore-CAB-taxi-MOC-89501-6.jpg\" alt=\"MOC-89501 Educational Alphabet Lore CAB taxi With 295 Pieces\" width=\"800\" height=\"800\" title=\"-\"><figcaption id=\"caption-attachment-39589\" class=\"wp-caption-text\">MOC-89501 Educational Alphabet Lore CAB taxi With 295 Pieces<\/figcaption><\/figure>\n<figure id=\"attachment_39590\" aria-describedby=\"caption-attachment-39590\" style=\"width: 800px\" class=\"wp-caption aligncenter\"><img loading=\"lazy\" decoding=\"async\" class=\"wp-image-39590 size-full\" src=\"https:\/\/mouldking.store\/wp-content\/uploads\/2023\/01\/Educational-Alphabet-Lore-CAB-taxi-MOC-89501-7.jpg\" alt=\"MOC-89501 Educational Alphabet Lore CAB taxi With 295 Pieces\" width=\"800\" height=\"800\" title=\"-\"><figcaption id=\"caption-attachment-39590\" class=\"wp-caption-text\">MOC-89501 Educational Alphabet Lore CAB taxi With 295 Pieces<\/figcaption><\/figure>\n<figure id=\"attachment_39591\" aria-describedby=\"caption-attachment-39591\" style=\"width: 800px\" class=\"wp-caption aligncenter\"><img loading=\"lazy\" decoding=\"async\" class=\"wp-image-39591 size-full\" src=\"https:\/\/mouldking.store\/wp-content\/uploads\/2023\/01\/Educational-Alphabet-Lore-CAB-taxi-MOC-89501-8.jpg\" alt=\"MOC-89501 Educational Alphabet Lore CAB taxi With 295 Pieces\" width=\"800\" height=\"800\" title=\"-\"><figcaption id=\"caption-attachment-39591\" class=\"wp-caption-text\">MOC-89501 Educational Alphabet Lore CAB taxi With 295 Pieces<\/figcaption><\/figure>\n<figure id=\"attachment_39592\" aria-describedby=\"caption-attachment-39592\" style=\"width: 800px\" class=\"wp-caption aligncenter\"><img loading=\"lazy\" decoding=\"async\" class=\"wp-image-39592 size-full\" src=\"https:\/\/mouldking.store\/wp-content\/uploads\/2023\/01\/Educational-Alphabet-Lore-CAB-taxi-MOC-89501-9.jpg\" alt=\"MOC-89501 Educational Alphabet Lore CAB taxi With 295 Pieces\" width=\"800\" height=\"800\" title=\"-\"><figcaption id=\"caption-attachment-39592\" class=\"wp-caption-text\">MOC-89501 Educational Alphabet Lore CAB taxi With 295 Pieces<\/figcaption><\/figure>\n<figure id=\"attachment_39593\" aria-describedby=\"caption-attachment-39593\" style=\"width: 800px\" class=\"wp-caption aligncenter\"><img loading=\"lazy\" decoding=\"async\" class=\"wp-image-39593 size-full\" src=\"https:\/\/mouldking.store\/wp-content\/uploads\/2023\/01\/Educational-Alphabet-Lore-CAB-taxi-MOC-89501-10.jpg\" alt=\"MOC-89501 Educational Alphabet Lore CAB taxi With 295 Pieces\" width=\"800\" height=\"800\" title=\"-\"><figcaption id=\"caption-attachment-39593\" class=\"wp-caption-text\">MOC-89501 Educational Alphabet Lore CAB taxi With 295 Pieces<\/figcaption><\/figure>","protected":false},"excerpt":{"rendered":"<p>Brand: MOC Gender: Unisex Name: Educational Alphabet Lore CAB taxi Age Range: &gt; 6 years old Model Number: 89501 Classification: Assemblage Plastic Block Shape: Self-Locking Bricks Material: Plastic Plastic Type: ABS Bricks Blocks:295 PCS Size: 16.9 x 7 x 10.2 cm Weight: 0.2 kg Contains detailed assembly instructions. Notice: 1. Without an original box, but [&hellip;]<\/p>","protected":false},"featured_media":39583,"comment_status":"closed","ping_status":"closed","template":"","meta":{"_acf_changed":false},"product_cat":[1365,371],"product_tag":[10850,10853,1486,10851,10855,10852,10854,430,10849,10856,10848,10386],"class_list":["product","first","instock","shipping-taxable","purchasable","product-type-simple"],"acf":[],"_links":{"self":[{"href":"https:\/\/mouldking.store\/vi\/wp-json\/wp\/v2\/product\/39581","targetHints":{"allow":["GET"]}}],"collection":[{"href":"https:\/\/mouldking.store\/vi\/wp-json\/wp\/v2\/product"}],"about":[{"href":"https:\/\/mouldking.store\/vi\/wp-json\/wp\/v2\/types\/product"}],"replies":[{"embeddable":true,"href":"https:\/\/mouldking.store\/vi\/wp-json\/wp\/v2\/comments?post=39581"}],"wp:featuredmedia":[{"embeddable":true,"href":"https:\/\/mouldking.store\/vi\/wp-json\/wp\/v2\/media\/39583"}],"wp:attachment":[{"href":"https:\/\/mouldking.store\/vi\/wp-json\/wp\/v2\/media?parent=39581"}],"wp:term":[{"taxonomy":"product_cat","embeddable":true,"href":"https:\/\/mouldking.store\/vi\/wp-json\/wp\/v2\/product_cat?post=39581"},{"taxonomy":"product_tag","embeddable":true,"href":"https:\/\/mouldking.store\/vi\/wp-json\/wp\/v2\/product_tag?post=39581"}],"curies":[{"name":"wp","href":"https:\/\/api.w.org\/{rel}","templated":true}]}}