{"id":39600,"date":"2023-01-06T15:21:25","date_gmt":"2023-01-06T08:21:25","guid":{"rendered":"https:\/\/mouldking.store\/?post_type=product&#038;p=39600"},"modified":"2025-12-25T09:11:48","modified_gmt":"2025-12-25T02:11:48","slug":"moc-89499-team-fortress-black-rose-with-92-pieces","status":"publish","type":"product","link":"https:\/\/mouldking.store\/vi\/shop\/moc-89499-team-fortress-black-rose-with-92-pieces\/","title":{"rendered":"MOC-89499 Team Fortress Hoa h\u1ed3ng \u0111en v\u1edbi 92 m\u1ea3nh"},"content":{"rendered":"<ol>\n<li>Th\u01b0\u01a1ng hi\u1ec7u: M\u1ed8C<\/li>\n<li>Gi\u1edbi t\u00ednh: Unisex<\/li>\n<li>T\u00ean: \u0110\u1ed9i ph\u00e1o \u0111\u00e0i hoa h\u1ed3ng \u0111en<\/li>\n<li>\u0110\u1ed9 tu\u1ed5i: &gt; 6 tu\u1ed5i<\/li>\n<li>S\u1ed1 m\u00f4 h\u00ecnh: 89499<\/li>\n<li>Ph\u00e2n lo\u1ea1i: T\u1eadp h\u1ee3p<\/li>\n<li>H\u00ecnh d\u1ea1ng kh\u1ed1i nh\u1ef1a: G\u1ea1ch t\u1ef1 kh\u00f3a<\/li>\n<li>Ch\u1ea5t li\u1ec7u: Nh\u1ef1a<\/li>\n<li>Lo\u1ea1i nh\u1ef1a: ABS<\/li>\n<li>Kh\u1ed1i g\u1ea1ch: 92 C\u00c1I<\/li>\n<li>K\u00edch th\u01b0\u1edbc: 26,3 x 3,8 x 3,5cm<\/li>\n<li>C\u00e2n n\u1eb7ng: 0,08kg<\/li>\n<li>Ch\u1ee9a h\u01b0\u1edbng d\u1eabn l\u1eafp r\u00e1p chi ti\u1ebft.<\/li>\n<\/ol>\n<p>\u0110\u1ec3 \u00fd:<br \/>\n1. Kh\u00f4ng c\u00f3 h\u1ed9p ban \u0111\u1ea7u, nh\u01b0ng ch\u00fang t\u00f4i \u0111\u1ea3m b\u1ea3o s\u1ea3n ph\u1ea9m c\u1ee7a ch\u00fang t\u00f4i c\u00f3 ch\u1ea5t l\u01b0\u1ee3ng \u0111\u1ea3m b\u1ea3o v\u00e0 bao b\u00ec \u0111\u1eb9p.<br \/>\n2. V\u00ec t\u1ea5t c\u1ea3 c\u00e1c b\u1ed9 ph\u1eadn ch\u00fang t\u00f4i \u0111\u00e3 ki\u1ec3m tra tr\u01b0\u1edbc khi v\u1eadn chuy\u1ec3n, v\u00ec v\u1eady n\u1ebfu b\u1ea1n th\u1ea5y m\u1ed9t s\u1ed1 b\u1ed9 ph\u1eadn b\u1ecb thi\u1ebfu ho\u1eb7c h\u01b0 h\u1ecfng, \u0111\u1eebng lo l\u1eafng v\u00e0 ch\u1ec9 c\u1ea7n vui l\u00f2ng li\u00ean h\u1ec7 v\u1edbi ch\u00fang t\u00f4i v\u00e0 ch\u00fang t\u00f4i c\u00f3 th\u1ec3 g\u1eedi l\u1ea1i mi\u1ec5n ph\u00ed cho b\u1ea1n ngay l\u1eadp t\u1ee9c.<\/p>\n<figure id=\"attachment_39601\" aria-describedby=\"caption-attachment-39601\" style=\"width: 1004px\" class=\"wp-caption aligncenter\"><img fetchpriority=\"high\" decoding=\"async\" class=\"wp-image-39601 size-full\" src=\"https:\/\/mouldking.store\/wp-content\/uploads\/2023\/01\/MOC-89499-Creator-Team-Fortress-Black-Rose-MOC-FACTORY.png\" alt=\"MOC-89499 Team Fortress Black Rose With 92 Pieces\" width=\"1004\" height=\"1004\" title=\"-\"><figcaption id=\"caption-attachment-39601\" class=\"wp-caption-text\">MOC-89499 Team Fortress Hoa h\u1ed3ng \u0111en v\u1edbi 92 m\u1ea3nh<\/figcaption><\/figure>\n<figure id=\"attachment_39602\" aria-describedby=\"caption-attachment-39602\" style=\"width: 800px\" class=\"wp-caption aligncenter\"><img decoding=\"async\" class=\"wp-image-39602 size-full\" src=\"https:\/\/mouldking.store\/wp-content\/uploads\/2023\/01\/Team-Fortress-Black-Rose-MOC-89499-1.jpg\" alt=\"MOC-89499 Team Fortress Black Rose With 92 Pieces\" width=\"800\" height=\"800\" title=\"-\"><figcaption id=\"caption-attachment-39602\" class=\"wp-caption-text\">MOC-89499 Team Fortress Hoa h\u1ed3ng \u0111en v\u1edbi 92 m\u1ea3nh<\/figcaption><\/figure>\n<figure id=\"attachment_39603\" aria-describedby=\"caption-attachment-39603\" style=\"width: 800px\" class=\"wp-caption aligncenter\"><img decoding=\"async\" class=\"wp-image-39603 size-full\" src=\"https:\/\/mouldking.store\/wp-content\/uploads\/2023\/01\/Team-Fortress-Black-Rose-MOC-89499-2.jpg\" alt=\"MOC-89499 Team Fortress Black Rose With 92 Pieces\" width=\"800\" height=\"800\" title=\"-\"><figcaption id=\"caption-attachment-39603\" class=\"wp-caption-text\">MOC-89499 Team Fortress Hoa h\u1ed3ng \u0111en v\u1edbi 92 m\u1ea3nh<\/figcaption><\/figure>\n<figure id=\"attachment_39604\" aria-describedby=\"caption-attachment-39604\" style=\"width: 800px\" class=\"wp-caption aligncenter\"><img loading=\"lazy\" decoding=\"async\" class=\"wp-image-39604 size-full\" src=\"https:\/\/mouldking.store\/wp-content\/uploads\/2023\/01\/Team-Fortress-Black-Rose-MOC-89499-3.jpg\" alt=\"MOC-89499 Team Fortress Black Rose With 92 Pieces\" width=\"800\" height=\"800\" title=\"-\"><figcaption id=\"caption-attachment-39604\" class=\"wp-caption-text\">MOC-89499 Team Fortress Hoa h\u1ed3ng \u0111en v\u1edbi 92 m\u1ea3nh<\/figcaption><\/figure>\n<figure id=\"attachment_39605\" aria-describedby=\"caption-attachment-39605\" style=\"width: 800px\" class=\"wp-caption aligncenter\"><img loading=\"lazy\" decoding=\"async\" class=\"wp-image-39605 size-full\" src=\"https:\/\/mouldking.store\/wp-content\/uploads\/2023\/01\/Team-Fortress-Black-Rose-MOC-89499-4.jpg\" alt=\"MOC-89499 Team Fortress Black Rose With 92 Pieces\" width=\"800\" height=\"800\" title=\"-\"><figcaption id=\"caption-attachment-39605\" class=\"wp-caption-text\">MOC-89499 Team Fortress Hoa h\u1ed3ng \u0111en v\u1edbi 92 m\u1ea3nh<\/figcaption><\/figure>\n<figure id=\"attachment_39606\" aria-describedby=\"caption-attachment-39606\" style=\"width: 1000px\" class=\"wp-caption aligncenter\"><img loading=\"lazy\" decoding=\"async\" class=\"wp-image-39606 size-full\" src=\"https:\/\/mouldking.store\/wp-content\/uploads\/2023\/01\/Team-Fortress-Black-Rose-MOC-89499-5.jpg\" alt=\"MOC-89499 Team Fortress Black Rose With 92 Pieces\" width=\"1000\" height=\"1000\" title=\"-\"><figcaption id=\"caption-attachment-39606\" class=\"wp-caption-text\">MOC-89499 Team Fortress Hoa h\u1ed3ng \u0111en v\u1edbi 92 m\u1ea3nh<\/figcaption><\/figure>\n<figure id=\"attachment_39607\" aria-describedby=\"caption-attachment-39607\" style=\"width: 1000px\" class=\"wp-caption aligncenter\"><img loading=\"lazy\" decoding=\"async\" class=\"wp-image-39607 size-full\" src=\"https:\/\/mouldking.store\/wp-content\/uploads\/2023\/01\/Team-Fortress-Black-Rose-MOC-89499-6.jpg\" alt=\"MOC-89499 Team Fortress Black Rose With 92 Pieces\" width=\"1000\" height=\"1000\" title=\"-\"><figcaption id=\"caption-attachment-39607\" class=\"wp-caption-text\">MOC-89499 Team Fortress Hoa h\u1ed3ng \u0111en v\u1edbi 92 m\u1ea3nh<\/figcaption><\/figure>\n<figure id=\"attachment_39608\" aria-describedby=\"caption-attachment-39608\" style=\"width: 1000px\" class=\"wp-caption aligncenter\"><img loading=\"lazy\" decoding=\"async\" class=\"wp-image-39608 size-full\" src=\"https:\/\/mouldking.store\/wp-content\/uploads\/2023\/01\/Team-Fortress-Black-Rose-MOC-89499-7.jpg\" alt=\"MOC-89499 Team Fortress Black Rose With 92 Pieces\" width=\"1000\" height=\"1000\" title=\"-\"><figcaption id=\"caption-attachment-39608\" class=\"wp-caption-text\">MOC-89499 Team Fortress Hoa h\u1ed3ng \u0111en v\u1edbi 92 m\u1ea3nh<\/figcaption><\/figure>\n<figure id=\"attachment_39609\" aria-describedby=\"caption-attachment-39609\" style=\"width: 1000px\" class=\"wp-caption aligncenter\"><img loading=\"lazy\" decoding=\"async\" class=\"wp-image-39609 size-full\" src=\"https:\/\/mouldking.store\/wp-content\/uploads\/2023\/01\/Team-Fortress-Black-Rose-MOC-89499-8.jpg\" alt=\"MOC-89499 Team Fortress Black Rose With 92 Pieces\" width=\"1000\" height=\"1000\" title=\"-\"><figcaption id=\"caption-attachment-39609\" class=\"wp-caption-text\">MOC-89499 Team Fortress Hoa h\u1ed3ng \u0111en v\u1edbi 92 m\u1ea3nh<\/figcaption><\/figure>","protected":false},"excerpt":{"rendered":"<p>Brand: MOC Gender: Unisex Name: Team Fortress Black Rose Age Range: &gt; 6 years old Model Number: 89499 Classification: Assemblage Plastic Block Shape: Self-Locking Bricks Material: Plastic Plastic Type: ABS Bricks Blocks:92 PCS Size: 26.3 x 3.8 x 3.5 cm Weight: 0.08 kg Contains detailed assembly instructions. Notice: 1. Without an original box, but we [&hellip;]<\/p>","protected":false},"featured_media":39601,"comment_status":"closed","ping_status":"closed","template":"","meta":{"_acf_changed":false},"product_cat":[1365,371],"product_tag":[8711,10869,8659,430,10865,10871,10864,10868,10866,10867,10870],"class_list":["product","first","instock","shipping-taxable","purchasable","product-type-simple"],"acf":[],"_links":{"self":[{"href":"https:\/\/mouldking.store\/vi\/wp-json\/wp\/v2\/product\/39600","targetHints":{"allow":["GET"]}}],"collection":[{"href":"https:\/\/mouldking.store\/vi\/wp-json\/wp\/v2\/product"}],"about":[{"href":"https:\/\/mouldking.store\/vi\/wp-json\/wp\/v2\/types\/product"}],"replies":[{"embeddable":true,"href":"https:\/\/mouldking.store\/vi\/wp-json\/wp\/v2\/comments?post=39600"}],"wp:featuredmedia":[{"embeddable":true,"href":"https:\/\/mouldking.store\/vi\/wp-json\/wp\/v2\/media\/39601"}],"wp:attachment":[{"href":"https:\/\/mouldking.store\/vi\/wp-json\/wp\/v2\/media?parent=39600"}],"wp:term":[{"taxonomy":"product_cat","embeddable":true,"href":"https:\/\/mouldking.store\/vi\/wp-json\/wp\/v2\/product_cat?post=39600"},{"taxonomy":"product_tag","embeddable":true,"href":"https:\/\/mouldking.store\/vi\/wp-json\/wp\/v2\/product_tag?post=39600"}],"curies":[{"name":"wp","href":"https:\/\/api.w.org\/{rel}","templated":true}]}}