{"id":39611,"date":"2023-01-06T15:28:38","date_gmt":"2023-01-06T08:28:38","guid":{"rendered":"https:\/\/mouldking.store\/?post_type=product&#038;p=39611"},"modified":"2025-12-25T09:11:48","modified_gmt":"2025-12-25T02:11:48","slug":"moc-89498-choo-choo-charles-with-262-pieces","status":"publish","type":"product","link":"https:\/\/mouldking.store\/vi\/shop\/moc-89498-choo-choo-charles-with-262-pieces\/","title":{"rendered":"MOC-89498 Choo Choo Charles V\u1edbi 262 Mi\u1ebfng"},"content":{"rendered":"<ol>\n<li>Th\u01b0\u01a1ng hi\u1ec7u: M\u1ed8C<\/li>\n<li>Gi\u1edbi t\u00ednh: Unisex<\/li>\n<li>Name: Choo Choo Charles<\/li>\n<li>\u0110\u1ed9 tu\u1ed5i: &gt; 6 tu\u1ed5i<\/li>\n<li>Model Number: 89498<\/li>\n<li>Ph\u00e2n lo\u1ea1i: T\u1eadp h\u1ee3p<\/li>\n<li>H\u00ecnh d\u1ea1ng kh\u1ed1i nh\u1ef1a: G\u1ea1ch t\u1ef1 kh\u00f3a<\/li>\n<li>Ch\u1ea5t li\u1ec7u: Nh\u1ef1a<\/li>\n<li>Lo\u1ea1i nh\u1ef1a: ABS<\/li>\n<li>Bricks Blocks:262 PCS<\/li>\n<li>Size: 15.9x 12.3 x 8.2 cm<\/li>\n<li>C\u00e2n n\u1eb7ng: 0,12kg<\/li>\n<li>Ch\u1ee9a h\u01b0\u1edbng d\u1eabn l\u1eafp r\u00e1p chi ti\u1ebft.<\/li>\n<\/ol>\n<p>\u0110\u1ec3 \u00fd:<br \/>\n1. Kh\u00f4ng c\u00f3 h\u1ed9p ban \u0111\u1ea7u, nh\u01b0ng ch\u00fang t\u00f4i \u0111\u1ea3m b\u1ea3o s\u1ea3n ph\u1ea9m c\u1ee7a ch\u00fang t\u00f4i c\u00f3 ch\u1ea5t l\u01b0\u1ee3ng \u0111\u1ea3m b\u1ea3o v\u00e0 bao b\u00ec \u0111\u1eb9p.<br \/>\n2. V\u00ec t\u1ea5t c\u1ea3 c\u00e1c b\u1ed9 ph\u1eadn ch\u00fang t\u00f4i \u0111\u00e3 ki\u1ec3m tra tr\u01b0\u1edbc khi v\u1eadn chuy\u1ec3n, v\u00ec v\u1eady n\u1ebfu b\u1ea1n th\u1ea5y m\u1ed9t s\u1ed1 b\u1ed9 ph\u1eadn b\u1ecb thi\u1ebfu ho\u1eb7c h\u01b0 h\u1ecfng, \u0111\u1eebng lo l\u1eafng v\u00e0 ch\u1ec9 c\u1ea7n vui l\u00f2ng li\u00ean h\u1ec7 v\u1edbi ch\u00fang t\u00f4i v\u00e0 ch\u00fang t\u00f4i c\u00f3 th\u1ec3 g\u1eedi l\u1ea1i mi\u1ec5n ph\u00ed cho b\u1ea1n ngay l\u1eadp t\u1ee9c.<\/p>\n<figure id=\"attachment_39612\" aria-describedby=\"caption-attachment-39612\" style=\"width: 1004px\" class=\"wp-caption aligncenter\"><img fetchpriority=\"high\" decoding=\"async\" class=\"wp-image-39612 size-full\" src=\"https:\/\/mouldking.store\/wp-content\/uploads\/2023\/01\/MOC-89498-Creator-Choo-Choo-Charles-MOC-FACTORY.png\" alt=\"MOC-89498 Choo Choo Charles With 262 Pieces\" width=\"1004\" height=\"1004\" title=\"-\"><figcaption id=\"caption-attachment-39612\" class=\"wp-caption-text\">MOC-89498 Choo Choo Charles V\u1edbi 262 Mi\u1ebfng<\/figcaption><\/figure>\n<figure id=\"attachment_39613\" aria-describedby=\"caption-attachment-39613\" style=\"width: 800px\" class=\"wp-caption aligncenter\"><img decoding=\"async\" class=\"wp-image-39613 size-full\" src=\"https:\/\/mouldking.store\/wp-content\/uploads\/2023\/01\/Choo-Choo-Charles-MOC-89498-1.jpg\" alt=\"MOC-89498 Choo Choo Charles With 262 Pieces\" width=\"800\" height=\"800\" title=\"-\"><figcaption id=\"caption-attachment-39613\" class=\"wp-caption-text\">MOC-89498 Choo Choo Charles V\u1edbi 262 Mi\u1ebfng<\/figcaption><\/figure>\n<figure id=\"attachment_39614\" aria-describedby=\"caption-attachment-39614\" style=\"width: 800px\" class=\"wp-caption aligncenter\"><img decoding=\"async\" class=\"wp-image-39614 size-full\" src=\"https:\/\/mouldking.store\/wp-content\/uploads\/2023\/01\/Choo-Choo-Charles-MOC-89498-2.jpg\" alt=\"MOC-89498 Choo Choo Charles With 262 Pieces\" width=\"800\" height=\"800\" title=\"-\"><figcaption id=\"caption-attachment-39614\" class=\"wp-caption-text\">MOC-89498 Choo Choo Charles V\u1edbi 262 Mi\u1ebfng<\/figcaption><\/figure>\n<figure id=\"attachment_39615\" aria-describedby=\"caption-attachment-39615\" style=\"width: 800px\" class=\"wp-caption aligncenter\"><img loading=\"lazy\" decoding=\"async\" class=\"wp-image-39615 size-full\" src=\"https:\/\/mouldking.store\/wp-content\/uploads\/2023\/01\/Choo-Choo-Charles-MOC-89498-3.jpg\" alt=\"MOC-89498 Choo Choo Charles With 262 Pieces\" width=\"800\" height=\"800\" title=\"-\"><figcaption id=\"caption-attachment-39615\" class=\"wp-caption-text\">MOC-89498 Choo Choo Charles V\u1edbi 262 Mi\u1ebfng<\/figcaption><\/figure>\n<figure id=\"attachment_39616\" aria-describedby=\"caption-attachment-39616\" style=\"width: 800px\" class=\"wp-caption aligncenter\"><img loading=\"lazy\" decoding=\"async\" class=\"wp-image-39616 size-full\" src=\"https:\/\/mouldking.store\/wp-content\/uploads\/2023\/01\/Choo-Choo-Charles-MOC-89498-4.jpg\" alt=\"MOC-89498 Choo Choo Charles With 262 Pieces\" width=\"800\" height=\"800\" title=\"-\"><figcaption id=\"caption-attachment-39616\" class=\"wp-caption-text\">MOC-89498 Choo Choo Charles V\u1edbi 262 Mi\u1ebfng<\/figcaption><\/figure>\n<figure id=\"attachment_39617\" aria-describedby=\"caption-attachment-39617\" style=\"width: 800px\" class=\"wp-caption aligncenter\"><img loading=\"lazy\" decoding=\"async\" class=\"wp-image-39617 size-full\" src=\"https:\/\/mouldking.store\/wp-content\/uploads\/2023\/01\/Choo-Choo-Charles-MOC-89498-5.jpg\" alt=\"MOC-89498 Choo Choo Charles With 262 Pieces\" width=\"800\" height=\"800\" title=\"-\"><figcaption id=\"caption-attachment-39617\" class=\"wp-caption-text\">MOC-89498 Choo Choo Charles V\u1edbi 262 Mi\u1ebfng<\/figcaption><\/figure>\n<figure id=\"attachment_39618\" aria-describedby=\"caption-attachment-39618\" style=\"width: 800px\" class=\"wp-caption aligncenter\"><img loading=\"lazy\" decoding=\"async\" class=\"wp-image-39618 size-full\" src=\"https:\/\/mouldking.store\/wp-content\/uploads\/2023\/01\/Choo-Choo-Charles-MOC-89498-6.jpg\" alt=\"MOC-89498 Choo Choo Charles With 262 Pieces\" width=\"800\" height=\"800\" title=\"-\"><figcaption id=\"caption-attachment-39618\" class=\"wp-caption-text\">MOC-89498 Choo Choo Charles V\u1edbi 262 Mi\u1ebfng<\/figcaption><\/figure>\n<figure id=\"attachment_39619\" aria-describedby=\"caption-attachment-39619\" style=\"width: 800px\" class=\"wp-caption aligncenter\"><img loading=\"lazy\" decoding=\"async\" class=\"wp-image-39619 size-full\" src=\"https:\/\/mouldking.store\/wp-content\/uploads\/2023\/01\/Choo-Choo-Charles-MOC-89498-7.jpg\" alt=\"MOC-89498 Choo Choo Charles With 262 Pieces\" width=\"800\" height=\"800\" title=\"-\"><figcaption id=\"caption-attachment-39619\" class=\"wp-caption-text\">MOC-89498 Choo Choo Charles V\u1edbi 262 Mi\u1ebfng<\/figcaption><\/figure>\n<figure id=\"attachment_39620\" aria-describedby=\"caption-attachment-39620\" style=\"width: 800px\" class=\"wp-caption aligncenter\"><img loading=\"lazy\" decoding=\"async\" class=\"wp-image-39620 size-full\" src=\"https:\/\/mouldking.store\/wp-content\/uploads\/2023\/01\/Choo-Choo-Charles-MOC-89498-8.jpg\" alt=\"MOC-89498 Choo Choo Charles With 262 Pieces\" width=\"800\" height=\"800\" title=\"-\"><figcaption id=\"caption-attachment-39620\" class=\"wp-caption-text\">MOC-89498 Choo Choo Charles V\u1edbi 262 Mi\u1ebfng<\/figcaption><\/figure>\n<figure id=\"attachment_39621\" aria-describedby=\"caption-attachment-39621\" style=\"width: 800px\" class=\"wp-caption aligncenter\"><img loading=\"lazy\" decoding=\"async\" class=\"wp-image-39621 size-full\" src=\"https:\/\/mouldking.store\/wp-content\/uploads\/2023\/01\/Choo-Choo-Charles-MOC-89498-9.jpg\" alt=\"MOC-89498 Choo Choo Charles With 262 Pieces\" width=\"800\" height=\"800\" title=\"-\"><figcaption id=\"caption-attachment-39621\" class=\"wp-caption-text\">MOC-89498 Choo Choo Charles V\u1edbi 262 Mi\u1ebfng<\/figcaption><\/figure>\n<figure id=\"attachment_39622\" aria-describedby=\"caption-attachment-39622\" style=\"width: 800px\" class=\"wp-caption aligncenter\"><img loading=\"lazy\" decoding=\"async\" class=\"wp-image-39622 size-full\" src=\"https:\/\/mouldking.store\/wp-content\/uploads\/2023\/01\/Choo-Choo-Charles-MOC-89498-10.jpg\" alt=\"MOC-89498 Choo Choo Charles With 262 Pieces\" width=\"800\" height=\"800\" title=\"-\"><figcaption id=\"caption-attachment-39622\" class=\"wp-caption-text\">MOC-89498 Choo Choo Charles V\u1edbi 262 Mi\u1ebfng<\/figcaption><\/figure>","protected":false},"excerpt":{"rendered":"<p>Brand: MOC Gender: Unisex Name: Choo Choo Charles Age Range: &gt; 6 years old Model Number: 89498 Classification: Assemblage Plastic Block Shape: Self-Locking Bricks Material: Plastic Plastic Type: ABS Bricks Blocks:262 PCS Size: 15.9x 12.3 x 8.2 cm Weight: 0.12 kg Contains detailed assembly instructions. Notice: 1. Without an original box, but we guarantee our [&hellip;]<\/p>","protected":false},"featured_media":39612,"comment_status":"closed","ping_status":"closed","template":"","meta":{"_acf_changed":false},"product_cat":[1365,371],"product_tag":[10875,10874,10876,430,10873,10877,10872],"class_list":["product","first","instock","shipping-taxable","purchasable","product-type-simple"],"acf":[],"_links":{"self":[{"href":"https:\/\/mouldking.store\/vi\/wp-json\/wp\/v2\/product\/39611","targetHints":{"allow":["GET"]}}],"collection":[{"href":"https:\/\/mouldking.store\/vi\/wp-json\/wp\/v2\/product"}],"about":[{"href":"https:\/\/mouldking.store\/vi\/wp-json\/wp\/v2\/types\/product"}],"replies":[{"embeddable":true,"href":"https:\/\/mouldking.store\/vi\/wp-json\/wp\/v2\/comments?post=39611"}],"wp:featuredmedia":[{"embeddable":true,"href":"https:\/\/mouldking.store\/vi\/wp-json\/wp\/v2\/media\/39612"}],"wp:attachment":[{"href":"https:\/\/mouldking.store\/vi\/wp-json\/wp\/v2\/media?parent=39611"}],"wp:term":[{"taxonomy":"product_cat","embeddable":true,"href":"https:\/\/mouldking.store\/vi\/wp-json\/wp\/v2\/product_cat?post=39611"},{"taxonomy":"product_tag","embeddable":true,"href":"https:\/\/mouldking.store\/vi\/wp-json\/wp\/v2\/product_tag?post=39611"}],"curies":[{"name":"wp","href":"https:\/\/api.w.org\/{rel}","templated":true}]}}