{"id":39655,"date":"2022-10-06T16:35:00","date_gmt":"2022-10-06T09:35:00","guid":{"rendered":"https:\/\/mouldking.store\/?post_type=product&#038;p=39655"},"modified":"2023-01-06T16:40:22","modified_gmt":"2023-01-06T09:40:22","slug":"reobrix-569-lions-come-and-go-with-498pcs","status":"publish","type":"product","link":"https:\/\/mouldking.store\/vi\/shop\/reobrix-569-lions-come-and-go-with-498pcs\/","title":{"rendered":"Reobrix 569 Lions \u0111\u1ebfn v\u00e0 \u0111i v\u1edbi 498 chi\u1ebfc"},"content":{"rendered":"<p>Th\u00f4ng tin s\u1ea3n ph\u1ea9m:<\/p>\n<ol>\n<li>Th\u01b0\u01a1ng hi\u1ec7u: Reobrix<\/li>\n<li>Gi\u1edbi t\u00ednh: Unisex<\/li>\n<li>T\u00ean: S\u01b0 T\u1eed \u0110\u1ebfn V\u00e0 \u0110i<\/li>\n<li>\u0110\u1ed9 tu\u1ed5i: &gt; 6 tu\u1ed5i<\/li>\n<li>S\u1ed1 m\u00f4 h\u00ecnh: 569<\/li>\n<li>Ph\u00e2n lo\u1ea1i: T\u1eadp h\u1ee3p<\/li>\n<li>H\u00ecnh d\u1ea1ng kh\u1ed1i nh\u1ef1a: G\u1ea1ch t\u1ef1 kh\u00f3a<\/li>\n<li>Ch\u1ea5t li\u1ec7u: Nh\u1ef1a<\/li>\n<li>Lo\u1ea1i nh\u1ef1a: ABS<\/li>\n<li>Kh\u1ed1i g\u1ea1ch: 498 C\u00c1I<\/li>\n<li>K\u00edch th\u01b0\u1edbc: 20\u00d78.5\u00d721.5 cm<\/li>\n<li>Ch\u1ee9a h\u01b0\u1edbng d\u1eabn l\u1eafp r\u00e1p chi ti\u1ebft.<\/li>\n<\/ol>\n<p>\u0110\u1ec3 \u00fd:<br \/>\n1. Kh\u00f4ng c\u00f3 h\u1ed9p ban \u0111\u1ea7u, nh\u01b0ng ch\u00fang t\u00f4i \u0111\u1ea3m b\u1ea3o s\u1ea3n ph\u1ea9m c\u1ee7a ch\u00fang t\u00f4i c\u00f3 ch\u1ea5t l\u01b0\u1ee3ng \u0111\u1ea3m b\u1ea3o v\u00e0 bao b\u00ec \u0111\u1eb9p.<br \/>\n2. V\u00ec t\u1ea5t c\u1ea3 c\u00e1c b\u1ed9 ph\u1eadn ch\u00fang t\u00f4i \u0111\u00e3 ki\u1ec3m tra tr\u01b0\u1edbc khi v\u1eadn chuy\u1ec3n, v\u00ec v\u1eady n\u1ebfu b\u1ea1n th\u1ea5y m\u1ed9t s\u1ed1 b\u1ed9 ph\u1eadn b\u1ecb thi\u1ebfu ho\u1eb7c h\u01b0 h\u1ecfng, \u0111\u1eebng lo l\u1eafng v\u00e0 ch\u1ec9 c\u1ea7n vui l\u00f2ng li\u00ean h\u1ec7 v\u1edbi ch\u00fang t\u00f4i v\u00e0 ch\u00fang t\u00f4i c\u00f3 th\u1ec3 g\u1eedi l\u1ea1i mi\u1ec5n ph\u00ed cho b\u1ea1n ngay l\u1eadp t\u1ee9c.<\/p>\n<figure id=\"attachment_39656\" aria-describedby=\"caption-attachment-39656\" style=\"width: 1920px\" class=\"wp-caption aligncenter\"><img fetchpriority=\"high\" decoding=\"async\" class=\"wp-image-39656 size-full\" src=\"https:\/\/mouldking.store\/wp-content\/uploads\/2023\/01\/Lions-Come-And-Go-Reobrix-569-4.jpg\" alt=\"Reobrix 569 Lions Come And Go With 498pcs\" width=\"1920\" height=\"1920\" title=\"-\"><figcaption id=\"caption-attachment-39656\" class=\"wp-caption-text\">Reobrix 569 Lions \u0111\u1ebfn v\u00e0 \u0111i v\u1edbi 498 chi\u1ebfc<\/figcaption><\/figure>\n<figure id=\"attachment_39657\" aria-describedby=\"caption-attachment-39657\" style=\"width: 1920px\" class=\"wp-caption aligncenter\"><img decoding=\"async\" class=\"wp-image-39657 size-full\" src=\"https:\/\/mouldking.store\/wp-content\/uploads\/2023\/01\/Lions-Come-And-Go-Reobrix-569-3.jpg\" alt=\"Reobrix 569 Lions Come And Go With 498pcs\" width=\"1920\" height=\"1920\" title=\"-\"><figcaption id=\"caption-attachment-39657\" class=\"wp-caption-text\">Reobrix 569 Lions \u0111\u1ebfn v\u00e0 \u0111i v\u1edbi 498 chi\u1ebfc<\/figcaption><\/figure>\n<figure id=\"attachment_39658\" aria-describedby=\"caption-attachment-39658\" style=\"width: 1920px\" class=\"wp-caption aligncenter\"><img decoding=\"async\" class=\"wp-image-39658 size-full\" src=\"https:\/\/mouldking.store\/wp-content\/uploads\/2023\/01\/Lions-Come-And-Go-Reobrix-569-2.jpg\" alt=\"Reobrix 569 Lions Come And Go With 498pcs\" width=\"1920\" height=\"1920\" title=\"-\"><figcaption id=\"caption-attachment-39658\" class=\"wp-caption-text\">Reobrix 569 Lions \u0111\u1ebfn v\u00e0 \u0111i v\u1edbi 498 chi\u1ebfc<\/figcaption><\/figure>\n<figure id=\"attachment_39659\" aria-describedby=\"caption-attachment-39659\" style=\"width: 1920px\" class=\"wp-caption aligncenter\"><img loading=\"lazy\" decoding=\"async\" class=\"wp-image-39659 size-full\" src=\"https:\/\/mouldking.store\/wp-content\/uploads\/2023\/01\/Lions-Come-And-Go-Reobrix-569-1.jpg\" alt=\"Reobrix 569 Lions Come And Go With 498pcs\" width=\"1920\" height=\"1719\" title=\"-\"><figcaption id=\"caption-attachment-39659\" class=\"wp-caption-text\">Reobrix 569 Lions \u0111\u1ebfn v\u00e0 \u0111i v\u1edbi 498 chi\u1ebfc<\/figcaption><\/figure>","protected":false},"excerpt":{"rendered":"<ul>\n<li>H\u01b0\u1edbng d\u1eabn x\u00e2y d\u1ef1ng th\u1ee7 c\u00f4ng<\/li>\n<li data-wpmeteor-click=\"true\">S\u1ea3n ph\u1ea9m kh\u00f4ng bao g\u1ed3m STICKER v\u00e0 IN IN. T\u1ea5t c\u1ea3 c\u00e1c b\u1ed9 ph\u1eadn \u0111\u00e3 in s\u1ebd \u0111\u01b0\u1ee3c thay th\u1ebf b\u1eb1ng c\u00e1c b\u1ed9 ph\u1eadn ti\u00eau chu\u1ea9n v\u00e0 kh\u00f4ng \u0103n nh\u1eadp v\u1edbi c\u00e1c ph\u1ee5 ki\u1ec7n c\u1ee7a b\u00ean th\u1ee9 3.<\/li>\n<li data-wpmeteor-click=\"true\">b\u00e1n tr\u01b0\u1edbc<\/li>\n<\/ul>","protected":false},"featured_media":39657,"comment_status":"closed","ping_status":"closed","template":"","meta":{"_acf_changed":false},"product_cat":[1365],"product_tag":[10953,10956,10955,10957,2669,10954,10958,10952],"class_list":["product","first","outofstock","shipping-taxable","purchasable","product-type-simple"],"acf":[],"_links":{"self":[{"href":"https:\/\/mouldking.store\/vi\/wp-json\/wp\/v2\/product\/39655","targetHints":{"allow":["GET"]}}],"collection":[{"href":"https:\/\/mouldking.store\/vi\/wp-json\/wp\/v2\/product"}],"about":[{"href":"https:\/\/mouldking.store\/vi\/wp-json\/wp\/v2\/types\/product"}],"replies":[{"embeddable":true,"href":"https:\/\/mouldking.store\/vi\/wp-json\/wp\/v2\/comments?post=39655"}],"wp:featuredmedia":[{"embeddable":true,"href":"https:\/\/mouldking.store\/vi\/wp-json\/wp\/v2\/media\/39657"}],"wp:attachment":[{"href":"https:\/\/mouldking.store\/vi\/wp-json\/wp\/v2\/media?parent=39655"}],"wp:term":[{"taxonomy":"product_cat","embeddable":true,"href":"https:\/\/mouldking.store\/vi\/wp-json\/wp\/v2\/product_cat?post=39655"},{"taxonomy":"product_tag","embeddable":true,"href":"https:\/\/mouldking.store\/vi\/wp-json\/wp\/v2\/product_tag?post=39655"}],"curies":[{"name":"wp","href":"https:\/\/api.w.org\/{rel}","templated":true}]}}