{"id":39676,"date":"2022-10-06T17:01:49","date_gmt":"2022-10-06T10:01:49","guid":{"rendered":"https:\/\/mouldking.store\/?post_type=product&#038;p=39676"},"modified":"2023-01-06T17:08:01","modified_gmt":"2023-01-06T10:08:01","slug":"loz-1753-im-not-a-square-head-blue-and-white-porcelain-astronaut-with-597pcs","status":"publish","type":"product","link":"https:\/\/mouldking.store\/vi\/shop\/loz-1753-im-not-a-square-head-blue-and-white-porcelain-astronaut-with-597pcs\/","title":{"rendered":"LOZ 1753 T\u00f4i Kh\u00f4ng Ph\u1ea3i \u0110\u1ea7u Vu\u00f4ng: Phi H\u00e0nh Gia B\u1eb1ng S\u1ee9 Xanh v\u00e0 Tr\u1eafng V\u1edbi 597 chi\u1ebfc"},"content":{"rendered":"<p>Th\u00f4ng tin s\u1ea3n ph\u1ea9m:<\/p>\n<ol>\n<li>Th\u01b0\u01a1ng hi\u1ec7u: LOZ<\/li>\n<li>Gi\u1edbi t\u00ednh: Unisex<\/li>\n<li>Name: I\u2019m Not a Square Head: Blue and White Porcelain Astronaut<\/li>\n<li>\u0110\u1ed9 tu\u1ed5i: &gt; 6 tu\u1ed5i<\/li>\n<li>Model Number: 1753<\/li>\n<li>Ph\u00e2n lo\u1ea1i: T\u1eadp h\u1ee3p<\/li>\n<li>H\u00ecnh d\u1ea1ng kh\u1ed1i nh\u1ef1a: G\u1ea1ch t\u1ef1 kh\u00f3a<\/li>\n<li>Ch\u1ea5t li\u1ec7u: Nh\u1ef1a<\/li>\n<li>Lo\u1ea1i nh\u1ef1a: ABS<\/li>\n<li>Bricks Blocks:597PCS<\/li>\n<li>Size: 11 \u00d7 9.5 \u00d7 11 cm<\/li>\n<li>Ch\u1ee9a h\u01b0\u1edbng d\u1eabn l\u1eafp r\u00e1p chi ti\u1ebft.<\/li>\n<\/ol>\n<p>\u0110\u1ec3 \u00fd:<br \/>\n1. Kh\u00f4ng c\u00f3 h\u1ed9p ban \u0111\u1ea7u, nh\u01b0ng ch\u00fang t\u00f4i \u0111\u1ea3m b\u1ea3o s\u1ea3n ph\u1ea9m c\u1ee7a ch\u00fang t\u00f4i c\u00f3 ch\u1ea5t l\u01b0\u1ee3ng \u0111\u1ea3m b\u1ea3o v\u00e0 bao b\u00ec \u0111\u1eb9p.<br \/>\n2. V\u00ec t\u1ea5t c\u1ea3 c\u00e1c b\u1ed9 ph\u1eadn ch\u00fang t\u00f4i \u0111\u00e3 ki\u1ec3m tra tr\u01b0\u1edbc khi v\u1eadn chuy\u1ec3n, v\u00ec v\u1eady n\u1ebfu b\u1ea1n th\u1ea5y m\u1ed9t s\u1ed1 b\u1ed9 ph\u1eadn b\u1ecb thi\u1ebfu ho\u1eb7c h\u01b0 h\u1ecfng, \u0111\u1eebng lo l\u1eafng v\u00e0 ch\u1ec9 c\u1ea7n vui l\u00f2ng li\u00ean h\u1ec7 v\u1edbi ch\u00fang t\u00f4i v\u00e0 ch\u00fang t\u00f4i c\u00f3 th\u1ec3 g\u1eedi l\u1ea1i mi\u1ec5n ph\u00ed cho b\u1ea1n ngay l\u1eadp t\u1ee9c.<\/p>\n<figure id=\"attachment_39677\" aria-describedby=\"caption-attachment-39677\" style=\"width: 800px\" class=\"wp-caption aligncenter\"><img fetchpriority=\"high\" decoding=\"async\" class=\"wp-image-39677 size-full\" src=\"https:\/\/mouldking.store\/wp-content\/uploads\/2023\/01\/Blue-and-White-Porcelain-Astronaut-LOZ-1753-4.jpg\" alt=\"LOZ 1753 I\u2019m Not a Square Head: Blue and White Porcelain Astronaut With 597pcs\" width=\"800\" height=\"800\" title=\"-\"><figcaption id=\"caption-attachment-39677\" class=\"wp-caption-text\">LOZ 1753 T\u00f4i Kh\u00f4ng Ph\u1ea3i \u0110\u1ea7u Vu\u00f4ng: Phi H\u00e0nh Gia B\u1eb1ng S\u1ee9 Xanh v\u00e0 Tr\u1eafng V\u1edbi 597 chi\u1ebfc<\/figcaption><\/figure>\n<figure id=\"attachment_39678\" aria-describedby=\"caption-attachment-39678\" style=\"width: 800px\" class=\"wp-caption aligncenter\"><img decoding=\"async\" class=\"wp-image-39678 size-full\" src=\"https:\/\/mouldking.store\/wp-content\/uploads\/2023\/01\/Blue-and-White-Porcelain-Astronaut-LOZ-1753-3.jpg\" alt=\"LOZ 1753 I\u2019m Not a Square Head: Blue and White Porcelain Astronaut With 597pcs\" width=\"800\" height=\"800\" title=\"-\"><figcaption id=\"caption-attachment-39678\" class=\"wp-caption-text\">LOZ 1753 T\u00f4i Kh\u00f4ng Ph\u1ea3i \u0110\u1ea7u Vu\u00f4ng: Phi H\u00e0nh Gia B\u1eb1ng S\u1ee9 Xanh v\u00e0 Tr\u1eafng V\u1edbi 597 chi\u1ebfc<\/figcaption><\/figure>\n<figure id=\"attachment_39679\" aria-describedby=\"caption-attachment-39679\" style=\"width: 1200px\" class=\"wp-caption aligncenter\"><img decoding=\"async\" class=\"wp-image-39679 size-full\" src=\"https:\/\/mouldking.store\/wp-content\/uploads\/2023\/01\/Blue-and-White-Porcelain-Astronaut-LOZ-1753-2.jpg\" alt=\"LOZ 1753 I\u2019m Not a Square Head: Blue and White Porcelain Astronaut With 597pcs\" width=\"1200\" height=\"1579\" title=\"-\"><figcaption id=\"caption-attachment-39679\" class=\"wp-caption-text\">LOZ 1753 T\u00f4i Kh\u00f4ng Ph\u1ea3i \u0110\u1ea7u Vu\u00f4ng: Phi H\u00e0nh Gia B\u1eb1ng S\u1ee9 Xanh v\u00e0 Tr\u1eafng V\u1edbi 597 chi\u1ebfc<\/figcaption><\/figure>\n<figure id=\"attachment_39680\" aria-describedby=\"caption-attachment-39680\" style=\"width: 1200px\" class=\"wp-caption aligncenter\"><img loading=\"lazy\" decoding=\"async\" class=\"wp-image-39680 size-full\" src=\"https:\/\/mouldking.store\/wp-content\/uploads\/2023\/01\/Blue-and-White-Porcelain-Astronaut-LOZ-1753-1.jpg\" alt=\"LOZ 1753 I\u2019m Not a Square Head: Blue and White Porcelain Astronaut With 597pcs\" width=\"1200\" height=\"1579\" title=\"-\"><figcaption id=\"caption-attachment-39680\" class=\"wp-caption-text\">LOZ 1753 T\u00f4i Kh\u00f4ng Ph\u1ea3i \u0110\u1ea7u Vu\u00f4ng: Phi H\u00e0nh Gia B\u1eb1ng S\u1ee9 Xanh v\u00e0 Tr\u1eafng V\u1edbi 597 chi\u1ebfc<\/figcaption><\/figure>","protected":false},"excerpt":{"rendered":"<ul>\n<li>H\u01b0\u1edbng d\u1eabn x\u00e2y d\u1ef1ng th\u1ee7 c\u00f4ng<\/li>\n<li data-wpmeteor-click=\"true\">S\u1ea3n ph\u1ea9m kh\u00f4ng bao g\u1ed3m STICKER v\u00e0 IN IN. T\u1ea5t c\u1ea3 c\u00e1c b\u1ed9 ph\u1eadn \u0111\u00e3 in s\u1ebd \u0111\u01b0\u1ee3c thay th\u1ebf b\u1eb1ng c\u00e1c b\u1ed9 ph\u1eadn ti\u00eau chu\u1ea9n v\u00e0 kh\u00f4ng \u0103n nh\u1eadp v\u1edbi c\u00e1c ph\u1ee5 ki\u1ec7n c\u1ee7a b\u00ean th\u1ee9 3.<\/li>\n<li data-wpmeteor-click=\"true\">b\u00e1n tr\u01b0\u1edbc<\/li>\n<\/ul>","protected":false},"featured_media":39678,"comment_status":"closed","ping_status":"closed","template":"","meta":{"_acf_changed":false},"product_cat":[1365],"product_tag":[10980,6341,10982,10985,10974,10986,2202,10981,10987,10979,10983,10984,1461],"class_list":["product","first","outofstock","shipping-taxable","purchasable","product-type-simple"],"acf":[],"_links":{"self":[{"href":"https:\/\/mouldking.store\/vi\/wp-json\/wp\/v2\/product\/39676","targetHints":{"allow":["GET"]}}],"collection":[{"href":"https:\/\/mouldking.store\/vi\/wp-json\/wp\/v2\/product"}],"about":[{"href":"https:\/\/mouldking.store\/vi\/wp-json\/wp\/v2\/types\/product"}],"replies":[{"embeddable":true,"href":"https:\/\/mouldking.store\/vi\/wp-json\/wp\/v2\/comments?post=39676"}],"wp:featuredmedia":[{"embeddable":true,"href":"https:\/\/mouldking.store\/vi\/wp-json\/wp\/v2\/media\/39678"}],"wp:attachment":[{"href":"https:\/\/mouldking.store\/vi\/wp-json\/wp\/v2\/media?parent=39676"}],"wp:term":[{"taxonomy":"product_cat","embeddable":true,"href":"https:\/\/mouldking.store\/vi\/wp-json\/wp\/v2\/product_cat?post=39676"},{"taxonomy":"product_tag","embeddable":true,"href":"https:\/\/mouldking.store\/vi\/wp-json\/wp\/v2\/product_tag?post=39676"}],"curies":[{"name":"wp","href":"https:\/\/api.w.org\/{rel}","templated":true}]}}