{"id":39700,"date":"2022-10-06T17:27:16","date_gmt":"2022-10-06T10:27:16","guid":{"rendered":"https:\/\/mouldking.store\/?post_type=product&#038;p=39700"},"modified":"2023-01-06T17:32:17","modified_gmt":"2023-01-06T10:32:17","slug":"loz-1928-chinese-dragon-dragon-opera-zhu-with-1416pcs","status":"publish","type":"product","link":"https:\/\/mouldking.store\/vi\/shop\/loz-1928-chinese-dragon-dragon-opera-zhu-with-1416pcs\/","title":{"rendered":"LOZ 1928 R\u1ed3ng Trung Qu\u1ed1c Dragon Opera \u201cZhu\u201d V\u1edbi 1416 chi\u1ebfc"},"content":{"rendered":"<p>Th\u00f4ng tin s\u1ea3n ph\u1ea9m:<\/p>\n<ol>\n<li>Th\u01b0\u01a1ng hi\u1ec7u: LOZ<\/li>\n<li>Gi\u1edbi t\u00ednh: Unisex<\/li>\n<li>Name: Chinese Dragon Dragon Opera \u201cZhu\u201d<\/li>\n<li>\u0110\u1ed9 tu\u1ed5i: &gt; 6 tu\u1ed5i<\/li>\n<li>Model Number: 1928<\/li>\n<li>Ph\u00e2n lo\u1ea1i: T\u1eadp h\u1ee3p<\/li>\n<li>H\u00ecnh d\u1ea1ng kh\u1ed1i nh\u1ef1a: G\u1ea1ch t\u1ef1 kh\u00f3a<\/li>\n<li>Ch\u1ea5t li\u1ec7u: Nh\u1ef1a<\/li>\n<li>Lo\u1ea1i nh\u1ef1a: ABS<\/li>\n<li>Bricks Blocks:1416PCS<\/li>\n<li>Size: 34.5 \u00d7 23 cm<\/li>\n<li>Ch\u1ee9a h\u01b0\u1edbng d\u1eabn l\u1eafp r\u00e1p chi ti\u1ebft.<\/li>\n<\/ol>\n<p>\u0110\u1ec3 \u00fd:<br \/>\n1. Kh\u00f4ng c\u00f3 h\u1ed9p ban \u0111\u1ea7u, nh\u01b0ng ch\u00fang t\u00f4i \u0111\u1ea3m b\u1ea3o s\u1ea3n ph\u1ea9m c\u1ee7a ch\u00fang t\u00f4i c\u00f3 ch\u1ea5t l\u01b0\u1ee3ng \u0111\u1ea3m b\u1ea3o v\u00e0 bao b\u00ec \u0111\u1eb9p.<br \/>\n2. V\u00ec t\u1ea5t c\u1ea3 c\u00e1c b\u1ed9 ph\u1eadn ch\u00fang t\u00f4i \u0111\u00e3 ki\u1ec3m tra tr\u01b0\u1edbc khi v\u1eadn chuy\u1ec3n, v\u00ec v\u1eady n\u1ebfu b\u1ea1n th\u1ea5y m\u1ed9t s\u1ed1 b\u1ed9 ph\u1eadn b\u1ecb thi\u1ebfu ho\u1eb7c h\u01b0 h\u1ecfng, \u0111\u1eebng lo l\u1eafng v\u00e0 ch\u1ec9 c\u1ea7n vui l\u00f2ng li\u00ean h\u1ec7 v\u1edbi ch\u00fang t\u00f4i v\u00e0 ch\u00fang t\u00f4i c\u00f3 th\u1ec3 g\u1eedi l\u1ea1i mi\u1ec5n ph\u00ed cho b\u1ea1n ngay l\u1eadp t\u1ee9c.<\/p>\n<figure id=\"attachment_39701\" aria-describedby=\"caption-attachment-39701\" style=\"width: 800px\" class=\"wp-caption aligncenter\"><img fetchpriority=\"high\" decoding=\"async\" class=\"wp-image-39701 size-full\" src=\"https:\/\/mouldking.store\/wp-content\/uploads\/2023\/01\/Chinese-Dragon-Dragon-Opera-Zhu-LOZ-1928-4.jpg\" alt=\"LOZ 1928 Chinese Dragon Dragon Opera \u201cZhu\u201d With 1416pcs\" width=\"800\" height=\"800\" title=\"-\"><figcaption id=\"caption-attachment-39701\" class=\"wp-caption-text\">LOZ 1928 R\u1ed3ng Trung Qu\u1ed1c Dragon Opera \u201cZhu\u201d V\u1edbi 1416 chi\u1ebfc<\/figcaption><\/figure>\n<figure id=\"attachment_39702\" aria-describedby=\"caption-attachment-39702\" style=\"width: 800px\" class=\"wp-caption aligncenter\"><img decoding=\"async\" class=\"wp-image-39702 size-full\" src=\"https:\/\/mouldking.store\/wp-content\/uploads\/2023\/01\/Chinese-Dragon-Dragon-Opera-Zhu-LOZ-1928-3.jpg\" alt=\"LOZ 1928 Chinese Dragon Dragon Opera \u201cZhu\u201d With 1416pcs\" width=\"800\" height=\"800\" title=\"-\"><figcaption id=\"caption-attachment-39702\" class=\"wp-caption-text\">LOZ 1928 R\u1ed3ng Trung Qu\u1ed1c Dragon Opera \u201cZhu\u201d V\u1edbi 1416 chi\u1ebfc<\/figcaption><\/figure>\n<figure id=\"attachment_39703\" aria-describedby=\"caption-attachment-39703\" style=\"width: 800px\" class=\"wp-caption aligncenter\"><img decoding=\"async\" class=\"wp-image-39703 size-full\" src=\"https:\/\/mouldking.store\/wp-content\/uploads\/2023\/01\/Chinese-Dragon-Dragon-Opera-Zhu-LOZ-1928-2.jpg\" alt=\"LOZ 1928 Chinese Dragon Dragon Opera \u201cZhu\u201d With 1416pcs\" width=\"800\" height=\"800\" title=\"-\"><figcaption id=\"caption-attachment-39703\" class=\"wp-caption-text\">LOZ 1928 R\u1ed3ng Trung Qu\u1ed1c Dragon Opera \u201cZhu\u201d V\u1edbi 1416 chi\u1ebfc<\/figcaption><\/figure>\n<figure id=\"attachment_39704\" aria-describedby=\"caption-attachment-39704\" style=\"width: 800px\" class=\"wp-caption aligncenter\"><img loading=\"lazy\" decoding=\"async\" class=\"wp-image-39704 size-full\" src=\"https:\/\/mouldking.store\/wp-content\/uploads\/2023\/01\/Chinese-Dragon-Dragon-Opera-Zhu-LOZ-1928-1.jpg\" alt=\"LOZ 1928 Chinese Dragon Dragon Opera \u201cZhu\u201d With 1416pcs\" width=\"800\" height=\"800\" title=\"-\"><figcaption id=\"caption-attachment-39704\" class=\"wp-caption-text\">LOZ 1928 R\u1ed3ng Trung Qu\u1ed1c Dragon Opera \u201cZhu\u201d V\u1edbi 1416 chi\u1ebfc<\/figcaption><\/figure>","protected":false},"excerpt":{"rendered":"<ul>\n<li>H\u01b0\u1edbng d\u1eabn x\u00e2y d\u1ef1ng th\u1ee7 c\u00f4ng<\/li>\n<li data-wpmeteor-click=\"true\">S\u1ea3n ph\u1ea9m kh\u00f4ng bao g\u1ed3m STICKER v\u00e0 IN IN. T\u1ea5t c\u1ea3 c\u00e1c b\u1ed9 ph\u1eadn \u0111\u00e3 in s\u1ebd \u0111\u01b0\u1ee3c thay th\u1ebf b\u1eb1ng c\u00e1c b\u1ed9 ph\u1eadn ti\u00eau chu\u1ea9n v\u00e0 kh\u00f4ng \u0103n nh\u1eadp v\u1edbi c\u00e1c ph\u1ee5 ki\u1ec7n c\u1ee7a b\u00ean th\u1ee9 3.<\/li>\n<li data-wpmeteor-click=\"true\">b\u00e1n tr\u01b0\u1edbc<\/li>\n<\/ul>","protected":false},"featured_media":39701,"comment_status":"closed","ping_status":"closed","template":"","meta":{"_acf_changed":false},"product_cat":[1365],"product_tag":[11014,6462,6900,1771,11017,11016,2202,11015,11018,11013],"class_list":["product","first","outofstock","shipping-taxable","purchasable","product-type-simple"],"acf":[],"_links":{"self":[{"href":"https:\/\/mouldking.store\/vi\/wp-json\/wp\/v2\/product\/39700","targetHints":{"allow":["GET"]}}],"collection":[{"href":"https:\/\/mouldking.store\/vi\/wp-json\/wp\/v2\/product"}],"about":[{"href":"https:\/\/mouldking.store\/vi\/wp-json\/wp\/v2\/types\/product"}],"replies":[{"embeddable":true,"href":"https:\/\/mouldking.store\/vi\/wp-json\/wp\/v2\/comments?post=39700"}],"wp:featuredmedia":[{"embeddable":true,"href":"https:\/\/mouldking.store\/vi\/wp-json\/wp\/v2\/media\/39701"}],"wp:attachment":[{"href":"https:\/\/mouldking.store\/vi\/wp-json\/wp\/v2\/media?parent=39700"}],"wp:term":[{"taxonomy":"product_cat","embeddable":true,"href":"https:\/\/mouldking.store\/vi\/wp-json\/wp\/v2\/product_cat?post=39700"},{"taxonomy":"product_tag","embeddable":true,"href":"https:\/\/mouldking.store\/vi\/wp-json\/wp\/v2\/product_tag?post=39700"}],"curies":[{"name":"wp","href":"https:\/\/api.w.org\/{rel}","templated":true}]}}