{"id":39769,"date":"2023-01-09T15:55:58","date_gmt":"2023-01-09T08:55:58","guid":{"rendered":"https:\/\/mouldking.store\/shop\/wange-5238-seattle-space-needle-with-1075-pieces\/"},"modified":"2023-01-09T15:55:58","modified_gmt":"2023-01-09T08:55:58","slug":"wange-5238-seattle-space-needle-with-1075-pieces","status":"publish","type":"product","link":"https:\/\/mouldking.store\/vi\/shop\/wange-5238-seattle-space-needle-with-1075-pieces\/","title":{"rendered":"WANGE 5238 Seattle Space Needle v\u1edbi 1075 mi\u1ebfng"},"content":{"rendered":"<div>\u00b7\u0110\u1ea1i l\u00fd: Barweer Building Block<br \/>\u00b7M\u00e3 s\u1ed1 : WANGE 5238<br \/>\u00b7T\u00ean s\u1ea3n ph\u1ea9m: Space Needle<br \/>\u00b7Ch\u1ee7 \u0111\u1ec1: Ng\u01b0\u1eddi s\u00e1ng t\u1ea1o<br \/>\u00b7Kh\u1ed1i g\u1ea1ch: 1075\u00b1chi\u1ebfc<br \/>\u00b7Ch\u1ea5t li\u1ec7u: Nh\u1ef1a ABS<br \/>\u00b7Tu\u1ed5i: 6+<br \/>.Warning: kh\u00f4ng \u0103n \u0111\u01b0\u1ee3c<\/div>","protected":false},"excerpt":{"rendered":"<p>Th\u01b0\u01a1ng hi\u1ec7u: WANGE<br \/>\nGi\u1edbi t\u00ednh: Unisex<br \/>\n\u0110\u1ed9 tu\u1ed5i: &gt; 6 tu\u1ed5i<br \/>\nS\u1ed1 m\u00f4 h\u00ecnh: 5238<br \/>\nPh\u00e2n lo\u1ea1i: T\u1eadp h\u1ee3p<br \/>\nH\u00ecnh d\u1ea1ng kh\u1ed1i nh\u1ef1a: G\u1ea1ch t\u1ef1 kh\u00f3a<br \/>\nCh\u1ea5t li\u1ec7u: Nh\u1ef1a<br \/>\nLo\u1ea1i nh\u1ef1a: ABS<br \/>\nKh\u1ed1i g\u1ea1ch: 1075 +<br \/>\nKh\u00f4ng c\u00f3 h\u1ed9p ban \u0111\u1ea7u<\/p>","protected":false},"featured_media":39764,"comment_status":"open","ping_status":"closed","template":"","meta":{"_acf_changed":false},"product_cat":[1365,1395,390,6016],"product_tag":[727,4883,8452,2276,2302],"class_list":["product","first","instock","shipping-taxable","purchasable","product-type-simple"],"acf":[],"_links":{"self":[{"href":"https:\/\/mouldking.store\/vi\/wp-json\/wp\/v2\/product\/39769","targetHints":{"allow":["GET"]}}],"collection":[{"href":"https:\/\/mouldking.store\/vi\/wp-json\/wp\/v2\/product"}],"about":[{"href":"https:\/\/mouldking.store\/vi\/wp-json\/wp\/v2\/types\/product"}],"replies":[{"embeddable":true,"href":"https:\/\/mouldking.store\/vi\/wp-json\/wp\/v2\/comments?post=39769"}],"wp:featuredmedia":[{"embeddable":true,"href":"https:\/\/mouldking.store\/vi\/wp-json\/wp\/v2\/media\/39764"}],"wp:attachment":[{"href":"https:\/\/mouldking.store\/vi\/wp-json\/wp\/v2\/media?parent=39769"}],"wp:term":[{"taxonomy":"product_cat","embeddable":true,"href":"https:\/\/mouldking.store\/vi\/wp-json\/wp\/v2\/product_cat?post=39769"},{"taxonomy":"product_tag","embeddable":true,"href":"https:\/\/mouldking.store\/vi\/wp-json\/wp\/v2\/product_tag?post=39769"}],"curies":[{"name":"wp","href":"https:\/\/api.w.org\/{rel}","templated":true}]}}