{"id":39784,"date":"2023-01-10T15:10:43","date_gmt":"2023-01-10T08:10:43","guid":{"rendered":"https:\/\/mouldking.store\/shop\/guly-10612-18-abol-ie-sports-car-with-3468-pieces\/"},"modified":"2023-01-10T15:10:43","modified_gmt":"2023-01-10T08:10:43","slug":"guly-10612-18-abol-ie-sports-car-with-3468-pieces","status":"publish","type":"product","link":"https:\/\/mouldking.store\/vi\/shop\/guly-10612-18-abol-ie-sports-car-with-3468-pieces\/","title":{"rendered":"GULY 10612 Xe th\u1ec3 thao ABOL-IE 1:8 g\u1ed3m 3468 chi ti\u1ebft"},"content":{"rendered":"<div>\u00b7M\u00e3 s\u1ed1 : GULY10612<br \/>\u00b7T\u00ean s\u1ea3n ph\u1ea9m: ABOL-IE<br \/>\u00b7Ch\u1ee7 \u0111\u1ec1: K\u1ef9 thu\u1eadt<br \/>\u00b7Kh\u1ed1i g\u1ea1ch: 3468\u00b1chi\u1ebfc<br \/>\u00b7Ch\u1ea5t li\u1ec7u: Nh\u1ef1a ABS<br \/>\u00b7Tu\u1ed5i: 8+<br \/>.Warning: kh\u00f4ng \u0103n \u0111\u01b0\u1ee3c<\/div>","protected":false},"excerpt":{"rendered":"<p>Th\u01b0\u01a1ng hi\u1ec7u: GULY<br \/>\nGi\u1edbi t\u00ednh: Unisex<br \/>\n\u0110\u1ed9 tu\u1ed5i: &gt; 8 tu\u1ed5i<br \/>\nS\u1ed1 m\u00f4 h\u00ecnh: 10612<br \/>\nPh\u00e2n lo\u1ea1i: T\u1eadp h\u1ee3p<br \/>\nH\u00ecnh d\u1ea1ng kh\u1ed1i nh\u1ef1a: G\u1ea1ch t\u1ef1 kh\u00f3a<br \/>\nCh\u1ea5t li\u1ec7u: Nh\u1ef1a<br \/>\nLo\u1ea1i nh\u1ef1a: ABS<br \/>\nKh\u1ed1i g\u1ea1ch: 3468 +<br \/>\nv\u1edbi \u0111\u1ed9ng c\u01a1<\/p>","protected":false},"featured_media":39778,"comment_status":"open","ping_status":"closed","template":"","meta":{"_acf_changed":false},"product_cat":[1360,1357,364],"product_tag":[457,11071,11070,389],"class_list":["product","first","instock","shipping-taxable","purchasable","product-type-simple"],"acf":[],"_links":{"self":[{"href":"https:\/\/mouldking.store\/vi\/wp-json\/wp\/v2\/product\/39784","targetHints":{"allow":["GET"]}}],"collection":[{"href":"https:\/\/mouldking.store\/vi\/wp-json\/wp\/v2\/product"}],"about":[{"href":"https:\/\/mouldking.store\/vi\/wp-json\/wp\/v2\/types\/product"}],"replies":[{"embeddable":true,"href":"https:\/\/mouldking.store\/vi\/wp-json\/wp\/v2\/comments?post=39784"}],"wp:featuredmedia":[{"embeddable":true,"href":"https:\/\/mouldking.store\/vi\/wp-json\/wp\/v2\/media\/39778"}],"wp:attachment":[{"href":"https:\/\/mouldking.store\/vi\/wp-json\/wp\/v2\/media?parent=39784"}],"wp:term":[{"taxonomy":"product_cat","embeddable":true,"href":"https:\/\/mouldking.store\/vi\/wp-json\/wp\/v2\/product_cat?post=39784"},{"taxonomy":"product_tag","embeddable":true,"href":"https:\/\/mouldking.store\/vi\/wp-json\/wp\/v2\/product_tag?post=39784"}],"curies":[{"name":"wp","href":"https:\/\/api.w.org\/{rel}","templated":true}]}}