{"id":39800,"date":"2023-01-11T09:43:57","date_gmt":"2023-01-11T02:43:57","guid":{"rendered":"https:\/\/mouldking.store\/shop\/jaki-xwzb-22026-chinese-traditional-festivals-seasonal-new-years-eve-with-2000-pieces\/"},"modified":"2023-01-11T09:43:57","modified_gmt":"2023-01-11T02:43:57","slug":"jaki-xwzb-22026-chinese-traditional-festivals-seasonal-new-years-eve-with-2000-pieces","status":"publish","type":"product","link":"https:\/\/mouldking.store\/vi\/shop\/jaki-xwzb-22026-chinese-traditional-festivals-seasonal-new-years-eve-with-2000-pieces\/","title":{"rendered":"JAKI XWZB-22026 L\u1ec5 h\u1ed9i truy\u1ec1n th\u1ed1ng Trung Qu\u1ed1c Giao th\u1eeba theo m\u00f9a v\u1edbi 2000 mi\u1ebfng"},"content":{"rendered":"<div>\u00b7Item No. : XWZB-22026<br \/>\u00b7Product Name: Chinese Traditional Festivals<br \/>\u00b7Ch\u1ee7 \u0111\u1ec1: Ng\u01b0\u1eddi s\u00e1ng t\u1ea1o<br \/>\u00b7Bricks Blocks: 2000\u00b1pcs<br \/>\u00b7Ch\u1ea5t li\u1ec7u: Nh\u1ef1a ABS<br \/>\u00b7Tu\u1ed5i: 8+<br \/>.Warning: kh\u00f4ng \u0103n \u0111\u01b0\u1ee3c<\/div>","protected":false},"excerpt":{"rendered":"<p>Th\u01b0\u01a1ng hi\u1ec7u: JAKI<br \/>\nGi\u1edbi t\u00ednh: Unisex<br \/>\n\u0110\u1ed9 tu\u1ed5i: &gt; 8 tu\u1ed5i<br \/>\nModel Number: XWZB-22026<br \/>\nPh\u00e2n lo\u1ea1i: T\u1eadp h\u1ee3p<br \/>\nH\u00ecnh d\u1ea1ng kh\u1ed1i nh\u1ef1a: G\u1ea1ch t\u1ef1 kh\u00f3a<br \/>\nCh\u1ea5t li\u1ec7u: Nh\u1ef1a<br \/>\nLo\u1ea1i nh\u1ef1a: ABS<br \/>\nKh\u1ed1i g\u1ea1ch: 2000 +<br \/>\nM\u1ea3nh gh\u00e9p c\u00f3 th\u1ec3 thay \u0111\u1ed5i<br \/>\nKh\u00f4ng c\u00f3 h\u1ed9p ban \u0111\u1ea7u<\/p>","protected":false},"featured_media":39794,"comment_status":"open","ping_status":"closed","template":"","meta":{"_acf_changed":false},"product_cat":[1365,1395,390],"product_tag":[727,11073,4883,8452,11074],"class_list":["product","first","instock","shipping-taxable","purchasable","product-type-simple"],"acf":[],"_links":{"self":[{"href":"https:\/\/mouldking.store\/vi\/wp-json\/wp\/v2\/product\/39800","targetHints":{"allow":["GET"]}}],"collection":[{"href":"https:\/\/mouldking.store\/vi\/wp-json\/wp\/v2\/product"}],"about":[{"href":"https:\/\/mouldking.store\/vi\/wp-json\/wp\/v2\/types\/product"}],"replies":[{"embeddable":true,"href":"https:\/\/mouldking.store\/vi\/wp-json\/wp\/v2\/comments?post=39800"}],"wp:featuredmedia":[{"embeddable":true,"href":"https:\/\/mouldking.store\/vi\/wp-json\/wp\/v2\/media\/39794"}],"wp:attachment":[{"href":"https:\/\/mouldking.store\/vi\/wp-json\/wp\/v2\/media?parent=39800"}],"wp:term":[{"taxonomy":"product_cat","embeddable":true,"href":"https:\/\/mouldking.store\/vi\/wp-json\/wp\/v2\/product_cat?post=39800"},{"taxonomy":"product_tag","embeddable":true,"href":"https:\/\/mouldking.store\/vi\/wp-json\/wp\/v2\/product_tag?post=39800"}],"curies":[{"name":"wp","href":"https:\/\/api.w.org\/{rel}","templated":true}]}}