{"id":39889,"date":"2023-01-13T09:54:08","date_gmt":"2023-01-13T02:54:08","guid":{"rendered":"https:\/\/mouldking.store\/shop\/mork-10206-science-and-technology-museum-with-3784-pieces\/"},"modified":"2023-01-13T09:54:08","modified_gmt":"2023-01-13T02:54:08","slug":"mork-10206-science-and-technology-museum-with-3784-pieces","status":"publish","type":"product","link":"https:\/\/mouldking.store\/vi\/shop\/mork-10206-science-and-technology-museum-with-3784-pieces\/","title":{"rendered":"MORK 10206 B\u1ea3o t\u00e0ng Khoa h\u1ecdc v\u00e0 C\u00f4ng ngh\u1ec7 v\u1edbi 3784 hi\u1ec7n v\u1eadt"},"content":{"rendered":"<div>\u00b7Item No. : Mork 10206<br \/>\u00b7Product Name: Science and technology museum<br \/>\u00b7Theme: Buildings<br \/>\u00b7Bricks Blocks: 3784\u00b1pcs<br \/>\u00b7Ch\u1ea5t li\u1ec7u: Nh\u1ef1a ABS<br \/>\u00b7Tu\u1ed5i: 6+<br \/>.Warning: kh\u00f4ng \u0103n \u0111\u01b0\u1ee3c<\/div>","protected":false},"excerpt":{"rendered":"<p>Th\u01b0\u01a1ng hi\u1ec7u: MORK<br \/>\nGi\u1edbi t\u00ednh: Unisex<br \/>\n\u0110\u1ed9 tu\u1ed5i: &gt; 6 tu\u1ed5i<br \/>\nModel Number: 10206<br \/>\nPh\u00e2n lo\u1ea1i: T\u1eadp h\u1ee3p<br \/>\nH\u00ecnh d\u1ea1ng kh\u1ed1i nh\u1ef1a: G\u1ea1ch t\u1ef1 kh\u00f3a<br \/>\nCh\u1ea5t li\u1ec7u: Nh\u1ef1a<br \/>\nLo\u1ea1i nh\u1ef1a: ABS<br \/>\nBricks Blocks: 3784 +<br \/>\nWith Light<\/p>","protected":false},"featured_media":39885,"comment_status":"open","ping_status":"closed","template":"","meta":{"_acf_changed":false},"product_cat":[1365,1395,390],"product_tag":[727,4883,8452,5679,3244,11078,11079],"class_list":["product","first","instock","shipping-taxable","purchasable","product-type-simple"],"acf":[],"_links":{"self":[{"href":"https:\/\/mouldking.store\/vi\/wp-json\/wp\/v2\/product\/39889","targetHints":{"allow":["GET"]}}],"collection":[{"href":"https:\/\/mouldking.store\/vi\/wp-json\/wp\/v2\/product"}],"about":[{"href":"https:\/\/mouldking.store\/vi\/wp-json\/wp\/v2\/types\/product"}],"replies":[{"embeddable":true,"href":"https:\/\/mouldking.store\/vi\/wp-json\/wp\/v2\/comments?post=39889"}],"wp:featuredmedia":[{"embeddable":true,"href":"https:\/\/mouldking.store\/vi\/wp-json\/wp\/v2\/media\/39885"}],"wp:attachment":[{"href":"https:\/\/mouldking.store\/vi\/wp-json\/wp\/v2\/media?parent=39889"}],"wp:term":[{"taxonomy":"product_cat","embeddable":true,"href":"https:\/\/mouldking.store\/vi\/wp-json\/wp\/v2\/product_cat?post=39889"},{"taxonomy":"product_tag","embeddable":true,"href":"https:\/\/mouldking.store\/vi\/wp-json\/wp\/v2\/product_tag?post=39889"}],"curies":[{"name":"wp","href":"https:\/\/api.w.org\/{rel}","templated":true}]}}