{"id":39896,"date":"2023-01-13T10:21:10","date_gmt":"2023-01-13T03:21:10","guid":{"rendered":"https:\/\/mouldking.store\/shop\/k-box-10519-red-apollo-evo-18-sports-car-with-3669-pieces\/"},"modified":"2023-01-13T10:21:10","modified_gmt":"2023-01-13T03:21:10","slug":"k-box-10519-red-apollo-evo-18-sports-car-with-3669-pieces","status":"publish","type":"product","link":"https:\/\/mouldking.store\/vi\/shop\/k-box-10519-red-apollo-evo-18-sports-car-with-3669-pieces\/","title":{"rendered":"K-Box 10519 Xe th\u1ec3 thao Apollo EVO t\u1ec9 l\u1ec7 1:8 m\u00e0u \u0111\u1ecf v\u1edbi 3669 m\u1ea3nh gh\u00e9p"},"content":{"rendered":"<div>\u00b7Item No. : K-Box 10519<br \/>\u00b7Product Name: Apollo EVO<br \/>\u00b7Ch\u1ee7 \u0111\u1ec1: K\u1ef9 thu\u1eadt<br \/>\u00b7Bricks Blocks: 3669\u00b1pcs<br \/>\u00b7Ch\u1ea5t li\u1ec7u: Nh\u1ef1a ABS<br \/>\u00b7Ages: 14+<br \/>.Warning: kh\u00f4ng \u0103n \u0111\u01b0\u1ee3c<\/div>","protected":false},"excerpt":{"rendered":"<p>Th\u01b0\u01a1ng hi\u1ec7u: K-Box<br \/>\nGi\u1edbi t\u00ednh: Unisex<br \/>\n\u0110\u1ed9 tu\u1ed5i: &gt; 14 tu\u1ed5i<br \/>\nModel Number: 10519<br \/>\nPh\u00e2n lo\u1ea1i: T\u1eadp h\u1ee3p<br \/>\nH\u00ecnh d\u1ea1ng kh\u1ed1i nh\u1ef1a: G\u1ea1ch t\u1ef1 kh\u00f3a<br \/>\nCh\u1ea5t li\u1ec7u: Nh\u1ef1a<br \/>\nLo\u1ea1i nh\u1ef1a: ABS<br \/>\nBricks Blocks: 3669 +<br \/>\nKh\u00f4ng c\u00f3 h\u1ed9p<\/p>","protected":false},"featured_media":39891,"comment_status":"open","ping_status":"closed","template":"","meta":{"_acf_changed":false},"product_cat":[1360,1357,364],"product_tag":[5173,457,480,389,11080],"class_list":["product","first","instock","shipping-taxable","purchasable","product-type-simple"],"acf":[],"_links":{"self":[{"href":"https:\/\/mouldking.store\/vi\/wp-json\/wp\/v2\/product\/39896","targetHints":{"allow":["GET"]}}],"collection":[{"href":"https:\/\/mouldking.store\/vi\/wp-json\/wp\/v2\/product"}],"about":[{"href":"https:\/\/mouldking.store\/vi\/wp-json\/wp\/v2\/types\/product"}],"replies":[{"embeddable":true,"href":"https:\/\/mouldking.store\/vi\/wp-json\/wp\/v2\/comments?post=39896"}],"wp:featuredmedia":[{"embeddable":true,"href":"https:\/\/mouldking.store\/vi\/wp-json\/wp\/v2\/media\/39891"}],"wp:attachment":[{"href":"https:\/\/mouldking.store\/vi\/wp-json\/wp\/v2\/media?parent=39896"}],"wp:term":[{"taxonomy":"product_cat","embeddable":true,"href":"https:\/\/mouldking.store\/vi\/wp-json\/wp\/v2\/product_cat?post=39896"},{"taxonomy":"product_tag","embeddable":true,"href":"https:\/\/mouldking.store\/vi\/wp-json\/wp\/v2\/product_tag?post=39896"}],"curies":[{"name":"wp","href":"https:\/\/api.w.org\/{rel}","templated":true}]}}