{"id":39942,"date":"2023-01-13T12:21:08","date_gmt":"2023-01-13T05:21:08","guid":{"rendered":"https:\/\/mouldking.store\/shop\/quanguan-758-orange-friend-with-361-pieces\/"},"modified":"2023-01-13T12:21:08","modified_gmt":"2023-01-13T05:21:08","slug":"quanguan-758-orange-friend-with-361-pieces","status":"publish","type":"product","link":"https:\/\/mouldking.store\/vi\/shop\/quanguan-758-orange-friend-with-361-pieces\/","title":{"rendered":"QUANGUAN 758 Orange Friend v\u1edbi 361 mi\u1ebfng"},"content":{"rendered":"<div>1. Model Number: 758<br \/>2. C\u1ea3nh b\u00e1o: kh\u00f4ng \u0103n \u0111\u01b0\u1ee3c<br \/>3. \u0110\u1ed9 tu\u1ed5i: &gt; 6 tu\u1ed5i<br \/>4. Ch\u1ee9ng nh\u1eadn: 3C<br \/>5. H\u00ecnh d\u1ea1ng kh\u1ed1i nh\u1ef1a: G\u1ea1ch t\u1ef1 kh\u00f3a<br \/>6. Ch\u1ea5t li\u1ec7u: Nh\u1ef1a<br \/>7. Lo\u1ea1i nh\u1ef1a: ABS<br \/>8. Bricks Blocks: ~361+PCS<\/div>","protected":false},"excerpt":{"rendered":"<p>Th\u01b0\u01a1ng hi\u1ec7u: QUANGUAN<br \/>\nGi\u1edbi t\u00ednh: Unisex<br \/>\n\u0110\u1ed9 tu\u1ed5i: &gt; 6 tu\u1ed5i<br \/>\nModel Number: 758<br \/>\nPh\u00e2n lo\u1ea1i: T\u1eadp h\u1ee3p<br \/>\nH\u00ecnh d\u1ea1ng kh\u1ed1i nh\u1ef1a: G\u1ea1ch t\u1ef1 kh\u00f3a<br \/>\nCh\u1ea5t li\u1ec7u: Nh\u1ef1a<br \/>\nLo\u1ea1i nh\u1ef1a: ABS<br \/>\nBricks Blocks: 361 +<br \/>\nWithout box<\/p>","protected":false},"featured_media":39938,"comment_status":"open","ping_status":"closed","template":"","meta":{"_acf_changed":false},"product_cat":[1365,371,581,1408],"product_tag":[11072,8452,6688,9139,434,601,6687],"class_list":["product","first","instock","shipping-taxable","purchasable","product-type-simple"],"acf":[],"_links":{"self":[{"href":"https:\/\/mouldking.store\/vi\/wp-json\/wp\/v2\/product\/39942","targetHints":{"allow":["GET"]}}],"collection":[{"href":"https:\/\/mouldking.store\/vi\/wp-json\/wp\/v2\/product"}],"about":[{"href":"https:\/\/mouldking.store\/vi\/wp-json\/wp\/v2\/types\/product"}],"replies":[{"embeddable":true,"href":"https:\/\/mouldking.store\/vi\/wp-json\/wp\/v2\/comments?post=39942"}],"wp:featuredmedia":[{"embeddable":true,"href":"https:\/\/mouldking.store\/vi\/wp-json\/wp\/v2\/media\/39938"}],"wp:attachment":[{"href":"https:\/\/mouldking.store\/vi\/wp-json\/wp\/v2\/media?parent=39942"}],"wp:term":[{"taxonomy":"product_cat","embeddable":true,"href":"https:\/\/mouldking.store\/vi\/wp-json\/wp\/v2\/product_cat?post=39942"},{"taxonomy":"product_tag","embeddable":true,"href":"https:\/\/mouldking.store\/vi\/wp-json\/wp\/v2\/product_tag?post=39942"}],"curies":[{"name":"wp","href":"https:\/\/api.w.org\/{rel}","templated":true}]}}