{"id":40271,"date":"2023-01-19T10:42:23","date_gmt":"2023-01-19T03:42:23","guid":{"rendered":"https:\/\/mouldking.store\/shop\/qman-enlighten-keeppley-42112-unlimited-ideas-armed-vanguard-with-328-pieces\/"},"modified":"2023-01-19T10:42:23","modified_gmt":"2023-01-19T03:42:23","slug":"qman-enlighten-keeppley-42112-unlimited-ideas-armed-vanguard-with-328-pieces","status":"publish","type":"product","link":"https:\/\/mouldking.store\/vi\/shop\/qman-enlighten-keeppley-42112-unlimited-ideas-armed-vanguard-with-328-pieces\/","title":{"rendered":"QMAN \/ ENLIGHTEN \/ KEEPPLEY 42112 \u00dd t\u01b0\u1edfng kh\u00f4ng gi\u1edbi h\u1ea1n: \u0110\u1ed9i ti\u00ean phong c\u00f3 v\u0169 trang v\u1edbi 328 m\u1ea3nh gh\u00e9p"},"content":{"rendered":"<div>Number of parts 328 pcs<br \/>Finished product 8.5 \u00d7 5.5 \u00d7 4 cm<\/div>","protected":false},"excerpt":{"rendered":"<p>Th\u01b0\u01a1ng hi\u1ec7u: QMAN \/ ENLIGHTEN \/ KEEPPLEY<br \/>\nGi\u1edbi t\u00ednh: Unisex<br \/>\n\u0110\u1ed9 tu\u1ed5i: &gt; 6 tu\u1ed5i<br \/>\nModel Number: 42112<br \/>\nPh\u00e2n lo\u1ea1i: T\u1eadp h\u1ee3p<br \/>\nH\u00ecnh d\u1ea1ng kh\u1ed1i nh\u1ef1a: G\u1ea1ch t\u1ef1 kh\u00f3a<br \/>\nCh\u1ea5t li\u1ec7u: Nh\u1ef1a<br \/>\nLo\u1ea1i nh\u1ef1a: ABS<br \/>\nBricks Blocks: 328 +<br \/>\nb\u00e1n tr\u01b0\u1edbc<br \/>\nH\u1ebft h\u00e0ng<\/p>","protected":false},"featured_media":40269,"comment_status":"open","ping_status":"closed","template":"","meta":{"_acf_changed":false},"product_cat":[1350,372],"product_tag":[11112,374,485],"class_list":["product","first","instock","shipping-taxable","purchasable","product-type-simple"],"acf":[],"_links":{"self":[{"href":"https:\/\/mouldking.store\/vi\/wp-json\/wp\/v2\/product\/40271","targetHints":{"allow":["GET"]}}],"collection":[{"href":"https:\/\/mouldking.store\/vi\/wp-json\/wp\/v2\/product"}],"about":[{"href":"https:\/\/mouldking.store\/vi\/wp-json\/wp\/v2\/types\/product"}],"replies":[{"embeddable":true,"href":"https:\/\/mouldking.store\/vi\/wp-json\/wp\/v2\/comments?post=40271"}],"wp:featuredmedia":[{"embeddable":true,"href":"https:\/\/mouldking.store\/vi\/wp-json\/wp\/v2\/media\/40269"}],"wp:attachment":[{"href":"https:\/\/mouldking.store\/vi\/wp-json\/wp\/v2\/media?parent=40271"}],"wp:term":[{"taxonomy":"product_cat","embeddable":true,"href":"https:\/\/mouldking.store\/vi\/wp-json\/wp\/v2\/product_cat?post=40271"},{"taxonomy":"product_tag","embeddable":true,"href":"https:\/\/mouldking.store\/vi\/wp-json\/wp\/v2\/product_tag?post=40271"}],"curies":[{"name":"wp","href":"https:\/\/api.w.org\/{rel}","templated":true}]}}