{"id":40325,"date":"2023-01-19T14:26:35","date_gmt":"2023-01-19T07:26:35","guid":{"rendered":"https:\/\/mouldking.store\/shop\/balody-21012-zhuquefang-fengyi-lantern-store-with-897-pieces\/"},"modified":"2023-01-19T14:26:35","modified_gmt":"2023-01-19T07:26:35","slug":"balody-21012-zhuquefang-fengyi-lantern-store-with-897-pieces","status":"publish","type":"product","link":"https:\/\/mouldking.store\/vi\/shop\/balody-21012-zhuquefang-fengyi-lantern-store-with-897-pieces\/","title":{"rendered":"BALODY 21012 C\u1eeda h\u00e0ng \u0111\u00e8n l\u1ed3ng Zhuquefang Fengyi v\u1edbi 897 chi\u1ebfc"},"content":{"rendered":"<div>S\u1ed1 b\u1ed9 ph\u1eadn 897 chi\u1ebfc<br \/>Th\u00e0nh ph\u1ea9m 24.1\u00d722.4\u00d718.9 cm<\/div>","protected":false},"excerpt":{"rendered":"<p>Th\u01b0\u01a1ng hi\u1ec7u: BALODY<br \/>\nGi\u1edbi t\u00ednh: Unisex<br \/>\n\u0110\u1ed9 tu\u1ed5i: &gt; 8 tu\u1ed5i<br \/>\nS\u1ed1 m\u00f4 h\u00ecnh: 21012<br \/>\nPh\u00e2n lo\u1ea1i: T\u1eadp h\u1ee3p<br \/>\nH\u00ecnh d\u1ea1ng kh\u1ed1i nh\u1ef1a: G\u1ea1ch t\u1ef1 kh\u00f3a<br \/>\nCh\u1ea5t li\u1ec7u: Nh\u1ef1a<br \/>\nLo\u1ea1i nh\u1ef1a: ABS<br \/>\nKh\u1ed1i g\u1ea1ch: 897 +<br \/>\nb\u00e1n tr\u01b0\u1edbc<br \/>\nH\u1ebft h\u00e0ng<\/p>","protected":false},"featured_media":40323,"comment_status":"open","ping_status":"closed","template":"","meta":{"_acf_changed":false},"product_cat":[1365,1395,371,390],"product_tag":[11072,8452,6260,11099,5679,1693],"class_list":["product","first","instock","shipping-taxable","purchasable","product-type-simple"],"acf":[],"_links":{"self":[{"href":"https:\/\/mouldking.store\/vi\/wp-json\/wp\/v2\/product\/40325","targetHints":{"allow":["GET"]}}],"collection":[{"href":"https:\/\/mouldking.store\/vi\/wp-json\/wp\/v2\/product"}],"about":[{"href":"https:\/\/mouldking.store\/vi\/wp-json\/wp\/v2\/types\/product"}],"replies":[{"embeddable":true,"href":"https:\/\/mouldking.store\/vi\/wp-json\/wp\/v2\/comments?post=40325"}],"wp:featuredmedia":[{"embeddable":true,"href":"https:\/\/mouldking.store\/vi\/wp-json\/wp\/v2\/media\/40323"}],"wp:attachment":[{"href":"https:\/\/mouldking.store\/vi\/wp-json\/wp\/v2\/media?parent=40325"}],"wp:term":[{"taxonomy":"product_cat","embeddable":true,"href":"https:\/\/mouldking.store\/vi\/wp-json\/wp\/v2\/product_cat?post=40325"},{"taxonomy":"product_tag","embeddable":true,"href":"https:\/\/mouldking.store\/vi\/wp-json\/wp\/v2\/product_tag?post=40325"}],"curies":[{"name":"wp","href":"https:\/\/api.w.org\/{rel}","templated":true}]}}