{"id":40511,"date":"2023-01-30T09:26:28","date_gmt":"2023-01-30T02:26:28","guid":{"rendered":"https:\/\/mouldking.store\/shop\/sluban-m38-b1107-world-war-ii-pacific-storm-type-97-medium-tank-with-563-pieces\/"},"modified":"2023-01-30T09:26:28","modified_gmt":"2023-01-30T02:26:28","slug":"sluban-m38-b1107-world-war-ii-pacific-storm-type-97-medium-tank-with-563-pieces","status":"publish","type":"product","link":"https:\/\/mouldking.store\/vi\/shop\/sluban-m38-b1107-world-war-ii-pacific-storm-type-97-medium-tank-with-563-pieces\/","title":{"rendered":"Sluban M38-B1107 B\u00e3o Th\u00e1i B\u00ecnh D\u01b0\u01a1ng trong Th\u1ebf chi\u1ebfn II: Xe t\u0103ng h\u1ea1ng trung Ki\u1ec3u 97 v\u1edbi 563 m\u1ea3nh gh\u00e9p"},"content":{"rendered":"<div>World War II Pacific Storm: Type 97 Chinese Tank belongs to the military series of building block sets, and the entire set contains 563 building block particles. First release in 2022.<\/div>","protected":false},"excerpt":{"rendered":"<p>Th\u01b0\u01a1ng hi\u1ec7u: Sluban<br \/>\nGi\u1edbi t\u00ednh: Unisex<br \/>\n\u0110\u1ed9 tu\u1ed5i: &gt; 8 tu\u1ed5i<br \/>\nModel Number: M38-B1107<br \/>\nPh\u00e2n lo\u1ea1i: T\u1eadp h\u1ee3p<br \/>\nH\u00ecnh d\u1ea1ng kh\u1ed1i nh\u1ef1a: G\u1ea1ch t\u1ef1 kh\u00f3a<br \/>\nCh\u1ea5t li\u1ec7u: Nh\u1ef1a<br \/>\nLo\u1ea1i nh\u1ef1a: ABS<br \/>\nBricks Blocks: 563 +<br \/>\nb\u00e1n tr\u01b0\u1edbc<br \/>\nH\u1ebft h\u00e0ng<\/p>","protected":false},"featured_media":40509,"comment_status":"open","ping_status":"closed","template":"","meta":{"_acf_changed":false},"product_cat":[1365,1350,372],"product_tag":[8452,3813,374,485,8235],"class_list":["product","first","instock","shipping-taxable","purchasable","product-type-simple"],"acf":[],"_links":{"self":[{"href":"https:\/\/mouldking.store\/vi\/wp-json\/wp\/v2\/product\/40511","targetHints":{"allow":["GET"]}}],"collection":[{"href":"https:\/\/mouldking.store\/vi\/wp-json\/wp\/v2\/product"}],"about":[{"href":"https:\/\/mouldking.store\/vi\/wp-json\/wp\/v2\/types\/product"}],"replies":[{"embeddable":true,"href":"https:\/\/mouldking.store\/vi\/wp-json\/wp\/v2\/comments?post=40511"}],"wp:featuredmedia":[{"embeddable":true,"href":"https:\/\/mouldking.store\/vi\/wp-json\/wp\/v2\/media\/40509"}],"wp:attachment":[{"href":"https:\/\/mouldking.store\/vi\/wp-json\/wp\/v2\/media?parent=40511"}],"wp:term":[{"taxonomy":"product_cat","embeddable":true,"href":"https:\/\/mouldking.store\/vi\/wp-json\/wp\/v2\/product_cat?post=40511"},{"taxonomy":"product_tag","embeddable":true,"href":"https:\/\/mouldking.store\/vi\/wp-json\/wp\/v2\/product_tag?post=40511"}],"curies":[{"name":"wp","href":"https:\/\/api.w.org\/{rel}","templated":true}]}}