{"id":40517,"date":"2023-01-30T09:35:42","date_gmt":"2023-01-30T02:35:42","guid":{"rendered":"https:\/\/mouldking.store\/shop\/sluban-m38-b1109-world-war-ii-pacific-storm-f4u-1-corsair-fighter-with-550-pieces\/"},"modified":"2023-02-06T10:35:48","modified_gmt":"2023-02-06T03:35:48","slug":"sluban-m38-b1109-world-war-ii-pacific-storm-f4u-1-corsair-fighter-with-550-pieces","status":"publish","type":"product","link":"https:\/\/mouldking.store\/vi\/shop\/sluban-m38-b1109-world-war-ii-pacific-storm-f4u-1-corsair-fighter-with-550-pieces\/","title":{"rendered":"Sluban M38-B1109 C\u01a1n b\u00e3o Th\u00e1i B\u00ecnh D\u01b0\u01a1ng trong Th\u1ebf chi\u1ebfn II: M\u00e1y bay chi\u1ebfn \u0111\u1ea5u Corsair F4U-1 v\u1edbi 550 m\u1ea3nh"},"content":{"rendered":"<p><span data-sheets-value=\"{&quot;1&quot;:2,&quot;2&quot;:&quot;\u2705 LW 2098 Iron Mech Anti-Hulk Armor\\n\\n\u2705Iron Mech Anti-Hulk Armor is a fictional technology from the Marvel Comics universe, specifically designed to be used against the Incredible Hulk. It is an armored exo-suit, equipped with weapons and other technology specifically made to combat the Hulk's immense strength and durability. The Iron Mech Anti-Hulk Armor was created by Tony Stark, also known as Iron Man, to help protect the world from the destructive power of the Hulk.\\n\\n\ud83d\udeab IMPORTANT!\\n\\nProduct Name: Iron Mech Anti-Hulk Armor\\n\\nCategory: Movie\\n\\nThis Kit Contains: LW 2098\\n\\n4448 pcs Good Quality Bricks\\n\\nSize: 37 \u00d7 17 \u00d7 45.5 cm\\n\\nManual Instructions\\n\\n\ud83d\udcccNature of the protagonist\\n\\nIntroducing our proud collection named \u201cIron Mech Anti-Hulk Armor\u201d you should not miss.\\n\\nIron Mech Anti-Hulk Armor is a fictional exo-suit created by Tony Stark, also known as Iron Man, in the Marvel Comics universe. It is specifically designed to combat the Incredible Hulk, one of the most powerful and destructive forces in the Marvel universe. The Iron Mech Anti-Hulk Armor is equipped with advanced weapons, technology, and armor to counteract the Hulk's immense strength and durability, making it one of the few weapons capable of stopping the rampaging superhero. This armor is seen as a last resort to protect humanity and maintain order in the face of the Hulk's overwhelming power.&quot;}\" data-sheets-userformat=\"{&quot;2&quot;:33559489,&quot;3&quot;:{&quot;1&quot;:0},&quot;9&quot;:0,&quot;10&quot;:2,&quot;11&quot;:3,&quot;12&quot;:0,&quot;15&quot;:&quot;Arial&quot;,&quot;28&quot;:1}\">\u2705 Sluban M38-B1109 C\u01a1n b\u00e3o Th\u00e1i B\u00ecnh D\u01b0\u01a1ng trong Th\u1ebf chi\u1ebfn II: M\u00e1y bay chi\u1ebfn \u0111\u1ea5u F4U-1 Corsair<\/p>\n<p>\u2705Vught F4U-1 Corsair l\u00e0 m\u00e1y bay chi\u1ebfn \u0111\u1ea5u \u0111\u00e3 ph\u1ee5c v\u1ee5 ch\u1ee7 y\u1ebfu trong Th\u1ebf chi\u1ebfn II v\u00e0 Chi\u1ebfn tranh Tri\u1ec1u Ti\u00ean. Nhu c\u1ea7u v\u1ec1 chi\u1ebfc xe n\u00e0y ch\u01b0a bao gi\u1edd gi\u1ea3m k\u1ec3 t\u1eeb khi \u0111\u01b0\u1ee3c gi\u1edbi thi\u1ec7u v\u00e0o n\u0103m 1944 cho \u0111\u1ebfn khi n\u00f3 ng\u1eebng ho\u1ea1t \u0111\u1ed9ng v\u00e0o n\u0103m 1957. B\u1ed9 n\u00e0y l\u00e0 m\u1ed9t b\u1ed5 sung tuy\u1ec7t v\u1eddi cho b\u1ea5t k\u1ef3 b\u1ed9 s\u01b0u t\u1eadp qu\u00e2n s\u1ef1 n\u00e0o.<\/p>\n<p>\ud83d\udeab QUAN TR\u1eccNG!<\/p>\n<p>T\u00ean s\u1ea3n ph\u1ea9m: C\u01a1n b\u00e3o Th\u00e1i B\u00ecnh D\u01b0\u01a1ng trong Th\u1ebf chi\u1ebfn II: F4U-1 Corsair Fighter<\/p>\n<p>Th\u1ec3 lo\u1ea1i: Qu\u00e2n s\u1ef1<\/p>\n<p>B\u1ed9 n\u00e0y ch\u1ee9a: Sluban M38-B1109<\/p>\n<p>550 vi\u00ean g\u1ea1ch ch\u1ea5t l\u01b0\u1ee3ng t\u1ed1t<\/p>\n<p>H\u01b0\u1edbng d\u1eabn th\u1ee7 c\u00f4ng<\/p>\n<p>\ud83d\udcccB\u1ea3n ch\u1ea5t c\u1ee7a nh\u00e2n v\u1eadt ch\u00ednh<\/p>\n<p>Xin gi\u1edbi thi\u1ec7u b\u1ed9 s\u01b0u t\u1eadp \u0111\u00e1ng t\u1ef1 h\u00e0o c\u1ee7a ch\u00fang t\u00f4i c\u00f3 t\u00ean \u201cB\u00e3o t\u1ed1 Th\u00e1i B\u00ecnh D\u01b0\u01a1ng trong Th\u1ebf chi\u1ebfn II: M\u00e1y bay chi\u1ebfn \u0111\u1ea5u F4U-1 Corsair\u201d m\u00e0 b\u1ea1n kh\u00f4ng n\u00ean b\u1ecf l\u1ee1.<\/p>\n<p>C\u01a1n b\u00e3o Th\u00e1i B\u00ecnh D\u01b0\u01a1ng trong Th\u1ebf chi\u1ebfn II: Vought F4U-1 Corsair \u0111\u1ec1 c\u1eadp \u0111\u1ebfn m\u1ed9t lo\u1ea1i m\u00e1y bay chi\u1ebfn \u0111\u1ea5u c\u1ee5 th\u1ec3 \u0111\u01b0\u1ee3c qu\u00e2n \u0111\u1ed9i Hoa K\u1ef3 s\u1eed d\u1ee5ng trong Th\u1ebf chi\u1ebfn II. Vought F4U-1 Corsair l\u00e0 m\u1ed9t lo\u1ea1i m\u00e1y bay ti\u00eam k\u00edch m\u1ed9t ch\u1ed7 ng\u1ed3i \u0111\u01b0\u1ee3c s\u1eed d\u1ee5ng r\u1ed9ng r\u00e3i t\u1ea1i M\u1eb7t tr\u1eadn Th\u00e1i B\u00ecnh D\u01b0\u01a1ng trong Th\u1ebf chi\u1ebfn II. N\u00f3 \u0111\u01b0\u1ee3c bi\u1ebft \u0111\u1ebfn v\u1edbi thi\u1ebft k\u1ebf c\u00e1nh m\u00f2ng bi\u1ec3n ng\u01b0\u1ee3c \u0111\u1eb7c bi\u1ec7t v\u00e0 \u0111\u01b0\u1ee3c coi l\u00e0 m\u1ed9t trong nh\u1eefng m\u00e1y bay chi\u1ebfn \u0111\u1ea5u ho\u1ea1t \u0111\u1ed9ng tr\u00ean t\u00e0u s\u00e2n bay t\u1ed1t nh\u1ea5t trong chi\u1ebfn tranh. F4U-1 Corsair \u0111\u01b0\u1ee3c H\u1ea3i qu\u00e2n v\u00e0 Th\u1ee7y qu\u00e2n l\u1ee5c chi\u1ebfn Hoa K\u1ef3 s\u1eed d\u1ee5ng v\u00e0 \u0111\u01b0\u1ee3c s\u1eed d\u1ee5ng trong nhi\u1ec1u vai tr\u00f2 kh\u00e1c nhau, bao g\u1ed3m chi\u1ebfm \u01b0u th\u1ebf tr\u00ean kh\u00f4ng, t\u1ea5n c\u00f4ng m\u1eb7t \u0111\u1ea5t v\u00e0 h\u1ed7 tr\u1ee3 tr\u00ean kh\u00f4ng. \u201cB\u00e3o t\u1ed1 Th\u00e1i B\u00ecnh D\u01b0\u01a1ng trong Th\u1ebf chi\u1ebfn II\u201d c\u00f3 th\u1ec3 l\u00e0 t\u00ean c\u1ee7a m\u1ed9t tr\u00f2 ch\u01a1i \u0111i\u1ec7n t\u1eed ho\u1eb7c m\u00f4 ph\u1ecfng l\u1ecbch s\u1eed kh\u00e1c bao g\u1ed3m Vought F4U-1 Corsair nh\u01b0 m\u1ed9t \u0111\u01a1n v\u1ecb c\u00f3 th\u1ec3 ch\u01a1i \u0111\u01b0\u1ee3c.<\/span><\/p>","protected":false},"excerpt":{"rendered":"<p>Th\u01b0\u01a1ng hi\u1ec7u: Sluban<br \/>\nGi\u1edbi t\u00ednh: Unisex<br \/>\n\u0110\u1ed9 tu\u1ed5i: &gt; 8 tu\u1ed5i<br \/>\nS\u1ed1 m\u00f4 h\u00ecnh: M38-B1109<br \/>\nPh\u00e2n lo\u1ea1i: T\u1eadp h\u1ee3p<br \/>\nH\u00ecnh d\u1ea1ng kh\u1ed1i nh\u1ef1a: G\u1ea1ch t\u1ef1 kh\u00f3a<br \/>\nCh\u1ea5t li\u1ec7u: Nh\u1ef1a<br \/>\nLo\u1ea1i nh\u1ef1a: ABS<br \/>\nKh\u1ed1i g\u1ea1ch: 550 +<\/p>","protected":false},"featured_media":40515,"comment_status":"open","ping_status":"closed","template":"","meta":{"_acf_changed":false},"product_cat":[1365,1350,372],"product_tag":[8452,11142,7374,374,8235],"class_list":["product","first","instock","shipping-taxable","purchasable","product-type-simple"],"acf":[],"_links":{"self":[{"href":"https:\/\/mouldking.store\/vi\/wp-json\/wp\/v2\/product\/40517","targetHints":{"allow":["GET"]}}],"collection":[{"href":"https:\/\/mouldking.store\/vi\/wp-json\/wp\/v2\/product"}],"about":[{"href":"https:\/\/mouldking.store\/vi\/wp-json\/wp\/v2\/types\/product"}],"replies":[{"embeddable":true,"href":"https:\/\/mouldking.store\/vi\/wp-json\/wp\/v2\/comments?post=40517"}],"wp:featuredmedia":[{"embeddable":true,"href":"https:\/\/mouldking.store\/vi\/wp-json\/wp\/v2\/media\/40515"}],"wp:attachment":[{"href":"https:\/\/mouldking.store\/vi\/wp-json\/wp\/v2\/media?parent=40517"}],"wp:term":[{"taxonomy":"product_cat","embeddable":true,"href":"https:\/\/mouldking.store\/vi\/wp-json\/wp\/v2\/product_cat?post=40517"},{"taxonomy":"product_tag","embeddable":true,"href":"https:\/\/mouldking.store\/vi\/wp-json\/wp\/v2\/product_tag?post=40517"}],"curies":[{"name":"wp","href":"https:\/\/api.w.org\/{rel}","templated":true}]}}