{"id":40525,"date":"2023-01-30T10:01:33","date_gmt":"2023-01-30T03:01:33","guid":{"rendered":"https:\/\/mouldking.store\/shop\/kazi-gbl-bozhi-ky84123-modern-equipment-multifunctional-armored-vehicles-with-418-pieces\/"},"modified":"2023-01-30T10:01:33","modified_gmt":"2023-01-30T03:01:33","slug":"kazi-gbl-bozhi-ky84123-modern-equipment-multifunctional-armored-vehicles-with-418-pieces","status":"publish","type":"product","link":"https:\/\/mouldking.store\/vi\/shop\/kazi-gbl-bozhi-ky84123-modern-equipment-multifunctional-armored-vehicles-with-418-pieces\/","title":{"rendered":"Thi\u1ebft b\u1ecb hi\u1ec7n \u0111\u1ea1i KAZI \/ GBL \/ BOZHI KY84123: Xe b\u1ecdc th\u00e9p \u0111a ch\u1ee9c n\u0103ng v\u1edbi 418 m\u1ea3nh"},"content":{"rendered":"<div>Thi\u1ebft b\u1ecb hi\u1ec7n \u0111\u1ea1i: Xe b\u1ecdc th\u00e9p \u0111\u1ecbnh v\u1ecb \u0111a ch\u1ee9c n\u0103ng thu\u1ed9c d\u00f2ng b\u1ed9 kh\u1ed1i x\u00e2y d\u1ef1ng d\u00e0nh cho qu\u00e2n \u0111\u1ed9i, to\u00e0n b\u1ed9 b\u1ed9 n\u00e0y ch\u1ee9a 418 h\u1ea1t kh\u1ed1i x\u00e2y d\u1ef1ng. B\u1ea3n ph\u00e1t h\u00e0nh \u0111\u1ea7u ti\u00ean v\u00e0o n\u0103m 2023.<\/div>","protected":false},"excerpt":{"rendered":"<p>Th\u01b0\u01a1ng hi\u1ec7u: KAZI \/ GBL \/ BOZHI<br \/>\nGi\u1edbi t\u00ednh: Unisex<br \/>\n\u0110\u1ed9 tu\u1ed5i: &gt; 8 tu\u1ed5i<br \/>\nS\u1ed1 m\u00f4 h\u00ecnh: KY84123<br \/>\nPh\u00e2n lo\u1ea1i: T\u1eadp h\u1ee3p<br \/>\nH\u00ecnh d\u1ea1ng kh\u1ed1i nh\u1ef1a: G\u1ea1ch t\u1ef1 kh\u00f3a<br \/>\nCh\u1ea5t li\u1ec7u: Nh\u1ef1a<br \/>\nLo\u1ea1i nh\u1ef1a: ABS<br \/>\nKh\u1ed1i g\u1ea1ch: 418 +<br \/>\nb\u00e1n tr\u01b0\u1edbc<br \/>\nH\u1ebft h\u00e0ng<\/p>","protected":false},"featured_media":40524,"comment_status":"open","ping_status":"closed","template":"","meta":{"_acf_changed":false},"product_cat":[1365,1350,372],"product_tag":[11148,8452,11146,374,11145,11147,485,2803],"class_list":["product","first","instock","shipping-taxable","purchasable","product-type-simple"],"acf":[],"_links":{"self":[{"href":"https:\/\/mouldking.store\/vi\/wp-json\/wp\/v2\/product\/40525","targetHints":{"allow":["GET"]}}],"collection":[{"href":"https:\/\/mouldking.store\/vi\/wp-json\/wp\/v2\/product"}],"about":[{"href":"https:\/\/mouldking.store\/vi\/wp-json\/wp\/v2\/types\/product"}],"replies":[{"embeddable":true,"href":"https:\/\/mouldking.store\/vi\/wp-json\/wp\/v2\/comments?post=40525"}],"wp:featuredmedia":[{"embeddable":true,"href":"https:\/\/mouldking.store\/vi\/wp-json\/wp\/v2\/media\/40524"}],"wp:attachment":[{"href":"https:\/\/mouldking.store\/vi\/wp-json\/wp\/v2\/media?parent=40525"}],"wp:term":[{"taxonomy":"product_cat","embeddable":true,"href":"https:\/\/mouldking.store\/vi\/wp-json\/wp\/v2\/product_cat?post=40525"},{"taxonomy":"product_tag","embeddable":true,"href":"https:\/\/mouldking.store\/vi\/wp-json\/wp\/v2\/product_tag?post=40525"}],"curies":[{"name":"wp","href":"https:\/\/api.w.org\/{rel}","templated":true}]}}