{"id":40528,"date":"2023-01-30T10:13:32","date_gmt":"2023-01-30T03:13:32","guid":{"rendered":"https:\/\/mouldking.store\/shop\/qiao-le-tong-8811-glowing-lighthouse-music-box-red-with-616-pieces\/"},"modified":"2023-01-30T10:13:32","modified_gmt":"2023-01-30T03:13:32","slug":"qiao-le-tong-8811-glowing-lighthouse-music-box-red-with-616-pieces","status":"publish","type":"product","link":"https:\/\/mouldking.store\/vi\/shop\/qiao-le-tong-8811-glowing-lighthouse-music-box-red-with-616-pieces\/","title":{"rendered":"Qiao Le Tong 8811 H\u1ed9p Nh\u1ea1c Ph\u00e1t S\u00e1ng Ng\u1ecdn H\u1ea3i \u0110\u0103ng M\u00e0u \u0110\u1ecf V\u1edbi 616 M\u1ea3nh Gh\u00e9p"},"content":{"rendered":"<div>Number of parts 616 pcs<br \/>Finished product 12.8 \u00d7 12.8 \u00d7 33.5 cm<\/div>","protected":false},"excerpt":{"rendered":"<p>Brand: Qiao Le Tong<br \/>\nGi\u1edbi t\u00ednh: Unisex<br \/>\n\u0110\u1ed9 tu\u1ed5i: &gt; 6 tu\u1ed5i<br \/>\nModel Number: 8811<br \/>\nPh\u00e2n lo\u1ea1i: T\u1eadp h\u1ee3p<br \/>\nH\u00ecnh d\u1ea1ng kh\u1ed1i nh\u1ef1a: G\u1ea1ch t\u1ef1 kh\u00f3a<br \/>\nCh\u1ea5t li\u1ec7u: Nh\u1ef1a<br \/>\nLo\u1ea1i nh\u1ef1a: ABS<br \/>\nBricks Blocks: 616 +<br \/>\nb\u00e1n tr\u01b0\u1edbc<br \/>\nH\u1ebft h\u00e0ng<\/p>","protected":false},"featured_media":40526,"comment_status":"open","ping_status":"closed","template":"","meta":{"_acf_changed":false},"product_cat":[1365,371],"product_tag":[11149,11072,8452,10110,1465],"class_list":["product","first","instock","shipping-taxable","purchasable","product-type-simple"],"acf":[],"_links":{"self":[{"href":"https:\/\/mouldking.store\/vi\/wp-json\/wp\/v2\/product\/40528","targetHints":{"allow":["GET"]}}],"collection":[{"href":"https:\/\/mouldking.store\/vi\/wp-json\/wp\/v2\/product"}],"about":[{"href":"https:\/\/mouldking.store\/vi\/wp-json\/wp\/v2\/types\/product"}],"replies":[{"embeddable":true,"href":"https:\/\/mouldking.store\/vi\/wp-json\/wp\/v2\/comments?post=40528"}],"wp:featuredmedia":[{"embeddable":true,"href":"https:\/\/mouldking.store\/vi\/wp-json\/wp\/v2\/media\/40526"}],"wp:attachment":[{"href":"https:\/\/mouldking.store\/vi\/wp-json\/wp\/v2\/media?parent=40528"}],"wp:term":[{"taxonomy":"product_cat","embeddable":true,"href":"https:\/\/mouldking.store\/vi\/wp-json\/wp\/v2\/product_cat?post=40528"},{"taxonomy":"product_tag","embeddable":true,"href":"https:\/\/mouldking.store\/vi\/wp-json\/wp\/v2\/product_tag?post=40528"}],"curies":[{"name":"wp","href":"https:\/\/api.w.org\/{rel}","templated":true}]}}