{"id":40616,"date":"2023-01-31T10:14:04","date_gmt":"2023-01-31T03:14:04","guid":{"rendered":"https:\/\/mouldking.store\/shop\/robotime-ea01-rokr-parachute-tower-with-184-pieces\/"},"modified":"2023-01-31T10:14:04","modified_gmt":"2023-01-31T03:14:04","slug":"robotime-ea01-rokr-parachute-tower-with-184-pieces","status":"publish","type":"product","link":"https:\/\/mouldking.store\/vi\/shop\/robotime-ea01-rokr-parachute-tower-with-184-pieces\/","title":{"rendered":"Robotime EA01 ROKR Parachute Tower with 184 Pieces"},"content":{"rendered":"<div>Th\u00f4ng tin s\u1ea3n ph\u1ea9m:<br \/>1. Model Number: EA01<br \/>2. C\u1ea3nh b\u00e1o: kh\u00f4ng \u0103n \u0111\u01b0\u1ee3c<br \/>3. \u0110\u1ed9 tu\u1ed5i: &gt; 6 tu\u1ed5i<br \/>4. Ch\u1ee9ng nh\u1eadn: 3C<br \/>5. Ph\u00e2n lo\u1ea1i: T\u1eadp h\u1ee3p<br \/>6. H\u00ecnh d\u1ea1ng kh\u1ed1i: Kh\u1ed1i g\u1ed7<br \/>7. Ch\u1ea5t li\u1ec7u: g\u1ed7<br \/>8. Bricks Blocks: ~184+PCS<\/div>","protected":false},"excerpt":{"rendered":"<p>Th\u01b0\u01a1ng hi\u1ec7u: Robotime<br \/>\nGi\u1edbi t\u00ednh: Unisex<br \/>\n\u0110\u1ed9 tu\u1ed5i: &gt; 6 tu\u1ed5i<br \/>\nModel Number: EA01<br \/>\nPh\u00e2n lo\u1ea1i: T\u1eadp h\u1ee3p<br \/>\nH\u00ecnh d\u1ea1ng kh\u1ed1i nh\u1ef1a: G\u1ea1ch t\u1ef1 kh\u00f3a<br \/>\nCh\u1ea5t li\u1ec7u: Nh\u1ef1a<br \/>\nLo\u1ea1i nh\u1ef1a: ABS<br \/>\nBricks Blocks: 184 +<br \/>\nKh\u00f4ng c\u00f3 h\u1ed9p<\/p>","protected":false},"featured_media":40611,"comment_status":"open","ping_status":"closed","template":"","meta":{"_acf_changed":false},"product_cat":[1365,371],"product_tag":[11072,8452,11159,2302],"class_list":["product","first","instock","shipping-taxable","purchasable","product-type-simple"],"acf":[],"_links":{"self":[{"href":"https:\/\/mouldking.store\/vi\/wp-json\/wp\/v2\/product\/40616","targetHints":{"allow":["GET"]}}],"collection":[{"href":"https:\/\/mouldking.store\/vi\/wp-json\/wp\/v2\/product"}],"about":[{"href":"https:\/\/mouldking.store\/vi\/wp-json\/wp\/v2\/types\/product"}],"replies":[{"embeddable":true,"href":"https:\/\/mouldking.store\/vi\/wp-json\/wp\/v2\/comments?post=40616"}],"wp:featuredmedia":[{"embeddable":true,"href":"https:\/\/mouldking.store\/vi\/wp-json\/wp\/v2\/media\/40611"}],"wp:attachment":[{"href":"https:\/\/mouldking.store\/vi\/wp-json\/wp\/v2\/media?parent=40616"}],"wp:term":[{"taxonomy":"product_cat","embeddable":true,"href":"https:\/\/mouldking.store\/vi\/wp-json\/wp\/v2\/product_cat?post=40616"},{"taxonomy":"product_tag","embeddable":true,"href":"https:\/\/mouldking.store\/vi\/wp-json\/wp\/v2\/product_tag?post=40616"}],"curies":[{"name":"wp","href":"https:\/\/api.w.org\/{rel}","templated":true}]}}