{"id":40873,"date":"2023-02-02T09:25:46","date_gmt":"2023-02-02T02:25:46","guid":{"rendered":"https:\/\/mouldking.store\/shop\/robotime-amk63-rokr-magic-cello-mechanical-music-box-3d-wooden-puzzle-with-199-pieces\/"},"modified":"2023-03-08T10:59:54","modified_gmt":"2023-03-08T03:59:54","slug":"robotime-amk63-rokr-magic-cello-mechanical-music-box-3d-wooden-puzzle-with-199-pieces","status":"publish","type":"product","link":"https:\/\/mouldking.store\/vi\/shop\/robotime-amk63-rokr-magic-cello-mechanical-music-box-3d-wooden-puzzle-with-199-pieces\/","title":{"rendered":"Robotime AMK63 ROKR Magic Cello H\u1ed9p Nh\u1ea1c C\u01a1 3D \u0110\u1ed3 Ch\u01a1i X\u1ebfp H\u00ecnh B\u1eb1ng G\u1ed7 V\u1edbi 199 M\u1ea3nh Gh\u00e9p"},"content":{"rendered":"<div>1. Model Number: AMK63<br \/>2. C\u1ea3nh b\u00e1o: kh\u00f4ng \u0103n \u0111\u01b0\u1ee3c<br \/>3. \u0110\u1ed9 tu\u1ed5i: &gt; 6 tu\u1ed5i<br \/>4. Ch\u1ee9ng nh\u1eadn: 3C<br \/>5. Ph\u00e2n lo\u1ea1i: T\u1eadp h\u1ee3p<br \/>6. H\u00ecnh d\u1ea1ng kh\u1ed1i: Kh\u1ed1i g\u1ed7<br \/>7. Ch\u1ea5t li\u1ec7u: g\u1ed7<br \/>8. Bricks Blocks: ~199+PCS<\/div>","protected":false},"excerpt":{"rendered":"<p>Th\u01b0\u01a1ng hi\u1ec7u: Robotime<br \/>\nGi\u1edbi t\u00ednh: Unisex<br \/>\n\u0110\u1ed9 tu\u1ed5i: &gt; 6 tu\u1ed5i<br \/>\nModel Number: AMK63<br \/>\nPh\u00e2n lo\u1ea1i: T\u1eadp h\u1ee3p<br \/>\nH\u00ecnh d\u1ea1ng kh\u1ed1i nh\u1ef1a: G\u1ea1ch t\u1ef1 kh\u00f3a<br \/>\nCh\u1ea5t li\u1ec7u: Nh\u1ef1a<br \/>\nLo\u1ea1i nh\u1ef1a: ABS<br \/>\nBricks Blocks: 199 +<br \/>\nKh\u00f4ng c\u00f3 h\u1ed9p<\/p>","protected":false},"featured_media":40866,"comment_status":"open","ping_status":"closed","template":"","meta":{"_acf_changed":false},"product_cat":[1365,371],"product_tag":[11149,11072,8452,8858,11138,1465],"class_list":["product","first","instock","shipping-taxable","purchasable","product-type-simple"],"acf":[],"_links":{"self":[{"href":"https:\/\/mouldking.store\/vi\/wp-json\/wp\/v2\/product\/40873","targetHints":{"allow":["GET"]}}],"collection":[{"href":"https:\/\/mouldking.store\/vi\/wp-json\/wp\/v2\/product"}],"about":[{"href":"https:\/\/mouldking.store\/vi\/wp-json\/wp\/v2\/types\/product"}],"replies":[{"embeddable":true,"href":"https:\/\/mouldking.store\/vi\/wp-json\/wp\/v2\/comments?post=40873"}],"wp:featuredmedia":[{"embeddable":true,"href":"https:\/\/mouldking.store\/vi\/wp-json\/wp\/v2\/media\/40866"}],"wp:attachment":[{"href":"https:\/\/mouldking.store\/vi\/wp-json\/wp\/v2\/media?parent=40873"}],"wp:term":[{"taxonomy":"product_cat","embeddable":true,"href":"https:\/\/mouldking.store\/vi\/wp-json\/wp\/v2\/product_cat?post=40873"},{"taxonomy":"product_tag","embeddable":true,"href":"https:\/\/mouldking.store\/vi\/wp-json\/wp\/v2\/product_tag?post=40873"}],"curies":[{"name":"wp","href":"https:\/\/api.w.org\/{rel}","templated":true}]}}