{"id":41072,"date":"2023-02-02T14:52:44","date_gmt":"2023-02-02T07:52:44","guid":{"rendered":"https:\/\/mouldking.store\/shop\/moc-factory-39295-altmark-supply-ship-with-2975-pieces\/"},"modified":"2025-12-16T22:25:22","modified_gmt":"2025-12-16T15:25:22","slug":"moc-factory-39295-altmark-supply-ship-with-2975-pieces","status":"publish","type":"product","link":"https:\/\/mouldking.store\/vi\/shop\/moc-factory-39295-altmark-supply-ship-with-2975-pieces\/","title":{"rendered":"Nh\u00e0 m\u00e1y MOC 39295 T\u00e0u cung c\u1ea5p Altmark v\u1edbi 2975 mi\u1ebfng"},"content":{"rendered":"<div>\u0110\u1ed9 tu\u1ed5i khuy\u00ean d\u00f9ng: 7-12y,12+y,18+&nbsp;<br \/>K\u00edch th\u01b0\u1edbc kh\u1ed1i: Kh\u1ed1i x\u00e2y d\u1ef1ng nh\u1ecf&nbsp;<br \/>Gi\u1edbi t\u00ednh: Unisex&nbsp;<br \/>Ch\u1ea5t li\u1ec7u: Nh\u1ef1a&nbsp;<br \/>H\u00ecnh d\u1ea1ng kh\u1ed1i nh\u1ef1a: H\u00ecnh vu\u00f4ng&nbsp;<br \/>Lo\u1ea1i nh\u1ef1a: ABS&nbsp;<\/div>","protected":false},"excerpt":{"rendered":"<p>Th\u01b0\u01a1ng hi\u1ec7u: Nh\u00e0 m\u00e1y M\u1ed8C<br \/>\nGi\u1edbi t\u00ednh: Unisex<br \/>\n\u0110\u1ed9 tu\u1ed5i: &gt; 12 tu\u1ed5i<br \/>\nS\u1ed1 m\u00f4 h\u00ecnh: 39295<br \/>\nPh\u00e2n lo\u1ea1i: T\u1eadp h\u1ee3p<br \/>\nH\u00ecnh d\u1ea1ng kh\u1ed1i nh\u1ef1a: G\u1ea1ch t\u1ef1 kh\u00f3a<br \/>\nCh\u1ea5t li\u1ec7u: Nh\u1ef1a<br \/>\nLo\u1ea1i nh\u1ef1a: ABS<br \/>\nKh\u1ed1i g\u1ea1ch: 2975 +<br \/>\nS\u1eafp x\u1ebfp th\u1eddi gian: 4-8 tu\u1ea7n<\/p>","protected":false},"featured_media":41068,"comment_status":"open","ping_status":"closed","template":"","meta":{"_acf_changed":false},"product_cat":[1357,364],"product_tag":[11208,304,9668,389,11080],"class_list":["product","first","instock","shipping-taxable","purchasable","product-type-simple"],"acf":[],"_links":{"self":[{"href":"https:\/\/mouldking.store\/vi\/wp-json\/wp\/v2\/product\/41072","targetHints":{"allow":["GET"]}}],"collection":[{"href":"https:\/\/mouldking.store\/vi\/wp-json\/wp\/v2\/product"}],"about":[{"href":"https:\/\/mouldking.store\/vi\/wp-json\/wp\/v2\/types\/product"}],"replies":[{"embeddable":true,"href":"https:\/\/mouldking.store\/vi\/wp-json\/wp\/v2\/comments?post=41072"}],"wp:featuredmedia":[{"embeddable":true,"href":"https:\/\/mouldking.store\/vi\/wp-json\/wp\/v2\/media\/41068"}],"wp:attachment":[{"href":"https:\/\/mouldking.store\/vi\/wp-json\/wp\/v2\/media?parent=41072"}],"wp:term":[{"taxonomy":"product_cat","embeddable":true,"href":"https:\/\/mouldking.store\/vi\/wp-json\/wp\/v2\/product_cat?post=41072"},{"taxonomy":"product_tag","embeddable":true,"href":"https:\/\/mouldking.store\/vi\/wp-json\/wp\/v2\/product_tag?post=41072"}],"curies":[{"name":"wp","href":"https:\/\/api.w.org\/{rel}","templated":true}]}}