{"id":41087,"date":"2023-02-03T10:56:09","date_gmt":"2023-02-03T03:56:09","guid":{"rendered":"https:\/\/mouldking.store\/shop\/brickcool-12016-qinsmoon-shenlou-ship-with-3460-pieces\/"},"modified":"2023-02-05T08:07:32","modified_gmt":"2023-02-05T01:07:32","slug":"brickcool-12016-qinsmoon-shenlou-ship-with-3460-pieces","status":"publish","type":"product","link":"https:\/\/mouldking.store\/vi\/shop\/brickcool-12016-qinsmoon-shenlou-ship-with-3460-pieces\/","title":{"rendered":"T\u00e0u BrickCool 12016 Qinsmoon Shenlou v\u1edbi 3460 mi\u1ebfng"},"content":{"rendered":"<div>\u2705 T\u00e0u BrickCool 12016 Qinsmoon Shenlou&nbsp;<br \/>&nbsp;<br \/>\u2705Qin Shi Mingyue Mirage thu\u1ed9c b\u1ed9 kh\u1ed1i x\u00e2y d\u1ef1ng c\u1ee7a s\u00ea-ri phim v\u00e0 tr\u00f2 ch\u01a1i truy\u1ec1n h\u00ecnh, c\u1ea3 b\u1ed9 ch\u1ee9a 3760 h\u1ea1t kh\u1ed1i x\u00e2y d\u1ef1ng. B\u1ea3n ph\u00e1t h\u00e0nh \u0111\u1ea7u ti\u00ean v\u00e0o n\u0103m 2021.<br \/>&nbsp;<br \/>\ud83d\udeab QUAN TR\u1eccNG!&nbsp;<br \/>&nbsp;<br \/>T\u00ean s\u1ea3n ph\u1ea9m: T\u00e0u Qinsmoon Shenlou&nbsp;<br \/>&nbsp;<br \/>Th\u1ec3 lo\u1ea1i: Phim&nbsp;<br \/>&nbsp;<br \/>B\u1ed9 n\u00e0y ch\u1ee9a: BrickCool 12016<br \/>&nbsp;<br \/>3460 chi\u1ebfc G\u1ea1ch ch\u1ea5t l\u01b0\u1ee3ng t\u1ed1t&nbsp;<br \/>&nbsp;<br \/>K\u00edch th\u01b0\u1edbc: 59,6 \u00d7 48 \u00d7 26,3 cm<br \/>&nbsp;<br \/>H\u01b0\u1edbng d\u1eabn th\u1ee7 c\u00f4ng&nbsp;<br \/>&nbsp;<br \/>\ud83d\udcccB\u1ea3n ch\u1ea5t c\u1ee7a nh\u00e2n v\u1eadt ch\u00ednh&nbsp;<br \/>&nbsp;<br \/>Xin gi\u1edbi thi\u1ec7u b\u1ed9 s\u01b0u t\u1eadp \u0111\u00e1ng t\u1ef1 h\u00e0o c\u1ee7a ch\u00fang t\u00f4i mang t\u00ean \u201cT\u00e0u Qinmoon Shenlou\u201d m\u00e0 b\u1ea1n kh\u00f4ng n\u00ean b\u1ecf l\u1ee1.&nbsp;<br \/>&nbsp;<br \/>Truy\u1ec1n thuy\u1ebft v\u1ec1 nh\u00e0 T\u1ea7n k\u1ec3 v\u1ec1 tri\u1ec1u \u0111\u1ea1i nh\u00e0 T\u1ea7n t\u1eeb khi Ho\u00e0ng \u0111\u1ebf nh\u00e0 T\u1ea7n, vua Tr\u1ecbnh chinh ph\u1ee5c 6 qu\u1ed1c gia kh\u00e1c v\u00e0 th\u1ed1ng nh\u1ea5t Trung Qu\u1ed1c, cho \u0111\u1ebfn s\u1ef1 tr\u1ed7i d\u1eady c\u1ee7a vua T\u00e2y Chu, H\u1ea1ng V\u0169, ng\u01b0\u1eddi \u0111\u00e3 chi\u1ebfm \u0111\u01b0\u1ee3c kinh \u0111\u00f4 H\u00e0m D\u01b0\u01a1ng.<\/div>","protected":false},"excerpt":{"rendered":"<p>Th\u01b0\u01a1ng hi\u1ec7u: BrickCool<br \/>\nGi\u1edbi t\u00ednh: Unisex<br \/>\n\u0110\u1ed9 tu\u1ed5i: &gt; 16 tu\u1ed5i<br \/>\nS\u1ed1 m\u00f4 h\u00ecnh: 12016<br \/>\nPh\u00e2n lo\u1ea1i: T\u1eadp h\u1ee3p<br \/>\nH\u00ecnh d\u1ea1ng kh\u1ed1i nh\u1ef1a: G\u1ea1ch t\u1ef1 kh\u00f3a<br \/>\nCh\u1ea5t li\u1ec7u: Nh\u1ef1a<br \/>\nLo\u1ea1i nh\u1ef1a: ABS<br \/>\nKh\u1ed1i g\u1ea1ch: 3460 +<br \/>\nKh\u00f4ng c\u00f3 h\u1ed9p<\/p>","protected":false},"featured_media":41083,"comment_status":"open","ping_status":"closed","template":"","meta":{"_acf_changed":false},"product_cat":[1365,581,1408],"product_tag":[8452,9139,434,304],"class_list":["product","first","instock","shipping-taxable","purchasable","product-type-simple"],"acf":[],"_links":{"self":[{"href":"https:\/\/mouldking.store\/vi\/wp-json\/wp\/v2\/product\/41087","targetHints":{"allow":["GET"]}}],"collection":[{"href":"https:\/\/mouldking.store\/vi\/wp-json\/wp\/v2\/product"}],"about":[{"href":"https:\/\/mouldking.store\/vi\/wp-json\/wp\/v2\/types\/product"}],"replies":[{"embeddable":true,"href":"https:\/\/mouldking.store\/vi\/wp-json\/wp\/v2\/comments?post=41087"}],"wp:featuredmedia":[{"embeddable":true,"href":"https:\/\/mouldking.store\/vi\/wp-json\/wp\/v2\/media\/41083"}],"wp:attachment":[{"href":"https:\/\/mouldking.store\/vi\/wp-json\/wp\/v2\/media?parent=41087"}],"wp:term":[{"taxonomy":"product_cat","embeddable":true,"href":"https:\/\/mouldking.store\/vi\/wp-json\/wp\/v2\/product_cat?post=41087"},{"taxonomy":"product_tag","embeddable":true,"href":"https:\/\/mouldking.store\/vi\/wp-json\/wp\/v2\/product_tag?post=41087"}],"curies":[{"name":"wp","href":"https:\/\/api.w.org\/{rel}","templated":true}]}}