{"id":41100,"date":"2023-02-03T11:34:15","date_gmt":"2023-02-03T04:34:15","guid":{"rendered":"https:\/\/mouldking.store\/shop\/jiestar-91101-mclaren-p1-hypercar-with-3302-pieces\/"},"modified":"2023-02-06T08:06:39","modified_gmt":"2023-02-06T01:06:39","slug":"jiestar-91101-mclaren-p1-hypercar-with-3302-pieces","status":"publish","type":"product","link":"https:\/\/mouldking.store\/vi\/shop\/jiestar-91101-mclaren-p1-hypercar-with-3302-pieces\/","title":{"rendered":"Si\u00eau xe JIESTAR 91101 McLaren P1 v\u1edbi 3302 m\u1ea3nh gh\u00e9p"},"content":{"rendered":"<div>\u2705 Si\u00eau xe JIE STAR 91101 McLaren P1<br \/>&nbsp;<br \/>\u2705 McLaren P1 l\u00e0 m\u1eabu xe th\u1ec3 thao hybrid \u0111\u01b0\u1ee3c s\u1ea3n xu\u1ea5t gi\u1edbi h\u1ea1n b\u1edfi nh\u00e0 s\u1ea3n xu\u1ea5t \u00f4 t\u00f4 Anh McLaren Automotive. N\u00f3 \u0111\u01b0\u1ee3c gi\u1edbi thi\u1ec7u l\u1ea7n \u0111\u1ea7u ti\u00ean v\u00e0o n\u0103m 2013 v\u00e0 \u0111\u01b0\u1ee3c coi l\u00e0 m\u1ed9t trong nh\u1eefng chi\u1ebfc xe hi\u1ec7u su\u1ea5t cao v\u00e0 ti\u00ean ti\u1ebfn nh\u1ea5t v\u00e0o th\u1eddi \u0111i\u1ec3m \u0111\u00f3.<br \/>&nbsp;<br \/>\ud83d\udeab QUAN TR\u1eccNG!&nbsp;<br \/>&nbsp;<br \/>T\u00ean s\u1ea3n ph\u1ea9m: Si\u00eau xe McLaren P1<br \/>&nbsp;<br \/>Danh m\u1ee5c: K\u1ef9 thu\u1eadt<br \/>&nbsp;<br \/>B\u1ed9 n\u00e0y ch\u1ee9a: JIE STAR 91101<br \/>&nbsp;<br \/>3302 chi\u1ebfc G\u1ea1ch ch\u1ea5t l\u01b0\u1ee3ng t\u1ed1t&nbsp;<br \/>&nbsp;<br \/>K\u00edch th\u01b0\u1edbc: 60\u00d729\u00d716,5 cm<br \/>&nbsp;<br \/>H\u01b0\u1edbng d\u1eabn th\u1ee7 c\u00f4ng&nbsp;<br \/>&nbsp;<br \/>\ud83d\udcccB\u1ea3n ch\u1ea5t c\u1ee7a nh\u00e2n v\u1eadt ch\u00ednh&nbsp;<br \/>&nbsp;<br \/>Xin gi\u1edbi thi\u1ec7u b\u1ed9 s\u01b0u t\u1eadp \u0111\u00e1ng t\u1ef1 h\u00e0o c\u1ee7a ch\u00fang t\u00f4i mang t\u00ean \u201cMcLaren P1 Hypercar\u201d m\u00e0 b\u1ea1n kh\u00f4ng n\u00ean b\u1ecf l\u1ee1.&nbsp;<\/p>\n<p>P1 \u0111\u01b0\u1ee3c trang b\u1ecb \u0111\u1ed9ng c\u01a1 V8, t\u0103ng \u00e1p k\u00e9p, dung t\u00edch 3,8 l\u00edt, k\u1ebft h\u1ee3p v\u1edbi h\u1ec7 th\u1ed1ng m\u00f4-t\u01a1 \u0111i\u1ec7n, s\u1ea3n sinh c\u00f4ng su\u1ea5t t\u1ed5ng c\u1ed9ng 903 m\u00e3 l\u1ef1c. Chi\u1ebfc xe \u0111\u01b0\u1ee3c trang b\u1ecb c\u00f4ng ngh\u1ec7 hi\u1ec7n \u0111\u1ea1i, bao g\u1ed3m g\u00f3i kh\u00ed \u0111\u1ed9ng h\u1ecdc ti\u00ean ti\u1ebfn, k\u1ebft c\u1ea5u s\u1ee3i carbon v\u00e0 h\u1ec7 th\u1ed1ng treo ch\u1ee7 \u0111\u1ed9ng. McLaren P1 c\u00f3 t\u1ed1c \u0111\u1ed9 t\u1ed1i \u0111a 217 d\u1eb7m m\u1ed9t gi\u1edd v\u00e0 c\u00f3 th\u1ec3 t\u0103ng t\u1ed1c t\u1eeb 0 \u0111\u1ebfn 60 d\u1eb7m m\u1ed9t gi\u1edd ch\u1ec9 trong 2,5 gi\u00e2y. Chi\u1ebfc xe \u0111\u01b0\u1ee3c s\u0103n l\u00f9ng r\u00e1o ri\u1ebft b\u1edfi nh\u1eefng ng\u01b0\u1eddi \u0111am m\u00ea xe h\u01a1i v\u00e0 c\u00e1c nh\u00e0 s\u01b0u t\u1eadp v\u00e0 \u0111\u01b0\u1ee3c coi l\u00e0 m\u1ed9t si\u00eau xe \u0111\u00edch th\u1ef1c, k\u1ebft h\u1ee3p gi\u1eefa c\u00f4ng ngh\u1ec7 ti\u00ean ti\u1ebfn v\u00e0 hi\u1ec7u su\u1ea5t v\u00f4 song.<\/p><\/div>","protected":false},"excerpt":{"rendered":"<p>Th\u01b0\u01a1ng hi\u1ec7u: JIESTAR<br \/>\nGi\u1edbi t\u00ednh: Unisex<br \/>\n\u0110\u1ed9 tu\u1ed5i: &gt; 6 tu\u1ed5i<br \/>\nS\u1ed1 m\u00f4 h\u00ecnh: 91101<br \/>\nPh\u00e2n lo\u1ea1i: T\u1eadp h\u1ee3p<br \/>\nH\u00ecnh d\u1ea1ng kh\u1ed1i nh\u1ef1a: G\u1ea1ch t\u1ef1 kh\u00f3a<br \/>\nCh\u1ea5t li\u1ec7u: Nh\u1ef1a<br \/>\nLo\u1ea1i nh\u1ef1a: ABS<br \/>\nKh\u1ed1i g\u1ea1ch: 3302 +<br \/>\nKh\u00f4ng c\u00f3 h\u1ed9p<\/p>","protected":false},"featured_media":41094,"comment_status":"open","ping_status":"closed","template":"","meta":{"_acf_changed":false},"product_cat":[1360,1357,364],"product_tag":[457,1744,389,11080],"class_list":["product","first","instock","shipping-taxable","purchasable","product-type-simple"],"acf":[],"_links":{"self":[{"href":"https:\/\/mouldking.store\/vi\/wp-json\/wp\/v2\/product\/41100","targetHints":{"allow":["GET"]}}],"collection":[{"href":"https:\/\/mouldking.store\/vi\/wp-json\/wp\/v2\/product"}],"about":[{"href":"https:\/\/mouldking.store\/vi\/wp-json\/wp\/v2\/types\/product"}],"replies":[{"embeddable":true,"href":"https:\/\/mouldking.store\/vi\/wp-json\/wp\/v2\/comments?post=41100"}],"wp:featuredmedia":[{"embeddable":true,"href":"https:\/\/mouldking.store\/vi\/wp-json\/wp\/v2\/media\/41094"}],"wp:attachment":[{"href":"https:\/\/mouldking.store\/vi\/wp-json\/wp\/v2\/media?parent=41100"}],"wp:term":[{"taxonomy":"product_cat","embeddable":true,"href":"https:\/\/mouldking.store\/vi\/wp-json\/wp\/v2\/product_cat?post=41100"},{"taxonomy":"product_tag","embeddable":true,"href":"https:\/\/mouldking.store\/vi\/wp-json\/wp\/v2\/product_tag?post=41100"}],"curies":[{"name":"wp","href":"https:\/\/api.w.org\/{rel}","templated":true}]}}