{"id":41109,"date":"2023-02-03T12:18:07","date_gmt":"2023-02-03T05:18:07","guid":{"rendered":"https:\/\/mouldking.store\/shop\/wangao-188007-spider-man-venom-mechanical-bear-with-1800-pieces\/"},"modified":"2023-02-03T12:18:07","modified_gmt":"2023-02-03T05:18:07","slug":"wangao-188007-spider-man-venom-mechanical-bear-with-1800-pieces","status":"publish","type":"product","link":"https:\/\/mouldking.store\/vi\/shop\/wangao-188007-spider-man-venom-mechanical-bear-with-1800-pieces\/","title":{"rendered":"Wangao 188007 G\u1ea5u c\u01a1 kh\u00ed Spider-Man Venom v\u1edbi 1800 mi\u1ebfng"},"content":{"rendered":"<div>\u2705 G\u1ea5u c\u01a1 kh\u00ed ng\u01b0\u1eddi nh\u1ec7n Wangao 188007 400%<br \/>&nbsp;<br \/>\u2705Spider-Man Venom Mechanical Bear 400% (Robot g\u1ea5u) thu\u1ed9c ch\u1ee7 \u0111\u1ec1 B\u1ed9 x\u1ebfp h\u00ecnh kh\u1ed1i x\u00e2y d\u1ef1ng. B\u1ea3n ph\u00e1t h\u00e0nh \u0111\u1ea7u ti\u00ean v\u00e0o n\u0103m 2023.<br \/>&nbsp;<br \/>\ud83d\udeab QUAN TR\u1eccNG!&nbsp;<br \/>&nbsp;<br \/>T\u00ean s\u1ea3n ph\u1ea9m: G\u1ea5u m\u00e1y Spider-Man Venom 400%<br \/>&nbsp;<br \/>Th\u1ec3 lo\u1ea1i: Ng\u01b0\u1eddi s\u00e1ng t\u1ea1o<br \/>&nbsp;<br \/>B\u1ed9 n\u00e0y ch\u1ee9a: Wangao 188007<br \/>&nbsp;<br \/>1800 vi\u00ean g\u1ea1ch ch\u1ea5t l\u01b0\u1ee3ng t\u1ed1t&nbsp;<br \/>&nbsp;<br \/>K\u00edch th\u01b0\u1edbc: 26,8 \u00d7 24,6 \u00d7 28 cm<br \/>&nbsp;<br \/>H\u01b0\u1edbng d\u1eabn th\u1ee7 c\u00f4ng&nbsp;<br \/>&nbsp;<br \/>\ud83d\udcccB\u1ea3n ch\u1ea5t c\u1ee7a nh\u00e2n v\u1eadt ch\u00ednh&nbsp;<br \/>&nbsp;<br \/>Xin gi\u1edbi thi\u1ec7u b\u1ed9 s\u01b0u t\u1eadp \u0111\u00e1ng t\u1ef1 h\u00e0o c\u1ee7a ch\u00fang t\u00f4i mang t\u00ean \u201cG\u1ea5u c\u01a1 kh\u00ed Spider-Man Venom 400%\u201d m\u00e0 b\u1ea1n kh\u00f4ng n\u00ean b\u1ecf l\u1ee1.&nbsp;<br \/>&nbsp;<br \/>\u0110\u00f3 l\u00e0 m\u1ed9t n\u1eeda c\u01a1 kh\u00ed Robot G\u1ea5u Venom, m\u1ed9t robot h\u00ecnh g\u1ea5u k\u1ebft h\u1ee3p Ng\u01b0\u1eddi Nh\u1ec7n v\u1edbi Venom.<\/div>","protected":false},"excerpt":{"rendered":"<p>Th\u01b0\u01a1ng hi\u1ec7u: Wangao<br \/>\nGi\u1edbi t\u00ednh: Unisex<br \/>\n\u0110\u1ed9 tu\u1ed5i: &gt; 16 tu\u1ed5i<br \/>\nS\u1ed1 m\u00f4 h\u00ecnh: 188007<br \/>\nPh\u00e2n lo\u1ea1i: T\u1eadp h\u1ee3p<br \/>\nH\u00ecnh d\u1ea1ng kh\u1ed1i nh\u1ef1a: G\u1ea1ch t\u1ef1 kh\u00f3a<br \/>\nCh\u1ea5t li\u1ec7u: Nh\u1ef1a<br \/>\nLo\u1ea1i nh\u1ef1a: ABS<br \/>\nKh\u1ed1i g\u1ea1ch: 1800 +<br \/>\nKh\u00f4ng c\u00f3 h\u1ed9p<\/p>","protected":false},"featured_media":41106,"comment_status":"open","ping_status":"closed","template":"","meta":{"_acf_changed":false},"product_cat":[1365,371],"product_tag":[2271,11072,8452,590,11210,11211],"class_list":["product","first","instock","shipping-taxable","purchasable","product-type-simple"],"acf":[],"_links":{"self":[{"href":"https:\/\/mouldking.store\/vi\/wp-json\/wp\/v2\/product\/41109","targetHints":{"allow":["GET"]}}],"collection":[{"href":"https:\/\/mouldking.store\/vi\/wp-json\/wp\/v2\/product"}],"about":[{"href":"https:\/\/mouldking.store\/vi\/wp-json\/wp\/v2\/types\/product"}],"replies":[{"embeddable":true,"href":"https:\/\/mouldking.store\/vi\/wp-json\/wp\/v2\/comments?post=41109"}],"wp:featuredmedia":[{"embeddable":true,"href":"https:\/\/mouldking.store\/vi\/wp-json\/wp\/v2\/media\/41106"}],"wp:attachment":[{"href":"https:\/\/mouldking.store\/vi\/wp-json\/wp\/v2\/media?parent=41109"}],"wp:term":[{"taxonomy":"product_cat","embeddable":true,"href":"https:\/\/mouldking.store\/vi\/wp-json\/wp\/v2\/product_cat?post=41109"},{"taxonomy":"product_tag","embeddable":true,"href":"https:\/\/mouldking.store\/vi\/wp-json\/wp\/v2\/product_tag?post=41109"}],"curies":[{"name":"wp","href":"https:\/\/api.w.org\/{rel}","templated":true}]}}