{"id":41118,"date":"2023-02-03T13:09:40","date_gmt":"2023-02-03T06:09:40","guid":{"rendered":"https:\/\/mouldking.store\/shop\/kazi-gbl-bozhi-ky87020-the-chronicles-of-narnia-the-battle-of-the-lighthouse-with-883-pieces\/"},"modified":"2023-02-03T13:09:40","modified_gmt":"2023-02-03T06:09:40","slug":"kazi-gbl-bozhi-ky87020-the-chronicles-of-narnia-the-battle-of-the-lighthouse-with-883-pieces","status":"publish","type":"product","link":"https:\/\/mouldking.store\/vi\/shop\/kazi-gbl-bozhi-ky87020-the-chronicles-of-narnia-the-battle-of-the-lighthouse-with-883-pieces\/","title":{"rendered":"KAZI \/ GBL \/ BOZHI KY87020 Bi\u00ean ni\u00ean s\u1eed Narnia: Tr\u1eadn h\u1ea3i \u0111\u0103ng v\u1edbi 883 m\u1ea3nh gh\u00e9p"},"content":{"rendered":"<div>\u2705 KAZI KY87020 Bi\u00ean Ni\u00ean S\u1eed Narnia: Tr\u1eadn H\u1ea3i \u0110\u0103ng<br \/>&nbsp;<br \/>\u2705\u201cBi\u00ean ni\u00ean s\u1eed Narnia\u201d l\u00e0 m\u1ed9t b\u1ed9 b\u1ea3y ti\u1ec3u thuy\u1ebft gi\u1ea3 t\u01b0\u1edfng \u0111\u01b0\u1ee3c vi\u1ebft b\u1edfi CS Lewis. C\u00e1c cu\u1ed1n s\u00e1ch l\u1ea5y b\u1ed1i c\u1ea3nh trong th\u1ebf gi\u1edbi h\u01b0 c\u1ea5u Narnia v\u00e0 theo d\u00f5i cu\u1ed9c phi\u00eau l\u01b0u c\u1ee7a nh\u1eefng \u0111\u1ee9a tr\u1ebb \u0111\u00f3ng vai tr\u00f2 trung t\u00e2m trong l\u1ecbch s\u1eed c\u1ee7a Narnia. B\u1ed9 truy\u1ec7n \u0111\u01b0\u1ee3c bi\u1ebft \u0111\u1ebfn v\u1edbi c\u00e1ch k\u1ec3 chuy\u1ec7n gi\u00e0u tr\u00ed t\u01b0\u1edfng t\u01b0\u1ee3ng, c\u00e1c nh\u00e2n v\u1eadt \u0111\u00e1ng nh\u1edb v\u00e0 ch\u1ee7 \u0111\u1ec1 v\u1ec1 C\u01a1 \u0111\u1ed1c gi\u00e1o.<br \/>&nbsp;<br \/>\ud83d\udeab QUAN TR\u1eccNG!&nbsp;<br \/>&nbsp;<br \/>T\u00ean s\u1ea3n ph\u1ea9m: Bi\u00ean Ni\u00ean S\u1eed Narnia: Tr\u1eadn H\u1ea3i \u0110\u0103ng<br \/>&nbsp;<br \/>Th\u1ec3 lo\u1ea1i: Ng\u01b0\u1eddi s\u00e1ng t\u1ea1o<br \/>&nbsp;<br \/>B\u1ed9 n\u00e0y ch\u1ee9a: KAZI KY87020<br \/>&nbsp;<br \/>883 chi\u1ebfc G\u1ea1ch ch\u1ea5t l\u01b0\u1ee3ng t\u1ed1t&nbsp;<br \/>&nbsp;<br \/>H\u01b0\u1edbng d\u1eabn th\u1ee7 c\u00f4ng&nbsp;<br \/>&nbsp;<br \/>\ud83d\udcccB\u1ea3n ch\u1ea5t c\u1ee7a nh\u00e2n v\u1eadt ch\u00ednh&nbsp;<br \/>&nbsp;<br \/>Xin gi\u1edbi thi\u1ec7u b\u1ed9 s\u01b0u t\u1eadp \u0111\u00e1ng t\u1ef1 h\u00e0o c\u1ee7a ch\u00fang t\u00f4i mang t\u00ean \u201cBi\u00ean ni\u00ean s\u1eed Narnia: Tr\u1eadn chi\u1ebfn ng\u1ecdn h\u1ea3i \u0111\u0103ng\u201d m\u00e0 b\u1ea1n kh\u00f4ng n\u00ean b\u1ecf l\u1ee1.&nbsp;<br \/>&nbsp;<br \/>Bi\u00ean ni\u00ean s\u1eed Narnia: Tr\u1eadn chi\u1ebfn ng\u1ecdn h\u1ea3i \u0111\u0103ng thu\u1ed9c b\u1ed9 kh\u1ed1i x\u00e2y d\u1ef1ng c\u1ee7a lo\u1ea1t phim v\u00e0 tr\u00f2 ch\u01a1i truy\u1ec1n h\u00ecnh, v\u00e0 to\u00e0n b\u1ed9 b\u1ed9 n\u00e0y ch\u1ee9a 883 h\u1ea1t kh\u1ed1i x\u00e2y d\u1ef1ng. L\u1ea7n \u0111\u1ea7u ti\u00ean \u0111\u01b0\u1ee3c ph\u00e1t h\u00e0nh v\u00e0o n\u0103m 2018.<\/div>","protected":false},"excerpt":{"rendered":"<p>Th\u01b0\u01a1ng hi\u1ec7u: KAZI \/ GBL \/ BOZHI<br \/>\nGi\u1edbi t\u00ednh: Unisex<br \/>\n\u0110\u1ed9 tu\u1ed5i: &gt; 6 tu\u1ed5i<br \/>\nS\u1ed1 m\u00f4 h\u00ecnh: KY87020<br \/>\nPh\u00e2n lo\u1ea1i: T\u1eadp h\u1ee3p<br \/>\nH\u00ecnh d\u1ea1ng kh\u1ed1i nh\u1ef1a: G\u1ea1ch t\u1ef1 kh\u00f3a<br \/>\nCh\u1ea5t li\u1ec7u: Nh\u1ef1a<br \/>\nLo\u1ea1i nh\u1ef1a: ABS<br \/>\nKh\u1ed1i g\u1ea1ch: 883 +<br \/>\nb\u00e1n tr\u01b0\u1edbc<\/p>","protected":false},"author":83,"featured_media":41117,"comment_status":"open","ping_status":"closed","template":"","meta":{"_acf_changed":false},"product_cat":[1365,371],"product_tag":[9077,11213,11072,8452,10110,11214],"class_list":["product","first","instock","shipping-taxable","purchasable","product-type-simple"],"acf":[],"_links":{"self":[{"href":"https:\/\/mouldking.store\/vi\/wp-json\/wp\/v2\/product\/41118","targetHints":{"allow":["GET"]}}],"collection":[{"href":"https:\/\/mouldking.store\/vi\/wp-json\/wp\/v2\/product"}],"about":[{"href":"https:\/\/mouldking.store\/vi\/wp-json\/wp\/v2\/types\/product"}],"author":[{"embeddable":true,"href":"https:\/\/mouldking.store\/vi\/wp-json\/wp\/v2\/users\/83"}],"replies":[{"embeddable":true,"href":"https:\/\/mouldking.store\/vi\/wp-json\/wp\/v2\/comments?post=41118"}],"wp:featuredmedia":[{"embeddable":true,"href":"https:\/\/mouldking.store\/vi\/wp-json\/wp\/v2\/media\/41117"}],"wp:attachment":[{"href":"https:\/\/mouldking.store\/vi\/wp-json\/wp\/v2\/media?parent=41118"}],"wp:term":[{"taxonomy":"product_cat","embeddable":true,"href":"https:\/\/mouldking.store\/vi\/wp-json\/wp\/v2\/product_cat?post=41118"},{"taxonomy":"product_tag","embeddable":true,"href":"https:\/\/mouldking.store\/vi\/wp-json\/wp\/v2\/product_tag?post=41118"}],"curies":[{"name":"wp","href":"https:\/\/api.w.org\/{rel}","templated":true}]}}