{"id":41133,"date":"2023-02-03T14:16:10","date_gmt":"2023-02-03T07:16:10","guid":{"rendered":"https:\/\/mouldking.store\/shop\/sembo-611044-cute-and-meaty-super-cute-rocket-with-137-pieces\/"},"modified":"2023-02-07T03:56:15","modified_gmt":"2023-02-06T20:56:15","slug":"sembo-611044-cute-and-meaty-super-cute-rocket-with-137-pieces","status":"publish","type":"product","link":"https:\/\/mouldking.store\/vi\/shop\/sembo-611044-cute-and-meaty-super-cute-rocket-with-137-pieces\/","title":{"rendered":"SEMBO 611044 D\u1ec5 th\u01b0\u01a1ng v\u00e0 nhi\u1ec1u th\u1ecbt: T\u00ean l\u1eeda si\u00eau d\u1ec5 th\u01b0\u01a1ng v\u1edbi 137 m\u1ea3nh"},"content":{"rendered":"<div>\u2705 SEMBO 611044 D\u1ec5 th\u01b0\u01a1ng v\u00e0 nhi\u1ec1u th\u1ecbt: T\u00ean l\u1eeda si\u00eau d\u1ec5 th\u01b0\u01a1ng<br \/>&nbsp;<br \/>\u2705D\u1ec5 th\u01b0\u01a1ng v\u00e0 nhi\u1ec1u th\u1ecbt: T\u00ean l\u1eeda si\u00eau d\u1ec5 th\u01b0\u01a1ng (Block Florist) thu\u1ed9c b\u1ed9 kh\u1ed1i x\u00e2y d\u1ef1ng c\u1ee7a d\u00f2ng th\u1ef1c v\u1eadt, c\u1ea3 b\u1ed9 g\u1ed3m 137 h\u1ea1t kh\u1ed1i x\u00e2y d\u1ef1ng. Ng\u00e0y ph\u00e1t h\u00e0nh \u0111\u1ea7u ti\u00ean l\u00e0 v\u00e0o n\u0103m 2022.<br \/>&nbsp;<br \/>\ud83d\udeab QUAN TR\u1eccNG!&nbsp;<br \/>&nbsp;<br \/>T\u00ean s\u1ea3n ph\u1ea9m: Cute and Meaty: T\u00ean l\u1eeda si\u00eau d\u1ec5 th\u01b0\u01a1ng<br \/>&nbsp;<br \/>Th\u1ec3 lo\u1ea1i: Ng\u01b0\u1eddi s\u00e1ng t\u1ea1o<br \/>&nbsp;<br \/>B\u1ed9 c\u00f4ng c\u1ee5 n\u00e0y ch\u1ee9a: SEMBO 611044<br \/>&nbsp;<br \/>137 vi\u00ean g\u1ea1ch ch\u1ea5t l\u01b0\u1ee3ng t\u1ed1t&nbsp;<br \/>&nbsp;<br \/>K\u00edch th\u01b0\u1edbc: 7,5 \u00d7 9,8 \u00d7 7,7 cm<br \/>&nbsp;<br \/>H\u01b0\u1edbng d\u1eabn th\u1ee7 c\u00f4ng&nbsp;<br \/>&nbsp;<br \/>\ud83d\udcccB\u1ea3n ch\u1ea5t c\u1ee7a nh\u00e2n v\u1eadt ch\u00ednh&nbsp;<br \/>&nbsp;<br \/>Xin gi\u1edbi thi\u1ec7u b\u1ed9 s\u01b0u t\u1eadp \u0111\u00e1ng t\u1ef1 h\u00e0o c\u1ee7a ch\u00fang t\u00f4i c\u00f3 t\u00ean \u201cD\u1ec5 th\u01b0\u01a1ng v\u00e0 nhi\u1ec1u th\u1ecbt: T\u00ean l\u1eeda si\u00eau \u0111\u00e1ng y\u00eau\u201d m\u00e0 b\u1ea1n kh\u00f4ng n\u00ean b\u1ecf l\u1ee1.&nbsp;<br \/>&nbsp;<br \/>Lo\u1ea1t t\u00ean l\u1eeda d\u1ec5 th\u01b0\u01a1ng v\u00e0 nhi\u1ec1u th\u1ecbt mang \u0111\u1ebfn tr\u1ea3i nghi\u1ec7m g\u1ea7n g\u0169i h\u01a1n cho nh\u1eefng ng\u01b0\u1eddi mu\u1ed1n s\u01b0u t\u1eadp. T\u00ean l\u1eeda kh\u00f4ng ch\u1ec9 d\u1ec5 th\u01b0\u01a1ng m\u00e0 c\u00f2n r\u1ea5t th\u00fa v\u1ecb khi ch\u01a1i c\u00f9ng.<\/div>","protected":false},"excerpt":{"rendered":"<p>Th\u01b0\u01a1ng hi\u1ec7u: SEMBO<br \/>\nGi\u1edbi t\u00ednh: Unisex<br \/>\n\u0110\u1ed9 tu\u1ed5i: &gt; 6 tu\u1ed5i<br \/>\nS\u1ed1 m\u00f4 h\u00ecnh: 611044<br \/>\nPh\u00e2n lo\u1ea1i: T\u1eadp h\u1ee3p<br \/>\nH\u00ecnh d\u1ea1ng kh\u1ed1i nh\u1ef1a: G\u1ea1ch t\u1ef1 kh\u00f3a<br \/>\nCh\u1ea5t li\u1ec7u: Nh\u1ef1a<br \/>\nLo\u1ea1i nh\u1ef1a: ABS<br \/>\nKh\u1ed1i g\u1ea1ch: 137 +<br \/>\nb\u00e1n tr\u01b0\u1edbc<\/p>","protected":false},"featured_media":41131,"comment_status":"open","ping_status":"closed","template":"","meta":{"_acf_changed":false},"product_cat":[1365,371],"product_tag":[11072,8452,11106,8162],"class_list":["product","first","instock","shipping-taxable","purchasable","product-type-simple"],"acf":[],"_links":{"self":[{"href":"https:\/\/mouldking.store\/vi\/wp-json\/wp\/v2\/product\/41133","targetHints":{"allow":["GET"]}}],"collection":[{"href":"https:\/\/mouldking.store\/vi\/wp-json\/wp\/v2\/product"}],"about":[{"href":"https:\/\/mouldking.store\/vi\/wp-json\/wp\/v2\/types\/product"}],"replies":[{"embeddable":true,"href":"https:\/\/mouldking.store\/vi\/wp-json\/wp\/v2\/comments?post=41133"}],"wp:featuredmedia":[{"embeddable":true,"href":"https:\/\/mouldking.store\/vi\/wp-json\/wp\/v2\/media\/41131"}],"wp:attachment":[{"href":"https:\/\/mouldking.store\/vi\/wp-json\/wp\/v2\/media?parent=41133"}],"wp:term":[{"taxonomy":"product_cat","embeddable":true,"href":"https:\/\/mouldking.store\/vi\/wp-json\/wp\/v2\/product_cat?post=41133"},{"taxonomy":"product_tag","embeddable":true,"href":"https:\/\/mouldking.store\/vi\/wp-json\/wp\/v2\/product_tag?post=41133"}],"curies":[{"name":"wp","href":"https:\/\/api.w.org\/{rel}","templated":true}]}}