{"id":41139,"date":"2023-02-03T14:31:15","date_gmt":"2023-02-03T07:31:15","guid":{"rendered":"https:\/\/mouldking.store\/shop\/sembo-611042-cute-and-meaty-afro-head-pufferfish-with-131-pieces\/"},"modified":"2023-02-05T04:06:46","modified_gmt":"2023-02-04T21:06:46","slug":"sembo-611042-cute-and-meaty-afro-head-pufferfish-with-131-pieces","status":"publish","type":"product","link":"https:\/\/mouldking.store\/vi\/shop\/sembo-611042-cute-and-meaty-afro-head-pufferfish-with-131-pieces\/","title":{"rendered":"SEMBO 611042 D\u1ec5 th\u01b0\u01a1ng v\u00e0 nhi\u1ec1u th\u1ecbt: C\u00e1 n\u00f3c \u0111\u1ea7u \u0111en v\u1edbi 131 mi\u1ebfng"},"content":{"rendered":"<div>\u2705 SEMBO 611042 D\u1ec5 th\u01b0\u01a1ng v\u00e0 nhi\u1ec1u th\u1ecbt: C\u00e1 n\u00f3c \u0111\u1ea7u \u0111en<br \/>&nbsp;<br \/>\u2705B\u1ed9 x\u1ebfp h\u00ecnh \u0111\u01b0\u1ee3c thi\u1ebft k\u1ebf d\u00e0nh cho tr\u1ebb em v\u00e0 ng\u01b0\u1eddi l\u1edbn \u0111\u1ec3 t\u1ea1o ra nhi\u1ec1u h\u00ecnh d\u1ea1ng kh\u00e1c nhau. V\u1edbi s\u1ef1 k\u1ebft h\u1ee3p c\u1ee7a c\u00e1c kh\u1ed1i x\u00e2y d\u1ef1ng, m\u1ecdi ng\u01b0\u1eddi c\u00f3 th\u1ec3 t\u1ea1o ra t\u1ea5t c\u1ea3 c\u00e1c lo\u1ea1i \u0111\u1ed9ng v\u1eadt, hoa, t\u00f2a nh\u00e0, v.v. C\u00e1c kh\u1ed1i x\u00e2y d\u1ef1ng b\u1ec1n v\u00e0 th\u00e2n thi\u1ec7n v\u1edbi m\u00f4i tr\u01b0\u1eddng.<br \/>&nbsp;<br \/>\ud83d\udeab QUAN TR\u1eccNG!&nbsp;<br \/>&nbsp;<br \/>T\u00ean s\u1ea3n ph\u1ea9m: D\u1ec5 th\u01b0\u01a1ng v\u00e0 nhi\u1ec1u th\u1ecbt: C\u00e1 n\u00f3c \u0111\u1ea7u \u0111en<br \/>&nbsp;<br \/>Th\u1ec3 lo\u1ea1i: Ng\u01b0\u1eddi s\u00e1ng t\u1ea1o<br \/>&nbsp;<br \/>B\u1ed9 c\u00f4ng c\u1ee5 n\u00e0y ch\u1ee9a: SEMBO 611042<br \/>&nbsp;<br \/>131 vi\u00ean g\u1ea1ch ch\u1ea5t l\u01b0\u1ee3ng t\u1ed1t&nbsp;<br \/>&nbsp;<br \/>K\u00edch th\u01b0\u1edbc: 7,4 \u00d7 6,4 \u00d7 6,5 cm<br \/>&nbsp;<br \/>H\u01b0\u1edbng d\u1eabn th\u1ee7 c\u00f4ng&nbsp;<br \/>&nbsp;<br \/>\ud83d\udcccB\u1ea3n ch\u1ea5t c\u1ee7a nh\u00e2n v\u1eadt ch\u00ednh&nbsp;<br \/>&nbsp;<br \/>Xin gi\u1edbi thi\u1ec7u b\u1ed9 s\u01b0u t\u1eadp \u0111\u00e1ng t\u1ef1 h\u00e0o c\u1ee7a ch\u00fang t\u00f4i c\u00f3 t\u00ean \u201cD\u1ec5 th\u01b0\u01a1ng v\u00e0 nhi\u1ec1u th\u1ecbt: C\u00e1 n\u00f3c \u0111\u1ea7u \u0111en\u201d m\u00e0 b\u1ea1n kh\u00f4ng n\u00ean b\u1ecf l\u1ee1.&nbsp;<br \/>&nbsp;<br \/>D\u1ec5 th\u01b0\u01a1ng v\u00e0 nhi\u1ec1u th\u1ecbt: C\u00e1 n\u00f3c \u0111\u1ea7u \u0111en l\u00e0 m\u1ed9t t\u1eadp h\u1ee3p c\u00e1c kh\u1ed1i x\u00e2y d\u1ef1ng \u0111\u01b0\u1ee3c t\u1ea1o b\u1edfi Block Florist. B\u1ed9 n\u00e0y n\u1eb1m trong s\u00ea-ri th\u1ef1c v\u1eadt, v\u1edbi 131 kh\u1ed1i x\u00e2y d\u1ef1ng. \u0110\u1ee3t ph\u00e1t h\u00e0nh \u0111\u1ea7u ti\u00ean c\u1ee7a b\u1ed9 n\u00e0y s\u1ebd l\u00e0 v\u00e0o n\u0103m 2022 v\u00e0 n\u00f3 bao g\u1ed3m m\u1ed9t ch\u00fa c\u00e1 n\u00f3c d\u1ec5 th\u01b0\u01a1ng v\u1edbi b\u00f4ng sen \u0111\u00e1 tr\u00ean \u0111\u1ea7u.<\/div>","protected":false},"excerpt":{"rendered":"<p>Th\u01b0\u01a1ng hi\u1ec7u: SEMBO<br \/>\nGi\u1edbi t\u00ednh: Unisex<br \/>\n\u0110\u1ed9 tu\u1ed5i: &gt; 6 tu\u1ed5i<br \/>\nS\u1ed1 m\u00f4 h\u00ecnh: 611042<br \/>\nPh\u00e2n lo\u1ea1i: T\u1eadp h\u1ee3p<br \/>\nH\u00ecnh d\u1ea1ng kh\u1ed1i nh\u1ef1a: G\u1ea1ch t\u1ef1 kh\u00f3a<br \/>\nCh\u1ea5t li\u1ec7u: Nh\u1ef1a<br \/>\nLo\u1ea1i nh\u1ef1a: ABS<br \/>\nKh\u1ed1i g\u1ea1ch: 131 +<br \/>\nb\u00e1n tr\u01b0\u1edbc<\/p>","protected":false},"featured_media":41137,"comment_status":"open","ping_status":"closed","template":"","meta":{"_acf_changed":false},"product_cat":[1365,371],"product_tag":[11072,8452,11218,9698,9767],"class_list":["product","first","instock","shipping-taxable","purchasable","product-type-simple"],"acf":[],"_links":{"self":[{"href":"https:\/\/mouldking.store\/vi\/wp-json\/wp\/v2\/product\/41139","targetHints":{"allow":["GET"]}}],"collection":[{"href":"https:\/\/mouldking.store\/vi\/wp-json\/wp\/v2\/product"}],"about":[{"href":"https:\/\/mouldking.store\/vi\/wp-json\/wp\/v2\/types\/product"}],"replies":[{"embeddable":true,"href":"https:\/\/mouldking.store\/vi\/wp-json\/wp\/v2\/comments?post=41139"}],"wp:featuredmedia":[{"embeddable":true,"href":"https:\/\/mouldking.store\/vi\/wp-json\/wp\/v2\/media\/41137"}],"wp:attachment":[{"href":"https:\/\/mouldking.store\/vi\/wp-json\/wp\/v2\/media?parent=41139"}],"wp:term":[{"taxonomy":"product_cat","embeddable":true,"href":"https:\/\/mouldking.store\/vi\/wp-json\/wp\/v2\/product_cat?post=41139"},{"taxonomy":"product_tag","embeddable":true,"href":"https:\/\/mouldking.store\/vi\/wp-json\/wp\/v2\/product_tag?post=41139"}],"curies":[{"name":"wp","href":"https:\/\/api.w.org\/{rel}","templated":true}]}}