{"id":41146,"date":"2023-02-03T14:43:25","date_gmt":"2023-02-03T07:43:25","guid":{"rendered":"https:\/\/mouldking.store\/shop\/sembo-701040-jacuzzi-altered-electric-hurricane-violet-with-1317-pieces\/"},"modified":"2023-02-03T14:43:25","modified_gmt":"2023-02-03T07:43:25","slug":"sembo-701040-jacuzzi-altered-electric-hurricane-violet-with-1317-pieces","status":"publish","type":"product","link":"https:\/\/mouldking.store\/vi\/shop\/sembo-701040-jacuzzi-altered-electric-hurricane-violet-with-1317-pieces\/","title":{"rendered":"B\u1ec3 s\u1ee5c SEMBO 701040: C\u01a1n b\u00e3o \u0111i\u1ec7n t\u00edm \u0111\u00e3 thay \u0111\u1ed5i v\u1edbi 1317 m\u1ea3nh"},"content":{"rendered":"<div>\u2705 B\u1ec3 s\u1ee5c SEMBO 701040: C\u01a1n b\u00e3o \u0111i\u1ec7n t\u00edm \u0111\u00e3 thay \u0111\u1ed5i<br \/>&nbsp;<br \/>\u2705Altered Electric Hurricane Violet l\u00e0 m\u1ed9t chi\u1ebfc xe \u0111i\u1ec7n ti\u00ean ti\u1ebfn k\u1ebft h\u1ee3p c\u00f4ng ngh\u1ec7 ti\u00ean ti\u1ebfn v\u1edbi thi\u1ebft k\u1ebf t\u00e1o b\u1ea1o, th\u1ec3 thao. V\u1edbi \u0111\u1ed9ng c\u01a1 \u0111i\u1ec7n m\u1ea1nh m\u1ebd mang l\u1ea1i m\u00f4-men xo\u1eafn t\u1ee9c th\u00ec v\u00e0 kh\u1ea3 n\u0103ng t\u0103ng t\u1ed1c nhanh nh\u01b0 ch\u1edbp, chi\u1ebfc xe n\u00e0y \u0111\u01b0\u1ee3c ch\u1ebf t\u1ea1o cho t\u1ed1c \u0111\u1ed9 v\u00e0 hi\u1ec7u su\u1ea5t.<br \/>&nbsp;<br \/>\ud83d\udeab QUAN TR\u1eccNG!&nbsp;<br \/>&nbsp;<br \/>T\u00ean s\u1ea3n ph\u1ea9m: B\u1ec3 s\u1ee5c: B\u00e3o \u0111i\u1ec7n t\u00edm thay \u0111\u1ed5i<br \/>&nbsp;<br \/>Danh m\u1ee5c: K\u1ef9 thu\u1eadt<br \/>&nbsp;<br \/>B\u1ed9 c\u00f4ng c\u1ee5 n\u00e0y ch\u1ee9a: SEMBO 701040<br \/>&nbsp;<br \/>1317 chi\u1ebfc G\u1ea1ch ch\u1ea5t l\u01b0\u1ee3ng t\u1ed1t&nbsp;<br \/>&nbsp;<br \/>K\u00edch th\u01b0\u1edbc: 35,1 \u00d7 17,5 \u00d7 9,3 cm<br \/>&nbsp;<br \/>H\u01b0\u1edbng d\u1eabn th\u1ee7 c\u00f4ng&nbsp;<br \/>&nbsp;<br \/>\ud83d\udcccB\u1ea3n ch\u1ea5t c\u1ee7a nh\u00e2n v\u1eadt ch\u00ednh&nbsp;<br \/>&nbsp;<br \/>Xin gi\u1edbi thi\u1ec7u b\u1ed9 s\u01b0u t\u1eadp \u0111\u00e1ng t\u1ef1 h\u00e0o c\u1ee7a ch\u00fang t\u00f4i mang t\u00ean \u201cJacuzzi: Altered Electric Hurricane Violet\u201d m\u00e0 b\u1ea1n kh\u00f4ng n\u00ean b\u1ecf l\u1ee1.&nbsp;<br \/>&nbsp;<br \/>Ngo\u1ea1i th\u1ea5t n\u1ed5i b\u1eadt v\u1edbi m\u00e0u t\u00edm b\u00e3o n\u1ed5i b\u1eadt ch\u1eafc ch\u1eafn s\u1ebd thu h\u00fat m\u1ecdi \u00e1nh nh\u00ecn, trong khi n\u1ed9i th\u1ea5t \u0111\u01b0\u1ee3c trang b\u1ecb c\u00f4ng ngh\u1ec7 m\u1edbi nh\u1ea5t v\u00e0 v\u1eadt li\u1ec7u cao c\u1ea5p cho tr\u1ea3i nghi\u1ec7m l\u00e1i xe tho\u1ea3i m\u00e1i v\u00e0 k\u1ebft n\u1ed1i. Cho d\u00f9 b\u1ea1n \u0111ang t\u00ecm ki\u1ebfm m\u1ed9t ph\u01b0\u01a1ng th\u1ee9c v\u1eadn chuy\u1ec3n th\u00e2n thi\u1ec7n v\u1edbi m\u00f4i tr\u01b0\u1eddng hay ch\u1ec9 \u0111\u01a1n gi\u1ea3n l\u00e0 mu\u1ed1n th\u1ec3 hi\u1ec7n \u1ea5n t\u01b0\u1ee3ng tr\u00ean \u0111\u01b0\u1eddng \u0111i, th\u00ec Altered Electric Hurricane Violet l\u00e0 m\u1ed9t ph\u01b0\u01a1ng ti\u1ec7n th\u1ef1c s\u1ef1 \u1ea5n t\u01b0\u1ee3ng. Changed Electric Hurricane Violet thu\u1ed9c b\u1ed9 kh\u1ed1i x\u00e2y d\u1ef1ng c\u1ee7a s\u00ea-ri nh\u00f3m c\u01a1 h\u1ecdc, c\u1ea3 b\u1ed9 ch\u1ee9a 1317 h\u1ea1t kh\u1ed1i x\u00e2y d\u1ef1ng. B\u1ea3n ph\u00e1t h\u00e0nh \u0111\u1ea7u ti\u00ean v\u00e0o n\u0103m 2023.<\/div>","protected":false},"excerpt":{"rendered":"<p>Th\u01b0\u01a1ng hi\u1ec7u: SEMBO<br \/>\nGi\u1edbi t\u00ednh: Unisex<br \/>\n\u0110\u1ed9 tu\u1ed5i: &gt; 6 tu\u1ed5i<br \/>\nS\u1ed1 m\u00f4 h\u00ecnh: 701040<br \/>\nPh\u00e2n lo\u1ea1i: T\u1eadp h\u1ee3p<br \/>\nH\u00ecnh d\u1ea1ng kh\u1ed1i nh\u1ef1a: G\u1ea1ch t\u1ef1 kh\u00f3a<br \/>\nCh\u1ea5t li\u1ec7u: Nh\u1ef1a<br \/>\nLo\u1ea1i nh\u1ef1a: ABS<br \/>\nKh\u1ed1i g\u1ea1ch: 1317 +<br \/>\nb\u00e1n tr\u01b0\u1edbc<\/p>","protected":false},"featured_media":41144,"comment_status":"open","ping_status":"closed","template":"","meta":{"_acf_changed":false},"product_cat":[1360,1357,364],"product_tag":[457,9981,389,11080],"class_list":["product","first","instock","shipping-taxable","purchasable","product-type-simple"],"acf":[],"_links":{"self":[{"href":"https:\/\/mouldking.store\/vi\/wp-json\/wp\/v2\/product\/41146","targetHints":{"allow":["GET"]}}],"collection":[{"href":"https:\/\/mouldking.store\/vi\/wp-json\/wp\/v2\/product"}],"about":[{"href":"https:\/\/mouldking.store\/vi\/wp-json\/wp\/v2\/types\/product"}],"replies":[{"embeddable":true,"href":"https:\/\/mouldking.store\/vi\/wp-json\/wp\/v2\/comments?post=41146"}],"wp:featuredmedia":[{"embeddable":true,"href":"https:\/\/mouldking.store\/vi\/wp-json\/wp\/v2\/media\/41144"}],"wp:attachment":[{"href":"https:\/\/mouldking.store\/vi\/wp-json\/wp\/v2\/media?parent=41146"}],"wp:term":[{"taxonomy":"product_cat","embeddable":true,"href":"https:\/\/mouldking.store\/vi\/wp-json\/wp\/v2\/product_cat?post=41146"},{"taxonomy":"product_tag","embeddable":true,"href":"https:\/\/mouldking.store\/vi\/wp-json\/wp\/v2\/product_tag?post=41146"}],"curies":[{"name":"wp","href":"https:\/\/api.w.org\/{rel}","templated":true}]}}