{"id":41199,"date":"2023-02-06T11:03:04","date_gmt":"2023-02-06T04:03:04","guid":{"rendered":"https:\/\/mouldking.store\/shop\/moc-factory-89488-independence-hall-with-29583-pieces\/"},"modified":"2025-12-16T22:25:22","modified_gmt":"2025-12-16T15:25:22","slug":"moc-factory-89488-independence-hall-with-29583-pieces","status":"publish","type":"product","link":"https:\/\/mouldking.store\/vi\/shop\/moc-factory-89488-independence-hall-with-29583-pieces\/","title":{"rendered":"Nh\u00e0 m\u00e1y MOC 89488 H\u1ed9i tr\u01b0\u1eddng \u0110\u1ed9c l\u1eadp v\u1edbi 29583 m\u1ea3nh gh\u00e9p"},"content":{"rendered":"<div>\u2705 MOC-89488 Independence Hall<\/p>\n<p>\u2705Independence Hall is a historic building in Philadelphia, Pennsylvania, United States. It was the site of some of the most critical events in American history and played a central role in the country&#8217;s independence movement. In 1776, the Continental Congress met in Independence Hall and adopted the Declaration of Independence, which proclaimed the independence of the thirteen American colonies from British rule. In 1787, the building was the site of the Constitutional Convention, where the United States Constitution was written and signed. Today, Independence Hall is a National Historic Landmark symbolizing American independence and democracy. It is open to the public as a museum and is a popular tourist destination in Philadelphia.<\/p>\n<p>\ud83d\udeab QUAN TR\u1eccNG!<\/p>\n<p>Product Name: Independence Hall<\/p>\n<p>Danh m\u1ee5c: T\u00f2a nh\u00e0 m\u00f4-\u0111un<\/p>\n<p>This Kit Contains: MOC-89488<\/p>\n<p>29583 pcs Good Quality Bricks<\/p>\n<p>Weight: 24.7 kg<\/p>\n<p>H\u01b0\u1edbng d\u1eabn PDF<\/p>\n<p>\ud83d\udcccB\u1ea3n ch\u1ea5t c\u1ee7a nh\u00e2n v\u1eadt ch\u00ednh<\/p>\n<p>Introducing our proud collection named \u201cIndependence Hall\u201d you should not miss.<\/p>\n<p>A 29,583PCS building blocks set, this product is made of premium-quality material which is consistent with the mainstream building blocks brands, featuring accurate color, firm structure, and comfortable hand feel for easy disassembly. Compatible with the building block sets from Denish&#8217;s prestigious brands, the product includes the parts packed in separate bags and types, reducing purchase cost and time.<\/p><\/div>","protected":false},"excerpt":{"rendered":"<p>Th\u01b0\u01a1ng hi\u1ec7u: Nh\u00e0 m\u00e1y M\u1ed8C<br \/>\nGi\u1edbi t\u00ednh: Unisex<br \/>\n\u0110\u1ed9 tu\u1ed5i: &gt; 12 tu\u1ed5i<br \/>\nModel Number: 89488<br \/>\nPh\u00e2n lo\u1ea1i: T\u1eadp h\u1ee3p<br \/>\nH\u00ecnh d\u1ea1ng kh\u1ed1i nh\u1ef1a: G\u1ea1ch t\u1ef1 kh\u00f3a<br \/>\nCh\u1ea5t li\u1ec7u: Nh\u1ef1a<br \/>\nLo\u1ea1i nh\u1ef1a: ABS<br \/>\nBricks Blocks: 29583 +<br \/>\nS\u1eafp x\u1ebfp th\u1eddi gian: 4-8 tu\u1ea7n<\/p>","protected":false},"featured_media":41193,"comment_status":"open","ping_status":"closed","template":"","meta":{"_acf_changed":false},"product_cat":[1395,390],"product_tag":[727,4883,392],"class_list":["product","first","instock","shipping-taxable","purchasable","product-type-simple"],"acf":[],"_links":{"self":[{"href":"https:\/\/mouldking.store\/vi\/wp-json\/wp\/v2\/product\/41199","targetHints":{"allow":["GET"]}}],"collection":[{"href":"https:\/\/mouldking.store\/vi\/wp-json\/wp\/v2\/product"}],"about":[{"href":"https:\/\/mouldking.store\/vi\/wp-json\/wp\/v2\/types\/product"}],"replies":[{"embeddable":true,"href":"https:\/\/mouldking.store\/vi\/wp-json\/wp\/v2\/comments?post=41199"}],"wp:featuredmedia":[{"embeddable":true,"href":"https:\/\/mouldking.store\/vi\/wp-json\/wp\/v2\/media\/41193"}],"wp:attachment":[{"href":"https:\/\/mouldking.store\/vi\/wp-json\/wp\/v2\/media?parent=41199"}],"wp:term":[{"taxonomy":"product_cat","embeddable":true,"href":"https:\/\/mouldking.store\/vi\/wp-json\/wp\/v2\/product_cat?post=41199"},{"taxonomy":"product_tag","embeddable":true,"href":"https:\/\/mouldking.store\/vi\/wp-json\/wp\/v2\/product_tag?post=41199"}],"curies":[{"name":"wp","href":"https:\/\/api.w.org\/{rel}","templated":true}]}}