{"id":41205,"date":"2023-02-06T11:11:19","date_gmt":"2023-02-06T04:11:19","guid":{"rendered":"https:\/\/mouldking.store\/shop\/moc-factory-89487-ireland-st-patricks-cathedral-medieval-castle-with-59878-pieces\/"},"modified":"2025-12-16T22:25:22","modified_gmt":"2025-12-16T15:25:22","slug":"moc-factory-89487-ireland-st-patricks-cathedral-medieval-castle-with-59878-pieces","status":"publish","type":"product","link":"https:\/\/mouldking.store\/vi\/shop\/moc-factory-89487-ireland-st-patricks-cathedral-medieval-castle-with-59878-pieces\/","title":{"rendered":"Nh\u00e0 m\u00e1y MOC 89487 Ireland Nh\u00e0 th\u1edd St. Patrick L\u00e2u \u0111\u00e0i Trung c\u1ed5 v\u1edbi 59878 M\u1ea3nh gh\u00e9p"},"content":{"rendered":"<div>\u2705 MOC-89487 Ireland Nh\u00e0 th\u1edd St. Patrick L\u00e2u \u0111\u00e0i th\u1eddi trung c\u1ed5<\/p>\n<p>\u2705 Nh\u00e0 th\u1edd Th\u00e1nh Patrick \u1edf Ireland l\u00e0 m\u1ed9t nh\u00e0 th\u1edd th\u1eddi trung c\u1ed5 n\u1eb1m \u1edf Dublin, Ireland. \u0110\u00e2y l\u00e0 nh\u00e0 th\u1edd l\u1edbn nh\u1ea5t \u1edf Ireland v\u00e0 \u0111\u01b0\u1ee3c x\u00e2y d\u1ef1ng v\u00e0o nh\u1eefng n\u0103m 1300 tr\u00ean \u0111\u1ecba \u0111i\u1ec3m c\u1ee7a m\u1ed9t nh\u00e0 th\u1edd tr\u01b0\u1edbc \u0111\u00f3 \u0111\u01b0\u1ee3c cho l\u00e0 do Th\u00e1nh Patrick, v\u1ecb th\u00e1nh b\u1ea3o tr\u1ee3 c\u1ee7a Ireland th\u00e0nh l\u1eadp. Nh\u00e0 th\u1edd c\u00f3 m\u1ed9t l\u1ecbch s\u1eed l\u00e2u \u0111\u1eddi v\u00e0 phong ph\u00fa, bao g\u1ed3m c\u1ea3 m\u1ed9t kho\u1ea3ng th\u1eddi gian n\u00f3 t\u1eebng l\u00e0 tr\u1ee5 s\u1edf c\u1ee7a Nh\u00e0 th\u1edd Ireland. Trong th\u1eddi k\u1ef3 trung c\u1ed5, nh\u00e0 th\u1edd \u0111\u01b0\u1ee3c c\u1ee7ng c\u1ed1 nh\u01b0 m\u1ed9t c\u1ea5u tr\u00fac ph\u00f2ng th\u1ee7 v\u00e0 ph\u1ee5c v\u1ee5 nh\u01b0 m\u1ed9t l\u00e2u \u0111\u00e0i. Nh\u00e0 th\u1edd St. Patrick l\u00e0 m\u1ed9t v\u00ed d\u1ee5 quan tr\u1ecdng v\u1ec1 ki\u1ebfn tr\u00fac th\u1eddi trung c\u1ed5 v\u00e0 \u0111\u00e3 \u0111\u01b0\u1ee3c kh\u00f4i ph\u1ee5c r\u1ed9ng r\u00e3i qua nhi\u1ec1u th\u1ebf k\u1ef7. Ng\u00e0y nay, n\u00f3 l\u00e0 m\u1ed9t \u0111\u1ecba \u0111i\u1ec3m du l\u1ecbch n\u1ed5i ti\u1ebfng v\u00e0 l\u00e0 m\u1ed9t \u0111\u1ecba danh v\u0103n h\u00f3a v\u00e0 l\u1ecbch s\u1eed quan tr\u1ecdng \u1edf Dublin, Ireland.<\/p>\n<p>\ud83d\udeab QUAN TR\u1eccNG!<\/p>\n<p>T\u00ean s\u1ea3n ph\u1ea9m: Ireland St. Patrick&#039;s Cathedral L\u00e2u \u0111\u00e0i th\u1eddi trung c\u1ed5<\/p>\n<p>Th\u1ec3 lo\u1ea1i: T\u00f2a nh\u00e0 m\u00f4-\u0111un<\/p>\n<p>B\u1ed9 n\u00e0y ch\u1ee9a: MOC-89487<\/p>\n<p>59878 chi\u1ebfc G\u1ea1ch ch\u1ea5t l\u01b0\u1ee3ng t\u1ed1t<\/p>\n<p>Tr\u1ecdng l\u01b0\u1ee3ng: 50 kg<\/p>\n<p>H\u01b0\u1edbng d\u1eabn PDF<\/p>\n<p>\ud83d\udcccB\u1ea3n ch\u1ea5t c\u1ee7a nh\u00e2n v\u1eadt ch\u00ednh<\/p>\n<p>Xin gi\u1edbi thi\u1ec7u b\u1ed9 s\u01b0u t\u1eadp \u0111\u00e1ng t\u1ef1 h\u00e0o c\u1ee7a ch\u00fang t\u00f4i mang t\u00ean \u201cL\u00e2u \u0111\u00e0i Trung c\u1ed5 c\u1ee7a Nh\u00e0 th\u1edd St. Patrick \u1edf Ireland\u201d m\u00e0 b\u1ea1n kh\u00f4ng n\u00ean b\u1ecf l\u1ee1.<\/p>\n<p>S\u1ea3n ph\u1ea9m \u0111\u01b0\u1ee3c thi\u1ebft k\u1ebf gi\u1ed1ng th\u1ef1c t\u1ebf nh\u1ea5t c\u00f3 th\u1ec3 v\u00e0 tr\u1ea3i nghi\u1ec7m x\u00e2y d\u1ef1ng \u0111\u00e3 \u0111\u01b0\u1ee3c s\u1eeda \u0111\u1ed5i \u0111\u1ec3 n\u00f3 tr\u1edf n\u00ean ho\u00e0n h\u1ea3o nh\u01b0 m\u1ed9t m\u00f3n \u0111\u1ed3 ch\u01a1i v\u00e0 c\u00f3 th\u1ec3 ph\u1ee5c h\u1ed3i d\u1ec5 d\u00e0ng. C\u00e1ch ph\u1ed1i m\u00e0u \u0111\u1ed9c \u0111\u00e1o v\u00e0 t\u1ea1o ra m\u1ed9t m\u00e0n h\u00ecnh \u1ea5n t\u01b0\u1ee3ng, nh\u01b0ng khi\u1ebfn n\u00f3 tr\u1edf n\u00ean th\u00fa v\u1ecb khi x\u00e2y d\u1ef1ng.<\/p><\/div>","protected":false},"excerpt":{"rendered":"<p>Th\u01b0\u01a1ng hi\u1ec7u: Nh\u00e0 m\u00e1y M\u1ed8C<br \/>\nGi\u1edbi t\u00ednh: Unisex<br \/>\n\u0110\u1ed9 tu\u1ed5i: &gt; 12 tu\u1ed5i<br \/>\nS\u1ed1 m\u00f4 h\u00ecnh: 89487<br \/>\nPh\u00e2n lo\u1ea1i: T\u1eadp h\u1ee3p<br \/>\nH\u00ecnh d\u1ea1ng kh\u1ed1i nh\u1ef1a: G\u1ea1ch t\u1ef1 kh\u00f3a<br \/>\nCh\u1ea5t li\u1ec7u: Nh\u1ef1a<br \/>\nLo\u1ea1i nh\u1ef1a: ABS<br \/>\nKh\u1ed1i g\u1ea1ch: 59878 +<br \/>\nS\u1eafp x\u1ebfp th\u1eddi gian: 4-8 tu\u1ea7n<\/p>","protected":false},"featured_media":41200,"comment_status":"open","ping_status":"closed","template":"","meta":{"_acf_changed":false},"product_cat":[1395,390],"product_tag":[727,787,4883,11225,5644,392],"class_list":["product","first","instock","shipping-taxable","purchasable","product-type-simple"],"acf":[],"_links":{"self":[{"href":"https:\/\/mouldking.store\/vi\/wp-json\/wp\/v2\/product\/41205","targetHints":{"allow":["GET"]}}],"collection":[{"href":"https:\/\/mouldking.store\/vi\/wp-json\/wp\/v2\/product"}],"about":[{"href":"https:\/\/mouldking.store\/vi\/wp-json\/wp\/v2\/types\/product"}],"replies":[{"embeddable":true,"href":"https:\/\/mouldking.store\/vi\/wp-json\/wp\/v2\/comments?post=41205"}],"wp:featuredmedia":[{"embeddable":true,"href":"https:\/\/mouldking.store\/vi\/wp-json\/wp\/v2\/media\/41200"}],"wp:attachment":[{"href":"https:\/\/mouldking.store\/vi\/wp-json\/wp\/v2\/media?parent=41205"}],"wp:term":[{"taxonomy":"product_cat","embeddable":true,"href":"https:\/\/mouldking.store\/vi\/wp-json\/wp\/v2\/product_cat?post=41205"},{"taxonomy":"product_tag","embeddable":true,"href":"https:\/\/mouldking.store\/vi\/wp-json\/wp\/v2\/product_tag?post=41205"}],"curies":[{"name":"wp","href":"https:\/\/api.w.org\/{rel}","templated":true}]}}