{"id":41223,"date":"2023-02-06T11:36:27","date_gmt":"2023-02-06T04:36:27","guid":{"rendered":"https:\/\/mouldking.store\/shop\/moc-factory-38471-halo-pillar-of-autumn-light-cruiser-with-1422-pieces\/"},"modified":"2025-12-16T22:25:22","modified_gmt":"2025-12-16T15:25:22","slug":"moc-factory-38471-halo-pillar-of-autumn-light-cruiser-with-1422-pieces","status":"publish","type":"product","link":"https:\/\/mouldking.store\/vi\/shop\/moc-factory-38471-halo-pillar-of-autumn-light-cruiser-with-1422-pieces\/","title":{"rendered":"MOC Factory 38471 HALO Pillar of Autumn Light Cruiser with 1422 Pieces"},"content":{"rendered":"<div>\u2705 MOC-38471 Tr\u1ee5 c\u1ed9t HALO c\u1ee7a T\u00e0u tu\u1ea7n d\u01b0\u01a1ng h\u1ea1ng nh\u1eb9 m\u00f9a thu<\/p>\n<p>\u2705Pillar of Autumn l\u00e0 m\u1ed9t t\u00e0u chi\u1ebfn \u0111\u01b0\u1ee3c trang b\u1ecb c\u00f4ng ngh\u1ec7 v\u00e0 v\u0169 kh\u00ed ti\u00ean ti\u1ebfn, bao g\u1ed3m \u0110\u1ed9ng c\u01a1 xuy\u00ean s\u00e1ng Shaw-Fujikawa, cho ph\u00e9p n\u00f3 di chuy\u1ec3n nhanh h\u01a1n \u00e1nh s\u00e1ng. Con t\u00e0u do Jacob Keyes l\u00e0m thuy\u1ec1n tr\u01b0\u1edfng v\u00e0 \u0111\u00f3ng vai tr\u00f2 l\u00e0 nh\u00e2n t\u1ed1 ch\u1ee7 ch\u1ed1t trong c\u00e1c s\u1ef1 ki\u1ec7n c\u1ee7a v\u0169 tr\u1ee5 Halo, \u0111\u00f3ng vai tr\u00f2 l\u00e0 ph\u01b0\u01a1ng ti\u1ec7n tho\u00e1t hi\u1ec3m cho nh\u1eefng ng\u01b0\u1eddi cu\u1ed1i c\u00f9ng c\u00f2n l\u1ea1i khi h\u1ecd ch\u1ea1y tr\u1ed1n kh\u1ecfi cu\u1ed9c t\u1ea5n c\u00f4ng c\u1ee7a Hi\u1ec7p \u01b0\u1edbc. Pillar of Autumn \u0111\u01b0\u1ee3c mi\u00eau t\u1ea3 l\u00e0 m\u1ed9t t\u00e0u qu\u00e2n s\u1ef1 \u0111\u00e1ng g\u1eddm v\u00e0 \u0111\u00f3ng vai tr\u00f2 trung t\u00e2m trong c\u00e1c s\u1ef1 ki\u1ec7n c\u1ee7a v\u0169 tr\u1ee5 Halo.<\/p>\n<p>\ud83d\udeab QUAN TR\u1eccNG!<\/p>\n<p>T\u00ean s\u1ea3n ph\u1ea9m: HALO Pillar of Autumn Light Cruiser<\/p>\n<p>Th\u1ec3 lo\u1ea1i: Qu\u00e2n s\u1ef1<\/p>\n<p>B\u1ed9 n\u00e0y ch\u1ee9a: MOC-38471<\/p>\n<p>1422 chi\u1ebfc G\u1ea1ch ch\u1ea5t l\u01b0\u1ee3ng t\u1ed1t<\/p>\n<p>Tr\u1ecdng l\u01b0\u1ee3ng: 1400g<\/p>\n<p>H\u01b0\u1edbng d\u1eabn PDF<\/p>\n<p>\ud83d\udcccB\u1ea3n ch\u1ea5t c\u1ee7a nh\u00e2n v\u1eadt ch\u00ednh<\/p>\n<p>Xin gi\u1edbi thi\u1ec7u b\u1ed9 s\u01b0u t\u1eadp \u0111\u00e1ng t\u1ef1 h\u00e0o c\u1ee7a ch\u00fang t\u00f4i mang t\u00ean \u201cHALO Pillar of Autumn Light Cruiser\u201d m\u00e0 b\u1ea1n kh\u00f4ng n\u00ean b\u1ecf l\u1ee1.<\/p>\n<p>M\u1eabu t\u00e0u tu\u1ea7n d\u01b0\u01a1ng h\u1ea1ng nh\u1eb9 MOC-38471 n\u00e0y c\u00f3 thi\u1ebft k\u1ebf nguy\u00ean b\u1ea3n v\u00e0 c\u00e1c b\u1ed9 ph\u1eadn n\u1ed9i th\u1ea5t gi\u1ed1ng th\u1eadt. \u0110\u01b0\u1ee3c s\u1eeda \u0111\u1ed5i v\u00e0 xem x\u00e9t nhi\u1ec1u l\u1ea7n, s\u1ea3n ph\u1ea9m t\u1ed1i \u0111a h\u00f3a di\u1ec7n m\u1ea1o c\u1ee7a khung c\u1ea3nh, \u0111\u01b0\u1ee3c thi\u1ebft k\u1ebf v\u1edbi c\u1ea5u tr\u00fac h\u1ee3p l\u00fd, c\u00f4ng tr\u00ecnh ch\u1eafc ch\u1eafn &amp; \u0111\u00e1ng kinh ng\u1ea1c, c\u00f9ng v\u1edbi thi\u1ebft k\u1ebf \u0111\u1ed9c \u0111\u00e1o v\u00e0 m\u00e0u s\u1eafc ph\u00f9 h\u1ee3p mang l\u1ea1i gi\u00e1 tr\u1ecb trang tr\u00ed v\u00e0 s\u01b0u t\u1eadp cao c\u1ea5p.<\/p><\/div>","protected":false},"excerpt":{"rendered":"<p>Th\u01b0\u01a1ng hi\u1ec7u: Nh\u00e0 m\u00e1y M\u1ed8C<br \/>\nGi\u1edbi t\u00ednh: Unisex<br \/>\n\u0110\u1ed9 tu\u1ed5i: &gt; 12 tu\u1ed5i<br \/>\nS\u1ed1 m\u00f4 h\u00ecnh: 38471<br \/>\nPh\u00e2n lo\u1ea1i: T\u1eadp h\u1ee3p<br \/>\nH\u00ecnh d\u1ea1ng kh\u1ed1i nh\u1ef1a: G\u1ea1ch t\u1ef1 kh\u00f3a<br \/>\nCh\u1ea5t li\u1ec7u: Nh\u1ef1a<br \/>\nLo\u1ea1i nh\u1ef1a: ABS<br \/>\nKh\u1ed1i g\u1ea1ch: 1422 +<br \/>\nS\u1eafp x\u1ebfp th\u1eddi gian: 4-8 tu\u1ea7n<\/p>","protected":false},"featured_media":41218,"comment_status":"open","ping_status":"closed","template":"","meta":{"_acf_changed":false},"product_cat":[1350,1357,372,6016,364],"product_tag":[5541,10465,374,2276,389],"class_list":["product","first","instock","shipping-taxable","purchasable","product-type-simple"],"acf":[],"_links":{"self":[{"href":"https:\/\/mouldking.store\/vi\/wp-json\/wp\/v2\/product\/41223","targetHints":{"allow":["GET"]}}],"collection":[{"href":"https:\/\/mouldking.store\/vi\/wp-json\/wp\/v2\/product"}],"about":[{"href":"https:\/\/mouldking.store\/vi\/wp-json\/wp\/v2\/types\/product"}],"replies":[{"embeddable":true,"href":"https:\/\/mouldking.store\/vi\/wp-json\/wp\/v2\/comments?post=41223"}],"wp:featuredmedia":[{"embeddable":true,"href":"https:\/\/mouldking.store\/vi\/wp-json\/wp\/v2\/media\/41218"}],"wp:attachment":[{"href":"https:\/\/mouldking.store\/vi\/wp-json\/wp\/v2\/media?parent=41223"}],"wp:term":[{"taxonomy":"product_cat","embeddable":true,"href":"https:\/\/mouldking.store\/vi\/wp-json\/wp\/v2\/product_cat?post=41223"},{"taxonomy":"product_tag","embeddable":true,"href":"https:\/\/mouldking.store\/vi\/wp-json\/wp\/v2\/product_tag?post=41223"}],"curies":[{"name":"wp","href":"https:\/\/api.w.org\/{rel}","templated":true}]}}