{"id":41247,"date":"2023-02-06T12:34:42","date_gmt":"2023-02-06T05:34:42","guid":{"rendered":"https:\/\/mouldking.store\/shop\/moc-factory-89484-wide-west-saloon-the-castle-architecture-with-6481-pieces\/"},"modified":"2025-12-16T22:25:21","modified_gmt":"2025-12-16T15:25:21","slug":"moc-factory-89484-wide-west-saloon-the-castle-architecture-with-6481-pieces","status":"publish","type":"product","link":"https:\/\/mouldking.store\/vi\/shop\/moc-factory-89484-wide-west-saloon-the-castle-architecture-with-6481-pieces\/","title":{"rendered":"MOC Factory 89484 Wide West Saloon Ki\u1ebfn tr\u00fac l\u00e2u \u0111\u00e0i v\u1edbi 6481 m\u1ea3nh gh\u00e9p"},"content":{"rendered":"<div>\u2705 MOC-89484 Wide West Saloon Ki\u1ebfn tr\u00fac l\u00e2u \u0111\u00e0i<\/p>\n<p>\u2705 UCS Wide West Saloon l\u00e0 m\u1ed9t m\u00f4 h\u00ecnh ki\u1ebfn tr\u00fac l\u00e2u \u0111\u00e0i ki\u1ec3u m\u00f4-\u0111un. C\u00e1c kh\u1ed1i x\u00e2y d\u1ef1ng trong b\u1ed9 n\u00e0y t\u01b0\u01a1ng th\u00edch v\u1edbi t\u1ea5t c\u1ea3 c\u00e1c nh\u00e3n hi\u1ec7u g\u1ea1ch l\u1edbn v\u00e0 c\u00e1c lo\u1ea1i g\u1ea1ch c\u00f3 nhi\u1ec1u m\u00e0u, ch\u1eb3ng h\u1ea1n nh\u01b0 n\u00e2u, \u0111en, xanh \u0111\u1eadm, xanh nh\u1ea1t v\u00e0 cam. Nh\u1eefng kh\u1ed1i n\u00e0y s\u1ebd ho\u1ea1t \u0111\u1ed9ng cho nh\u1eefng ng\u01b0\u1eddi mu\u1ed1n x\u00e2y d\u1ef1ng m\u1ed9t lo\u1ea1t MOC ph\u01b0\u01a1ng T\u00e2y ho\u1eb7c g\u1ea1ch c\u00f4ng ngh\u1ec7 l\u00e0ng qu\u00ea!<\/p>\n<p>\ud83d\udeab QUAN TR\u1eccNG!<\/p>\n<p>T\u00ean s\u1ea3n ph\u1ea9m: Wide West Saloon The Castle Architecture<\/p>\n<p>Danh m\u1ee5c: T\u00f2a nh\u00e0 m\u00f4-\u0111un<\/p>\n<p>B\u1ed9 c\u00f4ng c\u1ee5 n\u00e0y ch\u1ee9a: MOC-89484<\/p>\n<p>6481 vi\u00ean g\u1ea1ch ch\u1ea5t l\u01b0\u1ee3ng t\u1ed1t<\/p>\n<p>H\u01b0\u1edbng d\u1eabn PDF<\/p>\n<p>\ud83d\udcccB\u1ea3n ch\u1ea5t c\u1ee7a nh\u00e2n v\u1eadt ch\u00ednh<\/p>\n<p>Xin gi\u1edbi thi\u1ec7u b\u1ed9 s\u01b0u t\u1eadp \u0111\u00e1ng t\u1ef1 h\u00e0o c\u1ee7a ch\u00fang t\u00f4i mang t\u00ean \u201cWide West Saloon The Castle Architecture\u201d m\u00e0 b\u1ea1n kh\u00f4ng n\u00ean b\u1ecf l\u1ee1.<\/p>\n<p>UCS Wide West Saloon Ki\u1ebfn tr\u00fac l\u00e2u \u0111\u00e0i l\u00e0 m\u1ed9t t\u1eadp h\u1ee3p c\u00e1c Kh\u1ed1i MOC theo phong c\u00e1ch Western Series. T\u1ea5t c\u1ea3 \u0111\u1ec1u \u0111\u01b0\u1ee3c l\u00e0m b\u1eb1ng v\u1eadt li\u1ec7u ABS b\u1ec1n, ch\u1ea5t l\u01b0\u1ee3ng cao v\u00e0 th\u00e2n thi\u1ec7n v\u1edbi m\u00f4i tr\u01b0\u1eddng. \u0110\u1ed3ng th\u1eddi, ch\u00fang c\u0169ng d\u1ec5 l\u1eafp r\u00e1p, c\u00f3 th\u1ec3 l\u00e0m qu\u00e0 Gi\u00e1ng sinh (ho\u1eb7c c\u00e1c l\u1ec5 h\u1ed9i kh\u00e1c) cho tr\u1ebb em v\u00e0 ng\u01b0\u1eddi l\u1edbn. V\u1edbi nh\u1eefng kh\u1ed1i n\u00e0y, b\u1ea1n c\u00f3 th\u1ec3 t\u1ea1o th\u1ecb tr\u1ea5n v\u00e0 l\u00e0ng theo phong c\u00e1ch ph\u01b0\u01a1ng T\u00e2y c\u1ee7a ri\u00eang m\u00ecnh.<\/p><\/div>","protected":false},"excerpt":{"rendered":"<p>Th\u01b0\u01a1ng hi\u1ec7u: Nh\u00e0 m\u00e1y M\u1ed8C<br \/>\nGi\u1edbi t\u00ednh: Unisex<br \/>\n\u0110\u1ed9 tu\u1ed5i: &gt; 12 tu\u1ed5i<br \/>\nS\u1ed1 m\u00f4 h\u00ecnh: 89484<br \/>\nPh\u00e2n lo\u1ea1i: T\u1eadp h\u1ee3p<br \/>\nH\u00ecnh d\u1ea1ng kh\u1ed1i nh\u1ef1a: G\u1ea1ch t\u1ef1 kh\u00f3a<br \/>\nCh\u1ea5t li\u1ec7u: Nh\u1ef1a<br \/>\nLo\u1ea1i nh\u1ef1a: ABS<br \/>\nKh\u1ed1i g\u1ea1ch: 6481 +<br \/>\nS\u1eafp x\u1ebfp th\u1eddi gian: 4-8 tu\u1ea7n<\/p>","protected":false},"featured_media":41242,"comment_status":"open","ping_status":"closed","template":"","meta":{"_acf_changed":false},"product_cat":[1395,390],"product_tag":[787,4883,11099,392,4093,6373,9100],"class_list":["product","first","instock","shipping-taxable","purchasable","product-type-simple"],"acf":[],"_links":{"self":[{"href":"https:\/\/mouldking.store\/vi\/wp-json\/wp\/v2\/product\/41247","targetHints":{"allow":["GET"]}}],"collection":[{"href":"https:\/\/mouldking.store\/vi\/wp-json\/wp\/v2\/product"}],"about":[{"href":"https:\/\/mouldking.store\/vi\/wp-json\/wp\/v2\/types\/product"}],"replies":[{"embeddable":true,"href":"https:\/\/mouldking.store\/vi\/wp-json\/wp\/v2\/comments?post=41247"}],"wp:featuredmedia":[{"embeddable":true,"href":"https:\/\/mouldking.store\/vi\/wp-json\/wp\/v2\/media\/41242"}],"wp:attachment":[{"href":"https:\/\/mouldking.store\/vi\/wp-json\/wp\/v2\/media?parent=41247"}],"wp:term":[{"taxonomy":"product_cat","embeddable":true,"href":"https:\/\/mouldking.store\/vi\/wp-json\/wp\/v2\/product_cat?post=41247"},{"taxonomy":"product_tag","embeddable":true,"href":"https:\/\/mouldking.store\/vi\/wp-json\/wp\/v2\/product_tag?post=41247"}],"curies":[{"name":"wp","href":"https:\/\/api.w.org\/{rel}","templated":true}]}}