{"id":41265,"date":"2023-02-07T09:40:07","date_gmt":"2023-02-07T02:40:07","guid":{"rendered":"https:\/\/mouldking.store\/shop\/lw-2098-iron-mech-anti-hulk-armor-with-4448-pieces\/"},"modified":"2024-12-31T17:00:47","modified_gmt":"2024-12-31T10:00:47","slug":"lw-2098-iron-mech-anti-hulk-armor-with-4448-pieces","status":"publish","type":"product","link":"https:\/\/mouldking.store\/vi\/shop\/lw-2098-iron-mech-anti-hulk-armor-with-4448-pieces\/","title":{"rendered":"LW 2098 Iron Mech Anti-Hulk Armor v\u1edbi 4448 m\u1ea3nh"},"content":{"rendered":"<div>\u2705 LW 2098 Iron Mech Anti-Hulk Armor<\/p>\n<\/div>\n<div>\u2705Iron Mech Anti-Hulk Armor l\u00e0 m\u1ed9t c\u00f4ng ngh\u1ec7 h\u01b0 c\u1ea5u t\u1eeb v\u0169 tr\u1ee5 Marvel Comics, \u0111\u01b0\u1ee3c thi\u1ebft k\u1ebf \u0111\u1eb7c bi\u1ec7t \u0111\u1ec3 s\u1eed d\u1ee5ng ch\u1ed1ng l\u1ea1i Hulk \u0111\u00e1ng kinh ng\u1ea1c. N\u00f3 l\u00e0 m\u1ed9t b\u1ed9 \u0111\u1ed3 exo b\u1ecdc th\u00e9p, \u0111\u01b0\u1ee3c trang b\u1ecb v\u0169 kh\u00ed v\u00e0 c\u00f4ng ngh\u1ec7 kh\u00e1c \u0111\u01b0\u1ee3c ch\u1ebf t\u1ea1o \u0111\u1eb7c bi\u1ec7t \u0111\u1ec3 ch\u1ed1ng l\u1ea1i s\u1ee9c m\u1ea1nh v\u00e0 \u0111\u1ed9 b\u1ec1n to l\u1edbn c\u1ee7a Hulk. Iron Mech Anti-Hulk Armor \u0111\u01b0\u1ee3c t\u1ea1o ra b\u1edfi Tony Stark, hay c\u00f2n g\u1ecdi l\u00e0 Iron Man, \u0111\u1ec3 gi\u00fap b\u1ea3o v\u1ec7 th\u1ebf gi\u1edbi kh\u1ecfi s\u1ee9c m\u1ea1nh h\u1ee7y di\u1ec7t c\u1ee7a Hulk.<\/p>\n<\/div>\n<div>\ud83d\udeab QUAN TR\u1eccNG!<\/p>\n<\/div>\n<div>T\u00ean s\u1ea3n ph\u1ea9m: Iron Mech Anti-Hulk Armor<\/p>\n<\/div>\n<div>Th\u1ec3 lo\u1ea1i: Phim<\/p>\n<\/div>\n<div>B\u1ed9 n\u00e0y ch\u1ee9a: LW 2098<\/p>\n<\/div>\n<div>4448 chi\u1ebfc G\u1ea1ch ch\u1ea5t l\u01b0\u1ee3ng t\u1ed1t<\/p>\n<\/div>\n<div>K\u00edch th\u01b0\u1edbc: 37\u00d717\u00d745,5cm<\/p>\n<\/div>\n<div>H\u01b0\u1edbng d\u1eabn th\u1ee7 c\u00f4ng<\/p>\n<\/div>\n<div>\ud83d\udcccB\u1ea3n ch\u1ea5t c\u1ee7a nh\u00e2n v\u1eadt ch\u00ednh<\/p>\n<\/div>\n<div>Xin gi\u1edbi thi\u1ec7u b\u1ed9 s\u01b0u t\u1eadp \u0111\u00e1ng t\u1ef1 h\u00e0o c\u1ee7a ch\u00fang t\u00f4i c\u00f3 t\u00ean \u201cIron Mech Anti-Hulk Armor\u201d m\u00e0 b\u1ea1n kh\u00f4ng n\u00ean b\u1ecf l\u1ee1.<\/p>\n<\/div>\n<div>Iron Mech Anti-Hulk Armor l\u00e0 m\u1ed9t exo-suit h\u01b0 c\u1ea5u \u0111\u01b0\u1ee3c t\u1ea1o ra b\u1edfi Tony Stark, c\u00f2n \u0111\u01b0\u1ee3c g\u1ecdi l\u00e0 Iron Man, trong v\u0169 tr\u1ee5 Marvel Comics. N\u00f3 \u0111\u01b0\u1ee3c thi\u1ebft k\u1ebf \u0111\u1eb7c bi\u1ec7t \u0111\u1ec3 ch\u1ed1ng l\u1ea1i Incredible Hulk, m\u1ed9t trong nh\u1eefng th\u1ebf l\u1ef1c m\u1ea1nh nh\u1ea5t v\u00e0 c\u00f3 s\u1ee9c t\u00e0n ph\u00e1 l\u1edbn nh\u1ea5t trong v\u0169 tr\u1ee5 Marvel. Iron Mech Anti-Hulk Armor \u0111\u01b0\u1ee3c trang b\u1ecb v\u0169 kh\u00ed, c\u00f4ng ngh\u1ec7 v\u00e0 \u00e1o gi\u00e1p ti\u00ean ti\u1ebfn \u0111\u1ec3 ch\u1ed1ng l\u1ea1i s\u1ee9c m\u1ea1nh v\u00e0 \u0111\u1ed9 b\u1ec1n to l\u1edbn c\u1ee7a Hulk, khi\u1ebfn n\u00f3 tr\u1edf th\u00e0nh m\u1ed9t trong s\u1ed1 \u00edt v\u0169 kh\u00ed c\u00f3 kh\u1ea3 n\u0103ng ng\u0103n ch\u1eb7n si\u00eau anh h\u00f9ng hung h\u00e3n. B\u1ed9 gi\u00e1p n\u00e0y \u0111\u01b0\u1ee3c coi l\u00e0 bi\u1ec7n ph\u00e1p cu\u1ed1i c\u00f9ng \u0111\u1ec3 b\u1ea3o v\u1ec7 nh\u00e2n lo\u1ea1i v\u00e0 duy tr\u00ec tr\u1eadt t\u1ef1 tr\u01b0\u1edbc s\u1ee9c m\u1ea1nh \u00e1p \u0111\u1ea3o c\u1ee7a Hulk.<\/div>","protected":false},"excerpt":{"rendered":"<p>Th\u01b0\u01a1ng hi\u1ec7u: LW<br \/>\nGi\u1edbi t\u00ednh: Unisex<br \/>\n\u0110\u1ed9 tu\u1ed5i: &gt; 6 tu\u1ed5i<br \/>\nS\u1ed1 m\u00f4 h\u00ecnh: 2098<br \/>\nPh\u00e2n lo\u1ea1i: T\u1eadp h\u1ee3p<br \/>\nH\u00ecnh d\u1ea1ng kh\u1ed1i nh\u1ef1a: G\u1ea1ch t\u1ef1 kh\u00f3a<br \/>\nCh\u1ea5t li\u1ec7u: Nh\u1ef1a<br \/>\nLo\u1ea1i nh\u1ef1a: ABS<br \/>\nKh\u1ed1i g\u1ea1ch: 4448 +<br \/>\nKh\u00f4ng c\u00f3 h\u1ed9p<\/p>","protected":false},"featured_media":41260,"comment_status":"open","ping_status":"closed","template":"","meta":{"_acf_changed":false},"product_cat":[1365,581,1408],"product_tag":[11234,11148,8452,9139,11232,11233,434,2462],"class_list":["product","first","instock","shipping-taxable","purchasable","product-type-simple"],"acf":[],"_links":{"self":[{"href":"https:\/\/mouldking.store\/vi\/wp-json\/wp\/v2\/product\/41265","targetHints":{"allow":["GET"]}}],"collection":[{"href":"https:\/\/mouldking.store\/vi\/wp-json\/wp\/v2\/product"}],"about":[{"href":"https:\/\/mouldking.store\/vi\/wp-json\/wp\/v2\/types\/product"}],"replies":[{"embeddable":true,"href":"https:\/\/mouldking.store\/vi\/wp-json\/wp\/v2\/comments?post=41265"}],"wp:featuredmedia":[{"embeddable":true,"href":"https:\/\/mouldking.store\/vi\/wp-json\/wp\/v2\/media\/41260"}],"wp:attachment":[{"href":"https:\/\/mouldking.store\/vi\/wp-json\/wp\/v2\/media?parent=41265"}],"wp:term":[{"taxonomy":"product_cat","embeddable":true,"href":"https:\/\/mouldking.store\/vi\/wp-json\/wp\/v2\/product_cat?post=41265"},{"taxonomy":"product_tag","embeddable":true,"href":"https:\/\/mouldking.store\/vi\/wp-json\/wp\/v2\/product_tag?post=41265"}],"curies":[{"name":"wp","href":"https:\/\/api.w.org\/{rel}","templated":true}]}}