{"id":41300,"date":"2023-02-07T11:44:38","date_gmt":"2023-02-07T04:44:38","guid":{"rendered":"https:\/\/mouldking.store\/shop\/moc-factory-103088-museum-of-natural-history-with-2604-pieces\/"},"modified":"2025-12-16T22:25:21","modified_gmt":"2025-12-16T15:25:21","slug":"moc-factory-103088-museum-of-natural-history-with-2604-pieces","status":"publish","type":"product","link":"https:\/\/mouldking.store\/vi\/shop\/moc-factory-103088-museum-of-natural-history-with-2604-pieces\/","title":{"rendered":"MOC Factory 103088 Museum Of Natural History with 2604 Pieces"},"content":{"rendered":"<div>\u2705 MOC-103088 B\u1ea3o t\u00e0ng L\u1ecbch s\u1eed T\u1ef1 nhi\u00ean<\/p>\n<p>\u2705 B\u1ea3o t\u00e0ng L\u1ecbch s\u1eed T\u1ef1 nhi\u00ean Hoa K\u1ef3 (AMNH) l\u00e0 m\u1ed9t t\u1ed5 ch\u1ee9c khoa h\u1ecdc v\u00e0 v\u0103n h\u00f3a n\u1ed5i ti\u1ebfng th\u1ebf gi\u1edbi n\u1eb1m \u1edf Th\u00e0nh ph\u1ed1 New York. \u0110\u01b0\u1ee3c th\u00e0nh l\u1eadp v\u00e0o n\u0103m 1869, \u0111\u00e2y l\u00e0 m\u1ed9t trong nh\u1eefng b\u1ea3o t\u00e0ng l\u1edbn nh\u1ea5t thu\u1ed9c lo\u1ea1i n\u00e0y tr\u00ean th\u1ebf gi\u1edbi, v\u1edbi h\u01a1n 46 ph\u00f2ng tri\u1ec3n l\u00e3m v\u00e0 b\u1ed9 s\u01b0u t\u1eadp h\u01a1n 32 tri\u1ec7u m\u1eabu v\u1eadt v\u00e0 hi\u1ec7n v\u1eadt v\u0103n h\u00f3a. C\u00e1c b\u1ed9 s\u01b0u t\u1eadp v\u00e0 nghi\u00ean c\u1ee9u c\u1ee7a b\u1ea3o t\u00e0ng bao g\u1ed3m nhi\u1ec1u ch\u1ee7 \u0111\u1ec1 kh\u00e1c nhau, bao g\u1ed3m nh\u00e2n ch\u1ee7ng h\u1ecdc, sinh h\u1ecdc.<\/p>\n<p>\ud83d\udeab QUAN TR\u1eccNG!<\/p>\n<p>T\u00ean s\u1ea3n ph\u1ea9m: B\u1ea3o T\u00e0ng L\u1ecbch S\u1eed T\u1ef1 Nhi\u00ean<\/p>\n<p>Danh m\u1ee5c: T\u00f2a nh\u00e0 m\u00f4-\u0111un<\/p>\n<p>B\u1ed9 n\u00e0y ch\u1ee9a: MOC-103088<\/p>\n<p>2604 chi\u1ebfc G\u1ea1ch ch\u1ea5t l\u01b0\u1ee3ng t\u1ed1t<\/p>\n<p>K\u00edch th\u01b0\u1edbc: 38,4 x 25,6 x 36cm<\/p>\n<p>H\u01b0\u1edbng d\u1eabn PDF<\/p>\n<p>\ud83d\udcccB\u1ea3n ch\u1ea5t c\u1ee7a nh\u00e2n v\u1eadt ch\u00ednh<\/p>\n<p>Xin gi\u1edbi thi\u1ec7u b\u1ed9 s\u01b0u t\u1eadp \u0111\u00e1ng t\u1ef1 h\u00e0o c\u1ee7a ch\u00fang t\u00f4i mang t\u00ean \u201cMuseum Of Natural History\u201d m\u00e0 b\u1ea1n kh\u00f4ng n\u00ean b\u1ecf l\u1ee1.<\/p>\n<p>C\u00e1c kh\u1ed1i x\u00e2y d\u1ef1ng B\u1ea3o t\u00e0ng L\u1ecbch s\u1eed T\u1ef1 nhi\u00ean l\u00e0 m\u00f3n qu\u00e0 ho\u00e0n h\u1ea3o cho b\u1ea5t k\u1ef3 ki\u1ebfn tr\u00fac s\u01b0, nh\u00e0 thi\u1ebft k\u1ebf n\u1ed9i th\u1ea5t ho\u1eb7c c\u00f4ng nh\u00e2n x\u00e2y d\u1ef1ng \u0111\u1ea7y tham v\u1ecdng n\u00e0o. Nh\u1eefng kh\u1ed1i n\u00e0y mang \u0111\u1ebfn nh\u1eefng gi\u1edd ph\u00fat vui v\u1ebb v\u00e0 gi\u1ea3i tr\u00ed c\u0169ng nh\u01b0 gi\u00e1 tr\u1ecb gi\u00e1o d\u1ee5c nh\u1edd v\u00e0o thi\u1ebft k\u1ebf ch\u1ea5t l\u01b0\u1ee3ng cao c\u1ee7a ch\u00fang. B\u1ed9 n\u00e0y bao g\u1ed3m h\u01b0\u1edbng d\u1eabn gi\u00fap x\u00e2y d\u1ef1ng b\u1ea3o t\u00e0ng m\u01a1 \u01b0\u1edbc c\u1ee7a b\u1ea1n t\u1eeb A \u0111\u1ebfn Z, nh\u1eb1m m\u00f4 ph\u1ecfng tr\u1ea3i nghi\u1ec7m th\u1ef1c t\u1ebf khi thi\u1ebft k\u1ebf v\u00e0 x\u00e2y d\u1ef1ng c\u00e1c lo\u1ea1i t\u00f2a nh\u00e0 n\u00e0y.<\/p><\/div>","protected":false},"excerpt":{"rendered":"<p>Th\u01b0\u01a1ng hi\u1ec7u: Nh\u00e0 m\u00e1y M\u1ed8C<br \/>\nGi\u1edbi t\u00ednh: Unisex<br \/>\n\u0110\u1ed9 tu\u1ed5i: &gt; 12 tu\u1ed5i<br \/>\nS\u1ed1 m\u00f4 h\u00ecnh: 103088<br \/>\nPh\u00e2n lo\u1ea1i: T\u1eadp h\u1ee3p<br \/>\nH\u00ecnh d\u1ea1ng kh\u1ed1i nh\u1ef1a: G\u1ea1ch t\u1ef1 kh\u00f3a<br \/>\nCh\u1ea5t li\u1ec7u: Nh\u1ef1a<br \/>\nLo\u1ea1i nh\u1ef1a: ABS<br \/>\nKh\u1ed1i g\u1ea1ch: 2604 +<br \/>\nS\u1eafp x\u1ebfp th\u1eddi gian: 4-8 tu\u1ea7n<\/p>","protected":false},"featured_media":41296,"comment_status":"open","ping_status":"closed","template":"","meta":{"_acf_changed":false},"product_cat":[1395,390],"product_tag":[11244,4883,11243,5679,392,3244],"class_list":["product","first","instock","shipping-taxable","purchasable","product-type-simple"],"acf":[],"_links":{"self":[{"href":"https:\/\/mouldking.store\/vi\/wp-json\/wp\/v2\/product\/41300","targetHints":{"allow":["GET"]}}],"collection":[{"href":"https:\/\/mouldking.store\/vi\/wp-json\/wp\/v2\/product"}],"about":[{"href":"https:\/\/mouldking.store\/vi\/wp-json\/wp\/v2\/types\/product"}],"replies":[{"embeddable":true,"href":"https:\/\/mouldking.store\/vi\/wp-json\/wp\/v2\/comments?post=41300"}],"wp:featuredmedia":[{"embeddable":true,"href":"https:\/\/mouldking.store\/vi\/wp-json\/wp\/v2\/media\/41296"}],"wp:attachment":[{"href":"https:\/\/mouldking.store\/vi\/wp-json\/wp\/v2\/media?parent=41300"}],"wp:term":[{"taxonomy":"product_cat","embeddable":true,"href":"https:\/\/mouldking.store\/vi\/wp-json\/wp\/v2\/product_cat?post=41300"},{"taxonomy":"product_tag","embeddable":true,"href":"https:\/\/mouldking.store\/vi\/wp-json\/wp\/v2\/product_tag?post=41300"}],"curies":[{"name":"wp","href":"https:\/\/api.w.org\/{rel}","templated":true}]}}