{"id":41307,"date":"2023-02-07T12:00:25","date_gmt":"2023-02-07T05:00:25","guid":{"rendered":"https:\/\/mouldking.store\/shop\/moc-factory-82740-medieval-house-with-524-pieces\/"},"modified":"2025-12-16T22:25:21","modified_gmt":"2025-12-16T15:25:21","slug":"moc-factory-82740-medieval-house-with-524-pieces","status":"publish","type":"product","link":"https:\/\/mouldking.store\/vi\/shop\/moc-factory-82740-medieval-house-with-524-pieces\/","title":{"rendered":"Nh\u00e0 m\u00e1y MOC 82740 Ng\u00f4i nh\u00e0 th\u1eddi trung c\u1ed5 v\u1edbi 524 mi\u1ebfng gh\u00e9p"},"content":{"rendered":"<div>\u2705 Ng\u00f4i nh\u00e0 th\u1eddi trung c\u1ed5 MOC-82740<\/p>\n<p>\u2705 \u0110\u00e2y l\u00e0 b\u1ed9 m\u00f4 h\u00ecnh Ng\u00f4i nh\u00e0 th\u1eddi trung c\u1ed5, b\u1ed9 x\u1ebfp h\u00ecnh v\u1edbi ch\u1ea5t l\u01b0\u1ee3ng cao c\u1ea5p, b\u1ea1n c\u00f3 th\u1ec3 l\u1eafp r\u00e1p m\u00e0 kh\u00f4ng lo \u00e1m m\u00f9i v\u00e0 th\u00e2n thi\u1ec7n v\u1edbi m\u00f4i tr\u01b0\u1eddng. \u0110\u00f3 l\u00e0 chi ph\u00ed hi\u1ec7u qu\u1ea3 v\u00e0 ho\u00e0n h\u1ea3o, v\u1edbi t\u1ea5t c\u1ea3 c\u00e1c t\u00ednh n\u0103ng b\u1ea1n mu\u1ed1n.<\/p>\n<p>\ud83d\udeab QUAN TR\u1eccNG!<\/p>\n<p>T\u00ean s\u1ea3n ph\u1ea9m: Ng\u00f4i nh\u00e0 th\u1eddi trung c\u1ed5<\/p>\n<p>Danh m\u1ee5c: T\u00f2a nh\u00e0 m\u00f4-\u0111un<\/p>\n<p>B\u1ed9 n\u00e0y ch\u1ee9a: MOC-82740<\/p>\n<p>524 vi\u00ean g\u1ea1ch ch\u1ea5t l\u01b0\u1ee3ng t\u1ed1t<\/p>\n<p>Tr\u1ecdng l\u01b0\u1ee3ng: 500g<\/p>\n<p>H\u01b0\u1edbng d\u1eabn PDF<\/p>\n<p>\ud83d\udcccB\u1ea3n ch\u1ea5t c\u1ee7a nh\u00e2n v\u1eadt ch\u00ednh<\/p>\n<p>Gi\u1edbi thi\u1ec7u b\u1ed9 s\u01b0u t\u1eadp \u0111\u00e1ng t\u1ef1 h\u00e0o c\u1ee7a ch\u00fang t\u00f4i mang t\u00ean \u201cNg\u00f4i nh\u00e0 th\u1eddi trung c\u1ed5\u201d m\u00e0 b\u1ea1n kh\u00f4ng n\u00ean b\u1ecf l\u1ee1.<\/p>\n<p>Ng\u00f4i nh\u00e0 th\u1eddi Trung c\u1ed5 l\u00e0 b\u1ea3n t\u00e1i t\u1ea1o c\u1ee7a m\u1ed9t ng\u00f4i nh\u00e0 mang t\u00ednh bi\u1ec3u t\u01b0\u1ee3ng t\u1eeb th\u1eddi Trung c\u1ed5. N\u00f3 \u0111\u00e3 \u0111\u01b0\u1ee3c thi\u1ebft k\u1ebf v\u1edbi s\u1ef1 quan t\u00e2m \u0111\u1eb7c bi\u1ec7t \u0111\u1ebfn t\u00ednh x\u00e1c th\u1ef1c, nh\u01b0ng c\u0169ng \u0111\u1ec3 l\u1eafp r\u00e1p d\u1ec5 d\u00e0ng v\u00e0 \u0111\u1ed9 b\u1ec1n trong th\u1eddi hi\u1ec7n \u0111\u1ea1i. M\u00f4 h\u00ecnh bao g\u1ed3m n\u1ed9i th\u1ea5t chi ti\u1ebft, khi\u1ebfn n\u00f3 tr\u1edf n\u00ean ho\u00e0n h\u1ea3o cho nh\u1eefng ai y\u00eau th\u00edch m\u00f4 h\u00ecnh v\u00e0 mu\u1ed1n c\u00f3 c\u1ea3m gi\u00e1c trung c\u1ed5 \u0111\u00edch th\u1ef1c.<\/p><\/div>","protected":false},"excerpt":{"rendered":"<p>Th\u01b0\u01a1ng hi\u1ec7u: Nh\u00e0 m\u00e1y M\u1ed8C<br \/>\nGi\u1edbi t\u00ednh: Unisex<br \/>\n\u0110\u1ed9 tu\u1ed5i: &gt; 12 tu\u1ed5i<br \/>\nS\u1ed1 m\u00f4 h\u00ecnh: 82740<br \/>\nPh\u00e2n lo\u1ea1i: T\u1eadp h\u1ee3p<br \/>\nH\u00ecnh d\u1ea1ng kh\u1ed1i nh\u1ef1a: G\u1ea1ch t\u1ef1 kh\u00f3a<br \/>\nCh\u1ea5t li\u1ec7u: Nh\u1ef1a<br \/>\nLo\u1ea1i nh\u1ef1a: ABS<br \/>\nKh\u1ed1i g\u1ea1ch: 524 +<br \/>\nS\u1eafp x\u1ebfp th\u1eddi gian: 4-8 tu\u1ea7n<\/p>","protected":false},"featured_media":41301,"comment_status":"open","ping_status":"closed","template":"","meta":{"_acf_changed":false},"product_cat":[1365,1395,371,390],"product_tag":[11072,8452,2318,11099,392],"class_list":["product","first","instock","shipping-taxable","purchasable","product-type-simple"],"acf":[],"_links":{"self":[{"href":"https:\/\/mouldking.store\/vi\/wp-json\/wp\/v2\/product\/41307","targetHints":{"allow":["GET"]}}],"collection":[{"href":"https:\/\/mouldking.store\/vi\/wp-json\/wp\/v2\/product"}],"about":[{"href":"https:\/\/mouldking.store\/vi\/wp-json\/wp\/v2\/types\/product"}],"replies":[{"embeddable":true,"href":"https:\/\/mouldking.store\/vi\/wp-json\/wp\/v2\/comments?post=41307"}],"wp:featuredmedia":[{"embeddable":true,"href":"https:\/\/mouldking.store\/vi\/wp-json\/wp\/v2\/media\/41301"}],"wp:attachment":[{"href":"https:\/\/mouldking.store\/vi\/wp-json\/wp\/v2\/media?parent=41307"}],"wp:term":[{"taxonomy":"product_cat","embeddable":true,"href":"https:\/\/mouldking.store\/vi\/wp-json\/wp\/v2\/product_cat?post=41307"},{"taxonomy":"product_tag","embeddable":true,"href":"https:\/\/mouldking.store\/vi\/wp-json\/wp\/v2\/product_tag?post=41307"}],"curies":[{"name":"wp","href":"https:\/\/api.w.org\/{rel}","templated":true}]}}