{"id":41313,"date":"2023-02-07T12:10:25","date_gmt":"2023-02-07T05:10:25","guid":{"rendered":"https:\/\/mouldking.store\/shop\/moc-factory-102880-ultimate-playset-mandos-n1-starfighter-with-482-pieces\/"},"modified":"2025-12-16T22:25:21","modified_gmt":"2025-12-16T15:25:21","slug":"moc-factory-102880-ultimate-playset-mandos-n1-starfighter-with-482-pieces","status":"publish","type":"product","link":"https:\/\/mouldking.store\/vi\/shop\/moc-factory-102880-ultimate-playset-mandos-n1-starfighter-with-482-pieces\/","title":{"rendered":"MOC Factory 102880 Ultimate Playset Mando&#039;S N1 Starfighter v\u1edbi 482 M\u1ea3nh gh\u00e9p"},"content":{"rendered":"<div>\u2705 MOC-102880 Ultimate Playset Mando&#039;S N1 Starfighter<\/p>\n<p>\u2705 The Ultimate Playset Mando&#039;s N-1 Starfighter l\u00e0 m\u1ed9t m\u00f3n \u0111\u1ed3 ch\u01a1i t\u1eeb lo\u1ea1t phim Chi\u1ebfn tranh gi\u1eefa c\u00e1c v\u00ec sao. N\u00f3 d\u1ef1a tr\u00ean N-1 Starfighter, m\u1ed9t lo\u1ea1i t\u00e0u v\u0169 tr\u1ee5 xu\u1ea5t hi\u1ec7n trong s\u00ea-ri Disney + \u201cThe Mandalorian\u201d. Playet l\u00e0 m\u1ed9t b\u1ea3n sao \u0111\u1ed3 ch\u01a1i c\u1ee7a N-1 Starfighter v\u00e0 \u0111\u01b0\u1ee3c thi\u1ebft k\u1ebf cho tr\u1ebb em ch\u01a1i c\u00f9ng. N\u00f3 th\u01b0\u1eddng c\u00f3 c\u00e1c t\u00ednh n\u0103ng t\u01b0\u01a1ng t\u00e1c kh\u00e1c nhau, ch\u1eb3ng h\u1ea1n nh\u01b0 \u0111\u00e8n v\u00e0 \u00e2m thanh, \u0111\u1ed3ng th\u1eddi c\u00f3 th\u1ec3 \u0111i k\u00e8m v\u1edbi c\u00e1c h\u00ecnh thu nh\u1ecf ho\u1eb7c c\u00e1c ph\u1ee5 ki\u1ec7n kh\u00e1c.<\/p>\n<p>\ud83d\udeab QUAN TR\u1eccNG!<\/p>\n<p>T\u00ean s\u1ea3n ph\u1ea9m: Ultimate Playset Mando&#039;S N1 Starfighter<\/p>\n<p>Th\u1ec3 lo\u1ea1i: Chi\u1ebfn tranh gi\u1eefa c\u00e1c v\u00ec sao<\/p>\n<p>B\u1ed9 c\u00f4ng c\u1ee5 n\u00e0y ch\u1ee9a: MOC-102880<\/p>\n<p>482 vi\u00ean g\u1ea1ch ch\u1ea5t l\u01b0\u1ee3ng t\u1ed1t<\/p>\n<p>K\u00edch th\u01b0\u1edbc: Tr\u1ecdng l\u01b0\u1ee3ng: 1000g<\/p>\n<p>H\u01b0\u1edbng d\u1eabn PDF<\/p>\n<p>\ud83d\udcccB\u1ea3n ch\u1ea5t c\u1ee7a nh\u00e2n v\u1eadt ch\u00ednh<\/p>\n<p>Xin gi\u1edbi thi\u1ec7u b\u1ed9 s\u01b0u t\u1eadp \u0111\u00e1ng t\u1ef1 h\u00e0o c\u1ee7a ch\u00fang t\u00f4i c\u00f3 t\u00ean \u201cB\u1ed9 \u0111\u1ed3 ch\u01a1i cu\u1ed1i c\u00f9ng Mando&#039;S N1 Starfighter\u201d m\u00e0 b\u1ea1n kh\u00f4ng n\u00ean b\u1ecf l\u1ee1.<\/p>\n<p>Ultimate Playset Mando&#039;S N1 Starfighter l\u00e0 m\u00f3n \u0111\u1ed3 ch\u01a1i cu\u1ed1i c\u00f9ng d\u00e0nh cho t\u1ea5t c\u1ea3 nh\u1eefng ng\u01b0\u1eddi y\u00eau th\u00edch chi\u1ebfn tranh gi\u1eefa c\u00e1c v\u00ec sao ngo\u00e0i kia. B\u1ed9 kh\u1ed1i x\u1ebfp h\u00ecnh n\u00e0y \u0111\u01b0\u1ee3c l\u00e0m b\u1eb1ng v\u1eadt li\u1ec7u ABS ch\u1ea5t l\u01b0\u1ee3ng cao, kh\u00f4ng m\u00f9i v\u00e0 th\u00e2n thi\u1ec7n v\u1edbi m\u00f4i tr\u01b0\u1eddng cho c\u1ea3m gi\u00e1c tay m\u01b0\u1ee3t m\u00e0 v\u00e0 l\u1eafp r\u00e1p an to\u00e0n. C\u00e1c kh\u1ed1i x\u00e2y d\u1ef1ng ti\u1ebft ki\u1ec7m chi ph\u00ed v\u1edbi s\u1ef1 ho\u00e0n h\u1ea3o v\u00e0 m\u00f4 ph\u1ecfng theo thi\u1ebft k\u1ebf ban \u0111\u1ea7u. M\u1eabu xe \u0111\u01b0\u1ee3c trang b\u1ecb \u0111\u1ea7y \u0111\u1ee7 ti\u1ec7n nghi n\u1ed9i th\u1ea5t v\u00e0 c\u00e1c chi ti\u1ebft tinh t\u1ebf.<\/p><\/div>","protected":false},"excerpt":{"rendered":"<p>Th\u01b0\u01a1ng hi\u1ec7u: Nh\u00e0 m\u00e1y M\u1ed8C<br \/>\nGi\u1edbi t\u00ednh: Unisex<br \/>\n\u0110\u1ed9 tu\u1ed5i: &gt; 12 tu\u1ed5i<br \/>\nS\u1ed1 m\u00f4 h\u00ecnh: 102880<br \/>\nPh\u00e2n lo\u1ea1i: T\u1eadp h\u1ee3p<br \/>\nH\u00ecnh d\u1ea1ng kh\u1ed1i nh\u1ef1a: G\u1ea1ch t\u1ef1 kh\u00f3a<br \/>\nCh\u1ea5t li\u1ec7u: Nh\u1ef1a<br \/>\nLo\u1ea1i nh\u1ef1a: ABS<br \/>\nKh\u1ed1i g\u1ea1ch: 482 +<br \/>\nS\u1eafp x\u1ebfp th\u1eddi gian: 4-8 tu\u1ea7n<\/p>","protected":false},"featured_media":41308,"comment_status":"open","ping_status":"closed","template":"","meta":{"_acf_changed":false},"product_cat":[581,6016,415,1408],"product_tag":[11246,434,6555,9414,2276,436,11247,11245],"class_list":["product","first","instock","shipping-taxable","purchasable","product-type-simple"],"acf":[],"_links":{"self":[{"href":"https:\/\/mouldking.store\/vi\/wp-json\/wp\/v2\/product\/41313","targetHints":{"allow":["GET"]}}],"collection":[{"href":"https:\/\/mouldking.store\/vi\/wp-json\/wp\/v2\/product"}],"about":[{"href":"https:\/\/mouldking.store\/vi\/wp-json\/wp\/v2\/types\/product"}],"replies":[{"embeddable":true,"href":"https:\/\/mouldking.store\/vi\/wp-json\/wp\/v2\/comments?post=41313"}],"wp:featuredmedia":[{"embeddable":true,"href":"https:\/\/mouldking.store\/vi\/wp-json\/wp\/v2\/media\/41308"}],"wp:attachment":[{"href":"https:\/\/mouldking.store\/vi\/wp-json\/wp\/v2\/media?parent=41313"}],"wp:term":[{"taxonomy":"product_cat","embeddable":true,"href":"https:\/\/mouldking.store\/vi\/wp-json\/wp\/v2\/product_cat?post=41313"},{"taxonomy":"product_tag","embeddable":true,"href":"https:\/\/mouldking.store\/vi\/wp-json\/wp\/v2\/product_tag?post=41313"}],"curies":[{"name":"wp","href":"https:\/\/api.w.org\/{rel}","templated":true}]}}