{"id":41357,"date":"2023-02-08T09:56:56","date_gmt":"2023-02-08T02:56:56","guid":{"rendered":"https:\/\/mouldking.store\/shop\/reobrix-800-nuclear-submarine-with-1498-pieces\/"},"modified":"2023-03-08T10:36:48","modified_gmt":"2023-03-08T03:36:48","slug":"reobrix-800-nuclear-submarine-with-1498-pieces","status":"publish","type":"product","link":"https:\/\/mouldking.store\/vi\/shop\/reobrix-800-nuclear-submarine-with-1498-pieces\/","title":{"rendered":"T\u00e0u ng\u1ea7m h\u1ea1t nh\u00e2n REOBRIX 800 v\u1edbi 1498 m\u1ea3nh gh\u00e9p"},"content":{"rendered":"<div>\u2705 T\u00e0u ng\u1ea7m h\u1ea1t nh\u00e2n Reobrix 800<\/p>\n<p>\u2705T\u00e0u ng\u1ea7m h\u1ea1t nh\u00e2n l\u00e0 lo\u1ea1i t\u00e0u ng\u1ea7m ch\u1ea1y b\u1eb1ng l\u00f2 ph\u1ea3n \u1ee9ng h\u1ea1t nh\u00e2n. Kh\u00f4ng gi\u1ed1ng nh\u01b0 c\u00e1c t\u00e0u ng\u1ea7m th\u00f4ng th\u01b0\u1eddng ch\u1ea1y b\u1eb1ng n\u0103ng l\u01b0\u1ee3ng diesel-\u0111i\u1ec7n, t\u00e0u ng\u1ea7m h\u1ea1t nh\u00e2n c\u00f3 th\u1ec3 \u1edf d\u01b0\u1edbi n\u01b0\u1edbc trong th\u1eddi gian d\u00e0i h\u01a1n v\u00e0 kh\u00f4ng c\u1ea7n ti\u1ebfp nhi\u00ean li\u1ec7u. \u0110i\u1ec1u n\u00e0y khi\u1ebfn ch\u00fang tr\u1edf n\u00ean l\u00fd t\u01b0\u1edfng \u0111\u1ec3 th\u1ef1c hi\u1ec7n c\u00e1c nhi\u1ec7m v\u1ee5 m\u1edf r\u1ed9ng d\u01b0\u1edbi n\u01b0\u1edbc, bao g\u1ed3m thu th\u1eadp th\u00f4ng tin t\u00ecnh b\u00e1o v\u00e0 r\u0103n \u0111e chi\u1ebfn l\u01b0\u1ee3c t\u1ea7m xa. Ch\u00fang \u0111\u01b0\u1ee3c trang b\u1ecb t\u00ean l\u1eeda h\u1ea1t nh\u00e2n v\u00e0 \u0111\u01b0\u1ee3c coi l\u00e0 m\u1ed9t ph\u1ea7n quan tr\u1ecdng trong kho v\u0169 kh\u00ed qu\u00e2n s\u1ef1 c\u1ee7a nhi\u1ec1u qu\u1ed1c gia.<\/p>\n<p>\ud83d\udeab QUAN TR\u1eccNG!<\/p>\n<p>T\u00ean s\u1ea3n ph\u1ea9m: T\u00e0u ng\u1ea7m h\u1ea1t nh\u00e2n<\/p>\n<p>Th\u1ec3 lo\u1ea1i: Qu\u00e2n s\u1ef1<\/p>\n<p>B\u1ed9 n\u00e0y ch\u1ee9a: Reobrix 800<\/p>\n<p>1498 chi\u1ebfc G\u1ea1ch ch\u1ea5t l\u01b0\u1ee3ng t\u1ed1t<\/p>\n<p>K\u00edch th\u01b0\u1edbc: 63 x 8 x 20 cm<\/p>\n<p>H\u01b0\u1edbng d\u1eabn th\u1ee7 c\u00f4ng<\/p>\n<p>\ud83d\udcccB\u1ea3n ch\u1ea5t c\u1ee7a nh\u00e2n v\u1eadt ch\u00ednh<\/p>\n<p>Xin gi\u1edbi thi\u1ec7u b\u1ed9 s\u01b0u t\u1eadp \u0111\u00e1ng t\u1ef1 h\u00e0o c\u1ee7a ch\u00fang t\u00f4i mang t\u00ean \u201cT\u00e0u ng\u1ea7m h\u1ea1t nh\u00e2n\u201d m\u00e0 b\u1ea1n kh\u00f4ng n\u00ean b\u1ecf l\u1ee1.<\/p>\n<p>\u0110\u00f3 l\u00e0 m\u1ed9t t\u1eadp h\u1ee3p c\u00e1c vi\u00ean g\u1ea1ch c\u00f3 th\u1ec3 l\u1eafp r\u00e1p th\u00e0nh m\u1ed9t lo\u1ea1i m\u00e1y m\u00f3c qu\u00e2n s\u1ef1 b\u1ea5t k\u1ef3 nh\u01b0 m\u00e1y bay chi\u1ebfn \u0111\u1ea5u, h\u1ea3i c\u1ea9u, t\u00e0u ng\u1ea7m. Ch\u1ea5t li\u1ec7u l\u00e0 nh\u1ef1a ABS an to\u00e0n v\u00e0 b\u1ec1n b\u1ec9.<\/p><\/div>","protected":false},"excerpt":{"rendered":"<p>Th\u01b0\u01a1ng hi\u1ec7u: REOBRIX<br \/>\nGi\u1edbi t\u00ednh: Unisex<br \/>\n\u0110\u1ed9 tu\u1ed5i: &gt; 14 tu\u1ed5i<br \/>\nS\u1ed1 m\u00f4 h\u00ecnh: 800<br \/>\nPh\u00e2n lo\u1ea1i: T\u1eadp h\u1ee3p<br \/>\nH\u00ecnh d\u1ea1ng kh\u1ed1i nh\u1ef1a: G\u1ea1ch t\u1ef1 kh\u00f3a<br \/>\nCh\u1ea5t li\u1ec7u: Nh\u1ef1a<br \/>\nLo\u1ea1i nh\u1ef1a: ABS<br \/>\nKh\u1ed1i g\u1ea1ch: 1498 +<br \/>\nKh\u00f4ng c\u00f3 h\u1ed9p<\/p>","protected":false},"featured_media":41354,"comment_status":"open","ping_status":"closed","template":"","meta":{"_acf_changed":false},"product_cat":[1350,1357,372,364],"product_tag":[374,11251,11252,389],"class_list":["product","first","instock","shipping-taxable","purchasable","product-type-simple"],"acf":[],"_links":{"self":[{"href":"https:\/\/mouldking.store\/vi\/wp-json\/wp\/v2\/product\/41357","targetHints":{"allow":["GET"]}}],"collection":[{"href":"https:\/\/mouldking.store\/vi\/wp-json\/wp\/v2\/product"}],"about":[{"href":"https:\/\/mouldking.store\/vi\/wp-json\/wp\/v2\/types\/product"}],"replies":[{"embeddable":true,"href":"https:\/\/mouldking.store\/vi\/wp-json\/wp\/v2\/comments?post=41357"}],"wp:featuredmedia":[{"embeddable":true,"href":"https:\/\/mouldking.store\/vi\/wp-json\/wp\/v2\/media\/41354"}],"wp:attachment":[{"href":"https:\/\/mouldking.store\/vi\/wp-json\/wp\/v2\/media?parent=41357"}],"wp:term":[{"taxonomy":"product_cat","embeddable":true,"href":"https:\/\/mouldking.store\/vi\/wp-json\/wp\/v2\/product_cat?post=41357"},{"taxonomy":"product_tag","embeddable":true,"href":"https:\/\/mouldking.store\/vi\/wp-json\/wp\/v2\/product_tag?post=41357"}],"curies":[{"name":"wp","href":"https:\/\/api.w.org\/{rel}","templated":true}]}}