{"id":41360,"date":"2023-02-08T10:06:04","date_gmt":"2023-02-08T03:06:04","guid":{"rendered":"https:\/\/mouldking.store\/shop\/hsanhe-6366-lincoln-memorial-with-251-pieces\/"},"modified":"2023-03-08T10:40:17","modified_gmt":"2023-03-08T03:40:17","slug":"hsanhe-6366-lincoln-memorial-with-251-pieces","status":"publish","type":"product","link":"https:\/\/mouldking.store\/vi\/shop\/hsanhe-6366-lincoln-memorial-with-251-pieces\/","title":{"rendered":"\u0110\u00e0i t\u01b0\u1edfng ni\u1ec7m Lincoln HSANHE 6366 v\u1edbi 251 mi\u1ebfng"},"content":{"rendered":"<div>\u2705 \u0110\u00e0i t\u01b0\u1edfng ni\u1ec7m Lincoln HSANHE 6366<\/p>\n<p>\u2705 \u0110\u00e0i t\u01b0\u1edfng ni\u1ec7m Lincoln l\u00e0 m\u1ed9t \u0111\u00e0i t\u01b0\u1edfng ni\u1ec7m l\u1edbn n\u1eb1m \u1edf th\u1ee7 \u0111\u00f4 Washington DC, Hoa K\u1ef3, d\u00e0nh \u0111\u1ec3 t\u01b0\u1edfng nh\u1edb T\u1ed5ng th\u1ed1ng Abraham Lincoln. N\u00f3 \u0111\u01b0\u1ee3c x\u00e2y d\u1ef1ng \u0111\u1ec3 k\u1ef7 ni\u1ec7m nhi\u1ec7m k\u1ef3 t\u1ed5ng th\u1ed1ng c\u1ee7a Lincoln v\u00e0 vai tr\u00f2 c\u1ee7a \u00f4ng trong vi\u1ec7c b\u1ea3o v\u1ec7 Li\u00ean minh trong N\u1ed9i chi\u1ebfn Hoa K\u1ef3. \u0110\u00e0i t\u01b0\u1edfng ni\u1ec7m c\u00f3 h\u00ecnh d\u1ea1ng m\u1ed9t ng\u00f4i \u0111\u1ec1n Hy L\u1ea1p v\u00e0 c\u00f3 t\u01b0\u1ee3ng Lincoln ng\u1ed3i b\u00ean trong, xung quanh l\u00e0 nh\u1eefng d\u00f2ng ch\u1eef kh\u1eafc m\u1ed9t s\u1ed1 b\u00e0i ph\u00e1t bi\u1ec3u v\u00e0 tuy\u00ean b\u1ed1 n\u1ed5i ti\u1ebfng c\u1ee7a \u00f4ng. \u0110\u00e0i t\u01b0\u1edfng ni\u1ec7m Lincoln l\u00e0 m\u1ed9t trong nh\u1eefng \u0111\u1ecba danh mang t\u00ednh bi\u1ec3u t\u01b0\u1ee3ng nh\u1ea5t \u1edf Hoa K\u1ef3 v\u00e0 l\u00e0 bi\u1ec3u t\u01b0\u1ee3ng c\u1ee7a s\u1ef1 \u0111o\u00e0n k\u1ebft qu\u1ed1c gia.<\/p>\n<p>\ud83d\udeab QUAN TR\u1eccNG!<\/p>\n<p>T\u00ean s\u1ea3n ph\u1ea9m: \u0110\u00e0i t\u01b0\u1edfng ni\u1ec7m Lincoln<\/p>\n<p>Danh m\u1ee5c: T\u00f2a nh\u00e0 m\u00f4-\u0111un<\/p>\n<p>B\u1ed9 n\u00e0y ch\u1ee9a: HSANHE 6366<\/p>\n<p>251 vi\u00ean g\u1ea1ch ch\u1ea5t l\u01b0\u1ee3ng t\u1ed1t<\/p>\n<p>K\u00edch th\u01b0\u1edbc: 12,8 \u00d7 9,6 \u00d7 7,1 cm<\/p>\n<p>H\u01b0\u1edbng d\u1eabn th\u1ee7 c\u00f4ng<\/p>\n<p>\ud83d\udcccB\u1ea3n ch\u1ea5t c\u1ee7a nh\u00e2n v\u1eadt ch\u00ednh<\/p>\n<p>Xin gi\u1edbi thi\u1ec7u b\u1ed9 s\u01b0u t\u1eadp \u0111\u00e1ng t\u1ef1 h\u00e0o c\u1ee7a ch\u00fang t\u00f4i mang t\u00ean \u201cLincoln Memorial\u201d m\u00e0 b\u1ea1n kh\u00f4ng n\u00ean b\u1ecf l\u1ee1.<\/p>\n<p>B\u1ed9 kh\u1ed1i x\u00e2y d\u1ef1ng n\u00e0y l\u00e0 m\u1ed9t \u0111\u1ed3 ch\u01a1i gi\u00e1o d\u1ee5c. C\u00f3 t\u1ed5ng c\u1ed9ng 251 m\u1ea3nh gh\u00e9p v\u00e0 t\u1ea5t c\u1ea3 ch\u00fang \u0111\u1ec1u \u0111\u01b0\u1ee3c d\u00e1n nh\u00e3n theo h\u00ecnh d\u1ea1ng v\u00e0 m\u00e0u s\u1eafc \u0111\u1ec3 tr\u1ebb c\u00f3 th\u1ec3 h\u1ecdc t\u00ean v\u00e0 h\u00ecnh d\u1ea1ng c\u1ee7a c\u00e1c ph\u1ea7n kh\u00e1c nhau c\u1ee7a t\u00f2a nh\u00e0. Thi\u1ebft k\u1ebf d\u1ef1a tr\u00ean ki\u1ebfn tr\u00fac c\u1ee7a \u0111\u00e0i t\u01b0\u1edfng ni\u1ec7m t\u1ed5ng th\u1ed1ng M\u1ef9 Lincoln v\u00e0 s\u1ebd k\u00edch th\u00edch tr\u00ed t\u01b0\u1edfng t\u01b0\u1ee3ng c\u1ee7a c\u00e1c ki\u1ebfn tr\u00fac s\u01b0 nh\u00ed.<\/p><\/div>","protected":false},"excerpt":{"rendered":"<p>Th\u01b0\u01a1ng hi\u1ec7u: HANHE<br \/>\nGi\u1edbi t\u00ednh: Unisex<br \/>\n\u0110\u1ed9 tu\u1ed5i: &gt; 6 tu\u1ed5i<br \/>\nS\u1ed1 m\u00f4 h\u00ecnh: 6366<br \/>\nPh\u00e2n lo\u1ea1i: T\u1eadp h\u1ee3p<br \/>\nH\u00ecnh d\u1ea1ng kh\u1ed1i nh\u1ef1a: G\u1ea1ch t\u1ef1 kh\u00f3a<br \/>\nCh\u1ea5t li\u1ec7u: Nh\u1ef1a<br \/>\nLo\u1ea1i nh\u1ef1a: ABS<br \/>\nKh\u1ed1i g\u1ea1ch: 251 +<br \/>\nb\u00e1n tr\u01b0\u1edbc<\/p>","protected":false},"featured_media":41359,"comment_status":"open","ping_status":"closed","template":"","meta":{"_acf_changed":false},"product_cat":[1395,390],"product_tag":[4883,11253,11254,392],"class_list":["product","first","instock","shipping-taxable","purchasable","product-type-simple"],"acf":[],"_links":{"self":[{"href":"https:\/\/mouldking.store\/vi\/wp-json\/wp\/v2\/product\/41360","targetHints":{"allow":["GET"]}}],"collection":[{"href":"https:\/\/mouldking.store\/vi\/wp-json\/wp\/v2\/product"}],"about":[{"href":"https:\/\/mouldking.store\/vi\/wp-json\/wp\/v2\/types\/product"}],"replies":[{"embeddable":true,"href":"https:\/\/mouldking.store\/vi\/wp-json\/wp\/v2\/comments?post=41360"}],"wp:featuredmedia":[{"embeddable":true,"href":"https:\/\/mouldking.store\/vi\/wp-json\/wp\/v2\/media\/41359"}],"wp:attachment":[{"href":"https:\/\/mouldking.store\/vi\/wp-json\/wp\/v2\/media?parent=41360"}],"wp:term":[{"taxonomy":"product_cat","embeddable":true,"href":"https:\/\/mouldking.store\/vi\/wp-json\/wp\/v2\/product_cat?post=41360"},{"taxonomy":"product_tag","embeddable":true,"href":"https:\/\/mouldking.store\/vi\/wp-json\/wp\/v2\/product_tag?post=41360"}],"curies":[{"name":"wp","href":"https:\/\/api.w.org\/{rel}","templated":true}]}}